{"id":1015,"date":"2024-09-28T13:23:19","date_gmt":"2024-09-28T13:23:19","guid":{"rendered":"https:\/\/antoniofontoura.com.br\/site\/?page_id=1015"},"modified":"2024-10-31T17:37:26","modified_gmt":"2024-10-31T17:37:26","slug":"heptamerao","status":"publish","type":"page","link":"https:\/\/antoniofontoura.com.br\/site\/principais-obras\/heptamerao\/","title":{"rendered":"Heptamer\u00e3o"},"content":{"rendered":"\n<h2 class=\"wp-block-heading\">de Margarida de Navarra<\/h2>\n\n\n<div class=\"wp-block-image\">\n<figure class=\"aligncenter size-full\"><img decoding=\"async\" loading=\"lazy\" width=\"231\" height=\"328\" src=\"https:\/\/antoniofontoura.com.br\/site\/wp-content\/uploads\/2024\/09\/capinha_heptamerao.jpg\" alt=\"\" class=\"wp-image-1016\" srcset=\"https:\/\/antoniofontoura.com.br\/site\/wp-content\/uploads\/2024\/09\/capinha_heptamerao.jpg 231w, https:\/\/antoniofontoura.com.br\/site\/wp-content\/uploads\/2024\/09\/capinha_heptamerao-211x300.jpg 211w, https:\/\/antoniofontoura.com.br\/site\/wp-content\/uploads\/2024\/09\/capinha_heptamerao-106x150.jpg 106w\" sizes=\"(max-width: 231px) 100vw, 231px\" \/><figcaption class=\"wp-element-caption\"> <\/figcaption><\/figure><\/div>\n\n\n<div class=\"wp-block-columns is-layout-flex wp-container-3\">\n<div class=\"wp-block-column is-layout-flow\"><div class=\"wp-block-image\">\n<figure class=\"aligncenter size-full\"><a href=\"https:\/\/clubedeautores.com.br\/livro\/heptamerao\"><img decoding=\"async\" loading=\"lazy\" width=\"74\" height=\"28\" src=\"https:\/\/antoniofontoura.com.br\/site\/wp-content\/uploads\/2022\/10\/clube_autores_pq.jpg\" alt=\"\" class=\"wp-image-534\"\/><\/a><figcaption class=\"wp-element-caption\">Livro Impresso<\/figcaption><\/figure><\/div><\/div>\n\n\n\n<div class=\"wp-block-column is-layout-flow\"><div class=\"wp-block-image\">\n<figure class=\"aligncenter size-full\"><a href=\"https:\/\/www.amazon.com.br\/dp\/B0DJ37JQGH\"><img decoding=\"async\" loading=\"lazy\" width=\"68\" height=\"25\" src=\"https:\/\/antoniofontoura.com.br\/site\/wp-content\/uploads\/2021\/11\/testeamz.jpg\" alt=\"\" class=\"wp-image-467\"\/><\/a><figcaption class=\"wp-element-caption\">Ebook<\/figcaption><\/figure><\/div><\/div>\n<\/div>\n\n\n\n<hr class=\"wp-block-separator has-alpha-channel-opacity\"\/>\n\n\n\n<p><a href=\"http:\/\/antoniofontoura.com.br\/site\/category\/margarida\">Conhe\u00e7a nossos post sobre &#8220;Margarida de Navarra&#8221;.<\/a><\/p>\n\n\n\n<p>Heptamer\u00e3o, de Margarida de Navarra, \u00e9 uma obra-prima do Renascimento franc\u00eas, agora dispon\u00edvel pela primeira vez em portugu\u00eas. Esta cole\u00e7\u00e3o de 72 contos entrela\u00e7a humor, trag\u00e9dia e reflex\u00f5es profundas sobre a condi\u00e7\u00e3o humana, seguindo o modelo do Decamer\u00e3o de Boccaccio. A narrativa se desenrola nos Pirineus, onde um grupo de personagens, isolados por uma enchente, compartilha hist\u00f3rias de amor, trai\u00e7\u00e3o, hipocrisia e virtude.<\/p>\n\n\n\n<p>Atrav\u00e9s dessas hist\u00f3rias, Margarida de Navarra oferece uma cr\u00edtica sutil, mas incisiva, \u00e0 sociedade de sua \u00e9poca, abordando temas como a moralidade, as rela\u00e7\u00f5es de poder e o papel da mulher no mundo renascentista. Com uma escrita afiada e um olhar compassivo, Margarida revela as contradi\u00e7\u00f5es humanas e questiona as conven\u00e7\u00f5es sociais que moldam o comportamento e o destino de cada indiv\u00edduo.<\/p>\n\n\n\n<p>Essa primeira tradu\u00e7\u00e3o em portugu\u00eas do Heptamer\u00e3o oferece ao leitor contempor\u00e2neo uma obra essencial, tanto pela riqueza de suas narrativas quanto pelo retrato fiel das inquieta\u00e7\u00f5es de um tempo marcado por transforma\u00e7\u00f5es culturais, religiosas e sociais.<\/p>\n\n\n\n<figure class=\"wp-block-embed is-type-rich is-provider-amazon wp-block-embed-amazon\"><div class=\"wp-block-embed__wrapper\">\n<iframe loading=\"lazy\" title=\"Heptamer\u00e3o: Volume I\" type=\"text\/html\" width=\"900\" height=\"550\" frameborder=\"0\" allowfullscreen style=\"max-width:100%\" src=\"https:\/\/ler.amazon.com.br\/kp\/card?preview=inline&#038;linkCode=kpd&#038;ref_=k4w_oembed_QmI892PawKjims&#038;asin=B0DJ37JQGH&#038;tag=kpembed-20\"><\/iframe>\n<\/div><\/figure>\n\n\n\n<hr class=\"wp-block-separator has-alpha-channel-opacity\"\/>\n\n\n\n<p>ISBN 9786501167411<br>N\u00famero de p\u00e1ginas: 319<br>Edi\u00e7\u00e3o: 1 (2024)<br>Formato: A5 (148&#215;210)<br>Acabamento: Brochura c\/ orelha<br>Colora\u00e7\u00e3o: Preto e branco<br>Tipo de papel: Offset 75g<br>Idioma: Portugu\u00eas<\/p>\n","protected":false},"excerpt":{"rendered":"<p>de Margarida de Navarra Conhe\u00e7a nossos post sobre &#8220;Margarida de Navarra&#8221;. Heptamer\u00e3o, de Margarida de Navarra, \u00e9 uma obra-prima do Renascimento franc\u00eas, agora dispon\u00edvel pela primeira vez em portugu\u00eas. Esta cole\u00e7\u00e3o de 72 contos entrela\u00e7a humor, trag\u00e9dia e reflex\u00f5es profundas sobre a condi\u00e7\u00e3o humana, seguindo o modelo do Decamer\u00e3o de\u2026<\/p>\n<p class=\"continue-reading-button\"> <a class=\"continue-reading-link\" href=\"https:\/\/antoniofontoura.com.br\/site\/principais-obras\/heptamerao\/\">Leia mais<i class=\"crycon-right-dir\"><\/i><\/a><\/p>\n","protected":false},"author":1,"featured_media":0,"parent":42,"menu_order":0,"comment_status":"closed","ping_status":"closed","template":"","meta":[],"_links":{"self":[{"href":"https:\/\/antoniofontoura.com.br\/site\/wp-json\/wp\/v2\/pages\/1015"}],"collection":[{"href":"https:\/\/antoniofontoura.com.br\/site\/wp-json\/wp\/v2\/pages"}],"about":[{"href":"https:\/\/antoniofontoura.com.br\/site\/wp-json\/wp\/v2\/types\/page"}],"author":[{"embeddable":true,"href":"https:\/\/antoniofontoura.com.br\/site\/wp-json\/wp\/v2\/users\/1"}],"replies":[{"embeddable":true,"href":"https:\/\/antoniofontoura.com.br\/site\/wp-json\/wp\/v2\/comments?post=1015"}],"version-history":[{"count":2,"href":"https:\/\/antoniofontoura.com.br\/site\/wp-json\/wp\/v2\/pages\/1015\/revisions"}],"predecessor-version":[{"id":1118,"href":"https:\/\/antoniofontoura.com.br\/site\/wp-json\/wp\/v2\/pages\/1015\/revisions\/1118"}],"up":[{"embeddable":true,"href":"https:\/\/antoniofontoura.com.br\/site\/wp-json\/wp\/v2\/pages\/42"}],"wp:attachment":[{"href":"https:\/\/antoniofontoura.com.br\/site\/wp-json\/wp\/v2\/media?parent=1015"}],"curies":[{"name":"wp","href":"https:\/\/api.w.org\/{rel}","templated":true}]}}