{"id":1031,"date":"2024-10-02T18:50:06","date_gmt":"2024-10-02T18:50:06","guid":{"rendered":"https:\/\/antoniofontoura.com.br\/site\/?page_id=1031"},"modified":"2024-10-31T17:49:41","modified_gmt":"2024-10-31T17:49:41","slug":"peregrinacoes-de-uma-paria","status":"publish","type":"page","link":"https:\/\/antoniofontoura.com.br\/site\/principais-obras\/peregrinacoes-de-uma-paria\/","title":{"rendered":"Peregrina\u00e7\u00f5es de uma P\u00e1ria"},"content":{"rendered":"\n<h2 class=\"wp-block-heading\">de Flora Trist\u00e1n<\/h2>\n\n\n<div class=\"wp-block-image\">\n<figure class=\"aligncenter size-full\"><img decoding=\"async\" loading=\"lazy\" width=\"231\" height=\"328\" src=\"https:\/\/antoniofontoura.com.br\/site\/wp-content\/uploads\/2024\/10\/capinha_flora.jpg\" alt=\"\" class=\"wp-image-1032\" srcset=\"https:\/\/antoniofontoura.com.br\/site\/wp-content\/uploads\/2024\/10\/capinha_flora.jpg 231w, https:\/\/antoniofontoura.com.br\/site\/wp-content\/uploads\/2024\/10\/capinha_flora-211x300.jpg 211w, https:\/\/antoniofontoura.com.br\/site\/wp-content\/uploads\/2024\/10\/capinha_flora-106x150.jpg 106w\" sizes=\"(max-width: 231px) 100vw, 231px\" \/><figcaption class=\"wp-element-caption\"> <\/figcaption><\/figure><\/div>\n\n\n<div class=\"wp-block-columns is-layout-flex wp-container-3\">\n<div class=\"wp-block-column is-layout-flow\"><div class=\"wp-block-image\">\n<figure class=\"aligncenter size-full\"><a href=\"https:\/\/clubedeautores.com.br\/livro\/peregrinacoes-de-uma-paria\"><img decoding=\"async\" loading=\"lazy\" width=\"74\" height=\"28\" src=\"https:\/\/antoniofontoura.com.br\/site\/wp-content\/uploads\/2022\/10\/clube_autores_pq.jpg\" alt=\"\" class=\"wp-image-534\"\/><\/a><figcaption class=\"wp-element-caption\">Livro Impresso<\/figcaption><\/figure><\/div><\/div>\n\n\n\n<div class=\"wp-block-column is-layout-flow\"><div class=\"wp-block-image\">\n<figure class=\"aligncenter size-full\"><a href=\"https:\/\/www.amazon.com.br\/dp\/B0D9BPB2KF\"><img decoding=\"async\" loading=\"lazy\" width=\"68\" height=\"25\" src=\"https:\/\/antoniofontoura.com.br\/site\/wp-content\/uploads\/2021\/11\/testeamz.jpg\" alt=\"\" class=\"wp-image-467\"\/><\/a><figcaption class=\"wp-element-caption\">Ebook<\/figcaption><\/figure><\/div><\/div>\n<\/div>\n\n\n\n<hr class=\"wp-block-separator has-alpha-channel-opacity\"\/>\n\n\n\n<p><a href=\"http:\/\/antoniofontoura.com.br\/site\/category\/flora\">Conhe\u00e7a nossos post sobre &#8220;Flora Trist\u00e1n&#8221;.<\/a><\/p>\n\n\n\n<p>Peregrina\u00e7\u00f5es de uma P\u00e1ria \u00e9 uma obra seminal de Flora Trist\u00e1n, uma das figuras mais proeminentes do feminismo e socialismo do s\u00e9culo XIX. Publicado originalmente em 1838, o livro \u00e9 um relato autobiogr\u00e1fico das viagens de Trist\u00e1n pela Am\u00e9rica do Sul, especialmente pelo Peru, onde ela busca recuperar a heran\u00e7a de sua fam\u00edlia.<\/p>\n\n\n\n<p>Trist\u00e1n, uma mulher \u00e0 frente de seu tempo, revela as injusti\u00e7as e desigualdades que testemunhou em suas peregrina\u00e7\u00f5es, denunciando a opress\u00e3o das mulheres, dos trabalhadores e dos povos ind\u00edgenas. Seu olhar cr\u00edtico e sens\u00edvel lan\u00e7a luz sobre as condi\u00e7\u00f5es sociais e pol\u00edticas da \u00e9poca, tornando suas observa\u00e7\u00f5es e reflex\u00f5es surpreendentemente atuais.<\/p>\n\n\n\n<p>Este livro n\u00e3o \u00e9 apenas um di\u00e1rio de viagem, mas uma poderosa cr\u00edtica social e uma defesa ardente dos direitos humanos. Peregrina\u00e7\u00f5es de uma P\u00e1ria \u00e9 uma leitura essencial para aqueles que desejam entender as ra\u00edzes hist\u00f3ricas das lutas por igualdade e justi\u00e7a social, e para os que buscam inspira\u00e7\u00e3o na coragem e determina\u00e7\u00e3o de uma mulher que ousou desafiar as conven\u00e7\u00f5es de seu tempo.<\/p>\n\n\n\n<figure class=\"wp-block-embed is-type-rich is-provider-amazon wp-block-embed-amazon\"><div class=\"wp-block-embed__wrapper\">\n<iframe loading=\"lazy\" title=\"Peregrina\u00e7\u00f5es de uma p\u00e1ria\" type=\"text\/html\" width=\"900\" height=\"550\" frameborder=\"0\" allowfullscreen style=\"max-width:100%\" src=\"https:\/\/ler.amazon.com.br\/kp\/card?preview=inline&#038;linkCode=kpd&#038;ref_=k4w_oembed_lSY6cAblzYctIf&#038;asin=B0D9BPB2KF&#038;tag=kpembed-20\"><\/iframe>\n<\/div><\/figure>\n\n\n\n<hr class=\"wp-block-separator has-alpha-channel-opacity\"\/>\n\n\n\n<p>ISBN 9786501091860<br>N\u00famero de p\u00e1ginas: 435<br>Edi\u00e7\u00e3o: 1 (2024)<br>Formato: A5 (148&#215;210)<br>Acabamento: Brochura c\/ orelha<br>Colora\u00e7\u00e3o: Preto e branco<br>Tipo de papel: Offset 75g<br>Idioma: Portugu\u00eas<\/p>\n","protected":false},"excerpt":{"rendered":"<p>de Flora Trist\u00e1n Conhe\u00e7a nossos post sobre &#8220;Flora Trist\u00e1n&#8221;. Peregrina\u00e7\u00f5es de uma P\u00e1ria \u00e9 uma obra seminal de Flora Trist\u00e1n, uma das figuras mais proeminentes do feminismo e socialismo do s\u00e9culo XIX. Publicado originalmente em 1838, o livro \u00e9 um relato autobiogr\u00e1fico das viagens de Trist\u00e1n pela Am\u00e9rica do Sul,\u2026<\/p>\n<p class=\"continue-reading-button\"> <a class=\"continue-reading-link\" href=\"https:\/\/antoniofontoura.com.br\/site\/principais-obras\/peregrinacoes-de-uma-paria\/\">Leia mais<i class=\"crycon-right-dir\"><\/i><\/a><\/p>\n","protected":false},"author":1,"featured_media":0,"parent":42,"menu_order":0,"comment_status":"closed","ping_status":"closed","template":"","meta":[],"_links":{"self":[{"href":"https:\/\/antoniofontoura.com.br\/site\/wp-json\/wp\/v2\/pages\/1031"}],"collection":[{"href":"https:\/\/antoniofontoura.com.br\/site\/wp-json\/wp\/v2\/pages"}],"about":[{"href":"https:\/\/antoniofontoura.com.br\/site\/wp-json\/wp\/v2\/types\/page"}],"author":[{"embeddable":true,"href":"https:\/\/antoniofontoura.com.br\/site\/wp-json\/wp\/v2\/users\/1"}],"replies":[{"embeddable":true,"href":"https:\/\/antoniofontoura.com.br\/site\/wp-json\/wp\/v2\/comments?post=1031"}],"version-history":[{"count":3,"href":"https:\/\/antoniofontoura.com.br\/site\/wp-json\/wp\/v2\/pages\/1031\/revisions"}],"predecessor-version":[{"id":1138,"href":"https:\/\/antoniofontoura.com.br\/site\/wp-json\/wp\/v2\/pages\/1031\/revisions\/1138"}],"up":[{"embeddable":true,"href":"https:\/\/antoniofontoura.com.br\/site\/wp-json\/wp\/v2\/pages\/42"}],"wp:attachment":[{"href":"https:\/\/antoniofontoura.com.br\/site\/wp-json\/wp\/v2\/media?parent=1031"}],"curies":[{"name":"wp","href":"https:\/\/api.w.org\/{rel}","templated":true}]}}