{"id":105,"date":"2017-10-27T02:02:58","date_gmt":"2017-10-27T02:02:58","guid":{"rendered":"http:\/\/antoniofontoura.com.br\/site\/?page_id=105"},"modified":"2024-10-31T17:38:05","modified_gmt":"2024-10-31T17:38:05","slug":"hieroglifos-egipcios","status":"publish","type":"page","link":"https:\/\/antoniofontoura.com.br\/site\/principais-obras\/hieroglifos-egipcios\/","title":{"rendered":"Hier\u00f3glifos eg\u00edpcios"},"content":{"rendered":"\n<h2 class=\"wp-block-heading\">de: Antonio Fontoura<\/h2>\n\n\n<div class=\"wp-block-image\">\n<figure class=\"aligncenter\"><img decoding=\"async\" src=\"https:\/\/antoniofontoura.com.br\/site\/wp-content\/uploads\/2017\/10\/coluna-1-hieroglifos-1.jpg\" alt=\"\" class=\"wp-image-25\"\/><\/figure><\/div>\n\n\n<h3 class=\"wp-block-heading\"><strong>Clique em sua loja preferida para adquirir o livro:<\/strong><\/h3>\n\n\n<div class=\"wp-block-image\">\n<figure class=\"aligncenter\"><a href=\"https:\/\/www.estantevirtual.com.br\/livros\/antonio-fontoura-jr-\/hieroglifos-egipcios\/1755243896?show_suggestion=0\"><img decoding=\"async\" loading=\"lazy\" width=\"70\" height=\"28\" src=\"https:\/\/antoniofontoura.com.br\/site\/wp-content\/uploads\/2021\/11\/logo_estantevirtual.jpg\" alt=\"\" class=\"wp-image-464\"\/><\/a><\/figure><\/div>\n\n<div class=\"wp-block-image\">\n<figure class=\"aligncenter\"><a href=\"https:\/\/clubedeautores.com.br\/livro\/hieroglifos-egipcios\"><img decoding=\"async\" loading=\"lazy\" width=\"129\" height=\"49\" src=\"https:\/\/antoniofontoura.com.br\/site\/wp-content\/uploads\/2021\/11\/logo_clubedeautores.jpg\" alt=\"\" class=\"wp-image-461\"\/><\/a><\/figure><\/div>\n\n<div class=\"wp-block-image\">\n<figure class=\"aligncenter\"><a href=\"https:\/\/www.submarino.com.br\/produto\/5971071240?nmOrigem=search_page.ads1-os%20mais%20buscados&amp;pfm_index=1&amp;pfm_page=search&amp;pfm_pos=search_page.ads1&amp;pfm_type=vit_ads&amp;DCSext.recom=RR_search_page.ads1-mars_BladeTrinitySearch%3AP%3A100%3A%3Aads%3Dfalse%3AorderAdsTest%3Dmotor_control%3Atestab%3DsingleStrategy&amp;nm_origem=rec_search_page.ads1-mars_BladeTrinitySearch%3AP%3A100%3A%3Aads%3Dfalse%3AorderAdsTest%3Dmotor_control%3Atestab%3DsingleStrategy&amp;nm_ranking_rec=1&amp;offerId=636b99ccb1efc389fc4425ff\"><img decoding=\"async\" loading=\"lazy\" width=\"87\" height=\"51\" src=\"https:\/\/antoniofontoura.com.br\/site\/wp-content\/uploads\/2021\/11\/logo_submarino.jpg\" alt=\"\" class=\"wp-image-463\"\/><\/a><\/figure><\/div>\n\n<div class=\"wp-block-image\">\n<figure class=\"aligncenter\"><a href=\"https:\/\/www.americanas.com.br\/produto\/5971071240?pfm_carac=hieroglifos-egipcios&amp;pfm_index=4&amp;pfm_page=search&amp;pfm_pos=grid&amp;pfm_type=search_page&amp;offerId=636b99ccb1efc389fc4425ff\"><img decoding=\"async\" loading=\"lazy\" width=\"144\" height=\"21\" src=\"https:\/\/antoniofontoura.com.br\/site\/wp-content\/uploads\/2021\/11\/logo_americanas.jpg\" alt=\"\" class=\"wp-image-460\"\/><\/a><\/figure><\/div>\n\n\n<h3 class=\"wp-block-heading\"><a href=\"https:\/\/www.amazon.com.br\/dp\/B074FGDHDB\"><strong>Prefere a vers\u00e3o ebook? Aqduira na Amazon.<\/strong><\/a><br><a href=\"https:\/\/www.amazon.com.br\/dp\/B074FGDHDB\"><img decoding=\"async\" loading=\"lazy\" class=\"alignnone size-full wp-image-467\" src=\"https:\/\/antoniofontoura.com.br\/site\/wp-content\/uploads\/2021\/11\/testeamz.jpg\" alt=\"\" width=\"68\" height=\"25\"><\/a><\/h3>\n\n\n\n<hr class=\"wp-block-separator has-alpha-channel-opacity\"\/>\n\n\n\n<h4 class=\"wp-block-heading\">Sobre Hier\u00f3glifos Eg\u00edpcios: um curso de introdu\u00e7\u00e3o \u00e0 leitura e decifra\u00e7\u00e3o de textos do Antigo Egito<\/h4>\n\n\n\n<p><a href=\"http:\/\/antoniofontoura.com.br\/site\/category\/egito\/\">Conhe\u00e7a nossos posts sobre Hier\u00f3glifos Eg\u00edpcios<\/a><br><a href=\"http:\/\/antoniofontoura.com.br\/site\/2017\/10\/23\/capitulo-1-de-a-mulher-delinquente\/\">Leia aqui o cap\u00edtulo 1 de Hier\u00f3glifos Eg\u00edpcios<\/a><\/p>\n\n\n\n<p>O objetivo desse livro \u00e9 ensinar a voc\u00ea os princ\u00edpios da leitura e decifra\u00e7\u00e3o da antiga escrita hierogl\u00edfica eg\u00edpcia. Ao final da obra voc\u00ea ser\u00e1 capaz de ler estelas, textos de est\u00e1tuas e templos, trechos de papiros.<\/p>\n\n\n\n<p>Estudar hier\u00f3glifos eg\u00edpcios n\u00e3o \u00e9 uma tarefa simples. Estamos estudando uma l\u00edngua que n\u00e3o \u00e9 mais falada ou escrita, nativamente, h\u00e1 cerca de dois mil anos.<\/p>\n\n\n\n<p>Exige aten\u00e7\u00e3o, paci\u00eancia e a no\u00e7\u00e3o de que se est\u00e1 estudando uma l\u00edngua estrangeira \u2013 e n\u00e3o um c\u00f3digo. Ou seja: para que voc\u00ea possa entender os textos hierogl\u00edficos, demandar\u00e1 tanto tempo quanto o estudo de qualquer outra l\u00edngua, antiga ou moderna. Com um agravante: n\u00e3o se pode falar em eg\u00edpcio \u2013 pois, como n\u00e3o escreviam vogais, n\u00e3o se conhece a pron\u00fancia completa das palavras \u2013 e, portanto, n\u00e3o se pode treinar pela fala. Apenas pela escrita.<\/p>\n\n\n\n<p>E o que estaremos estudando, exatamente?<\/p>\n\n\n\n<p>A escrita hierogl\u00edfica, como voc\u00ea deve imaginar, \u00e9 a representa\u00e7\u00e3o gr\u00e1fica de um idioma, o eg\u00edpcio antigo. Por\u00e9m, os eg\u00edpcios n\u00e3o mantiveram o mesmo idioma durante toda a sua hist\u00f3ria. Como um povo din\u00e2mico e vivo \u2013 e considerando que sua hist\u00f3ria compreende mais de 2.000 anos \u2013 sua l\u00edngua, sua escrita, suas concep\u00e7\u00f5es religiosas, mudavam.<\/p>\n\n\n\n<p>E embora buscassem manter uma liga\u00e7\u00e3o com o pr\u00f3prio passado, a escrita do chamado Antigo Imp\u00e9rio (\u00e9poca de constru\u00e7\u00e3o das grandes pir\u00e2mides) \u00e9 bem diferente do final de sua hist\u00f3ria, por exemplo.<\/p>\n\n\n\n<p>E mesmo os hier\u00f3glifos, que para n\u00f3s \u00e9 a escrita representativa da cultura eg\u00edpcia, haviam deixado de ser uma escrita viva j\u00e1 no Novo Imp\u00e9rio, para se tornar uma escrita ritualizada, reservada para documentos religiosos e monumentos. A escrita do dia-a-dia passou a ser o hier\u00e1tico e, depois, o dem\u00f3tico, acompanhando inclusive as mudan\u00e7as no pr\u00f3prio idioma.<\/p>\n\n\n\n<p>Por isso, os egipt\u00f3logos costumam chamar o chamado M\u00e9dio Imp\u00e9rio de \u201cEgito cl\u00e1ssico\u201d: \u00e9 o per\u00edodo em que a escrita hierogl\u00edfica atinge o seu auge enquanto representa\u00e7\u00e3o escrita viva, de um idioma tamb\u00e9m vivo.<\/p>\n\n\n\n<p>Neste livro voc\u00ea poder\u00e1 reviver um pouco desta hist\u00f3ria, e ter acesso a um sistema de escrita que, mesmo no per\u00edodo do Antigo Egito, era restrito a poucos membros das classes sociais superiores.<\/p>\n\n\n\n<p>Aqui voc\u00ea come\u00e7a a sua jornada para se tornar um escriba. Contempor\u00e2neo, \u00e9 claro. Ainda assim, um escriba.<\/p>\n\n\n\n<figure class=\"wp-block-embed is-type-rich is-provider-amazon wp-block-embed-amazon\"><div class=\"wp-block-embed__wrapper\">\n<iframe loading=\"lazy\" title=\"Hier\u00f3glifos eg\u00edpcios: Um curso de introdu\u00e7\u00e3o \u00e0 leitura e escrita do Antigo Egito\" type=\"text\/html\" width=\"900\" height=\"550\" frameborder=\"0\" allowfullscreen style=\"max-width:100%\" src=\"https:\/\/ler.amazon.com.br\/kp\/card?preview=inline&#038;linkCode=kpd&#038;ref_=k4w_oembed_cw1Z9CboxXcKGs&#038;asin=B074FGDHDB&#038;tag=kpembed-20\"><\/iframe>\n<\/div><\/figure>\n\n\n\n<hr class=\"wp-block-separator has-alpha-channel-opacity\"\/>\n\n\n\n<h4 class=\"wp-block-heading\">Sobre o Autor<\/h4>\n\n\n\n<p><strong>Antonio Fontoura<\/strong> \u00e9 historiador, escritor de materiais did\u00e1ticos em hist\u00f3ria (do Ensino Fundamental ao Superior), criador de jogos digitais educativos em hist\u00f3ria; \u00e9 autor de &#8220;Teoria da Hist\u00f3ria&#8221;, da editora Intersaberes; &#8220;Introdu\u00e7\u00e3o ao estudo da hist\u00f3ria&#8221;, Fael.<\/p>\n\n\n\n<hr class=\"wp-block-separator has-alpha-channel-opacity\"\/>\n\n\n\n<h4 class=\"wp-block-heading\">Caracter\u00edsticas<\/h4>\n\n\n\n<p>N\u00famero de p\u00e1ginas: 201<\/p>\n\n\n\n<p>Dimens\u00f5es: 148&#215;210 mm<\/p>\n\n\n\n<p>Acabamento: Brochura<\/p>\n\n\n\n<p>Tipo de papel: Offset 75g<\/p>\n","protected":false},"excerpt":{"rendered":"<p>de: Antonio Fontoura Clique em sua loja preferida para adquirir o livro: Prefere a vers\u00e3o ebook? Aqduira na Amazon. Sobre Hier\u00f3glifos Eg\u00edpcios: um curso de introdu\u00e7\u00e3o \u00e0 leitura e decifra\u00e7\u00e3o de textos do Antigo Egito Conhe\u00e7a nossos posts sobre Hier\u00f3glifos Eg\u00edpciosLeia aqui o cap\u00edtulo 1 de Hier\u00f3glifos Eg\u00edpcios O objetivo\u2026<\/p>\n<p class=\"continue-reading-button\"> <a class=\"continue-reading-link\" href=\"https:\/\/antoniofontoura.com.br\/site\/principais-obras\/hieroglifos-egipcios\/\">Leia mais<i class=\"crycon-right-dir\"><\/i><\/a><\/p>\n","protected":false},"author":1,"featured_media":0,"parent":42,"menu_order":0,"comment_status":"closed","ping_status":"closed","template":"","meta":[],"_links":{"self":[{"href":"https:\/\/antoniofontoura.com.br\/site\/wp-json\/wp\/v2\/pages\/105"}],"collection":[{"href":"https:\/\/antoniofontoura.com.br\/site\/wp-json\/wp\/v2\/pages"}],"about":[{"href":"https:\/\/antoniofontoura.com.br\/site\/wp-json\/wp\/v2\/types\/page"}],"author":[{"embeddable":true,"href":"https:\/\/antoniofontoura.com.br\/site\/wp-json\/wp\/v2\/users\/1"}],"replies":[{"embeddable":true,"href":"https:\/\/antoniofontoura.com.br\/site\/wp-json\/wp\/v2\/comments?post=105"}],"version-history":[{"count":2,"href":"https:\/\/antoniofontoura.com.br\/site\/wp-json\/wp\/v2\/pages\/105\/revisions"}],"predecessor-version":[{"id":1119,"href":"https:\/\/antoniofontoura.com.br\/site\/wp-json\/wp\/v2\/pages\/105\/revisions\/1119"}],"up":[{"embeddable":true,"href":"https:\/\/antoniofontoura.com.br\/site\/wp-json\/wp\/v2\/pages\/42"}],"wp:attachment":[{"href":"https:\/\/antoniofontoura.com.br\/site\/wp-json\/wp\/v2\/media?parent=105"}],"curies":[{"name":"wp","href":"https:\/\/api.w.org\/{rel}","templated":true}]}}