{"id":1051,"date":"2024-10-08T11:29:24","date_gmt":"2024-10-08T11:29:24","guid":{"rendered":"https:\/\/antoniofontoura.com.br\/site\/?page_id=1051"},"modified":"2024-10-31T17:35:06","modified_gmt":"2024-10-31T17:35:06","slug":"epistola-muito-util","status":"publish","type":"page","link":"https:\/\/antoniofontoura.com.br\/site\/principais-obras\/epistola-muito-util\/","title":{"rendered":"Ep\u00edstola Muito \u00datil"},"content":{"rendered":"\n<h2 class=\"wp-block-heading\">O Espelho da Alma Pecadora<\/h2>\n\n\n\n<h3 class=\"wp-block-heading\">de Marie Denti\u00e8re e Margarida de Navarra<\/h3>\n\n\n<div class=\"wp-block-image\">\n<figure class=\"aligncenter size-full\"><img decoding=\"async\" loading=\"lazy\" width=\"231\" height=\"328\" src=\"https:\/\/antoniofontoura.com.br\/site\/wp-content\/uploads\/2024\/10\/capinha_dentiere_margarida_3.jpg\" alt=\"\" class=\"wp-image-1052\" srcset=\"https:\/\/antoniofontoura.com.br\/site\/wp-content\/uploads\/2024\/10\/capinha_dentiere_margarida_3.jpg 231w, https:\/\/antoniofontoura.com.br\/site\/wp-content\/uploads\/2024\/10\/capinha_dentiere_margarida_3-211x300.jpg 211w, https:\/\/antoniofontoura.com.br\/site\/wp-content\/uploads\/2024\/10\/capinha_dentiere_margarida_3-106x150.jpg 106w\" sizes=\"(max-width: 231px) 100vw, 231px\" \/><figcaption class=\"wp-element-caption\"> <\/figcaption><\/figure><\/div>\n\n\n<div class=\"wp-block-columns is-layout-flex wp-container-3\">\n<div class=\"wp-block-column is-layout-flow\"><div class=\"wp-block-image\">\n<figure class=\"aligncenter size-full\"><a href=\"https:\/\/clubedeautores.com.br\/livro\/epistola-muito-util\"><img decoding=\"async\" loading=\"lazy\" width=\"74\" height=\"28\" src=\"https:\/\/antoniofontoura.com.br\/site\/wp-content\/uploads\/2022\/10\/clube_autores_pq.jpg\" alt=\"\" class=\"wp-image-534\"\/><\/a><figcaption class=\"wp-element-caption\">Livro Impresso<\/figcaption><\/figure><\/div><\/div>\n\n\n\n<div class=\"wp-block-column is-layout-flow\"><div class=\"wp-block-image\">\n<figure class=\"aligncenter size-full\"><a href=\"https:\/\/www.amazon.com.br\/dp\/B0DJMY5H15\"><img decoding=\"async\" loading=\"lazy\" width=\"68\" height=\"25\" src=\"https:\/\/antoniofontoura.com.br\/site\/wp-content\/uploads\/2021\/11\/testeamz.jpg\" alt=\"\" class=\"wp-image-467\"\/><\/a><figcaption class=\"wp-element-caption\">Ebook<\/figcaption><\/figure><\/div><\/div>\n<\/div>\n\n\n\n<hr class=\"wp-block-separator has-alpha-channel-opacity\"\/>\n\n\n\n<p><a href=\"http:\/\/antoniofontoura.com.br\/site\/category\/margarida\">Conhe\u00e7a nossos post sobre &#8220;Margarida de Navarra&#8221;.<\/a><\/p>\n\n\n\n<p>Esta edi\u00e7\u00e3o re\u00fane dois marcos da literatura feminina do Renascimento, obras que desafiaram conven\u00e7\u00f5es e ecoaram por s\u00e9culos.<\/p>\n\n\n\n<p>&#8220;Ep\u00edstola Muito \u00datil&#8221;, de Marie Denti\u00e8re, \u00e9 uma defesa apaixonada das mulheres e de seu papel ativo nas quest\u00f5es religiosas e sociais. Escrito em plena Reforma Protestante, o texto faz uma cr\u00edtica contundente \u00e0 exclus\u00e3o feminina das discuss\u00f5es teol\u00f3gicas, mostrando a for\u00e7a da voz das mulheres na defesa de sua f\u00e9 e de seus direitos.<\/p>\n\n\n\n<p>&#8220;O Espelho da Alma Pecadora&#8221;, de Margarida de Navarra, irm\u00e3 de Francisco I da Fran\u00e7a, \u00e9 um profundo di\u00e1logo espiritual que reflete sua religiosidade evang\u00e9lica e sua cr\u00edtica aos estere\u00f3tipos de g\u00eanero. Ao expor a condi\u00e7\u00e3o feminina e sua rela\u00e7\u00e3o com a divindade, Margarida constr\u00f3i uma narrativa \u00edntima e transformadora, que reverbera na luta por um espa\u00e7o de express\u00e3o para as mulheres na literatura e na espiritualidade.<\/p>\n\n\n\n<p>Ambas as autoras, com vozes corajosas e inovadoras, se destacam como precursoras do pensamento feminista, desafiando as normas patriarcais de sua \u00e9poca e lan\u00e7ando as bases para uma nova vis\u00e3o da mulher na sociedade e na religi\u00e3o.<\/p>\n\n\n\n<figure class=\"wp-block-embed is-type-rich is-provider-amazon wp-block-embed-amazon\"><div class=\"wp-block-embed__wrapper\">\n<iframe loading=\"lazy\" title=\"Ep\u00edstola Muito \u00datil: O Espelho da Alma Pecadora\" type=\"text\/html\" width=\"900\" height=\"550\" frameborder=\"0\" allowfullscreen style=\"max-width:100%\" src=\"https:\/\/ler.amazon.com.br\/kp\/card?preview=inline&#038;linkCode=kpd&#038;ref_=k4w_oembed_PARYhvwqsccmeY&#038;asin=B0DJMY5H15&#038;tag=kpembed-20\"><\/iframe>\n<\/div><\/figure>\n\n\n\n<hr class=\"wp-block-separator has-alpha-channel-opacity\"\/>\n\n\n\n<p>ISBN: 9786501178899<br>N\u00famero de p\u00e1ginas: 97<br>Edi\u00e7\u00e3o: 1 (2024)<br>Formato: A5 (148&#215;210)<br>Acabamento: Brochura c\/ orelha<br>Colora\u00e7\u00e3o: Preto e branco<br>Tipo de papel: Offset 75g<br>Idioma: Portugu\u00eas<\/p>\n","protected":false},"excerpt":{"rendered":"<p>O Espelho da Alma Pecadora de Marie Denti\u00e8re e Margarida de Navarra Conhe\u00e7a nossos post sobre &#8220;Margarida de Navarra&#8221;. Esta edi\u00e7\u00e3o re\u00fane dois marcos da literatura feminina do Renascimento, obras que desafiaram conven\u00e7\u00f5es e ecoaram por s\u00e9culos. &#8220;Ep\u00edstola Muito \u00datil&#8221;, de Marie Denti\u00e8re, \u00e9 uma defesa apaixonada das mulheres e\u2026<\/p>\n<p class=\"continue-reading-button\"> <a class=\"continue-reading-link\" href=\"https:\/\/antoniofontoura.com.br\/site\/principais-obras\/epistola-muito-util\/\">Leia mais<i class=\"crycon-right-dir\"><\/i><\/a><\/p>\n","protected":false},"author":1,"featured_media":0,"parent":42,"menu_order":0,"comment_status":"closed","ping_status":"closed","template":"","meta":[],"_links":{"self":[{"href":"https:\/\/antoniofontoura.com.br\/site\/wp-json\/wp\/v2\/pages\/1051"}],"collection":[{"href":"https:\/\/antoniofontoura.com.br\/site\/wp-json\/wp\/v2\/pages"}],"about":[{"href":"https:\/\/antoniofontoura.com.br\/site\/wp-json\/wp\/v2\/types\/page"}],"author":[{"embeddable":true,"href":"https:\/\/antoniofontoura.com.br\/site\/wp-json\/wp\/v2\/users\/1"}],"replies":[{"embeddable":true,"href":"https:\/\/antoniofontoura.com.br\/site\/wp-json\/wp\/v2\/comments?post=1051"}],"version-history":[{"count":2,"href":"https:\/\/antoniofontoura.com.br\/site\/wp-json\/wp\/v2\/pages\/1051\/revisions"}],"predecessor-version":[{"id":1114,"href":"https:\/\/antoniofontoura.com.br\/site\/wp-json\/wp\/v2\/pages\/1051\/revisions\/1114"}],"up":[{"embeddable":true,"href":"https:\/\/antoniofontoura.com.br\/site\/wp-json\/wp\/v2\/pages\/42"}],"wp:attachment":[{"href":"https:\/\/antoniofontoura.com.br\/site\/wp-json\/wp\/v2\/media?parent=1051"}],"curies":[{"name":"wp","href":"https:\/\/api.w.org\/{rel}","templated":true}]}}