{"id":1057,"date":"2024-10-08T18:14:51","date_gmt":"2024-10-08T18:14:51","guid":{"rendered":"https:\/\/antoniofontoura.com.br\/site\/?page_id=1057"},"modified":"2024-10-31T17:25:06","modified_gmt":"2024-10-31T17:25:06","slug":"a-questao-judaica","status":"publish","type":"page","link":"https:\/\/antoniofontoura.com.br\/site\/principais-obras\/a-questao-judaica\/","title":{"rendered":"A Quest\u00e3o Judaica"},"content":{"rendered":"\n<h2 class=\"wp-block-heading\">de Bruno Bauer e Karl Marx<\/h2>\n\n\n<div class=\"wp-block-image\">\n<figure class=\"aligncenter size-full\"><img decoding=\"async\" loading=\"lazy\" width=\"231\" height=\"328\" src=\"https:\/\/antoniofontoura.com.br\/site\/wp-content\/uploads\/2024\/10\/capinha_bauer.jpg\" alt=\"\" class=\"wp-image-1058\" srcset=\"https:\/\/antoniofontoura.com.br\/site\/wp-content\/uploads\/2024\/10\/capinha_bauer.jpg 231w, https:\/\/antoniofontoura.com.br\/site\/wp-content\/uploads\/2024\/10\/capinha_bauer-211x300.jpg 211w, https:\/\/antoniofontoura.com.br\/site\/wp-content\/uploads\/2024\/10\/capinha_bauer-106x150.jpg 106w\" sizes=\"(max-width: 231px) 100vw, 231px\" \/><figcaption class=\"wp-element-caption\"> <\/figcaption><\/figure><\/div>\n\n\n<div class=\"wp-block-columns is-layout-flex wp-container-3\">\n<div class=\"wp-block-column is-layout-flow\"><div class=\"wp-block-image\">\n<figure class=\"aligncenter size-full\"><a href=\"https:\/\/clubedeautores.com.br\/livro\/a-questao-judaica\"><img decoding=\"async\" loading=\"lazy\" width=\"74\" height=\"28\" src=\"https:\/\/antoniofontoura.com.br\/site\/wp-content\/uploads\/2022\/10\/clube_autores_pq.jpg\" alt=\"\" class=\"wp-image-534\"\/><\/a><figcaption class=\"wp-element-caption\">Livro Impresso<\/figcaption><\/figure><\/div><\/div>\n\n\n\n<div class=\"wp-block-column is-layout-flow\"><div class=\"wp-block-image\">\n<figure class=\"aligncenter size-full\"><a href=\"https:\/\/www.amazon.com.br\/dp\/B0CX8WQRXL\"><img decoding=\"async\" loading=\"lazy\" width=\"68\" height=\"25\" src=\"https:\/\/antoniofontoura.com.br\/site\/wp-content\/uploads\/2021\/11\/testeamz.jpg\" alt=\"\" class=\"wp-image-467\"\/><\/a><figcaption class=\"wp-element-caption\">Ebook<\/figcaption><\/figure><\/div><\/div>\n<\/div>\n\n\n\n<hr class=\"wp-block-separator has-alpha-channel-opacity\"\/>\n\n\n\n<p>Discuss\u00e3o entre os fil\u00f3sofos Bruno Bauer e Karl Marx sobre a chamada &#8220;quest\u00e3o judaica&#8221;.<\/p>\n\n\n\n<p>Esta obra se diferencia das in\u00fameras outras sobre \u201cA Quest\u00e3o Judaica\u201d, de Karl Marx, por apresentar, pela primeira vez, os textos originais de Bruno Bauer, que serviram de ponto de partida para as reflex\u00f5es de Marx.<\/p>\n\n\n\n<p>Inicialmente, o livro traz os textos de Bruno Bauer, ambos de 1843: \u201cA Quest\u00e3o Judaica\u201d, que \u00e9 discutido por Marx ao longo de todo o seu artigo, e \u201cA capacidade dos Judeus e Crist\u00e3os de hoje de se tornarem livres\u201d, que \u00e9 abordado e referenciado especialmente na parte II do texto de Marx.<\/p>\n\n\n\n<p>Al\u00e9m disso, o livro inclui uma vers\u00e3o de \u201cA Quest\u00e3o Judaica\u201d de Marx (1843), que n\u00e3o apresenta mudan\u00e7as significativas em rela\u00e7\u00e3o \u00e0s diversas edi\u00e7\u00f5es da obra em circula\u00e7\u00e3o no Brasil. Contudo, uma diferen\u00e7a digna de nota \u00e9 o esfor\u00e7o para garantir a identidade entre as cita\u00e7\u00f5es de Marx e os textos originais de Bauer. Em apenas uma ocasi\u00e3o, que n\u00e3o parece ser relevante, h\u00e1 uma discrep\u00e2ncia entre o que Bauer escreveu e o que Marx citou. Este fato \u00e9 assinalado em uma nota de rodap\u00e9 no texto de Marx.<\/p>\n\n\n\n<figure class=\"wp-block-embed is-type-rich is-provider-amazon wp-block-embed-amazon\"><div class=\"wp-block-embed__wrapper\">\n<iframe loading=\"lazy\" title=\"A Quest\u00e3o Judaica: e A capacidade dos Judeus e Crist\u00e3os de hoje de se tornarem livres\" type=\"text\/html\" width=\"900\" height=\"550\" frameborder=\"0\" allowfullscreen style=\"max-width:100%\" src=\"https:\/\/ler.amazon.com.br\/kp\/card?preview=inline&#038;linkCode=kpd&#038;ref_=k4w_oembed_VG0ubY4nwjg7g5&#038;asin=B0CX8WQRXL&#038;tag=kpembed-20\"><\/iframe>\n<\/div><\/figure>\n\n\n\n<hr class=\"wp-block-separator has-alpha-channel-opacity\"\/>\n\n\n\n<p>ISBN: 9786501093093<br>N\u00famero de p\u00e1ginas: 151<br>Edi\u00e7\u00e3o: 1 (2024)<br>Formato: A5 (148&#215;210)<br>Acabamento: Brochura c\/ orelha<br>Colora\u00e7\u00e3o: Preto e branco<br>Tipo de papel: Offset 75g<br>Idioma: Portugu\u00eas<\/p>\n","protected":false},"excerpt":{"rendered":"<p>de Bruno Bauer e Karl Marx Discuss\u00e3o entre os fil\u00f3sofos Bruno Bauer e Karl Marx sobre a chamada &#8220;quest\u00e3o judaica&#8221;. Esta obra se diferencia das in\u00fameras outras sobre \u201cA Quest\u00e3o Judaica\u201d, de Karl Marx, por apresentar, pela primeira vez, os textos originais de Bruno Bauer, que serviram de ponto de\u2026<\/p>\n<p class=\"continue-reading-button\"> <a class=\"continue-reading-link\" href=\"https:\/\/antoniofontoura.com.br\/site\/principais-obras\/a-questao-judaica\/\">Leia mais<i class=\"crycon-right-dir\"><\/i><\/a><\/p>\n","protected":false},"author":1,"featured_media":0,"parent":42,"menu_order":0,"comment_status":"closed","ping_status":"closed","template":"","meta":[],"_links":{"self":[{"href":"https:\/\/antoniofontoura.com.br\/site\/wp-json\/wp\/v2\/pages\/1057"}],"collection":[{"href":"https:\/\/antoniofontoura.com.br\/site\/wp-json\/wp\/v2\/pages"}],"about":[{"href":"https:\/\/antoniofontoura.com.br\/site\/wp-json\/wp\/v2\/types\/page"}],"author":[{"embeddable":true,"href":"https:\/\/antoniofontoura.com.br\/site\/wp-json\/wp\/v2\/users\/1"}],"replies":[{"embeddable":true,"href":"https:\/\/antoniofontoura.com.br\/site\/wp-json\/wp\/v2\/comments?post=1057"}],"version-history":[{"count":2,"href":"https:\/\/antoniofontoura.com.br\/site\/wp-json\/wp\/v2\/pages\/1057\/revisions"}],"predecessor-version":[{"id":1098,"href":"https:\/\/antoniofontoura.com.br\/site\/wp-json\/wp\/v2\/pages\/1057\/revisions\/1098"}],"up":[{"embeddable":true,"href":"https:\/\/antoniofontoura.com.br\/site\/wp-json\/wp\/v2\/pages\/42"}],"wp:attachment":[{"href":"https:\/\/antoniofontoura.com.br\/site\/wp-json\/wp\/v2\/media?parent=1057"}],"curies":[{"name":"wp","href":"https:\/\/api.w.org\/{rel}","templated":true}]}}