{"id":1079,"date":"2024-10-30T14:28:57","date_gmt":"2024-10-30T14:28:57","guid":{"rendered":"https:\/\/antoniofontoura.com.br\/site\/?page_id=1079"},"modified":"2024-10-30T15:02:53","modified_gmt":"2024-10-30T15:02:53","slug":"textos-classicos-em-sociologia-da-religiao","status":"publish","type":"page","link":"https:\/\/antoniofontoura.com.br\/site\/principais-obras\/textos-classicos-em-sociologia-da-religiao\/","title":{"rendered":"Textos Cl\u00e1ssicos em Sociologia da Religi\u00e3o"},"content":{"rendered":"\n<h2 class=\"wp-block-heading\">de V\u00e1rios Autores<\/h2>\n\n\n<div class=\"wp-block-image\">\n<figure class=\"aligncenter size-full\"><img decoding=\"async\" loading=\"lazy\" width=\"213\" height=\"328\" src=\"https:\/\/antoniofontoura.com.br\/site\/wp-content\/uploads\/2024\/10\/capinha_sociologia-da-religiao.jpg\" alt=\"\" class=\"wp-image-1080\" srcset=\"https:\/\/antoniofontoura.com.br\/site\/wp-content\/uploads\/2024\/10\/capinha_sociologia-da-religiao.jpg 213w, https:\/\/antoniofontoura.com.br\/site\/wp-content\/uploads\/2024\/10\/capinha_sociologia-da-religiao-195x300.jpg 195w, https:\/\/antoniofontoura.com.br\/site\/wp-content\/uploads\/2024\/10\/capinha_sociologia-da-religiao-97x150.jpg 97w\" sizes=\"(max-width: 213px) 100vw, 213px\" \/><figcaption class=\"wp-element-caption\"> <\/figcaption><\/figure><\/div>\n\n\n<div class=\"wp-block-columns is-layout-flex wp-container-3\">\n<div class=\"wp-block-column is-layout-flow\"><div class=\"wp-block-image\">\n<figure class=\"aligncenter size-full\"><a href=\"https:\/\/clubedeautores.com.br\/livro\/textos-classicos-de-sociologia-da-religiao\"><img decoding=\"async\" loading=\"lazy\" width=\"74\" height=\"28\" src=\"https:\/\/antoniofontoura.com.br\/site\/wp-content\/uploads\/2022\/10\/clube_autores_pq.jpg\" alt=\"\" class=\"wp-image-534\"\/><\/a><figcaption class=\"wp-element-caption\">Livro Impresso<\/figcaption><\/figure><\/div><\/div>\n\n\n\n<div class=\"wp-block-column is-layout-flow\"><div class=\"wp-block-image\">\n<figure class=\"aligncenter size-full\"><a href=\"https:\/\/www.amazon.com.br\/dp\/B0DL4T7RSM\"><img decoding=\"async\" loading=\"lazy\" width=\"68\" height=\"25\" src=\"https:\/\/antoniofontoura.com.br\/site\/wp-content\/uploads\/2021\/11\/testeamz.jpg\" alt=\"\" class=\"wp-image-467\"\/><\/a><figcaption class=\"wp-element-caption\">Ebook<\/figcaption><\/figure><\/div><\/div>\n<\/div>\n\n\n\n<hr class=\"wp-block-separator has-alpha-channel-opacity\"\/>\n\n\n\n<p>Esta colet\u00e2nea apresenta uma sele\u00e7\u00e3o abrangente dos textos fundadores da sociologia da religi\u00e3o, reunindo teorias que moldaram a compreens\u00e3o moderna sobre o sagrado e sua rela\u00e7\u00e3o com a sociedade. Os textos aqui compilados oferecem reflex\u00f5es profundas sobre temas como os rituais, as cren\u00e7as, a forma\u00e7\u00e3o das identidades coletivas e a influ\u00eancia das institui\u00e7\u00f5es religiosas nas esferas culturais e sociais.<\/p>\n\n\n\n<p>Cada cap\u00edtulo traz uma vis\u00e3o \u00fanica sobre a religi\u00e3o e seu papel na organiza\u00e7\u00e3o social, examinando quest\u00f5es fundamentais sobre o que \u00e9 sagrado e profano e como essas distin\u00e7\u00f5es impactam a constru\u00e7\u00e3o das comunidades. Com uma abordagem ampla e acess\u00edvel, esta obra se torna um guia indispens\u00e1vel tanto para o estudo acad\u00eamico quanto para o interesse pessoal nas din\u00e2micas entre religi\u00e3o e sociedade.<\/p>\n\n\n\n<p>Mais do que um recurso de consulta, &#8220;Textos Cl\u00e1ssicos de Sociologia da Religi\u00e3o&#8221; \u00e9 um convite \u00e0 reflex\u00e3o cr\u00edtica e ao di\u00e1logo entre o pensamento cl\u00e1ssico e as inquieta\u00e7\u00f5es contempor\u00e2neas. A colet\u00e2nea \u00e9 ideal para estudantes, professores e todos que buscam uma compreens\u00e3o mais profunda sobre a influ\u00eancia e a complexidade do fen\u00f4meno religioso ao longo da hist\u00f3ria e em nosso mundo atual.<\/p>\n\n\n\n<p>Autores inclu\u00eddos na colet\u00e2nea:<\/p>\n\n\n\n<p>Karl Marx<br>Alexis de Tocqueville<br>Max Weber<br>Georg Simmel<br>\u00c9mile Durkheim<br>Maurice Halbwachs<br>William James<br>Ernst Troeltsch<br>Lucien L\u00e9vy-Bruhl<br>Rudolf Otto<br>Marcel Mauss<br>Arthur Ramos<\/p>\n\n\n\n<figure class=\"wp-block-embed aligncenter is-type-rich is-provider-amazon wp-block-embed-amazon\"><div class=\"wp-block-embed__wrapper\">\n<iframe loading=\"lazy\" title=\"Textos Cl\u00e1ssicos de Sociologia da Religi\u00e3o\" type=\"text\/html\" width=\"900\" height=\"550\" frameborder=\"0\" allowfullscreen style=\"max-width:100%\" src=\"https:\/\/ler.amazon.com.br\/kp\/card?preview=inline&#038;linkCode=kpd&#038;ref_=k4w_oembed_yg3UiUOBfNhwol&#038;asin=B0DL4T7RSM&#038;tag=kpembed-20\"><\/iframe>\n<\/div><\/figure>\n\n\n\n<hr class=\"wp-block-separator has-alpha-channel-opacity\"\/>\n\n\n\n<p>ISBN: 9786501207735<br>N\u00famero de p\u00e1ginas: 693<br>Edi\u00e7\u00e3o: 1 (2024)<br>Formato: A5 (148&#215;210)<br>Acabamento: Brochura c\/ orelha<br>Colora\u00e7\u00e3o: Preto e branco<br>Tipo de papel: Offset 75g<br>Idioma: Portugu\u00eas<\/p>\n","protected":false},"excerpt":{"rendered":"<p>de V\u00e1rios Autores Esta colet\u00e2nea apresenta uma sele\u00e7\u00e3o abrangente dos textos fundadores da sociologia da religi\u00e3o, reunindo teorias que moldaram a compreens\u00e3o moderna sobre o sagrado e sua rela\u00e7\u00e3o com a sociedade. Os textos aqui compilados oferecem reflex\u00f5es profundas sobre temas como os rituais, as cren\u00e7as, a forma\u00e7\u00e3o das identidades\u2026<\/p>\n<p class=\"continue-reading-button\"> <a class=\"continue-reading-link\" href=\"https:\/\/antoniofontoura.com.br\/site\/principais-obras\/textos-classicos-em-sociologia-da-religiao\/\">Leia mais<i class=\"crycon-right-dir\"><\/i><\/a><\/p>\n","protected":false},"author":1,"featured_media":0,"parent":42,"menu_order":0,"comment_status":"closed","ping_status":"closed","template":"","meta":[],"_links":{"self":[{"href":"https:\/\/antoniofontoura.com.br\/site\/wp-json\/wp\/v2\/pages\/1079"}],"collection":[{"href":"https:\/\/antoniofontoura.com.br\/site\/wp-json\/wp\/v2\/pages"}],"about":[{"href":"https:\/\/antoniofontoura.com.br\/site\/wp-json\/wp\/v2\/types\/page"}],"author":[{"embeddable":true,"href":"https:\/\/antoniofontoura.com.br\/site\/wp-json\/wp\/v2\/users\/1"}],"replies":[{"embeddable":true,"href":"https:\/\/antoniofontoura.com.br\/site\/wp-json\/wp\/v2\/comments?post=1079"}],"version-history":[{"count":3,"href":"https:\/\/antoniofontoura.com.br\/site\/wp-json\/wp\/v2\/pages\/1079\/revisions"}],"predecessor-version":[{"id":1091,"href":"https:\/\/antoniofontoura.com.br\/site\/wp-json\/wp\/v2\/pages\/1079\/revisions\/1091"}],"up":[{"embeddable":true,"href":"https:\/\/antoniofontoura.com.br\/site\/wp-json\/wp\/v2\/pages\/42"}],"wp:attachment":[{"href":"https:\/\/antoniofontoura.com.br\/site\/wp-json\/wp\/v2\/media?parent=1079"}],"curies":[{"name":"wp","href":"https:\/\/api.w.org\/{rel}","templated":true}]}}