{"id":1174,"date":"2025-03-16T20:13:05","date_gmt":"2025-03-16T20:13:05","guid":{"rendered":"https:\/\/antoniofontoura.com.br\/site\/?page_id=1174"},"modified":"2025-09-18T13:29:17","modified_gmt":"2025-09-18T13:29:17","slug":"historia-da-cultura-grega","status":"publish","type":"page","link":"https:\/\/antoniofontoura.com.br\/site\/principais-obras\/historia-da-cultura-grega\/","title":{"rendered":"Hist\u00f3ria da Cultura Grega"},"content":{"rendered":"\n<h2 class=\"wp-block-heading\">de Jacob Burckhardt<\/h2>\n\n\n\n<div class=\"wp-block-columns is-layout-flex wp-container-5\">\n<div class=\"wp-block-column is-layout-flow\">\n<figure class=\"wp-block-image size-full\"><img decoding=\"async\" loading=\"lazy\" width=\"231\" height=\"328\" src=\"https:\/\/antoniofontoura.com.br\/site\/wp-content\/uploads\/2025\/03\/cultura-grega-1_capinha.jpg\" alt=\"\" class=\"wp-image-1185\" srcset=\"https:\/\/antoniofontoura.com.br\/site\/wp-content\/uploads\/2025\/03\/cultura-grega-1_capinha.jpg 231w, https:\/\/antoniofontoura.com.br\/site\/wp-content\/uploads\/2025\/03\/cultura-grega-1_capinha-211x300.jpg 211w, https:\/\/antoniofontoura.com.br\/site\/wp-content\/uploads\/2025\/03\/cultura-grega-1_capinha-106x150.jpg 106w\" sizes=\"(max-width: 231px) 100vw, 231px\" \/><figcaption class=\"wp-element-caption\"><a href=\"https:\/\/clubedeautores.com.br\/livro\/historia-da-cultura-grega\">Livro Impresso<\/a><br><a href=\"https:\/\/www.amazon.com.br\/dp\/B0DZFN6GPZ\">Ebook<\/a><\/figcaption><\/figure>\n<\/div>\n\n\n\n<div class=\"wp-block-column is-layout-flow\">\n<figure class=\"wp-block-image size-full\"><img decoding=\"async\" loading=\"lazy\" width=\"231\" height=\"328\" src=\"https:\/\/antoniofontoura.com.br\/site\/wp-content\/uploads\/2025\/03\/capinha_nova_flora_volume2.jpg\" alt=\"\" class=\"wp-image-1191\" srcset=\"https:\/\/antoniofontoura.com.br\/site\/wp-content\/uploads\/2025\/03\/capinha_nova_flora_volume2.jpg 231w, https:\/\/antoniofontoura.com.br\/site\/wp-content\/uploads\/2025\/03\/capinha_nova_flora_volume2-211x300.jpg 211w, https:\/\/antoniofontoura.com.br\/site\/wp-content\/uploads\/2025\/03\/capinha_nova_flora_volume2-106x150.jpg 106w\" sizes=\"(max-width: 231px) 100vw, 231px\" \/><figcaption class=\"wp-element-caption\"><a href=\"https:\/\/clubedeautores.com.br\/livro\/historia-da-cultura-grega-2\">Livro Impresso<br><\/a><a href=\"https:\/\/www.amazon.com.br\/dp\/B0DZHTYYDH\">Ebook<\/a><\/figcaption><\/figure>\n<\/div>\n\n\n\n<div class=\"wp-block-column is-layout-flow\">\n<figure class=\"wp-block-image size-full\"><a href=\"https:\/\/www.amazon.com.br\/dp\/B0FRB6YKS2\"><img decoding=\"async\" loading=\"lazy\" width=\"231\" height=\"328\" src=\"https:\/\/antoniofontoura.com.br\/site\/wp-content\/uploads\/2025\/03\/cultura-grega-3_capinha.jpg\" alt=\"\" class=\"wp-image-1187\" srcset=\"https:\/\/antoniofontoura.com.br\/site\/wp-content\/uploads\/2025\/03\/cultura-grega-3_capinha.jpg 231w, https:\/\/antoniofontoura.com.br\/site\/wp-content\/uploads\/2025\/03\/cultura-grega-3_capinha-211x300.jpg 211w, https:\/\/antoniofontoura.com.br\/site\/wp-content\/uploads\/2025\/03\/cultura-grega-3_capinha-106x150.jpg 106w\" sizes=\"(max-width: 231px) 100vw, 231px\" \/><\/a><figcaption class=\"wp-element-caption\"><a href=\"https:\/\/clubedeautores.com.br\/livro\/historia-da-cultura-grega-3\">Livro Impresso<\/a><br><a href=\"https:\/\/www.amazon.com.br\/dp\/B0DZLXZKWF\">E<\/a><a href=\"https:\/\/www.amazon.com.br\/dp\/B0FRB6YKS2\">book<\/a><\/figcaption><\/figure>\n<\/div>\n\n\n\n<div class=\"wp-block-column is-layout-flow\">\n<figure class=\"wp-block-image size-full\"><img decoding=\"async\" loading=\"lazy\" width=\"231\" height=\"328\" src=\"https:\/\/antoniofontoura.com.br\/site\/wp-content\/uploads\/2025\/03\/capinha_nova_flora_volume4.jpg\" alt=\"\" class=\"wp-image-1190\" srcset=\"https:\/\/antoniofontoura.com.br\/site\/wp-content\/uploads\/2025\/03\/capinha_nova_flora_volume4.jpg 231w, https:\/\/antoniofontoura.com.br\/site\/wp-content\/uploads\/2025\/03\/capinha_nova_flora_volume4-211x300.jpg 211w, https:\/\/antoniofontoura.com.br\/site\/wp-content\/uploads\/2025\/03\/capinha_nova_flora_volume4-106x150.jpg 106w\" sizes=\"(max-width: 231px) 100vw, 231px\" \/><figcaption class=\"wp-element-caption\"><a href=\"https:\/\/clubedeautores.com.br\/livro\/historia-da-cultura-grega-4\">Livro Impresso<\/a><br><a href=\"https:\/\/www.amazon.com.br\/dp\/B0DZLNKJZQ\">Ebook<\/a><\/figcaption><\/figure>\n<\/div>\n<\/div>\n\n\n\n<hr class=\"wp-block-separator has-alpha-channel-opacity\"\/>\n\n\n\n<p><a href=\"http:\/\/antoniofontoura.com.br\/site\/category\/burckhardt\">Conhe\u00e7a nossos post sobre &#8220;Jacob Burckhardt&#8221;.<\/a><\/p>\n\n\n\n<p>Cole\u00e7\u00e3o em <strong>4<\/strong> <strong>volumes<\/strong>.<\/p>\n\n\n\n<p>Jacob Burckhardt (1818-1897) tornou-se c\u00e9lebre no Brasil por sua obra A Cultura do Renascimento na It\u00e1lia, mas sua verdadeira obra-prima \u00e9 Hist\u00f3ria da Cultura Grega, agora publicada integralmente em quatro volumes pela primeira vez no pa\u00eds.<\/p>\n\n\n\n<p>Nesta monumental an\u00e1lise, Burckhardt apresenta a civiliza\u00e7\u00e3o grega em toda a sua riqueza e complexidade. Partindo dos mitos fundadores, ele percorre as institui\u00e7\u00f5es pol\u00edticas, a organiza\u00e7\u00e3o social, a religi\u00e3o e o culto, explorando como a mentalidade hel\u00eanica moldou uma cultura que se tornaria a base do pensamento ocidental. Em sua abordagem, a Gr\u00e9cia n\u00e3o \u00e9 apenas uma sequ\u00eancia de eventos pol\u00edticos e militares, mas um organismo vivo, em que arte, poesia, m\u00fasica, filosofia e ci\u00eancia se entrela\u00e7am, revelando uma vis\u00e3o abrangente da vida grega.<\/p>\n\n\n\n<p>Com uma narrativa refinada e profunda erudi\u00e7\u00e3o, Burckhardt examina o despertar das formas art\u00edsticas, a poesia \u00e9pica e dram\u00e1tica, o desenvolvimento da m\u00fasica e da filosofia, o florescimento da ci\u00eancia e da orat\u00f3ria. No volume final, ele conduz o leitor a uma reflex\u00e3o sobre o indiv\u00edduo grego, desde os her\u00f3is m\u00edticos at\u00e9 as figuras intelectuais que desafiaram as conven\u00e7\u00f5es e prepararam o terreno para as transforma\u00e7\u00f5es do per\u00edodo helen\u00edstico.<\/p>\n\n\n\n<p>Mais do que uma hist\u00f3ria, esta obra \u00e9 um estudo magistral sobre a cultura, a identidade e o esp\u00edrito grego. Leitura essencial para estudiosos e amantes da Antiguidade, Hist\u00f3ria da Cultura Grega reafirma Jacob Burckhardt como um dos maiores historiadores da cultura, cuja vis\u00e3o perspicaz e humanista permanece viva e atual.<\/p>\n\n\n\n<figure class=\"wp-block-embed is-type-rich is-provider-amazon wp-block-embed-amazon\"><div class=\"wp-block-embed__wrapper\">\n<iframe loading=\"lazy\" title=\"Hist\u00f3ria da Cultura Grega: Volume 3\" type=\"text\/html\" width=\"900\" height=\"550\" frameborder=\"0\" allowfullscreen style=\"max-width:100%\" src=\"https:\/\/ler.amazon.com.br\/kp\/card?preview=inline&#038;linkCode=kpd&#038;ref_=k4w_oembed_5aY79oF54UkR6i&#038;asin=B0DZLXZKWF&#038;tag=kpembed-20\"><\/iframe>\n<\/div><\/figure>\n\n\n\n<hr class=\"wp-block-separator has-alpha-channel-opacity\"\/>\n\n\n\n<p><strong>Volume 1<\/strong><\/p>\n\n\n\n<p>ISBN 9786501374871<br>N\u00famero de p\u00e1ginas 339<br>Edi\u00e7\u00e3o 1 (2025)<br>Formato A5 (148&#215;210)<br>Acabamento Brochura c\/ orelha<br>Colora\u00e7\u00e3o Preto e branco<br>Tipo de papel Offset 75g<br>Idioma Portugu\u00eas<\/p>\n\n\n\n<p><strong>Volume 2<\/strong><\/p>\n\n\n\n<p>ISBN 9786501381725<br>N\u00famero de p\u00e1ginas 442<br>Edi\u00e7\u00e3o 1 (2025)<br>Formato A5 (148&#215;210)<br>Acabamento Brochura c\/ orelha<br>Colora\u00e7\u00e3o Preto e branco<br>Tipo de papel Offset 75g<br>Idioma Portugu\u00eas<\/p>\n\n\n\n<p><strong>Volume 3<\/strong><\/p>\n\n\n\n<p>ISBN 9786501383538<br>N\u00famero de p\u00e1ginas 475<br>Edi\u00e7\u00e3o 1 (2025)<br>Formato A5 (148&#215;210)<br>Acabamento Brochura c\/ orelha<br>Colora\u00e7\u00e3o Preto e branco<br>Tipo de papel Offset 75g<br>Idioma Portugu\u00eas<\/p>\n\n\n\n<p><strong>Volume 4<\/strong><\/p>\n\n\n\n<p>ISBN 9786501383545<br>N\u00famero de p\u00e1ginas 695<br>Edi\u00e7\u00e3o 1 (2025)<br>Formato A5 (148&#215;210)<br>Acabamento Brochura c\/ orelha<br>Colora\u00e7\u00e3o Preto e branco<br>Tipo de papel Offset 75g<br>Idioma Portugu\u00eas<\/p>\n","protected":false},"excerpt":{"rendered":"<p>de Jacob Burckhardt Conhe\u00e7a nossos post sobre &#8220;Jacob Burckhardt&#8221;. Cole\u00e7\u00e3o em 4 volumes. Jacob Burckhardt (1818-1897) tornou-se c\u00e9lebre no Brasil por sua obra A Cultura do Renascimento na It\u00e1lia, mas sua verdadeira obra-prima \u00e9 Hist\u00f3ria da Cultura Grega, agora publicada integralmente em quatro volumes pela primeira vez no pa\u00eds. Nesta\u2026<\/p>\n<p class=\"continue-reading-button\"> <a class=\"continue-reading-link\" href=\"https:\/\/antoniofontoura.com.br\/site\/principais-obras\/historia-da-cultura-grega\/\">Leia mais<i class=\"crycon-right-dir\"><\/i><\/a><\/p>\n","protected":false},"author":1,"featured_media":0,"parent":42,"menu_order":0,"comment_status":"closed","ping_status":"closed","template":"","meta":[],"_links":{"self":[{"href":"https:\/\/antoniofontoura.com.br\/site\/wp-json\/wp\/v2\/pages\/1174"}],"collection":[{"href":"https:\/\/antoniofontoura.com.br\/site\/wp-json\/wp\/v2\/pages"}],"about":[{"href":"https:\/\/antoniofontoura.com.br\/site\/wp-json\/wp\/v2\/types\/page"}],"author":[{"embeddable":true,"href":"https:\/\/antoniofontoura.com.br\/site\/wp-json\/wp\/v2\/users\/1"}],"replies":[{"embeddable":true,"href":"https:\/\/antoniofontoura.com.br\/site\/wp-json\/wp\/v2\/comments?post=1174"}],"version-history":[{"count":6,"href":"https:\/\/antoniofontoura.com.br\/site\/wp-json\/wp\/v2\/pages\/1174\/revisions"}],"predecessor-version":[{"id":1257,"href":"https:\/\/antoniofontoura.com.br\/site\/wp-json\/wp\/v2\/pages\/1174\/revisions\/1257"}],"up":[{"embeddable":true,"href":"https:\/\/antoniofontoura.com.br\/site\/wp-json\/wp\/v2\/pages\/42"}],"wp:attachment":[{"href":"https:\/\/antoniofontoura.com.br\/site\/wp-json\/wp\/v2\/media?parent=1174"}],"curies":[{"name":"wp","href":"https:\/\/api.w.org\/{rel}","templated":true}]}}