{"id":119,"date":"2017-11-06T14:27:09","date_gmt":"2017-11-06T14:27:09","guid":{"rendered":"http:\/\/antoniofontoura.com.br\/site\/?page_id=119"},"modified":"2024-10-31T17:48:40","modified_gmt":"2024-10-31T17:48:40","slug":"os-reis-taumaturgos","status":"publish","type":"page","link":"https:\/\/antoniofontoura.com.br\/site\/principais-obras\/os-reis-taumaturgos\/","title":{"rendered":"Os reis Taumaturgos"},"content":{"rendered":"\n<h2 class=\"wp-block-heading\">de: Marc Bloch<\/h2>\n\n\n\n<figure class=\"wp-block-image\"><img decoding=\"async\" loading=\"lazy\" width=\"211\" height=\"300\" src=\"https:\/\/antoniofontoura.com.br\/site\/wp-content\/uploads\/2019\/06\/taumaturgos-novo-211x300.jpg\" alt=\"\" class=\"wp-image-329\" srcset=\"https:\/\/antoniofontoura.com.br\/site\/wp-content\/uploads\/2019\/06\/taumaturgos-novo-211x300.jpg 211w, https:\/\/antoniofontoura.com.br\/site\/wp-content\/uploads\/2019\/06\/taumaturgos-novo-106x150.jpg 106w, https:\/\/antoniofontoura.com.br\/site\/wp-content\/uploads\/2019\/06\/taumaturgos-novo.jpg 231w\" sizes=\"(max-width: 211px) 100vw, 211px\" \/><\/figure>\n\n\n\n<p class=\"has-text-align-center\"><\/p>\n\n\n\n<h3 class=\"wp-block-heading\"><a href=\"https:\/\/www.amazon.com.br\/Reis-Taumaturgos-sobrenatural-particularmente-Inglaterra\/dp\/1072653176\/ref=sr_1_2?__mk_pt_BR=%C3%85M%C3%85%C5%BD%C3%95%C3%91&amp;keywords=Estudo+sobre+o+car%C3%A1ter+sobrenatural+atribu%C3%ADdo+ao+poder+r%C3%A9gio+particularmente+na+Fran%C3%A7a+e+na+Inglaterra&amp;qid=1560117811&amp;s=gateway&amp;sr=8-2\"><strong>Adquirir Vers\u00e3o Impressa<\/strong><\/a><\/h3>\n\n\n\n<h3 class=\"wp-block-heading\"><a href=\"https:\/\/www.amazon.com.br\/dp\/B07D1D99F1\"><strong>Adquirir Vers\u00e3o Ebook<\/strong><\/a><\/h3>\n\n\n\n<hr class=\"wp-block-separator has-alpha-channel-opacity\"\/>\n\n\n\n<h4 class=\"wp-block-heading\">Sobre Os Reis Taumaturgos<\/h4>\n\n\n\n<p><a href=\"http:\/\/antoniofontoura.com.br\/site\/category\/bloch\/\">Conhe\u00e7a nossos posts sobre Os Reis Taumaturgos<\/a><br><a href=\"http:\/\/antoniofontoura.com.br\/site\/2017\/11\/06\/leia-o-capitulo-1-de-os-reis-taumaturgos\/\">Leia aqui o cap\u00edtulo 1 de Os Reis Taumaturgos<\/a><\/p>\n\n\n\n<p>Nesta obra cl\u00e1ssica do grande historiador franc\u00eas Marc Bloch, \u00e9 apresentado e discutido o ritual da cura das escr\u00f3fulas, realizado pelos monarcas franceses e ingleses, durante a Idade M\u00e9dia. Nesse ritual, as pessoas eram tocadas pelo rei que, supostamente, tinha o poder taumat\u00fargico, e assim curava as escr\u00f3fulas. Nesta obra, Bloch discute como surgiu o ritual, por que especificamente essa doen\u00e7a &#8211; a escr\u00f3fula, que \u00e9 um incha\u00e7o decorrente da tuberculose &#8211; acabou sendo escolhida, e de que forma a cren\u00e7a no poder de cura dos reis traduzia, de uma forma mais geral, a ideia de monarquia entre os medievos. Uma das mais cl\u00e1ssicas e influentes obras de hist\u00f3ria.<\/p>\n\n\n\n<figure class=\"wp-block-embed is-type-rich is-provider-amazon wp-block-embed-amazon\"><div class=\"wp-block-embed__wrapper\">\n<iframe loading=\"lazy\" title=\"Os Reis Taumaturgos: Estudo sobre o car\u00e1ter sobrenatural atribu\u00eddo ao poder r\u00e9gio particularmente na Fran\u00e7a e na Inglaterra (Obras de Marc Bloch)\" type=\"text\/html\" width=\"900\" height=\"550\" frameborder=\"0\" allowfullscreen style=\"max-width:100%\" src=\"https:\/\/ler.amazon.com.br\/kp\/card?preview=inline&#038;linkCode=kpd&#038;ref_=k4w_oembed_HqIzAU9MJSfZGU&#038;asin=B07D1D99F1&#038;tag=kpembed-20\"><\/iframe>\n<\/div><\/figure>\n\n\n\n<hr class=\"wp-block-separator has-alpha-channel-opacity\"\/>\n\n\n\n<h4 class=\"wp-block-heading\">Sobre o Autor<\/h4>\n\n\n\n<p><strong>Marc Bloch<\/strong> (1886-1944) foi, junto com Lucien Febvre, um dos fundadores da Escola hist\u00f3ria dos Annales. Sua abordagem inovadora em rela\u00e7\u00e3o aos estudos hist\u00f3ricos \u00e9 influente ainda nos dias de hoje. Faleceu em 1944, assassinado pelos nazistas, por participar na luta de resist\u00eancia contra a ocupa\u00e7\u00e3o alem\u00e3 na Fran\u00e7a, durante a IIa Guerra Mundial.<\/p>\n\n\n\n<hr class=\"wp-block-separator has-alpha-channel-opacity\"\/>\n\n\n\n<h4 class=\"wp-block-heading\">Caracter\u00edsticas<\/h4>\n\n\n\n<p>N\u00famero de p\u00e1ginas: 402<\/p>\n\n\n\n<p>Dimens\u00f5es: 148&#215;210 mm<\/p>\n\n\n\n<p>Acabamento: Brochura<\/p>\n\n\n\n<p>Tipo de papel: Offset 75g<\/p>\n","protected":false},"excerpt":{"rendered":"<p>de: Marc Bloch Adquirir Vers\u00e3o Impressa Adquirir Vers\u00e3o Ebook Sobre Os Reis Taumaturgos Conhe\u00e7a nossos posts sobre Os Reis TaumaturgosLeia aqui o cap\u00edtulo 1 de Os Reis Taumaturgos Nesta obra cl\u00e1ssica do grande historiador franc\u00eas Marc Bloch, \u00e9 apresentado e discutido o ritual da cura das escr\u00f3fulas, realizado pelos monarcas\u2026<\/p>\n<p class=\"continue-reading-button\"> <a class=\"continue-reading-link\" href=\"https:\/\/antoniofontoura.com.br\/site\/principais-obras\/os-reis-taumaturgos\/\">Leia mais<i class=\"crycon-right-dir\"><\/i><\/a><\/p>\n","protected":false},"author":1,"featured_media":0,"parent":42,"menu_order":0,"comment_status":"closed","ping_status":"closed","template":"","meta":[],"_links":{"self":[{"href":"https:\/\/antoniofontoura.com.br\/site\/wp-json\/wp\/v2\/pages\/119"}],"collection":[{"href":"https:\/\/antoniofontoura.com.br\/site\/wp-json\/wp\/v2\/pages"}],"about":[{"href":"https:\/\/antoniofontoura.com.br\/site\/wp-json\/wp\/v2\/types\/page"}],"author":[{"embeddable":true,"href":"https:\/\/antoniofontoura.com.br\/site\/wp-json\/wp\/v2\/users\/1"}],"replies":[{"embeddable":true,"href":"https:\/\/antoniofontoura.com.br\/site\/wp-json\/wp\/v2\/comments?post=119"}],"version-history":[{"count":2,"href":"https:\/\/antoniofontoura.com.br\/site\/wp-json\/wp\/v2\/pages\/119\/revisions"}],"predecessor-version":[{"id":1136,"href":"https:\/\/antoniofontoura.com.br\/site\/wp-json\/wp\/v2\/pages\/119\/revisions\/1136"}],"up":[{"embeddable":true,"href":"https:\/\/antoniofontoura.com.br\/site\/wp-json\/wp\/v2\/pages\/42"}],"wp:attachment":[{"href":"https:\/\/antoniofontoura.com.br\/site\/wp-json\/wp\/v2\/media?parent=119"}],"curies":[{"name":"wp","href":"https:\/\/api.w.org\/{rel}","templated":true}]}}