{"id":1204,"date":"2025-04-27T23:24:58","date_gmt":"2025-04-27T23:24:58","guid":{"rendered":"https:\/\/antoniofontoura.com.br\/site\/?page_id=1204"},"modified":"2025-04-27T23:24:58","modified_gmt":"2025-04-27T23:24:58","slug":"a-cultura-feminina","status":"publish","type":"page","link":"https:\/\/antoniofontoura.com.br\/site\/principais-obras\/a-cultura-feminina\/","title":{"rendered":"A Cultura Feminina"},"content":{"rendered":"\n<h2 class=\"wp-block-heading\">de Georg Simmel<\/h2>\n\n\n<div class=\"wp-block-image\">\n<figure class=\"aligncenter size-full\"><img decoding=\"async\" loading=\"lazy\" width=\"231\" height=\"328\" src=\"https:\/\/antoniofontoura.com.br\/site\/wp-content\/uploads\/2025\/04\/capinha_cultura-feminina_simmel.jpg\" alt=\"\" class=\"wp-image-1205\" srcset=\"https:\/\/antoniofontoura.com.br\/site\/wp-content\/uploads\/2025\/04\/capinha_cultura-feminina_simmel.jpg 231w, https:\/\/antoniofontoura.com.br\/site\/wp-content\/uploads\/2025\/04\/capinha_cultura-feminina_simmel-211x300.jpg 211w, https:\/\/antoniofontoura.com.br\/site\/wp-content\/uploads\/2025\/04\/capinha_cultura-feminina_simmel-106x150.jpg 106w\" sizes=\"(max-width: 231px) 100vw, 231px\" \/><figcaption class=\"wp-element-caption\"> <\/figcaption><\/figure><\/div>\n\n\n<div class=\"wp-block-columns is-layout-flex wp-container-3\">\n<div class=\"wp-block-column is-layout-flow\"><div class=\"wp-block-image\">\n<figure class=\"aligncenter size-full\"><a href=\"https:\/\/clubedeautores.com.br\/livro\/a-cultura-feminina\"><img decoding=\"async\" loading=\"lazy\" width=\"74\" height=\"28\" src=\"https:\/\/antoniofontoura.com.br\/site\/wp-content\/uploads\/2022\/10\/clube_autores_pq.jpg\" alt=\"\" class=\"wp-image-534\"\/><\/a><figcaption class=\"wp-element-caption\">Livro Impresso<\/figcaption><\/figure><\/div><\/div>\n\n\n\n<div class=\"wp-block-column is-layout-flow\"><div class=\"wp-block-image\">\n<figure class=\"aligncenter size-full\"><a href=\"https:\/\/www.amazon.com.br\/dp\/B0F5SGCX2Y\"><img decoding=\"async\" loading=\"lazy\" width=\"68\" height=\"25\" src=\"https:\/\/antoniofontoura.com.br\/site\/wp-content\/uploads\/2021\/11\/testeamz.jpg\" alt=\"\" class=\"wp-image-467\"\/><\/a><figcaption class=\"wp-element-caption\">Ebook<\/figcaption><\/figure><\/div><\/div>\n<\/div>\n\n\n\n<hr class=\"wp-block-separator has-alpha-channel-opacity\"\/>\n\n\n\n<p><a href=\"http:\/\/antoniofontoura.com.br\/site\/category\/simmel\">Conhe\u00e7a nossos post sobre &#8220;Georg Simmel&#8221;.<\/a><\/p>\n\n\n\n<p>Neste ensaio, Georg Simmel investiga a din\u00e2mica da cultura feminina, abordando a rela\u00e7\u00e3o complexa entre as mulheres e os valores culturais dominantes. A partir de uma an\u00e1lise profunda da psicologia social e da filosofia da cultura, Simmel prop\u00f5e que a experi\u00eancia feminina n\u00e3o se define apenas pela subordina\u00e7\u00e3o hist\u00f3rica, mas por uma viv\u00eancia \u00fanica, marcada pela unidade entre vida e ideia, uma caracter\u00edstica que permeia todas as manifesta\u00e7\u00f5es do ser feminino.<\/p>\n\n\n\n<p>A obra, que reflete sobre o papel da mulher na sociedade e sua conex\u00e3o com o universo simb\u00f3lico e filos\u00f3fico, traz \u00e0 tona quest\u00f5es fundamentais sobre a identidade feminina e a maneira como as mulheres se relacionam com o mundo. Simmel apresenta, de forma sens\u00edvel e complexa, as v\u00e1rias camadas da experi\u00eancia feminina, desafiando a vis\u00e3o tradicional e oferecendo um olhar inovador sobre a cultura que se constr\u00f3i ao redor delas.<\/p>\n\n\n\n<p>A Cultura Feminina \u00e9 uma leitura essencial para aqueles que desejam compreender a rela\u00e7\u00e3o entre g\u00eanero, cultura e identidade, e como a mulher, em sua singularidade, contribui para a configura\u00e7\u00e3o do mundo que nos cerca.<\/p>\n\n\n\n<p><\/p>\n\n\n\n<figure class=\"wp-block-embed is-type-rich is-provider-amazon wp-block-embed-amazon\"><div class=\"wp-block-embed__wrapper\">\n<iframe loading=\"lazy\" title=\"A Cultura Feminina\" type=\"text\/html\" width=\"900\" height=\"550\" frameborder=\"0\" allowfullscreen style=\"max-width:100%\" src=\"https:\/\/ler.amazon.com.br\/kp\/card?preview=inline&#038;linkCode=kpd&#038;ref_=k4w_oembed_IMtMpvPsAwgYKi&#038;asin=B0F5SGCX2Y&#038;tag=kpembed-20\"><\/iframe>\n<\/div><\/figure>\n\n\n\n<hr class=\"wp-block-separator has-alpha-channel-opacity\"\/>\n\n\n\n<p>ISBN 9786501437811<br>N\u00famero de p\u00e1ginas 94<br>Edi\u00e7\u00e3o 1 (2025)<br>Formato A5 (148&#215;210)<br>Acabamento Brochura c\/ orelha<br>Colora\u00e7\u00e3o Preto e branco<br>Tipo de papel Offset 75g<br>Idioma Portugu\u00eas<\/p>\n","protected":false},"excerpt":{"rendered":"<p>de Georg Simmel Conhe\u00e7a nossos post sobre &#8220;Georg Simmel&#8221;. Neste ensaio, Georg Simmel investiga a din\u00e2mica da cultura feminina, abordando a rela\u00e7\u00e3o complexa entre as mulheres e os valores culturais dominantes. A partir de uma an\u00e1lise profunda da psicologia social e da filosofia da cultura, Simmel prop\u00f5e que a experi\u00eancia\u2026<\/p>\n<p class=\"continue-reading-button\"> <a class=\"continue-reading-link\" href=\"https:\/\/antoniofontoura.com.br\/site\/principais-obras\/a-cultura-feminina\/\">Leia mais<i class=\"crycon-right-dir\"><\/i><\/a><\/p>\n","protected":false},"author":1,"featured_media":0,"parent":42,"menu_order":0,"comment_status":"closed","ping_status":"closed","template":"","meta":[],"_links":{"self":[{"href":"https:\/\/antoniofontoura.com.br\/site\/wp-json\/wp\/v2\/pages\/1204"}],"collection":[{"href":"https:\/\/antoniofontoura.com.br\/site\/wp-json\/wp\/v2\/pages"}],"about":[{"href":"https:\/\/antoniofontoura.com.br\/site\/wp-json\/wp\/v2\/types\/page"}],"author":[{"embeddable":true,"href":"https:\/\/antoniofontoura.com.br\/site\/wp-json\/wp\/v2\/users\/1"}],"replies":[{"embeddable":true,"href":"https:\/\/antoniofontoura.com.br\/site\/wp-json\/wp\/v2\/comments?post=1204"}],"version-history":[{"count":1,"href":"https:\/\/antoniofontoura.com.br\/site\/wp-json\/wp\/v2\/pages\/1204\/revisions"}],"predecessor-version":[{"id":1206,"href":"https:\/\/antoniofontoura.com.br\/site\/wp-json\/wp\/v2\/pages\/1204\/revisions\/1206"}],"up":[{"embeddable":true,"href":"https:\/\/antoniofontoura.com.br\/site\/wp-json\/wp\/v2\/pages\/42"}],"wp:attachment":[{"href":"https:\/\/antoniofontoura.com.br\/site\/wp-json\/wp\/v2\/media?parent=1204"}],"curies":[{"name":"wp","href":"https:\/\/api.w.org\/{rel}","templated":true}]}}