{"id":122,"date":"2017-11-06T16:34:48","date_gmt":"2017-11-06T16:34:48","guid":{"rendered":"http:\/\/antoniofontoura.com.br\/site\/?page_id=122"},"modified":"2017-11-06T16:34:48","modified_gmt":"2017-11-06T16:34:48","slug":"a-obra-prima-de-aristoteles","status":"publish","type":"page","link":"https:\/\/antoniofontoura.com.br\/site\/principais-obras\/a-obra-prima-de-aristoteles\/","title":{"rendered":"A Obra Prima de Arist\u00f3teles"},"content":{"rendered":"<h2>de: Autor an\u00f4nimo<\/h2>\n<p><img decoding=\"async\" loading=\"lazy\" class=\"size-full wp-image-24 aligncenter\" src=\"https:\/\/antoniofontoura.com.br\/site\/wp-content\/uploads\/2017\/10\/coluna-4-obra-prima-inteira-1.jpg\" alt=\"\" width=\"231\" height=\"328\" \/><\/p>\n<h3 style=\"text-align: center;\"><a href=\"https:\/\/www.amazon.com.br\/obra-prima-Arist%C3%B3teles-Pseudo\/dp\/1719824959\/ref=sr_1_3?__mk_pt_BR=%C3%85M%C3%85%C5%BD%C3%95%C3%91&amp;keywords=A+obra+prima+de+arist%C3%B3teles&amp;qid=1559929839&amp;s=gateway&amp;sr=8-3\"><strong>Adquirir Vers\u00e3o impressa<\/strong><\/a><\/h3>\n<h3 style=\"text-align: center;\"><a href=\"https:\/\/www.amazon.com.br\/obra-prima-Arist%C3%B3teles-Pseudo-ebook\/dp\/B07GNNKQ7Y\/ref=sr_1_3?__mk_pt_BR=%C3%85M%C3%85%C5%BD%C3%95%C3%91&amp;keywords=A+obra+prima+de+arist%C3%B3teles&amp;qid=1559929839&amp;s=gateway&amp;sr=8-3\"><strong>Adquirir Vers\u00e3o E-book<\/strong><\/a><\/h3>\n<hr \/>\n<h4>Sobre A Obra Prima de Arist\u00f3teles<\/h4>\n<p><a href=\"http:\/\/antoniofontoura.com.br\/site\/category\/aristoteles\/\">Conhe\u00e7a nossos posts sobre A Obra Prima de Arist\u00f3teles<\/a><br \/>\n<a href=\"http:\/\/antoniofontoura.com.br\/site\/principais-obras\/a-obra-prima-de-aristoteles\/\">Leia aqui o cap\u00edtulo 1 de A Obra Prima de Arist\u00f3teles<\/a><\/p>\n<p>Sem d\u00favida, o Kama Sutra indiano \u00e9 o mais famoso, mas a Europa tamb\u00e9m criou a sua pr\u00f3pria tradi\u00e7\u00e3o de manuais sexuais. Esse \u00e9 um dos primeiros: A Obra Prima de Arist\u00f3teles, escrita no s\u00e9culo XVII, por algu\u00e9m que se apropriou do nome do antigo fil\u00f3sofo grego. Fundado na ci\u00eancia e na religi\u00e3o da Idade Moderna, esse foi um dos livros mais lidos do ocidente por s\u00e9culos: nos anos 1930, estava ainda sendo impresso na Inglaterra. De dicas para aumentar o prazer do casal, at\u00e9 listas de afrodis\u00edacos, descubra o que se sabia, na Europa do s\u00e9culo XVII, para apimentar o relacionamento sexual de um casal.<\/p>\n<hr \/>\n<h4>Sobre os Autores<\/h4>\n<p><strong>Autor an\u00f4nimo<\/strong>: na Inglaterra do s\u00e9culo XVII, o nome de &#8220;Arist\u00f3teles&#8221; estava ligado ao de um especialista em quest\u00f5es sexuais. O autor an\u00f4nimo desta aprova aproveitou-se desta fama para tornar o seu livro ainda mais atraente para seus leitores.<\/p>\n<hr \/>\n<h4>Caracter\u00edsticas<\/h4>\n<p>N\u00famero de p\u00e1ginas: 77<\/p>\n<p>Dimens\u00f5es: 148&#215;210 mm<\/p>\n<p>Acabamento: Brochura<\/p>\n<p>Tipo de papel: Offset 75g<\/p>\n","protected":false},"excerpt":{"rendered":"<p>de: Autor an\u00f4nimo Adquirir Vers\u00e3o impressa Adquirir Vers\u00e3o E-book Sobre A Obra Prima de Arist\u00f3teles Conhe\u00e7a nossos posts sobre A Obra Prima de Arist\u00f3teles Leia aqui o cap\u00edtulo 1 de A Obra Prima de Arist\u00f3teles Sem d\u00favida, o Kama Sutra indiano \u00e9 o mais famoso, mas a Europa tamb\u00e9m criou\u2026<\/p>\n<p class=\"continue-reading-button\"> <a class=\"continue-reading-link\" href=\"https:\/\/antoniofontoura.com.br\/site\/principais-obras\/a-obra-prima-de-aristoteles\/\">Leia mais<i class=\"crycon-right-dir\"><\/i><\/a><\/p>\n","protected":false},"author":1,"featured_media":0,"parent":42,"menu_order":0,"comment_status":"closed","ping_status":"closed","template":"","meta":[],"_links":{"self":[{"href":"https:\/\/antoniofontoura.com.br\/site\/wp-json\/wp\/v2\/pages\/122"}],"collection":[{"href":"https:\/\/antoniofontoura.com.br\/site\/wp-json\/wp\/v2\/pages"}],"about":[{"href":"https:\/\/antoniofontoura.com.br\/site\/wp-json\/wp\/v2\/types\/page"}],"author":[{"embeddable":true,"href":"https:\/\/antoniofontoura.com.br\/site\/wp-json\/wp\/v2\/users\/1"}],"replies":[{"embeddable":true,"href":"https:\/\/antoniofontoura.com.br\/site\/wp-json\/wp\/v2\/comments?post=122"}],"version-history":[{"count":0,"href":"https:\/\/antoniofontoura.com.br\/site\/wp-json\/wp\/v2\/pages\/122\/revisions"}],"up":[{"embeddable":true,"href":"https:\/\/antoniofontoura.com.br\/site\/wp-json\/wp\/v2\/pages\/42"}],"wp:attachment":[{"href":"https:\/\/antoniofontoura.com.br\/site\/wp-json\/wp\/v2\/media?parent=122"}],"curies":[{"name":"wp","href":"https:\/\/api.w.org\/{rel}","templated":true}]}}