{"id":1222,"date":"2025-06-28T17:23:22","date_gmt":"2025-06-28T17:23:22","guid":{"rendered":"https:\/\/antoniofontoura.com.br\/site\/?page_id=1222"},"modified":"2025-08-02T21:10:15","modified_gmt":"2025-08-02T21:10:15","slug":"cultura-primitiva","status":"publish","type":"page","link":"https:\/\/antoniofontoura.com.br\/site\/principais-obras\/cultura-primitiva\/","title":{"rendered":"Cultura Primitiva"},"content":{"rendered":"\n<h2 class=\"wp-block-heading\">de Edward Burnett Tylor<\/h2>\n\n\n\n<div class=\"wp-block-columns is-layout-flex wp-container-1\"><\/div>\n\n\n\n<div class=\"wp-block-columns is-layout-flex wp-container-5\">\n<div class=\"wp-block-column is-layout-flow\"><div class=\"wp-block-image\">\n<figure class=\"aligncenter size-full\"><a href=\"https:\/\/clubedeautores.com.br\/livro\/cultura-primitiva\"><img decoding=\"async\" loading=\"lazy\" width=\"231\" height=\"328\" src=\"https:\/\/antoniofontoura.com.br\/site\/wp-content\/uploads\/2025\/06\/capinha_tylor.jpg\" alt=\"\" class=\"wp-image-1223\" srcset=\"https:\/\/antoniofontoura.com.br\/site\/wp-content\/uploads\/2025\/06\/capinha_tylor.jpg 231w, https:\/\/antoniofontoura.com.br\/site\/wp-content\/uploads\/2025\/06\/capinha_tylor-211x300.jpg 211w, https:\/\/antoniofontoura.com.br\/site\/wp-content\/uploads\/2025\/06\/capinha_tylor-106x150.jpg 106w\" sizes=\"(max-width: 231px) 100vw, 231px\" \/><\/a><figcaption class=\"wp-element-caption\"><a href=\"https:\/\/clubedeautores.com.br\/livro\/cultura-primitiva\">Volume 1 Impresso<\/a><\/figcaption><\/figure><\/div><\/div>\n\n\n\n<div class=\"wp-block-column is-layout-flow\"><div class=\"wp-block-image\">\n<figure class=\"aligncenter size-full\"><a href=\"https:\/\/clubedeautores.com.br\/livro\/cultura-primitiva-2\"><img decoding=\"async\" loading=\"lazy\" width=\"231\" height=\"328\" src=\"https:\/\/antoniofontoura.com.br\/site\/wp-content\/uploads\/2025\/08\/capinha_tylor_2.jpg\" alt=\"\" class=\"wp-image-1241\" srcset=\"https:\/\/antoniofontoura.com.br\/site\/wp-content\/uploads\/2025\/08\/capinha_tylor_2.jpg 231w, https:\/\/antoniofontoura.com.br\/site\/wp-content\/uploads\/2025\/08\/capinha_tylor_2-211x300.jpg 211w, https:\/\/antoniofontoura.com.br\/site\/wp-content\/uploads\/2025\/08\/capinha_tylor_2-106x150.jpg 106w\" sizes=\"(max-width: 231px) 100vw, 231px\" \/><\/a><figcaption class=\"wp-element-caption\"><a href=\"https:\/\/clubedeautores.com.br\/livro\/cultura-primitiva-2\">Volume 2 Impresso<\/a><\/figcaption><\/figure><\/div><\/div>\n\n\n\n<div class=\"wp-block-column is-layout-flow\"><div class=\"wp-block-image\">\n<figure class=\"aligncenter size-full\"><a href=\"https:\/\/www.amazon.com.br\/dp\/B0FKKD6N5W?binding=kindle_edition&amp;ref_=saga_dp_bnx_dsk_sdp\"><img decoding=\"async\" loading=\"lazy\" width=\"231\" height=\"328\" src=\"https:\/\/antoniofontoura.com.br\/site\/wp-content\/uploads\/2025\/08\/tylor2_kindle_fundo.jpg\" alt=\"\" class=\"wp-image-1242\" srcset=\"https:\/\/antoniofontoura.com.br\/site\/wp-content\/uploads\/2025\/08\/tylor2_kindle_fundo.jpg 231w, https:\/\/antoniofontoura.com.br\/site\/wp-content\/uploads\/2025\/08\/tylor2_kindle_fundo-211x300.jpg 211w, https:\/\/antoniofontoura.com.br\/site\/wp-content\/uploads\/2025\/08\/tylor2_kindle_fundo-106x150.jpg 106w\" sizes=\"(max-width: 231px) 100vw, 231px\" \/><\/a><figcaption class=\"wp-element-caption\"><a href=\"https:\/\/www.amazon.com.br\/dp\/B0FKKD6N5W?binding=kindle_edition&amp;ref_=saga_dp_bnx_dsk_sdp\">Ebook (volumes I e II)<\/a><\/figcaption><\/figure><\/div><\/div>\n<\/div>\n\n\n\n<hr class=\"wp-block-separator has-alpha-channel-opacity\"\/>\n\n\n\n<p><a href=\"http:\/\/antoniofontoura.com.br\/site\/category\/tylor\">Conhe\u00e7a nossos post sobre &#8220;Edward Tylor&#8221;.<\/a><\/p>\n\n\n\n<p><strong>O cl\u00e1ssico que fundou a antropologia moderna.<\/strong><\/p>\n\n\n\n<p>Publicado originalmente em 1871, Cultura Primitiva \u00e9 a obra fundamental de Edward B. Tylor, o autor que estabeleceu as bases cient\u00edficas da antropologia cultural. Foi aqui que Tylor formulou a defini\u00e7\u00e3o de cultura que atravessaria s\u00e9culos: \u201caquele todo complexo que inclui conhecimento, cren\u00e7a, arte, moral, direito, costume e quaisquer outras capacidades e h\u00e1bitos adquiridos pelo homem enquanto membro da sociedade\u201d.<\/p>\n\n\n\n<p>Ao estudar mitos, ritos, supersti\u00e7\u00f5es, sistemas de linguagem e formas de organiza\u00e7\u00e3o social dos chamados \u201cpovos primitivos\u201d, Tylor prop\u00f4s uma teoria evolutiva da cultura e introduziu conceitos decisivos como sobreviv\u00eancia cultural, animismo e progresso civilizacional. Sua ambi\u00e7\u00e3o n\u00e3o era menor que esta: fundar uma ci\u00eancia da cultura humana t\u00e3o rigorosa quanto as ci\u00eancias naturais.<\/p>\n\n\n\n<p>Esta edi\u00e7\u00e3o brasileira preserva o vigor do texto de Tylor e torna acess\u00edvel a estudantes e pesquisadores um marco indispens\u00e1vel para compreender a forma\u00e7\u00e3o do pensamento antropol\u00f3gico, e as perman\u00eancias que ainda hoje habitam nossos costumes, cren\u00e7as e modos de vida<\/p>\n\n\n\n<figure class=\"wp-block-embed is-type-rich is-provider-amazon wp-block-embed-amazon\"><div class=\"wp-block-embed__wrapper\">\n<iframe loading=\"lazy\" title=\"Cultura Primitiva: Volume I (Cultura Primitiva, de Edward B. Tylor Livro 1)\" type=\"text\/html\" width=\"900\" height=\"550\" frameborder=\"0\" allowfullscreen style=\"max-width:100%\" src=\"https:\/\/ler.amazon.com.br\/kp\/card?preview=inline&#038;linkCode=kpd&#038;ref_=k4w_oembed_zw9GiSywEsWa0E&#038;asin=B0FFN3PGSR&#038;tag=kpembed-20\"><\/iframe>\n<\/div><\/figure>\n\n\n\n<hr class=\"wp-block-separator has-alpha-channel-opacity\"\/>\n\n\n\n<p>Volume I<\/p>\n\n\n\n<p>ISBN 9786501549354<br>N\u00famero de p\u00e1ginas 482<br>Edi\u00e7\u00e3o 1 (2025)<br>Formato A5 (148&#215;210)<br>Acabamento Brochura c\/ orelha<br>Colora\u00e7\u00e3o Preto e branco<br>Tipo de papel Offset 75g<br>Idioma Portugu\u00eas<\/p>\n\n\n\n<p>Volume II<\/p>\n\n\n\n<p>ISBN 9786501607535<br>N\u00famero de p\u00e1ginas 441<br>Edi\u00e7\u00e3o 1 (2025)<br>Formato A5 (148&#215;210)<br>Acabamento Brochura c\/ orelha<br>Colora\u00e7\u00e3o Preto e branco<br>Tipo de papel Offset 75g<br>Idioma Portugu\u00eas<\/p>\n\n\n\n<p><\/p>\n","protected":false},"excerpt":{"rendered":"<p>de Edward Burnett Tylor Conhe\u00e7a nossos post sobre &#8220;Edward Tylor&#8221;. O cl\u00e1ssico que fundou a antropologia moderna. Publicado originalmente em 1871, Cultura Primitiva \u00e9 a obra fundamental de Edward B. Tylor, o autor que estabeleceu as bases cient\u00edficas da antropologia cultural. Foi aqui que Tylor formulou a defini\u00e7\u00e3o de cultura\u2026<\/p>\n<p class=\"continue-reading-button\"> <a class=\"continue-reading-link\" href=\"https:\/\/antoniofontoura.com.br\/site\/principais-obras\/cultura-primitiva\/\">Leia mais<i class=\"crycon-right-dir\"><\/i><\/a><\/p>\n","protected":false},"author":1,"featured_media":0,"parent":42,"menu_order":0,"comment_status":"closed","ping_status":"closed","template":"","meta":[],"_links":{"self":[{"href":"https:\/\/antoniofontoura.com.br\/site\/wp-json\/wp\/v2\/pages\/1222"}],"collection":[{"href":"https:\/\/antoniofontoura.com.br\/site\/wp-json\/wp\/v2\/pages"}],"about":[{"href":"https:\/\/antoniofontoura.com.br\/site\/wp-json\/wp\/v2\/types\/page"}],"author":[{"embeddable":true,"href":"https:\/\/antoniofontoura.com.br\/site\/wp-json\/wp\/v2\/users\/1"}],"replies":[{"embeddable":true,"href":"https:\/\/antoniofontoura.com.br\/site\/wp-json\/wp\/v2\/comments?post=1222"}],"version-history":[{"count":5,"href":"https:\/\/antoniofontoura.com.br\/site\/wp-json\/wp\/v2\/pages\/1222\/revisions"}],"predecessor-version":[{"id":1247,"href":"https:\/\/antoniofontoura.com.br\/site\/wp-json\/wp\/v2\/pages\/1222\/revisions\/1247"}],"up":[{"embeddable":true,"href":"https:\/\/antoniofontoura.com.br\/site\/wp-json\/wp\/v2\/pages\/42"}],"wp:attachment":[{"href":"https:\/\/antoniofontoura.com.br\/site\/wp-json\/wp\/v2\/media?parent=1222"}],"curies":[{"name":"wp","href":"https:\/\/api.w.org\/{rel}","templated":true}]}}