{"id":1228,"date":"2025-07-16T23:46:47","date_gmt":"2025-07-16T23:46:47","guid":{"rendered":"https:\/\/antoniofontoura.com.br\/site\/?page_id=1228"},"modified":"2025-07-17T00:02:36","modified_gmt":"2025-07-17T00:02:36","slug":"sobre-a-doacao-de-constantino","status":"publish","type":"page","link":"https:\/\/antoniofontoura.com.br\/site\/principais-obras\/sobre-a-doacao-de-constantino\/","title":{"rendered":"Sobre a Doa\u00e7\u00e3o de Constantino"},"content":{"rendered":"\n<h2 class=\"wp-block-heading\">de Lorenzo Valla<\/h2>\n\n\n\n<div class=\"wp-block-columns is-layout-flex wp-container-3\">\n<div class=\"wp-block-column is-layout-flow\"><div class=\"wp-block-image\">\n<figure class=\"aligncenter size-full\"><a href=\"https:\/\/clubedeautores.com.br\/livro\/sobre-a-doacao-de-constantino\"><img decoding=\"async\" loading=\"lazy\" width=\"231\" height=\"328\" src=\"https:\/\/antoniofontoura.com.br\/site\/wp-content\/uploads\/2025\/07\/valla_capinha.jpg\" alt=\"\" class=\"wp-image-1229\" srcset=\"https:\/\/antoniofontoura.com.br\/site\/wp-content\/uploads\/2025\/07\/valla_capinha.jpg 231w, https:\/\/antoniofontoura.com.br\/site\/wp-content\/uploads\/2025\/07\/valla_capinha-211x300.jpg 211w, https:\/\/antoniofontoura.com.br\/site\/wp-content\/uploads\/2025\/07\/valla_capinha-106x150.jpg 106w\" sizes=\"(max-width: 231px) 100vw, 231px\" \/><\/a><figcaption class=\"wp-element-caption\"><a href=\"https:\/\/clubedeautores.com.br\/livro\/sobre-a-doacao-de-constantino\">C\u00f3pia F\u00edsica<\/a><\/figcaption><\/figure><\/div><\/div>\n\n\n\n<div class=\"wp-block-column is-layout-flow\"><div class=\"wp-block-image\">\n<figure class=\"aligncenter size-full\"><a href=\"https:\/\/www.amazon.com.br\/dp\/B0DCR9NHXY\"><img decoding=\"async\" loading=\"lazy\" width=\"231\" height=\"328\" src=\"https:\/\/antoniofontoura.com.br\/site\/wp-content\/uploads\/2025\/07\/valla_kindle_cor_ok.png\" alt=\"\" class=\"wp-image-1232\" srcset=\"https:\/\/antoniofontoura.com.br\/site\/wp-content\/uploads\/2025\/07\/valla_kindle_cor_ok.png 231w, https:\/\/antoniofontoura.com.br\/site\/wp-content\/uploads\/2025\/07\/valla_kindle_cor_ok-211x300.png 211w, https:\/\/antoniofontoura.com.br\/site\/wp-content\/uploads\/2025\/07\/valla_kindle_cor_ok-106x150.png 106w\" sizes=\"(max-width: 231px) 100vw, 231px\" \/><\/a><figcaption class=\"wp-element-caption\"><a href=\"https:\/\/www.amazon.com.br\/dp\/B0DCR9NHXY\">Vers\u00e3o Ebook<\/a><\/figcaption><\/figure><\/div><\/div>\n<\/div>\n\n\n\n<hr class=\"wp-block-separator has-alpha-channel-opacity\"\/>\n\n\n\n<p><a href=\"http:\/\/antoniofontoura.com.br\/site\/category\/valla\">Conhe\u00e7a nossos post sobre &#8220;Lorenzo Valla&#8221;.<\/a><\/p>\n\n\n\n<p>Um dos mais corajosos e brilhantes textos do Renascimento.<\/p>\n\n\n\n<p>Escrito em meados do s\u00e9culo XV, Sobre a Doa\u00e7\u00e3o de Constantino \u00e9 um libelo implac\u00e1vel contra uma das maiores fraudes da hist\u00f3ria ocidental. Com rigor filol\u00f3gico e uma ironia afiada, Lorenzo Valla demonstra que o documento que legitimava o poder temporal dos papas \u2013 a suposta doa\u00e7\u00e3o do Imp\u00e9rio Romano ao bispo de Roma \u2013 era uma falsifica\u00e7\u00e3o grosseira, incompat\u00edvel com a linguagem e os costumes do s\u00e9culo IV.<\/p>\n\n\n\n<p>Mais do que uma disputa erudita, este texto inaugura uma nova forma de pensar: cr\u00edtica, laica e baseada em evid\u00eancias. Foi lido em segredo por humanistas, censurado por s\u00e9culos e redescoberto com fervor durante a Reforma protestante. Seu impacto atravessa o tempo \u2013 e sua coragem intelectual continua desconcertante.<\/p>\n\n\n\n<p>Esta edi\u00e7\u00e3o apresenta a primeira tradu\u00e7\u00e3o integral da obra para o portugu\u00eas.<\/p>\n\n\n\n<figure class=\"wp-block-embed is-type-rich is-provider-amazon wp-block-embed-amazon\"><div class=\"wp-block-embed__wrapper\">\n<iframe loading=\"lazy\" title=\"Sobre a Doa\u00e7\u00e3o de Constantino\" type=\"text\/html\" width=\"900\" height=\"550\" frameborder=\"0\" allowfullscreen style=\"max-width:100%\" src=\"https:\/\/ler.amazon.com.br\/kp\/card?preview=inline&#038;linkCode=kpd&#038;ref_=k4w_oembed_f8VwLPRXjLfQUd&#038;asin=B0DCR9NHXY&#038;tag=kpembed-20\"><\/iframe>\n<\/div><\/figure>\n\n\n\n<hr class=\"wp-block-separator has-alpha-channel-opacity\"\/>\n\n\n\n<p>ISBN 9786501582290<br>N\u00famero de p\u00e1ginas 98<br>Edi\u00e7\u00e3o 1 (2025)<br>Formato A5 (148&#215;210)<br>Acabamento Brochura c\/ orelha<br>Colora\u00e7\u00e3o Preto e branco<br>Tipo de papel Offset 75g<br>Idioma Portugu\u00eas<\/p>\n","protected":false},"excerpt":{"rendered":"<p>de Lorenzo Valla Conhe\u00e7a nossos post sobre &#8220;Lorenzo Valla&#8221;. Um dos mais corajosos e brilhantes textos do Renascimento. Escrito em meados do s\u00e9culo XV, Sobre a Doa\u00e7\u00e3o de Constantino \u00e9 um libelo implac\u00e1vel contra uma das maiores fraudes da hist\u00f3ria ocidental. Com rigor filol\u00f3gico e uma ironia afiada, Lorenzo Valla\u2026<\/p>\n<p class=\"continue-reading-button\"> <a class=\"continue-reading-link\" href=\"https:\/\/antoniofontoura.com.br\/site\/principais-obras\/sobre-a-doacao-de-constantino\/\">Leia mais<i class=\"crycon-right-dir\"><\/i><\/a><\/p>\n","protected":false},"author":1,"featured_media":0,"parent":42,"menu_order":0,"comment_status":"closed","ping_status":"closed","template":"","meta":[],"_links":{"self":[{"href":"https:\/\/antoniofontoura.com.br\/site\/wp-json\/wp\/v2\/pages\/1228"}],"collection":[{"href":"https:\/\/antoniofontoura.com.br\/site\/wp-json\/wp\/v2\/pages"}],"about":[{"href":"https:\/\/antoniofontoura.com.br\/site\/wp-json\/wp\/v2\/types\/page"}],"author":[{"embeddable":true,"href":"https:\/\/antoniofontoura.com.br\/site\/wp-json\/wp\/v2\/users\/1"}],"replies":[{"embeddable":true,"href":"https:\/\/antoniofontoura.com.br\/site\/wp-json\/wp\/v2\/comments?post=1228"}],"version-history":[{"count":3,"href":"https:\/\/antoniofontoura.com.br\/site\/wp-json\/wp\/v2\/pages\/1228\/revisions"}],"predecessor-version":[{"id":1238,"href":"https:\/\/antoniofontoura.com.br\/site\/wp-json\/wp\/v2\/pages\/1228\/revisions\/1238"}],"up":[{"embeddable":true,"href":"https:\/\/antoniofontoura.com.br\/site\/wp-json\/wp\/v2\/pages\/42"}],"wp:attachment":[{"href":"https:\/\/antoniofontoura.com.br\/site\/wp-json\/wp\/v2\/media?parent=1228"}],"curies":[{"name":"wp","href":"https:\/\/api.w.org\/{rel}","templated":true}]}}