{"id":1249,"date":"2025-09-17T21:32:52","date_gmt":"2025-09-17T21:32:52","guid":{"rendered":"https:\/\/antoniofontoura.com.br\/site\/?page_id=1249"},"modified":"2025-09-17T21:32:52","modified_gmt":"2025-09-17T21:32:52","slug":"jardins-de-corais-e-sua-magia","status":"publish","type":"page","link":"https:\/\/antoniofontoura.com.br\/site\/principais-obras\/jardins-de-corais-e-sua-magia\/","title":{"rendered":"Jardins de Corais e Sua Magia"},"content":{"rendered":"\n<h2 class=\"wp-block-heading\">de Bronislaw Malinowski<\/h2>\n\n\n<div class=\"wp-block-image\">\n<figure class=\"aligncenter size-full\"><img decoding=\"async\" loading=\"lazy\" width=\"231\" height=\"328\" src=\"https:\/\/antoniofontoura.com.br\/site\/wp-content\/uploads\/2025\/09\/capinha_corais.jpg\" alt=\"\" class=\"wp-image-1248\" srcset=\"https:\/\/antoniofontoura.com.br\/site\/wp-content\/uploads\/2025\/09\/capinha_corais.jpg 231w, https:\/\/antoniofontoura.com.br\/site\/wp-content\/uploads\/2025\/09\/capinha_corais-211x300.jpg 211w, https:\/\/antoniofontoura.com.br\/site\/wp-content\/uploads\/2025\/09\/capinha_corais-106x150.jpg 106w\" sizes=\"(max-width: 231px) 100vw, 231px\" \/><figcaption class=\"wp-element-caption\"> <\/figcaption><\/figure><\/div>\n\n\n<div class=\"wp-block-columns is-layout-flex wp-container-3\">\n<div class=\"wp-block-column is-layout-flow\"><div class=\"wp-block-image\">\n<figure class=\"aligncenter size-full\"><a href=\"https:\/\/clubedeautores.com.br\/livro\/jardins-de-corais-e-sua-magia\"><img decoding=\"async\" loading=\"lazy\" width=\"74\" height=\"28\" src=\"https:\/\/antoniofontoura.com.br\/site\/wp-content\/uploads\/2022\/10\/clube_autores_pq.jpg\" alt=\"\" class=\"wp-image-534\"\/><\/a><figcaption class=\"wp-element-caption\"><a href=\"https:\/\/clubedeautores.com.br\/livro\/jardins-de-corais-e-sua-magia\">Livro Impresso<\/a><\/figcaption><\/figure><\/div><\/div>\n\n\n\n<div class=\"wp-block-column is-layout-flow\"><div class=\"wp-block-image\">\n<figure class=\"aligncenter size-full\"><a href=\"https:\/\/www.amazon.com.br\/dp\/B0FPZPT8SM\"><img decoding=\"async\" loading=\"lazy\" width=\"68\" height=\"25\" src=\"https:\/\/antoniofontoura.com.br\/site\/wp-content\/uploads\/2021\/11\/testeamz.jpg\" alt=\"\" class=\"wp-image-467\"\/><\/a><figcaption class=\"wp-element-caption\"><a href=\"https:\/\/www.amazon.com.br\/dp\/B0FPZPT8SM\">Ebook<\/a><\/figcaption><\/figure><\/div><\/div>\n<\/div>\n\n\n\n<hr class=\"wp-block-separator has-alpha-channel-opacity\"\/>\n\n\n\n<p><a href=\"http:\/\/antoniofontoura.com.br\/site\/category\/malinowski\">Conhe\u00e7a nossos post sobre &#8220;Bronislaw Malinowski&#8221;.<\/a><\/p>\n\n\n\n<p>Um povo, um solo e uma tradi\u00e7\u00e3o: nas Ilhas Trobriand, a vida gira em torno dos jardins. Mais do que simples cultivo, a agricultura \u00e9 ali um complexo sistema social, econ\u00f4mico e m\u00e1gico, que organiza alian\u00e7as, redistribui riqueza e d\u00e1 sentido \u00e0 pr\u00f3pria exist\u00eancia.<\/p>\n\n\n\n<p>Neste cl\u00e1ssico da antropologia, Bronislaw Malinowski nos conduz ao cora\u00e7\u00e3o da jardinagem trobriandesa, revelando como o trabalho da terra se entrela\u00e7a com mitos, rituais e poderes invis\u00edveis. Entre cercas \u201cm\u00e1gicas\u201d, feiti\u00e7os de fertilidade e celeiros repletos de inhames, emerge o retrato de uma sociedade em que a economia e a espiritualidade caminham lado a lado.<\/p>\n\n\n\n<p>Publicado originalmente em 1935, Jardins de Corais e sua Magia complementa obras fundamentais como Os Argonautas do Pac\u00edfico Ocidental e A Vida Sexual dos Selvagens, oferecendo um olhar decisivo sobre a organiza\u00e7\u00e3o social e a filosofia pr\u00e1tica de um povo que fez da terra cultivada o centro de sua cultura.<\/p>\n\n\n\n<p>Mais do que um estudo sobre rituais agr\u00edcolas, este \u00e9 um livro sobre a rela\u00e7\u00e3o entre o homem, a natureza e o sagrado \u2014 um testemunho da complexidade da vida humana em sua dimens\u00e3o mais cotidiana e, ao mesmo tempo, mais profunda.<\/p>\n\n\n\n<figure class=\"wp-block-embed is-type-rich is-provider-amazon wp-block-embed-amazon\"><div class=\"wp-block-embed__wrapper\">\n<iframe loading=\"lazy\" title=\"Jardins de Corais e sua Magia\" type=\"text\/html\" width=\"900\" height=\"550\" frameborder=\"0\" allowfullscreen style=\"max-width:100%\" src=\"https:\/\/ler.amazon.com.br\/kp\/card?preview=inline&#038;linkCode=kpd&#038;ref_=k4w_oembed_iu4Z2apCqDiS4n&#038;asin=B0FPZPT8SM&#038;tag=kpembed-20\"><\/iframe>\n<\/div><\/figure>\n\n\n\n<hr class=\"wp-block-separator has-alpha-channel-opacity\"\/>\n\n\n\n<p>ISBN 9786501699202<br>N\u00famero de p\u00e1ginas 660<br>Edi\u00e7\u00e3o 1 (2025)<br>Formato A5 (148&#215;210)<br>Acabamento Brochura c\/ orelha<br>Colora\u00e7\u00e3o Preto e branco<br>Tipo de papel Offset 75g<br>Idioma Portugu\u00eas<\/p>\n","protected":false},"excerpt":{"rendered":"<p>de Bronislaw Malinowski Conhe\u00e7a nossos post sobre &#8220;Bronislaw Malinowski&#8221;. Um povo, um solo e uma tradi\u00e7\u00e3o: nas Ilhas Trobriand, a vida gira em torno dos jardins. Mais do que simples cultivo, a agricultura \u00e9 ali um complexo sistema social, econ\u00f4mico e m\u00e1gico, que organiza alian\u00e7as, redistribui riqueza e d\u00e1 sentido\u2026<\/p>\n<p class=\"continue-reading-button\"> <a class=\"continue-reading-link\" href=\"https:\/\/antoniofontoura.com.br\/site\/principais-obras\/jardins-de-corais-e-sua-magia\/\">Leia mais<i class=\"crycon-right-dir\"><\/i><\/a><\/p>\n","protected":false},"author":1,"featured_media":0,"parent":42,"menu_order":0,"comment_status":"closed","ping_status":"closed","template":"","meta":[],"_links":{"self":[{"href":"https:\/\/antoniofontoura.com.br\/site\/wp-json\/wp\/v2\/pages\/1249"}],"collection":[{"href":"https:\/\/antoniofontoura.com.br\/site\/wp-json\/wp\/v2\/pages"}],"about":[{"href":"https:\/\/antoniofontoura.com.br\/site\/wp-json\/wp\/v2\/types\/page"}],"author":[{"embeddable":true,"href":"https:\/\/antoniofontoura.com.br\/site\/wp-json\/wp\/v2\/users\/1"}],"replies":[{"embeddable":true,"href":"https:\/\/antoniofontoura.com.br\/site\/wp-json\/wp\/v2\/comments?post=1249"}],"version-history":[{"count":1,"href":"https:\/\/antoniofontoura.com.br\/site\/wp-json\/wp\/v2\/pages\/1249\/revisions"}],"predecessor-version":[{"id":1250,"href":"https:\/\/antoniofontoura.com.br\/site\/wp-json\/wp\/v2\/pages\/1249\/revisions\/1250"}],"up":[{"embeddable":true,"href":"https:\/\/antoniofontoura.com.br\/site\/wp-json\/wp\/v2\/pages\/42"}],"wp:attachment":[{"href":"https:\/\/antoniofontoura.com.br\/site\/wp-json\/wp\/v2\/media?parent=1249"}],"curies":[{"name":"wp","href":"https:\/\/api.w.org\/{rel}","templated":true}]}}