{"id":1262,"date":"2025-10-11T20:12:27","date_gmt":"2025-10-11T20:12:27","guid":{"rendered":"https:\/\/antoniofontoura.com.br\/site\/?page_id=1262"},"modified":"2025-10-11T20:12:27","modified_gmt":"2025-10-11T20:12:27","slug":"as-leis-da-imitacao","status":"publish","type":"page","link":"https:\/\/antoniofontoura.com.br\/site\/principais-obras\/as-leis-da-imitacao\/","title":{"rendered":"As Leis da Imita\u00e7\u00e3o"},"content":{"rendered":"\n<h2 class=\"wp-block-heading\">de Gabriel Tarde<\/h2>\n\n\n\n<div class=\"wp-block-columns is-layout-flex wp-container-3\">\n<div class=\"wp-block-column is-layout-flow\"><div class=\"wp-block-image\">\n<figure class=\"aligncenter size-full\"><a href=\"https:\/\/clubedeautores.com.br\/livro\/as-leis-da-imitacao\"><img decoding=\"async\" loading=\"lazy\" width=\"231\" height=\"328\" src=\"https:\/\/antoniofontoura.com.br\/site\/wp-content\/uploads\/2025\/10\/capinha_tarde_imita.jpg\" alt=\"\" class=\"wp-image-1258\" srcset=\"https:\/\/antoniofontoura.com.br\/site\/wp-content\/uploads\/2025\/10\/capinha_tarde_imita.jpg 231w, https:\/\/antoniofontoura.com.br\/site\/wp-content\/uploads\/2025\/10\/capinha_tarde_imita-211x300.jpg 211w, https:\/\/antoniofontoura.com.br\/site\/wp-content\/uploads\/2025\/10\/capinha_tarde_imita-106x150.jpg 106w\" sizes=\"(max-width: 231px) 100vw, 231px\" \/><\/a><figcaption class=\"wp-element-caption\"><a href=\"https:\/\/clubedeautores.com.br\/livro\/as-leis-da-imitacao\">Livro Impresso<\/a><\/figcaption><\/figure><\/div><\/div>\n\n\n\n<div class=\"wp-block-column is-layout-flow\"><div class=\"wp-block-image\">\n<figure class=\"aligncenter size-full\"><a href=\"https:\/\/www.amazon.com.br\/dp\/B0FVQX6VJP\"><img decoding=\"async\" loading=\"lazy\" width=\"231\" height=\"328\" src=\"https:\/\/antoniofontoura.com.br\/site\/wp-content\/uploads\/2025\/10\/kindle_tarde_imita.jpg\" alt=\"\" class=\"wp-image-1259\" srcset=\"https:\/\/antoniofontoura.com.br\/site\/wp-content\/uploads\/2025\/10\/kindle_tarde_imita.jpg 231w, https:\/\/antoniofontoura.com.br\/site\/wp-content\/uploads\/2025\/10\/kindle_tarde_imita-211x300.jpg 211w, https:\/\/antoniofontoura.com.br\/site\/wp-content\/uploads\/2025\/10\/kindle_tarde_imita-106x150.jpg 106w\" sizes=\"(max-width: 231px) 100vw, 231px\" \/><\/a><figcaption class=\"wp-element-caption\"><a href=\"https:\/\/www.amazon.com.br\/dp\/B0FVQX6VJP\">Ebook<\/a><\/figcaption><\/figure><\/div><\/div>\n<\/div>\n\n\n\n<hr class=\"wp-block-separator has-alpha-channel-opacity\"\/>\n\n\n\n<p><a href=\"http:\/\/antoniofontoura.com.br\/site\/category\/tarde\">Conhe\u00e7a nossos post sobre &#8220;Gabriel Tarde&#8221;.<\/a><\/p>\n\n\n\n<p><em>&#8220;Toda a quest\u00e3o \u00e9 saber se eu estendi abusivamente \u2013 n\u00e3o digo do ponto de vista das defini\u00e7\u00f5es de dicion\u00e1rio, mas segundo uma no\u00e7\u00e3o mais profunda das coisas \u2013 o significado da palavra imita\u00e7\u00e3o.&#8221;<\/em><\/p>\n\n\n\n<p>Muito antes de a sociologia se consolidar, o jurista e pensador franc\u00eas Gabriel Tarde (1843-1904) lan\u00e7ava as bases de uma teoria social radicalmente inovadora, que buscava desvendar a g\u00eanese da sociedade n\u00e3o nas institui\u00e7\u00f5es ou na coletividade abstrata, mas nas intera\u00e7\u00f5es mais \u00edntimas e microsc\u00f3picas entre os indiv\u00edduos.<\/p>\n\n\n\n<p>Em sua obra-prima, &#8220;As Leis da Imita\u00e7\u00e3o&#8221; (1890), Tarde desafia a no\u00e7\u00e3o de sociedade como um organismo coeso para defini-la como um turbilh\u00e3o de correntes de imita\u00e7\u00e3o. Para ele, o social se constitui pela &#8220;a\u00e7\u00e3o \u00e0 dist\u00e2ncia de um esp\u00edrito sobre outro&#8221;, em uma &#8220;reprodu\u00e7\u00e3o quase fotogr\u00e1fica de um clich\u00ea cerebral pela placa sens\u00edvel de outro c\u00e9rebro&#8221;. Tarde expande o conceito de imita\u00e7\u00e3o para al\u00e9m da c\u00f3pia consciente, englobando a sugest\u00e3o involunt\u00e1ria, a tradi\u00e7\u00e3o, o costume e a moda.<\/p>\n\n\n\n<p>Neste livro, que oferece a primeira tradu\u00e7\u00e3o brasileira de uma obra fundamental das Ci\u00eancias Humanas, Tarde investiga a fundo:<\/p>\n\n\n\n<p>As Leis L\u00f3gicas da Imita\u00e7\u00e3o, analisando como cren\u00e7as e desejos se difundem, se confrontam no duelo l\u00f3gico e se combinam no acoplamento l\u00f3gico.<\/p>\n\n\n\n<p>As Influ\u00eancias Extra-L\u00f3gicas, explorando a imita\u00e7\u00e3o do &#8220;superior pelo inferior&#8221; e a din\u00e2mica entre costume e moda em esferas como a l\u00edngua, a religi\u00e3o, o governo e a economia.<\/p>\n\n\n\n<p>A surpreendente l\u00f3gica da contra-imita\u00e7\u00e3o \u2013 fazer o oposto de um modelo \u2013 mostrando como at\u00e9 mesmo a oposi\u00e7\u00e3o contribui para a assimila\u00e7\u00e3o e a coes\u00e3o social.<\/p>\n\n\n\n<p>Ao tra\u00e7ar analogias entre a repeti\u00e7\u00e3o universal na f\u00edsica, na biologia e na sociologia, Tarde posiciona o fen\u00f4meno social como uma realidade distinta, impulsionada pelas for\u00e7as g\u00eameas da inven\u00e7\u00e3o (a novidade) e da imita\u00e7\u00e3o (a difus\u00e3o).<\/p>\n\n\n\n<p>Uma leitura indispens\u00e1vel para soci\u00f3logos, psic\u00f3logos sociais, historiadores e para todos que buscam compreender como as ideias e os h\u00e1bitos se espalham, moldam o indiv\u00edduo e, em \u00faltima inst\u00e2ncia, constroem e desconstroem as sociedades. A teoria de Tarde, muitas vezes ofuscada pelo embate com \u00c9mile Durkheim, ressurge hoje com vigor, oferecendo uma perspectiva crucial para pensar a din\u00e2mica da opini\u00e3o p\u00fablica e a viraliza\u00e7\u00e3o no mundo contempor\u00e2neo.<\/p>\n\n\n\n<figure class=\"wp-block-embed is-type-rich is-provider-amazon wp-block-embed-amazon\"><div class=\"wp-block-embed__wrapper\">\n<iframe loading=\"lazy\" title=\"As Leis da Imita\u00e7\u00e3o\" type=\"text\/html\" width=\"900\" height=\"550\" frameborder=\"0\" allowfullscreen style=\"max-width:100%\" src=\"https:\/\/ler.amazon.com.br\/kp\/card?preview=inline&#038;linkCode=kpd&#038;ref_=k4w_oembed_54i2KIXM1Ickqk&#038;asin=B0FVQX6VJP&#038;tag=kpembed-20\"><\/iframe>\n<\/div><\/figure>\n\n\n\n<hr class=\"wp-block-separator has-alpha-channel-opacity\"\/>\n\n\n\n<p>ISBN 9786501742977<br>N\u00famero de p\u00e1ginas 382<br>Edi\u00e7\u00e3o 1 (2025)<br>Formato A5 (148&#215;210)<br>Acabamento Brochura c\/ orelha<br>Colora\u00e7\u00e3o Preto e branco<br>Tipo de papel Offset 75g<br>Idioma Portugu\u00eas<\/p>\n","protected":false},"excerpt":{"rendered":"<p>de Gabriel Tarde Conhe\u00e7a nossos post sobre &#8220;Gabriel Tarde&#8221;. &#8220;Toda a quest\u00e3o \u00e9 saber se eu estendi abusivamente \u2013 n\u00e3o digo do ponto de vista das defini\u00e7\u00f5es de dicion\u00e1rio, mas segundo uma no\u00e7\u00e3o mais profunda das coisas \u2013 o significado da palavra imita\u00e7\u00e3o.&#8221; Muito antes de a sociologia se consolidar,\u2026<\/p>\n<p class=\"continue-reading-button\"> <a class=\"continue-reading-link\" href=\"https:\/\/antoniofontoura.com.br\/site\/principais-obras\/as-leis-da-imitacao\/\">Leia mais<i class=\"crycon-right-dir\"><\/i><\/a><\/p>\n","protected":false},"author":1,"featured_media":0,"parent":42,"menu_order":0,"comment_status":"closed","ping_status":"closed","template":"","meta":[],"_links":{"self":[{"href":"https:\/\/antoniofontoura.com.br\/site\/wp-json\/wp\/v2\/pages\/1262"}],"collection":[{"href":"https:\/\/antoniofontoura.com.br\/site\/wp-json\/wp\/v2\/pages"}],"about":[{"href":"https:\/\/antoniofontoura.com.br\/site\/wp-json\/wp\/v2\/types\/page"}],"author":[{"embeddable":true,"href":"https:\/\/antoniofontoura.com.br\/site\/wp-json\/wp\/v2\/users\/1"}],"replies":[{"embeddable":true,"href":"https:\/\/antoniofontoura.com.br\/site\/wp-json\/wp\/v2\/comments?post=1262"}],"version-history":[{"count":1,"href":"https:\/\/antoniofontoura.com.br\/site\/wp-json\/wp\/v2\/pages\/1262\/revisions"}],"predecessor-version":[{"id":1263,"href":"https:\/\/antoniofontoura.com.br\/site\/wp-json\/wp\/v2\/pages\/1262\/revisions\/1263"}],"up":[{"embeddable":true,"href":"https:\/\/antoniofontoura.com.br\/site\/wp-json\/wp\/v2\/pages\/42"}],"wp:attachment":[{"href":"https:\/\/antoniofontoura.com.br\/site\/wp-json\/wp\/v2\/media?parent=1262"}],"curies":[{"name":"wp","href":"https:\/\/api.w.org\/{rel}","templated":true}]}}