{"id":128,"date":"2017-11-06T17:04:45","date_gmt":"2017-11-06T17:04:45","guid":{"rendered":"http:\/\/antoniofontoura.com.br\/site\/?page_id=128"},"modified":"2017-11-06T17:04:45","modified_gmt":"2017-11-06T17:04:45","slug":"pornotopias-conjugais","status":"publish","type":"page","link":"https:\/\/antoniofontoura.com.br\/site\/principais-obras\/pornotopias-conjugais\/","title":{"rendered":"Pornotopias Conjugais"},"content":{"rendered":"<h2>de: Antonio Fontoura<\/h2>\n<p><img decoding=\"async\" loading=\"lazy\" class=\"size-full wp-image-32 aligncenter\" src=\"https:\/\/antoniofontoura.com.br\/site\/wp-content\/uploads\/2017\/10\/coluna-7-swing.jpg\" alt=\"\" width=\"231\" height=\"328\" \/><\/p>\n<hr \/>\n<h4>Sobre Pornotopias Conjugais<\/h4>\n<p><a href=\"http:\/\/acervodigital.ufpr.br\/bitstream\/handle\/1884\/37607\/R%20-%20D%20-%20ANTONIO%20FONTOURA%20JR..pdf?sequence=3&amp;isAllowed=y\">Voc\u00ea pode fazer o download gratuito aqui<\/a><\/p>\n<p>A pr\u00e1tica do &#8220;swing&#8221; ou troca de casais tornou-se uma moda no Brasil nos \u00faltimos anos, como o comprovam o n\u00famero de sites especializados e de clubes dedicados \u00e0 pr\u00e1tica. Neste texto, o autor analisa as origens dessa pr\u00e1tica (desde o final dos anos 60 quando os casais trocavam cartas entre si a partir de an\u00fancios de revistas), e tenta explicar seu significado para a ideia de casamento no Brasil dos anos 60 e 70.<\/p>\n<hr \/>\n<h4>Sobre os Autores<\/h4>\n<p><strong>Antonio Fontoura<\/strong> \u00e9 historiador, autor de livros did\u00e1ticos do ensino fundamental ao superior; autor tamb\u00e9m de outras te\u00f3ricas de Hist\u00f3ria, como &#8220;Teoria da Hist\u00f3ria&#8221; (Intersaberes) e &#8220;Introdu\u00e7\u00e3o ao estudo da hist\u00f3ria&#8221; (Fael).<\/p>\n<hr \/>\n<p>&nbsp;<\/p>\n","protected":false},"excerpt":{"rendered":"<p>de: Antonio Fontoura Sobre Pornotopias Conjugais Voc\u00ea pode fazer o download gratuito aqui A pr\u00e1tica do &#8220;swing&#8221; ou troca de casais tornou-se uma moda no Brasil nos \u00faltimos anos, como o comprovam o n\u00famero de sites especializados e de clubes dedicados \u00e0 pr\u00e1tica. Neste texto, o autor analisa as origens\u2026<\/p>\n<p class=\"continue-reading-button\"> <a class=\"continue-reading-link\" href=\"https:\/\/antoniofontoura.com.br\/site\/principais-obras\/pornotopias-conjugais\/\">Leia mais<i class=\"crycon-right-dir\"><\/i><\/a><\/p>\n","protected":false},"author":1,"featured_media":0,"parent":42,"menu_order":0,"comment_status":"closed","ping_status":"closed","template":"","meta":[],"_links":{"self":[{"href":"https:\/\/antoniofontoura.com.br\/site\/wp-json\/wp\/v2\/pages\/128"}],"collection":[{"href":"https:\/\/antoniofontoura.com.br\/site\/wp-json\/wp\/v2\/pages"}],"about":[{"href":"https:\/\/antoniofontoura.com.br\/site\/wp-json\/wp\/v2\/types\/page"}],"author":[{"embeddable":true,"href":"https:\/\/antoniofontoura.com.br\/site\/wp-json\/wp\/v2\/users\/1"}],"replies":[{"embeddable":true,"href":"https:\/\/antoniofontoura.com.br\/site\/wp-json\/wp\/v2\/comments?post=128"}],"version-history":[{"count":0,"href":"https:\/\/antoniofontoura.com.br\/site\/wp-json\/wp\/v2\/pages\/128\/revisions"}],"up":[{"embeddable":true,"href":"https:\/\/antoniofontoura.com.br\/site\/wp-json\/wp\/v2\/pages\/42"}],"wp:attachment":[{"href":"https:\/\/antoniofontoura.com.br\/site\/wp-json\/wp\/v2\/media?parent=128"}],"curies":[{"name":"wp","href":"https:\/\/api.w.org\/{rel}","templated":true}]}}