{"id":1297,"date":"2026-03-12T00:36:59","date_gmt":"2026-03-12T00:36:59","guid":{"rendered":"https:\/\/antoniofontoura.com.br\/site\/?page_id=1297"},"modified":"2026-03-12T00:36:59","modified_gmt":"2026-03-12T00:36:59","slug":"declinio-e-queda-do-imperio-romano","status":"publish","type":"page","link":"https:\/\/antoniofontoura.com.br\/site\/principais-obras\/declinio-e-queda-do-imperio-romano\/","title":{"rendered":"Decl\u00ednio e Queda do Imp\u00e9rio Romano"},"content":{"rendered":"\n<h2 class=\"wp-block-heading\">de Edward Gibbon<\/h2>\n\n\n<div class=\"wp-block-image\">\n<figure class=\"aligncenter size-full\"><a href=\"https:\/\/www.amazon.com.br\/dp\/B0FWNKQQ58\"><img decoding=\"async\" loading=\"lazy\" width=\"231\" height=\"328\" src=\"https:\/\/antoniofontoura.com.br\/site\/wp-content\/uploads\/2026\/03\/gibbon_kindle.jpg\" alt=\"\" class=\"wp-image-1298\" srcset=\"https:\/\/antoniofontoura.com.br\/site\/wp-content\/uploads\/2026\/03\/gibbon_kindle.jpg 231w, https:\/\/antoniofontoura.com.br\/site\/wp-content\/uploads\/2026\/03\/gibbon_kindle-211x300.jpg 211w, https:\/\/antoniofontoura.com.br\/site\/wp-content\/uploads\/2026\/03\/gibbon_kindle-106x150.jpg 106w\" sizes=\"(max-width: 231px) 100vw, 231px\" \/><\/a><figcaption class=\"wp-element-caption\"><a href=\"https:\/\/www.amazon.com.br\/dp\/B0FWNKQQ58\">Adquirir a cole\u00e7\u00e3o em ebook<\/a><br><a href=\"https:\/\/www.amazon.com.br\/dp\/B0FWNKQQ58\">pela Amazon<\/a><\/figcaption><\/figure><\/div>\n\n\n<h3 class=\"wp-block-heading\">Cole\u00e7\u00e3o em Livros Impressos<\/h3>\n\n\n\n<div class=\"wp-block-columns is-layout-flex wp-container-4\">\n<div class=\"wp-block-column is-layout-flow\"><div class=\"wp-block-image\">\n<figure class=\"aligncenter size-full\"><a href=\"https:\/\/clubedeautores.com.br\/livro\/declinio-e-queda-do-imperio-romano\"><img decoding=\"async\" loading=\"lazy\" width=\"231\" height=\"328\" src=\"https:\/\/antoniofontoura.com.br\/site\/wp-content\/uploads\/2026\/03\/gibbon_volume_1_capinha.jpg\" alt=\"\" class=\"wp-image-1291\" srcset=\"https:\/\/antoniofontoura.com.br\/site\/wp-content\/uploads\/2026\/03\/gibbon_volume_1_capinha.jpg 231w, https:\/\/antoniofontoura.com.br\/site\/wp-content\/uploads\/2026\/03\/gibbon_volume_1_capinha-211x300.jpg 211w, https:\/\/antoniofontoura.com.br\/site\/wp-content\/uploads\/2026\/03\/gibbon_volume_1_capinha-106x150.jpg 106w\" sizes=\"(max-width: 231px) 100vw, 231px\" \/><\/a><figcaption class=\"wp-element-caption\"><a href=\"https:\/\/clubedeautores.com.br\/livro\/declinio-e-queda-do-imperio-romano\">Volume I &#8211; Livro Impresso<\/a><\/figcaption><\/figure><\/div><\/div>\n\n\n\n<div class=\"wp-block-column is-layout-flow\"><div class=\"wp-block-image\">\n<figure class=\"aligncenter size-full\"><a href=\"https:\/\/clubedeautores.com.br\/livro\/declinio-e-queda-do-imperio-romano-2\"><img decoding=\"async\" loading=\"lazy\" width=\"231\" height=\"328\" src=\"https:\/\/antoniofontoura.com.br\/site\/wp-content\/uploads\/2026\/03\/gibbon_volume2_capinha.jpg\" alt=\"\" class=\"wp-image-1293\" srcset=\"https:\/\/antoniofontoura.com.br\/site\/wp-content\/uploads\/2026\/03\/gibbon_volume2_capinha.jpg 231w, https:\/\/antoniofontoura.com.br\/site\/wp-content\/uploads\/2026\/03\/gibbon_volume2_capinha-211x300.jpg 211w, https:\/\/antoniofontoura.com.br\/site\/wp-content\/uploads\/2026\/03\/gibbon_volume2_capinha-106x150.jpg 106w\" sizes=\"(max-width: 231px) 100vw, 231px\" \/><\/a><figcaption class=\"wp-element-caption\"><a href=\"https:\/\/clubedeautores.com.br\/livro\/declinio-e-queda-do-imperio-romano-2\">Volume II &#8211; Livro Impresso<\/a><\/figcaption><\/figure><\/div><\/div>\n\n\n\n<div class=\"wp-block-column is-layout-flow\"><div class=\"wp-block-image\">\n<figure class=\"aligncenter size-full\"><a href=\"https:\/\/clubedeautores.com.br\/livro\/declinio-e-queda-do-imperio-romano-3\"><img decoding=\"async\" loading=\"lazy\" width=\"231\" height=\"328\" src=\"https:\/\/antoniofontoura.com.br\/site\/wp-content\/uploads\/2026\/03\/gibbon_volume_3_capiinha.jpg\" alt=\"\" class=\"wp-image-1292\" srcset=\"https:\/\/antoniofontoura.com.br\/site\/wp-content\/uploads\/2026\/03\/gibbon_volume_3_capiinha.jpg 231w, https:\/\/antoniofontoura.com.br\/site\/wp-content\/uploads\/2026\/03\/gibbon_volume_3_capiinha-211x300.jpg 211w, https:\/\/antoniofontoura.com.br\/site\/wp-content\/uploads\/2026\/03\/gibbon_volume_3_capiinha-106x150.jpg 106w\" sizes=\"(max-width: 231px) 100vw, 231px\" \/><\/a><figcaption class=\"wp-element-caption\"><a href=\"https:\/\/clubedeautores.com.br\/livro\/declinio-e-queda-do-imperio-romano-3\">Volume III &#8211; Livro Impresso<\/a><\/figcaption><\/figure><\/div><\/div>\n<\/div>\n\n\n\n<div class=\"wp-block-columns is-layout-flex wp-container-8\">\n<div class=\"wp-block-column is-layout-flow\"><div class=\"wp-block-image\">\n<figure class=\"aligncenter size-full\"><a href=\"https:\/\/clubedeautores.com.br\/livro\/declinio-e-queda-do-imperio-romano-4\"><img decoding=\"async\" loading=\"lazy\" width=\"231\" height=\"328\" src=\"https:\/\/antoniofontoura.com.br\/site\/wp-content\/uploads\/2026\/03\/gibbon_volume4_capinha.jpg\" alt=\"\" class=\"wp-image-1294\" srcset=\"https:\/\/antoniofontoura.com.br\/site\/wp-content\/uploads\/2026\/03\/gibbon_volume4_capinha.jpg 231w, https:\/\/antoniofontoura.com.br\/site\/wp-content\/uploads\/2026\/03\/gibbon_volume4_capinha-211x300.jpg 211w, https:\/\/antoniofontoura.com.br\/site\/wp-content\/uploads\/2026\/03\/gibbon_volume4_capinha-106x150.jpg 106w\" sizes=\"(max-width: 231px) 100vw, 231px\" \/><\/a><figcaption class=\"wp-element-caption\"><a href=\"https:\/\/clubedeautores.com.br\/livro\/declinio-e-queda-do-imperio-romano-4\">Volume IV &#8211; Livro Impresso<\/a><\/figcaption><\/figure><\/div><\/div>\n\n\n\n<div class=\"wp-block-column is-layout-flow\"><div class=\"wp-block-image\">\n<figure class=\"aligncenter size-full\"><a href=\"https:\/\/clubedeautores.com.br\/livro\/declinio-e-queda-do-imperio-romano-5\"><img decoding=\"async\" loading=\"lazy\" width=\"231\" height=\"328\" src=\"https:\/\/antoniofontoura.com.br\/site\/wp-content\/uploads\/2026\/03\/gibbon_volume5_capinha.jpg\" alt=\"\" class=\"wp-image-1295\" srcset=\"https:\/\/antoniofontoura.com.br\/site\/wp-content\/uploads\/2026\/03\/gibbon_volume5_capinha.jpg 231w, https:\/\/antoniofontoura.com.br\/site\/wp-content\/uploads\/2026\/03\/gibbon_volume5_capinha-211x300.jpg 211w, https:\/\/antoniofontoura.com.br\/site\/wp-content\/uploads\/2026\/03\/gibbon_volume5_capinha-106x150.jpg 106w\" sizes=\"(max-width: 231px) 100vw, 231px\" \/><\/a><figcaption class=\"wp-element-caption\"><a href=\"https:\/\/clubedeautores.com.br\/livro\/declinio-e-queda-do-imperio-romano-5\">Volume V &#8211; Livro Impresso<\/a><\/figcaption><\/figure><\/div><\/div>\n\n\n\n<div class=\"wp-block-column is-layout-flow\"><div class=\"wp-block-image\">\n<figure class=\"aligncenter size-full\"><a href=\"https:\/\/clubedeautores.com.br\/livro\/declinio-e-queda-do-imperio-romano-6\"><img decoding=\"async\" loading=\"lazy\" width=\"231\" height=\"328\" src=\"https:\/\/antoniofontoura.com.br\/site\/wp-content\/uploads\/2026\/03\/gibbon_volume6_capinha.jpg\" alt=\"\" class=\"wp-image-1296\" srcset=\"https:\/\/antoniofontoura.com.br\/site\/wp-content\/uploads\/2026\/03\/gibbon_volume6_capinha.jpg 231w, https:\/\/antoniofontoura.com.br\/site\/wp-content\/uploads\/2026\/03\/gibbon_volume6_capinha-211x300.jpg 211w, https:\/\/antoniofontoura.com.br\/site\/wp-content\/uploads\/2026\/03\/gibbon_volume6_capinha-106x150.jpg 106w\" sizes=\"(max-width: 231px) 100vw, 231px\" \/><\/a><figcaption class=\"wp-element-caption\"><a href=\"https:\/\/clubedeautores.com.br\/livro\/declinio-e-queda-do-imperio-romano-6\">Volume VI &#8211; Livro Impresso<\/a><\/figcaption><\/figure><\/div><\/div>\n<\/div>\n\n\n\n<hr class=\"wp-block-separator has-alpha-channel-opacity\"\/>\n\n\n\n<p><a href=\"http:\/\/antoniofontoura.com.br\/site\/category\/gibbon\">Conhe\u00e7a nossos posts sobre Edward Gibbon.<\/a><\/p>\n\n\n\n<p>Em 1776, a publica\u00e7\u00e3o do primeiro volume de Decl\u00ednio e Queda do Imp\u00e9rio Romano chocou e fascinou a Europa, consolidando Edward Gibbon n\u00e3o apenas como o \u201cpai da historiografia moderna\u201d, mas tamb\u00e9m como um dos maiores prosadores de sua \u00e9poca.<\/p>\n\n\n\n<p>Esta \u00e9 a tradu\u00e7\u00e3o da obra completa e integral, o monumento liter\u00e1rio e historiogr\u00e1fico que levou Gibbon a dedicar a maior parte de sua vida (1776-1789) \u00e0 miss\u00e3o de narrar mais de treze s\u00e9culos: da era de ouro de Marco Aur\u00e9lio (c. 100 d.C.) at\u00e9 a queda final de Constantinopla (1453).<\/p>\n\n\n\n<p>Com seu estilo ir\u00f4nico e contundente, Gibbon tra\u00e7a o panorama da corrup\u00e7\u00e3o pol\u00edtica, do despotismo militar, das invas\u00f5es b\u00e1rbaras e da ascens\u00e3o de uma nova f\u00e9 &#8211; o Cristianismo, que ele via, polemicamente, como um dos vetores do colapso da civilidade romana.<\/p>\n\n\n\n<p>Pela primeira vez no Brasil, apresentamos o texto na sua dimens\u00e3o original, em seis volumes, com a riqueza e a profundidade das notas de rodap\u00e9 de Gibbon, essenciais para a compreens\u00e3o do seu rigor metodol\u00f3gico. Uma obra de f\u00f4lego, indispens\u00e1vel para quem deseja mergulhar na mais ambiciosa e influente hist\u00f3ria j\u00e1 escrita sobre as transforma\u00e7\u00f5es que moldaram o mundo ocidental.<\/p>\n\n\n\n<p>Uma obra-prima em sua totalidade.<\/p>\n\n\n\n<p><strong>A Cole\u00e7\u00e3o Completa:<\/strong><br>Volume I (ISBN: 978-65-01-97744-7), 668 p\u00e1ginas<br>Volume II (ISBN: 978-65-01-97747-8), 699 p\u00e1ginas<br>Volume III (ISBN: 978-65-01-97756-0), 624 p\u00e1ginas<br>Volume IV (ISBN: 978-65-01-97797-3), 693 p\u00e1ginas<br>Volume V (ISBN: 978-65-01-97802-4), 653 p\u00e1ginas<br>Volume VI (ISBN: 978-65-01-97803-1), 594 p\u00e1ginas<\/p>\n\n\n\n<hr class=\"wp-block-separator has-alpha-channel-opacity\"\/>\n\n\n\n<p>Edi\u00e7\u00e3o 1 (2026)<br>Formato A5 (148&#215;210)<br>Acabamento Brochura c\/ orelha<br>Colora\u00e7\u00e3o Preto e branco<br>Tipo de papel Offset 75g<br>Idioma Portugu\u00eas<\/p>\n","protected":false},"excerpt":{"rendered":"<p>de Edward Gibbon Cole\u00e7\u00e3o em Livros Impressos Conhe\u00e7a nossos posts sobre Edward Gibbon. Em 1776, a publica\u00e7\u00e3o do primeiro volume de Decl\u00ednio e Queda do Imp\u00e9rio Romano chocou e fascinou a Europa, consolidando Edward Gibbon n\u00e3o apenas como o \u201cpai da historiografia moderna\u201d, mas tamb\u00e9m como um dos maiores prosadores\u2026<\/p>\n<p class=\"continue-reading-button\"> <a class=\"continue-reading-link\" href=\"https:\/\/antoniofontoura.com.br\/site\/principais-obras\/declinio-e-queda-do-imperio-romano\/\">Leia mais<i class=\"crycon-right-dir\"><\/i><\/a><\/p>\n","protected":false},"author":1,"featured_media":0,"parent":42,"menu_order":0,"comment_status":"closed","ping_status":"closed","template":"","meta":[],"_links":{"self":[{"href":"https:\/\/antoniofontoura.com.br\/site\/wp-json\/wp\/v2\/pages\/1297"}],"collection":[{"href":"https:\/\/antoniofontoura.com.br\/site\/wp-json\/wp\/v2\/pages"}],"about":[{"href":"https:\/\/antoniofontoura.com.br\/site\/wp-json\/wp\/v2\/types\/page"}],"author":[{"embeddable":true,"href":"https:\/\/antoniofontoura.com.br\/site\/wp-json\/wp\/v2\/users\/1"}],"replies":[{"embeddable":true,"href":"https:\/\/antoniofontoura.com.br\/site\/wp-json\/wp\/v2\/comments?post=1297"}],"version-history":[{"count":3,"href":"https:\/\/antoniofontoura.com.br\/site\/wp-json\/wp\/v2\/pages\/1297\/revisions"}],"predecessor-version":[{"id":1301,"href":"https:\/\/antoniofontoura.com.br\/site\/wp-json\/wp\/v2\/pages\/1297\/revisions\/1301"}],"up":[{"embeddable":true,"href":"https:\/\/antoniofontoura.com.br\/site\/wp-json\/wp\/v2\/pages\/42"}],"wp:attachment":[{"href":"https:\/\/antoniofontoura.com.br\/site\/wp-json\/wp\/v2\/media?parent=1297"}],"curies":[{"name":"wp","href":"https:\/\/api.w.org\/{rel}","templated":true}]}}