{"id":1305,"date":"2026-05-08T00:46:32","date_gmt":"2026-05-08T00:46:32","guid":{"rendered":"https:\/\/antoniofontoura.com.br\/site\/?page_id=1305"},"modified":"2026-05-08T00:46:32","modified_gmt":"2026-05-08T00:46:32","slug":"da-demoniomania-dos-feiticeiros","status":"publish","type":"page","link":"https:\/\/antoniofontoura.com.br\/site\/principais-obras\/da-demoniomania-dos-feiticeiros\/","title":{"rendered":"Da Demoniomania dos Feiticeiros"},"content":{"rendered":"\n<h2 class=\"wp-block-heading\">de Jean Bodin<\/h2>\n\n\n\n<div class=\"wp-block-columns is-layout-flex wp-container-3\">\n<div class=\"wp-block-column is-layout-flow\"><div class=\"wp-block-image\">\n<figure class=\"aligncenter size-full\"><a href=\"https:\/\/clubedeautores.com.br\/livro\/da-demoniomania-dos-feiticeiros?cart=true\"><img decoding=\"async\" loading=\"lazy\" width=\"231\" height=\"328\" src=\"https:\/\/antoniofontoura.com.br\/site\/wp-content\/uploads\/2026\/05\/bodin_capinha.jpg\" alt=\"\" class=\"wp-image-1306\" srcset=\"https:\/\/antoniofontoura.com.br\/site\/wp-content\/uploads\/2026\/05\/bodin_capinha.jpg 231w, https:\/\/antoniofontoura.com.br\/site\/wp-content\/uploads\/2026\/05\/bodin_capinha-211x300.jpg 211w, https:\/\/antoniofontoura.com.br\/site\/wp-content\/uploads\/2026\/05\/bodin_capinha-106x150.jpg 106w\" sizes=\"(max-width: 231px) 100vw, 231px\" \/><\/a><figcaption class=\"wp-element-caption\"><a href=\"https:\/\/clubedeautores.com.br\/livro\/da-demoniomania-dos-feiticeiros?cart=true\">Livro Impresso<\/a><\/figcaption><\/figure><\/div><\/div>\n\n\n\n<div class=\"wp-block-column is-layout-flow\"><div class=\"wp-block-image\">\n<figure class=\"aligncenter size-full\"><a href=\"https:\/\/www.amazon.com.br\/dp\/B0GZSXLHY4\"><img decoding=\"async\" loading=\"lazy\" width=\"231\" height=\"328\" src=\"https:\/\/antoniofontoura.com.br\/site\/wp-content\/uploads\/2026\/05\/bodin_kindle_fundo.jpg\" alt=\"\" class=\"wp-image-1307\" srcset=\"https:\/\/antoniofontoura.com.br\/site\/wp-content\/uploads\/2026\/05\/bodin_kindle_fundo.jpg 231w, https:\/\/antoniofontoura.com.br\/site\/wp-content\/uploads\/2026\/05\/bodin_kindle_fundo-211x300.jpg 211w, https:\/\/antoniofontoura.com.br\/site\/wp-content\/uploads\/2026\/05\/bodin_kindle_fundo-106x150.jpg 106w\" sizes=\"(max-width: 231px) 100vw, 231px\" \/><\/a><figcaption class=\"wp-element-caption\"><a href=\"https:\/\/www.amazon.com.br\/dp\/B0GZSXLHY4\">Ebook<\/a><\/figcaption><\/figure><\/div><\/div>\n<\/div>\n\n\n\n<hr class=\"wp-block-separator has-alpha-channel-opacity\"\/>\n\n\n\n<p><a href=\"http:\/\/antoniofontoura.com.br\/site\/category\/bodin\">Conhe\u00e7a nossos post sobre &#8220;Jean Bodin&#8221;.<\/a><\/p>\n\n\n\n<p>Jean Bodin, jurista, fil\u00f3sofo pol\u00edtico e figura central do pensamento europeu do s\u00e9culo XVI, \u00e9 tamb\u00e9m autor de um dos tratados mais influentes e controversos da literatura demonol\u00f3gica moderna. <strong>Da Demoniomania dos Feiticeiros<\/strong> insere-se no contexto das grandes persegui\u00e7\u00f5es por feiti\u00e7aria na Europa e procura oferecer uma fundamenta\u00e7\u00e3o sistem\u00e1tica \u2013 ao mesmo tempo jur\u00eddica, teol\u00f3gica e filos\u00f3fica \u2013 para a exist\u00eancia e o combate \u00e0s pr\u00e1ticas de feiti\u00e7aria.<\/p>\n\n\n\n<p>Mais do que um simples manual de persegui\u00e7\u00e3o, a obra articula uma vis\u00e3o de mundo em que o pacto demon\u00edaco, a interven\u00e7\u00e3o dos esp\u00edritos e a a\u00e7\u00e3o das feiticeiras s\u00e3o tratados como realidades efetivas, integradas \u00e0 ordem do mundo natural e moral. Bodin mobiliza autores cl\u00e1ssicos, te\u00f3logos, juristas e relatos contempor\u00e2neos para construir uma argumenta\u00e7\u00e3o extensa, na qual o direito, a medicina e a teologia se cruzam na tentativa de dar forma conceitual ao fen\u00f4meno da feiti\u00e7aria.<\/p>\n\n\n\n<p>Esta edi\u00e7\u00e3o, in\u00e9dita em l\u00edngua portuguesa, toma como base o texto de 1587, impresso por Jacques de Puys, e apresenta uma tradu\u00e7\u00e3o integral acompanhada de interven\u00e7\u00e3o editorial criteriosa. O texto foi modernizado em sua ortografia e pontua\u00e7\u00e3o para facilitar a leitura contempor\u00e2nea, sem preju\u00edzo do sentido original. As notas marginais foram amplamente recuperadas, com expans\u00e3o de abrevia\u00e7\u00f5es e normaliza\u00e7\u00e3o tipogr\u00e1fica sempre que poss\u00edvel. Termos em grego e hebraico foram corrigidos quando se tratava de evidentes erros tipogr\u00e1ficos; nos casos em que se entendeu tratar-se de registro aut\u00eantico do autor, foram preservados em sua forma original.<\/p>\n\n\n\n<p>Obra fundamental para a compreens\u00e3o da cultura jur\u00eddica, religiosa e intelectual da Europa moderna, <strong>Da Demoniomania dos Feiticeiros<\/strong> permanece um testemunho decisivo das formas pelas quais o pensamento renascentista tentou dar coer\u00eancia racional ao extraordin\u00e1rio \u2013 e \u00e0s suas margens mais sombrias.<\/p>\n\n\n\n<p><\/p>\n\n\n\n<figure class=\"wp-block-embed is-type-rich is-provider-amazon wp-block-embed-amazon\"><div class=\"wp-block-embed__wrapper\">\n<iframe loading=\"lazy\" title=\"Da Demoniomania dos Feiticeiros (Portuguese Edition)\" type=\"text\/html\" width=\"900\" height=\"550\" frameborder=\"0\" allowfullscreen allow=\"clipboard-write\" style=\"max-width:100%\" src=\"https:\/\/read.amazon.com\/kp\/card?asin=B0GZSXLHY4\"><\/iframe>\n<\/div><figcaption class=\"wp-element-caption\">Leia trechos da obra em sua vers\u00e3o ebook. <\/figcaption><\/figure>\n\n\n\n<hr class=\"wp-block-separator has-alpha-channel-opacity\"\/>\n\n\n\n<p>ISBN 9786502094273<br>N\u00famero de p\u00e1ginas 364<br>Edi\u00e7\u00e3o 1 (2026)<br>Formato A5 (148&#215;210)<br>Acabamento Brochura c\/ orelha<br>Colora\u00e7\u00e3o Preto e branco<br>Tipo de papel Offset 75g<br>Idioma Portugu\u00eas<\/p>\n","protected":false},"excerpt":{"rendered":"<p>de Jean Bodin Conhe\u00e7a nossos post sobre &#8220;Jean Bodin&#8221;. Jean Bodin, jurista, fil\u00f3sofo pol\u00edtico e figura central do pensamento europeu do s\u00e9culo XVI, \u00e9 tamb\u00e9m autor de um dos tratados mais influentes e controversos da literatura demonol\u00f3gica moderna. Da Demoniomania dos Feiticeiros insere-se no contexto das grandes persegui\u00e7\u00f5es por feiti\u00e7aria\u2026<\/p>\n<p class=\"continue-reading-button\"> <a class=\"continue-reading-link\" href=\"https:\/\/antoniofontoura.com.br\/site\/principais-obras\/da-demoniomania-dos-feiticeiros\/\">Leia mais<i class=\"crycon-right-dir\"><\/i><\/a><\/p>\n","protected":false},"author":1,"featured_media":0,"parent":42,"menu_order":0,"comment_status":"closed","ping_status":"closed","template":"","meta":[],"_links":{"self":[{"href":"https:\/\/antoniofontoura.com.br\/site\/wp-json\/wp\/v2\/pages\/1305"}],"collection":[{"href":"https:\/\/antoniofontoura.com.br\/site\/wp-json\/wp\/v2\/pages"}],"about":[{"href":"https:\/\/antoniofontoura.com.br\/site\/wp-json\/wp\/v2\/types\/page"}],"author":[{"embeddable":true,"href":"https:\/\/antoniofontoura.com.br\/site\/wp-json\/wp\/v2\/users\/1"}],"replies":[{"embeddable":true,"href":"https:\/\/antoniofontoura.com.br\/site\/wp-json\/wp\/v2\/comments?post=1305"}],"version-history":[{"count":2,"href":"https:\/\/antoniofontoura.com.br\/site\/wp-json\/wp\/v2\/pages\/1305\/revisions"}],"predecessor-version":[{"id":1309,"href":"https:\/\/antoniofontoura.com.br\/site\/wp-json\/wp\/v2\/pages\/1305\/revisions\/1309"}],"up":[{"embeddable":true,"href":"https:\/\/antoniofontoura.com.br\/site\/wp-json\/wp\/v2\/pages\/42"}],"wp:attachment":[{"href":"https:\/\/antoniofontoura.com.br\/site\/wp-json\/wp\/v2\/media?parent=1305"}],"curies":[{"name":"wp","href":"https:\/\/api.w.org\/{rel}","templated":true}]}}