{"id":219,"date":"2018-08-05T16:42:14","date_gmt":"2018-08-05T16:42:14","guid":{"rendered":"http:\/\/antoniofontoura.com.br\/site\/?page_id=219"},"modified":"2024-10-31T17:56:45","modified_gmt":"2024-10-31T17:56:45","slug":"virgindade-anti-higienica","status":"publish","type":"page","link":"https:\/\/antoniofontoura.com.br\/site\/principais-obras\/virgindade-anti-higienica\/","title":{"rendered":"Virgindade anti-higi\u00eanica"},"content":{"rendered":"\n<h2 class=\"wp-block-heading\">de: Erc\u00edlia Nogueira Cobra<\/h2>\n\n\n<div class=\"wp-block-image\">\n<figure class=\"aligncenter\"><img decoding=\"async\" loading=\"lazy\" width=\"211\" height=\"300\" src=\"https:\/\/antoniofontoura.com.br\/site\/wp-content\/uploads\/2018\/08\/capa-livro-ercilia-site-211x300.jpg\" alt=\"\" class=\"wp-image-220\" srcset=\"https:\/\/antoniofontoura.com.br\/site\/wp-content\/uploads\/2018\/08\/capa-livro-ercilia-site-211x300.jpg 211w, https:\/\/antoniofontoura.com.br\/site\/wp-content\/uploads\/2018\/08\/capa-livro-ercilia-site-106x150.jpg 106w, https:\/\/antoniofontoura.com.br\/site\/wp-content\/uploads\/2018\/08\/capa-livro-ercilia-site.jpg 231w\" sizes=\"(max-width: 211px) 100vw, 211px\" \/><\/figure><\/div>\n\n\n<h3 class=\"wp-block-heading\"><a href=\"https:\/\/www.amazon.com.br\/dp\/B07G6P7Y68\"><strong>Adquirir Vers\u00e3o Ebook<\/strong><\/a><\/h3>\n\n\n\n<hr class=\"wp-block-separator has-alpha-channel-opacity\"\/>\n\n\n\n<h4 class=\"wp-block-heading\">Sobre Virgindade anti-higi\u00eanica<\/h4>\n\n\n\n<p><a href=\"http:\/\/antoniofontoura.com.br\/site\/category\/ercilia\/\">Conhe\u00e7a nossos posts sobre Virgindade anti-higi\u00eanica<\/a><\/p>\n\n\n\n<p>Virgindade anti-higi\u00eanica, publicado originalmente em 1924, \u00e9 um dos dois \u00fanicos livros escritos por Erc\u00edlia Cobra. O outro, publicado em 1927, apresenta ideias semelhantes, embora na forma de um romance: Virgindade in\u00fatil e anti-higi\u00eanica. Em ambas as obras, ainda que mais claramente nesta que voc\u00ea tem em m\u00e3os, o argumento de Erc\u00edlia Cobra \u00e9 direto e impactante: a nega\u00e7\u00e3o de uma educa\u00e7\u00e3o formal \u00e0 mulher, igual \u00e0 dada ao homem, e a imposi\u00e7\u00e3o de um rigor comportamental, particularmente em rela\u00e7\u00e3o aos atos e desejos sexuais, \u00e9 resultado de preconceitos defendidos pelos homens \u2013 que se beneficiam deles \u2013 n\u00e3o fundados na ci\u00eancia. Mas em preconceitos que seriam, como ela bem disse, hip\u00f3critas.<\/p>\n\n\n\n<p>Para Erc\u00edlia Cobra, a concep\u00e7\u00e3o do per\u00edodo que avaliava a honra feminina a partir de sua virgindade era incompat\u00edvel com a modernidade, com a higiene, e com a indiscut\u00edvel igualdade que existia entre homens e mulheres.<\/p>\n\n\n\n<p>Apesar de desde a d\u00e9cada de 1980 terem aumentado os estudos sobre o pensamento de Erc\u00edlia Nogueira Cobra, o Brasil n\u00e3o contava com edi\u00e7\u00f5es mais recentes desta sua obra, por assim dizer, te\u00f3rica. O objetivo da publica\u00e7\u00e3o desta edi\u00e7\u00e3o de Virgindade anti-higi\u00eanica \u00e9 o de ajudar \u00e0 recupera\u00e7\u00e3o das ideias e da pr\u00f3pria vida de Erc\u00edlia Cobra.<\/p>\n\n\n\n<p>N\u00e3o se trata, por\u00e9m, de uma mera reprodu\u00e7\u00e3o de seu livro. Como estrat\u00e9gia ret\u00f3rica \u2013 quem sabe para demonstrar sua capacidade intelectual e seu conhecimento? \u2013 muitos trechos de sua obra foram escritos originalmente em franc\u00eas: cita\u00e7\u00f5es de obras estrangeiras usadas como sustenta\u00e7\u00e3o aos argumentos. Essa vers\u00e3o traz a tradu\u00e7\u00e3o desses trechos.<\/p>\n\n\n\n<p>Al\u00e9m disso, as notas procuram identificar os v\u00e1rios autores citados por Erc\u00edlia Cobra, algo que nem sempre \u00e9 simples. Certos autores algo populares no per\u00edodo, ao menos entre a elite que tinha acesso a textos estrangeiros, s\u00e3o hoje relativamente desconhecidos, e sobre os quais h\u00e1 poucas informa\u00e7\u00f5es. De toda forma, as informa\u00e7\u00f5es mais pertinentes sobre esses escritores, bem como sobre suas obras, est\u00e3o presentes.<\/p>\n\n\n\n<figure class=\"wp-block-embed is-type-rich is-provider-amazon wp-block-embed-amazon\"><div class=\"wp-block-embed__wrapper\">\n<iframe loading=\"lazy\" title=\"Virgindade anti-higi\u00eanica: Preconceitos e conven\u00e7\u00f5es hip\u00f3critas\" type=\"text\/html\" width=\"900\" height=\"550\" frameborder=\"0\" allowfullscreen style=\"max-width:100%\" src=\"https:\/\/ler.amazon.com.br\/kp\/card?preview=inline&#038;linkCode=kpd&#038;ref_=k4w_oembed_jewXpUzCRPbJQV&#038;asin=B07G6P7Y68&#038;tag=kpembed-20\"><\/iframe>\n<\/div><\/figure>\n\n\n\n<hr class=\"wp-block-separator has-alpha-channel-opacity\"\/>\n\n\n\n<h4 class=\"wp-block-heading\">Sobre a Autora<\/h4>\n\n\n\n<p><strong>Erc\u00edlia Nogueira Cobra<\/strong> (1891 &#8211; ?) escritora.<\/p>\n\n\n\n<p>&#8220;Virgindade anti-higi\u00eanica&#8221; \u00e9 uma das obras feministas mais incisivas e impactantes da hist\u00f3ria do Brasil.<\/p>\n\n\n\n<hr class=\"wp-block-separator has-alpha-channel-opacity\"\/>\n","protected":false},"excerpt":{"rendered":"<p>de: Erc\u00edlia Nogueira Cobra Adquirir Vers\u00e3o Ebook Sobre Virgindade anti-higi\u00eanica Conhe\u00e7a nossos posts sobre Virgindade anti-higi\u00eanica Virgindade anti-higi\u00eanica, publicado originalmente em 1924, \u00e9 um dos dois \u00fanicos livros escritos por Erc\u00edlia Cobra. O outro, publicado em 1927, apresenta ideias semelhantes, embora na forma de um romance: Virgindade in\u00fatil e anti-higi\u00eanica.\u2026<\/p>\n<p class=\"continue-reading-button\"> <a class=\"continue-reading-link\" href=\"https:\/\/antoniofontoura.com.br\/site\/principais-obras\/virgindade-anti-higienica\/\">Leia mais<i class=\"crycon-right-dir\"><\/i><\/a><\/p>\n","protected":false},"author":1,"featured_media":212,"parent":42,"menu_order":0,"comment_status":"closed","ping_status":"closed","template":"","meta":[],"_links":{"self":[{"href":"https:\/\/antoniofontoura.com.br\/site\/wp-json\/wp\/v2\/pages\/219"}],"collection":[{"href":"https:\/\/antoniofontoura.com.br\/site\/wp-json\/wp\/v2\/pages"}],"about":[{"href":"https:\/\/antoniofontoura.com.br\/site\/wp-json\/wp\/v2\/types\/page"}],"author":[{"embeddable":true,"href":"https:\/\/antoniofontoura.com.br\/site\/wp-json\/wp\/v2\/users\/1"}],"replies":[{"embeddable":true,"href":"https:\/\/antoniofontoura.com.br\/site\/wp-json\/wp\/v2\/comments?post=219"}],"version-history":[{"count":1,"href":"https:\/\/antoniofontoura.com.br\/site\/wp-json\/wp\/v2\/pages\/219\/revisions"}],"predecessor-version":[{"id":1148,"href":"https:\/\/antoniofontoura.com.br\/site\/wp-json\/wp\/v2\/pages\/219\/revisions\/1148"}],"up":[{"embeddable":true,"href":"https:\/\/antoniofontoura.com.br\/site\/wp-json\/wp\/v2\/pages\/42"}],"wp:featuredmedia":[{"embeddable":true,"href":"https:\/\/antoniofontoura.com.br\/site\/wp-json\/wp\/v2\/media\/212"}],"wp:attachment":[{"href":"https:\/\/antoniofontoura.com.br\/site\/wp-json\/wp\/v2\/media?parent=219"}],"curies":[{"name":"wp","href":"https:\/\/api.w.org\/{rel}","templated":true}]}}