{"id":245,"date":"2018-08-22T22:23:39","date_gmt":"2018-08-22T22:23:39","guid":{"rendered":"http:\/\/antoniofontoura.com.br\/site\/?page_id=245"},"modified":"2025-11-05T22:54:33","modified_gmt":"2025-11-05T22:54:33","slug":"historia-natural","status":"publish","type":"page","link":"https:\/\/antoniofontoura.com.br\/site\/principais-obras\/historia-natural\/","title":{"rendered":"Hist\u00f3ria Natural"},"content":{"rendered":"\n<h2 class=\"wp-block-heading\">de Pl\u00ednio, o Velho<\/h2>\n\n\n<div class=\"wp-block-image\">\n<figure class=\"aligncenter size-full\"><a href=\"https:\/\/www.amazon.com.br\/dp\/B0FL1CX9PR?binding=kindle_edition&amp;ref=dbs_dp_rwt_sb_pc_tkin\"><img decoding=\"async\" loading=\"lazy\" width=\"231\" height=\"328\" src=\"https:\/\/antoniofontoura.com.br\/site\/wp-content\/uploads\/2025\/11\/kindle_plinio.jpg\" alt=\"\" class=\"wp-image-1276\" srcset=\"https:\/\/antoniofontoura.com.br\/site\/wp-content\/uploads\/2025\/11\/kindle_plinio.jpg 231w, https:\/\/antoniofontoura.com.br\/site\/wp-content\/uploads\/2025\/11\/kindle_plinio-211x300.jpg 211w, https:\/\/antoniofontoura.com.br\/site\/wp-content\/uploads\/2025\/11\/kindle_plinio-106x150.jpg 106w\" sizes=\"(max-width: 231px) 100vw, 231px\" \/><\/a><figcaption class=\"wp-element-caption\"><a href=\"https:\/\/www.amazon.com.br\/dp\/B0FL1CX9PR?binding=kindle_edition&amp;ref=dbs_dp_rwt_sb_pc_tkin\">Adquirir a cole\u00e7\u00e3o em ebook<\/a><br><a href=\"https:\/\/www.amazon.com.br\/dp\/B0FL1CX9PR?binding=kindle_edition&amp;ref=dbs_dp_rwt_sb_pc_tkin\">pela Amazon<\/a><\/figcaption><\/figure><\/div>\n\n\n<h3 class=\"wp-block-heading\">Cole\u00e7\u00e3o em Livros Impressos<\/h3>\n\n\n\n<div class=\"wp-block-columns is-layout-flex wp-container-4\">\n<div class=\"wp-block-column is-layout-flow\"><div class=\"wp-block-image\">\n<figure class=\"aligncenter size-full\"><a href=\"https:\/\/clubedeautores.com.br\/livro\/historia-natural-3\"><img decoding=\"async\" loading=\"lazy\" width=\"231\" height=\"328\" src=\"https:\/\/antoniofontoura.com.br\/site\/wp-content\/uploads\/2025\/11\/historia-natural-volume-i.jpg\" alt=\"\" class=\"wp-image-1267\" srcset=\"https:\/\/antoniofontoura.com.br\/site\/wp-content\/uploads\/2025\/11\/historia-natural-volume-i.jpg 231w, https:\/\/antoniofontoura.com.br\/site\/wp-content\/uploads\/2025\/11\/historia-natural-volume-i-211x300.jpg 211w, https:\/\/antoniofontoura.com.br\/site\/wp-content\/uploads\/2025\/11\/historia-natural-volume-i-106x150.jpg 106w\" sizes=\"(max-width: 231px) 100vw, 231px\" \/><\/a><figcaption class=\"wp-element-caption\"><a href=\"https:\/\/clubedeautores.com.br\/livro\/historia-natural-3\">Volume I &#8211; Livro Impresso<\/a><\/figcaption><\/figure><\/div><\/div>\n\n\n\n<div class=\"wp-block-column is-layout-flow\"><div class=\"wp-block-image\">\n<figure class=\"aligncenter size-full\"><a href=\"https:\/\/clubedeautores.com.br\/livro\/historia-natural-4\"><img decoding=\"async\" loading=\"lazy\" width=\"231\" height=\"328\" src=\"https:\/\/antoniofontoura.com.br\/site\/wp-content\/uploads\/2025\/11\/historia_natural_volume_ii.jpg\" alt=\"\" class=\"wp-image-1268\" srcset=\"https:\/\/antoniofontoura.com.br\/site\/wp-content\/uploads\/2025\/11\/historia_natural_volume_ii.jpg 231w, https:\/\/antoniofontoura.com.br\/site\/wp-content\/uploads\/2025\/11\/historia_natural_volume_ii-211x300.jpg 211w, https:\/\/antoniofontoura.com.br\/site\/wp-content\/uploads\/2025\/11\/historia_natural_volume_ii-106x150.jpg 106w\" sizes=\"(max-width: 231px) 100vw, 231px\" \/><\/a><figcaption class=\"wp-element-caption\"><a href=\"https:\/\/clubedeautores.com.br\/livro\/historia-natural-4\">Volume II &#8211; Livro Impresso<\/a><\/figcaption><\/figure><\/div><\/div>\n\n\n\n<div class=\"wp-block-column is-layout-flow\"><div class=\"wp-block-image\">\n<figure class=\"aligncenter size-full\"><a href=\"https:\/\/clubedeautores.com.br\/livro\/historia-natural-5\"><img decoding=\"async\" loading=\"lazy\" width=\"231\" height=\"328\" src=\"https:\/\/antoniofontoura.com.br\/site\/wp-content\/uploads\/2025\/11\/historia_natural_volume_iii.jpg\" alt=\"\" class=\"wp-image-1269\" srcset=\"https:\/\/antoniofontoura.com.br\/site\/wp-content\/uploads\/2025\/11\/historia_natural_volume_iii.jpg 231w, https:\/\/antoniofontoura.com.br\/site\/wp-content\/uploads\/2025\/11\/historia_natural_volume_iii-211x300.jpg 211w, https:\/\/antoniofontoura.com.br\/site\/wp-content\/uploads\/2025\/11\/historia_natural_volume_iii-106x150.jpg 106w\" sizes=\"(max-width: 231px) 100vw, 231px\" \/><\/a><figcaption class=\"wp-element-caption\"><a href=\"https:\/\/clubedeautores.com.br\/livro\/historia-natural-5\">Volume III &#8211; Livro Impresso<\/a><\/figcaption><\/figure><\/div><\/div>\n<\/div>\n\n\n\n<div class=\"wp-block-columns is-layout-flex wp-container-8\">\n<div class=\"wp-block-column is-layout-flow\"><div class=\"wp-block-image\">\n<figure class=\"aligncenter size-full\"><a href=\"https:\/\/clubedeautores.com.br\/livro\/historia-natural-6\"><img decoding=\"async\" loading=\"lazy\" width=\"231\" height=\"328\" src=\"https:\/\/antoniofontoura.com.br\/site\/wp-content\/uploads\/2025\/11\/historia_natural_volume_iv.jpg\" alt=\"\" class=\"wp-image-1270\" srcset=\"https:\/\/antoniofontoura.com.br\/site\/wp-content\/uploads\/2025\/11\/historia_natural_volume_iv.jpg 231w, https:\/\/antoniofontoura.com.br\/site\/wp-content\/uploads\/2025\/11\/historia_natural_volume_iv-211x300.jpg 211w, https:\/\/antoniofontoura.com.br\/site\/wp-content\/uploads\/2025\/11\/historia_natural_volume_iv-106x150.jpg 106w\" sizes=\"(max-width: 231px) 100vw, 231px\" \/><\/a><figcaption class=\"wp-element-caption\"><a href=\"https:\/\/clubedeautores.com.br\/livro\/historia-natural-6\">Volume IV &#8211; Livro Impresso<\/a><\/figcaption><\/figure><\/div><\/div>\n\n\n\n<div class=\"wp-block-column is-layout-flow\"><div class=\"wp-block-image\">\n<figure class=\"aligncenter size-full\"><a href=\"https:\/\/clubedeautores.com.br\/livro\/historia-natural-7\"><img decoding=\"async\" loading=\"lazy\" width=\"231\" height=\"328\" src=\"https:\/\/antoniofontoura.com.br\/site\/wp-content\/uploads\/2025\/11\/historia_natural_volume_v.jpg\" alt=\"\" class=\"wp-image-1271\" srcset=\"https:\/\/antoniofontoura.com.br\/site\/wp-content\/uploads\/2025\/11\/historia_natural_volume_v.jpg 231w, https:\/\/antoniofontoura.com.br\/site\/wp-content\/uploads\/2025\/11\/historia_natural_volume_v-211x300.jpg 211w, https:\/\/antoniofontoura.com.br\/site\/wp-content\/uploads\/2025\/11\/historia_natural_volume_v-106x150.jpg 106w\" sizes=\"(max-width: 231px) 100vw, 231px\" \/><\/a><figcaption class=\"wp-element-caption\"><a href=\"https:\/\/clubedeautores.com.br\/livro\/historia-natural-7\">Volume V &#8211; Livro Impresso<\/a><\/figcaption><\/figure><\/div><\/div>\n\n\n\n<div class=\"wp-block-column is-layout-flow\"><div class=\"wp-block-image\">\n<figure class=\"aligncenter size-full\"><a href=\"https:\/\/clubedeautores.com.br\/livro\/historia-natural-8\"><img decoding=\"async\" loading=\"lazy\" width=\"231\" height=\"328\" src=\"https:\/\/antoniofontoura.com.br\/site\/wp-content\/uploads\/2025\/11\/historia_natural_volume_vi.jpg\" alt=\"\" class=\"wp-image-1272\" srcset=\"https:\/\/antoniofontoura.com.br\/site\/wp-content\/uploads\/2025\/11\/historia_natural_volume_vi.jpg 231w, https:\/\/antoniofontoura.com.br\/site\/wp-content\/uploads\/2025\/11\/historia_natural_volume_vi-211x300.jpg 211w, https:\/\/antoniofontoura.com.br\/site\/wp-content\/uploads\/2025\/11\/historia_natural_volume_vi-106x150.jpg 106w\" sizes=\"(max-width: 231px) 100vw, 231px\" \/><\/a><figcaption class=\"wp-element-caption\"><a href=\"https:\/\/clubedeautores.com.br\/livro\/historia-natural-8\">Volume VI &#8211; Livro Impresso<\/a><\/figcaption><\/figure><\/div><\/div>\n<\/div>\n\n\n\n<hr class=\"wp-block-separator has-alpha-channel-opacity\"\/>\n\n\n\n<p><a href=\"http:\/\/antoniofontoura.com.br\/site\/category\/plinio\">Conhe\u00e7a nossos post sobre &#8220;Hist\u00f3ria Natural de Pl\u00ednio, o Velho&#8221;.<\/a><\/p>\n\n\n\n<p>A mais ambiciosa tradu\u00e7\u00e3o da Antiguidade cl\u00e1ssica j\u00e1 realizada no Brasil.<\/p>\n\n\n\n<p>Resultado de um projeto iniciado em 2018, esta edi\u00e7\u00e3o da Hist\u00f3ria Natural de Pl\u00ednio, o Velho, oferece pela primeira vez ao p\u00fablico de l\u00edngua portuguesa a tradu\u00e7\u00e3o integral da obra &#8211; um verdadeiro monumento da cultura romana e um dos pilares do conhecimento ocidental.<\/p>\n\n\n\n<p>Composta por 37 livros e mais de dois mil cap\u00edtulos, a Hist\u00f3ria Natural \u00e9 uma enciclop\u00e9dia do mundo antigo: nela se re\u00fanem saberes sobre os astros e os elementos, os animais e as plantas, os minerais e os metais, as doen\u00e7as e os rem\u00e9dios, as t\u00e9cnicas art\u00edsticas e os povos da Terra. Trata-se de um esfor\u00e7o enciclop\u00e9dico sem precedentes, escrito no s\u00e9culo I, com o objetivo de recolher, ordenar e transmitir todo o conhecimento acess\u00edvel a um cidad\u00e3o romano culto de sua \u00e9poca.<\/p>\n\n\n\n<p>Ao longo dos s\u00e9culos, a obra de Pl\u00ednio foi refer\u00eancia para naturalistas, te\u00f3logos, artistas, m\u00e9dicos e viajantes. \u00c9 tamb\u00e9m uma janela para o imagin\u00e1rio da Antiguidade, repleto de maravilhas, cren\u00e7as sobre a natureza, preciosidades etnogr\u00e1ficas e observa\u00e7\u00f5es de grande sensibilidade.<\/p>\n\n\n\n<p>Esta edi\u00e7\u00e3o brasileira foi preparada com rigor e aten\u00e7\u00e3o ao leitor contempor\u00e2neo. A tradu\u00e7\u00e3o e o aparato editorial tornam o texto acess\u00edvel e confi\u00e1vel, dirigido ao p\u00fablico acad\u00eamico e tamb\u00e9m aos leitores interessados na hist\u00f3ria do pensamento e nas origens da ci\u00eancia.<\/p>\n\n\n\n<p><strong>A Cole\u00e7\u00e3o Completa:<\/strong><br>Livros I ao VI &#8211; Volume I (ISBN: 978-65-01-78287-4)<br>Livros VII ao XI &#8211; Volume II (ISBN: 978-65-01-78571-4)<br>Livros XII ao XVII &#8211; Volume III (ISBN: 978-65-01-78576-9)<br>Livros XVIII ao XXIII &#8211; Volume IV (ISBN: 978-65-01-78692-6)<br>Livros XXIV ao XXX &#8211; Volume V (ISBN: 978-65-01-78704-6)<br>Livros XXXI ao XXXVII &#8211; Volume VI (ISBN: 978-65-01-78706-0)<\/p>\n\n\n\n<hr class=\"wp-block-separator has-alpha-channel-opacity\"\/>\n\n\n\n<p>N\u00famero de p\u00e1ginas 440 a 510.<br>Edi\u00e7\u00e3o 2 (2025)<br>Formato A5 (148&#215;210)<br>Acabamento Brochura c\/ orelha<br>Colora\u00e7\u00e3o Preto e branco<br>Tipo de papel Offset 75g<br>Idioma Portugu\u00eas<\/p>\n","protected":false},"excerpt":{"rendered":"<p>de Pl\u00ednio, o Velho Cole\u00e7\u00e3o em Livros Impressos Conhe\u00e7a nossos post sobre &#8220;Hist\u00f3ria Natural de Pl\u00ednio, o Velho&#8221;. A mais ambiciosa tradu\u00e7\u00e3o da Antiguidade cl\u00e1ssica j\u00e1 realizada no Brasil. Resultado de um projeto iniciado em 2018, esta edi\u00e7\u00e3o da Hist\u00f3ria Natural de Pl\u00ednio, o Velho, oferece pela primeira vez ao\u2026<\/p>\n<p class=\"continue-reading-button\"> <a class=\"continue-reading-link\" href=\"https:\/\/antoniofontoura.com.br\/site\/principais-obras\/historia-natural\/\">Leia mais<i class=\"crycon-right-dir\"><\/i><\/a><\/p>\n","protected":false},"author":1,"featured_media":0,"parent":42,"menu_order":0,"comment_status":"closed","ping_status":"closed","template":"","meta":[],"_links":{"self":[{"href":"https:\/\/antoniofontoura.com.br\/site\/wp-json\/wp\/v2\/pages\/245"}],"collection":[{"href":"https:\/\/antoniofontoura.com.br\/site\/wp-json\/wp\/v2\/pages"}],"about":[{"href":"https:\/\/antoniofontoura.com.br\/site\/wp-json\/wp\/v2\/types\/page"}],"author":[{"embeddable":true,"href":"https:\/\/antoniofontoura.com.br\/site\/wp-json\/wp\/v2\/users\/1"}],"replies":[{"embeddable":true,"href":"https:\/\/antoniofontoura.com.br\/site\/wp-json\/wp\/v2\/comments?post=245"}],"version-history":[{"count":14,"href":"https:\/\/antoniofontoura.com.br\/site\/wp-json\/wp\/v2\/pages\/245\/revisions"}],"predecessor-version":[{"id":1278,"href":"https:\/\/antoniofontoura.com.br\/site\/wp-json\/wp\/v2\/pages\/245\/revisions\/1278"}],"up":[{"embeddable":true,"href":"https:\/\/antoniofontoura.com.br\/site\/wp-json\/wp\/v2\/pages\/42"}],"wp:attachment":[{"href":"https:\/\/antoniofontoura.com.br\/site\/wp-json\/wp\/v2\/media?parent=245"}],"curies":[{"name":"wp","href":"https:\/\/api.w.org\/{rel}","templated":true}]}}