{"id":273,"date":"2018-10-17T17:37:49","date_gmt":"2018-10-17T17:37:49","guid":{"rendered":"http:\/\/antoniofontoura.com.br\/site\/?page_id=273"},"modified":"2024-10-31T17:52:15","modified_gmt":"2024-10-31T17:52:15","slug":"religiao-da-china-confucionismo-e-taoismo","status":"publish","type":"page","link":"https:\/\/antoniofontoura.com.br\/site\/principais-obras\/religiao-da-china-confucionismo-e-taoismo\/","title":{"rendered":"Religi\u00e3o da China: Confucionismo e Tao\u00edsmo"},"content":{"rendered":"\n<h3 class=\"wp-block-heading\">De Max Weber<\/h3>\n\n\n<div class=\"wp-block-image\">\n<figure class=\"aligncenter size-full\"><img decoding=\"async\" loading=\"lazy\" width=\"231\" height=\"328\" src=\"https:\/\/antoniofontoura.com.br\/site\/wp-content\/uploads\/2023\/08\/weber-capa-2.jpg\" alt=\"\" class=\"wp-image-643\" srcset=\"https:\/\/antoniofontoura.com.br\/site\/wp-content\/uploads\/2023\/08\/weber-capa-2.jpg 231w, https:\/\/antoniofontoura.com.br\/site\/wp-content\/uploads\/2023\/08\/weber-capa-2-211x300.jpg 211w, https:\/\/antoniofontoura.com.br\/site\/wp-content\/uploads\/2023\/08\/weber-capa-2-106x150.jpg 106w\" sizes=\"(max-width: 231px) 100vw, 231px\" \/><figcaption class=\"wp-element-caption\"> <\/figcaption><\/figure><\/div>\n\n\n<div class=\"wp-block-columns are-vertically-aligned-bottom is-layout-flex wp-container-4\">\n<div class=\"wp-block-column is-vertically-aligned-bottom is-layout-flow\"><div class=\"wp-block-image\">\n<figure class=\"aligncenter size-full\"><a href=\"https:\/\/clubedeautores.com.br\/livro\/religiao-da-china-2\"><img decoding=\"async\" loading=\"lazy\" width=\"74\" height=\"28\" src=\"https:\/\/antoniofontoura.com.br\/site\/wp-content\/uploads\/2022\/10\/clube_autores_pq.jpg\" alt=\"\" class=\"wp-image-534\"\/><\/a><\/figure><\/div><\/div>\n\n\n\n<div class=\"wp-block-column is-vertically-aligned-bottom is-layout-flow\"><div class=\"wp-block-image\">\n<figure class=\"aligncenter size-full\"><a href=\"https:\/\/www.estantevirtual.com.br\/busca?utf8=%E2%9C%93&amp;q=Religi%C3%A3o%20da%20China%20Max%20Weber\"><img decoding=\"async\" loading=\"lazy\" width=\"70\" height=\"28\" src=\"https:\/\/antoniofontoura.com.br\/site\/wp-content\/uploads\/2021\/11\/logo_estantevirtual.jpg\" alt=\"\" class=\"wp-image-464\"\/><\/a><\/figure><\/div><\/div>\n\n\n\n<div class=\"wp-block-column is-vertically-aligned-bottom is-layout-flow\"><div class=\"wp-block-image\">\n<figure class=\"aligncenter size-full\"><a href=\"https:\/\/www.americanas.com.br\/busca\/9786500730845\"><img decoding=\"async\" loading=\"lazy\" width=\"144\" height=\"21\" src=\"https:\/\/antoniofontoura.com.br\/site\/wp-content\/uploads\/2021\/11\/logo_americanas.jpg\" alt=\"\" class=\"wp-image-460\"\/><\/a><\/figure><\/div><\/div>\n<\/div>\n\n\n\n<hr class=\"wp-block-separator has-alpha-channel-opacity\"\/>\n\n\n\n<h3 class=\"wp-block-heading has-text-align-center\">Caso prefira, adquira a vers\u00e3o em<a href=\"https:\/\/www.amazon.com.br\/dp\/B07J47SR6F\"> Ebook pela Amazon<\/a>!<\/h3>\n\n\n\n<hr class=\"wp-block-separator has-alpha-channel-opacity\"\/>\n\n\n\n<p><strong>Sobre Religi\u00e3o da China: Confucionismo e Tao\u00edsmo<\/strong><\/p>\n\n\n\n<p><a href=\"http:\/\/antoniofontoura.com.br\/site\/category\/weber\/\">Conhe\u00e7a nossos posts sobre Religi\u00e3o da China: Confucionismo e Tao\u00edsmo<\/a><\/p>\n\n\n\n<p><a href=\"http:\/\/antoniofontoura.com.br\/site\/2018\/10\/17\/confucionismo-e-puritanismo-parte-do-ultimo-capitulo-de-religiao-da-china-de-max-weber\/\">Leia aqui parte da conclus\u00e3o de &#8220;Religi\u00e3o da China&#8221;<\/a><\/p>\n\n\n\n<p>Uma das mais importantes obras da sociologia da religi\u00e3o, &#8220;Religi\u00e3o da China&#8221;, de Max Weber, \u00e9 traduzida pela primeira vez no Brasil. Escrita como parte de um grande de estudo de sociologia comparada de diferentes religi\u00f5es (sendo &#8220;A \u00e9tica Protestante e o esp\u00edrito do capitalismo&#8221;), Max Weber procura responder, nessa obra, por que a China n\u00e3o desenvolveu, de forma aut\u00f4noma, o sistema capitalista. Weber vai buscar sua resposta na estrutura da burocracia chinesa (e a imensa influ\u00eancia dos &#8220;literatos&#8221;), baseada em r\u00edgidos e conservadores princ\u00edpios confucionistas.<\/p>\n\n\n\n<figure class=\"wp-block-embed is-type-rich is-provider-amazon wp-block-embed-amazon\"><div class=\"wp-block-embed__wrapper\">\n<iframe loading=\"lazy\" title=\"Religi\u00e3o da China: Confucionismo e Tao\u00edsmo\" type=\"text\/html\" width=\"900\" height=\"550\" frameborder=\"0\" allowfullscreen style=\"max-width:100%\" src=\"https:\/\/ler.amazon.com.br\/kp\/card?preview=inline&#038;linkCode=kpd&#038;ref_=k4w_oembed_b6ZPgNcM1qcOYT&#038;asin=B07J47SR6F&#038;tag=kpembed-20\"><\/iframe>\n<\/div><\/figure>\n\n\n\n<hr class=\"wp-block-separator has-alpha-channel-opacity\"\/>\n\n\n\n<p><strong>Sobre o autor<\/strong><\/p>\n\n\n\n<p><strong>Max Weber<\/strong> (1864-1920) &#8211; foi um dos maiores nomes da sociologia mundial. Al\u00e9m de desenvolver relevantes obras de metodologia sociol\u00f3gica, suas pesquisas envolvem religi\u00e3o, burocracia, economia, ci\u00eancia pol\u00edtica. \u00c9, ainda nos dias de hoje, um dos mais influentes pensadores contempor\u00e2neos.<\/p>\n\n\n\n<hr class=\"wp-block-separator has-alpha-channel-opacity\"\/>\n\n\n\n<p><strong>Caracter\u00edsticas<\/strong><\/p>\n\n\n\n<p>N\u00famero de p\u00e1ginas: 323<\/p>\n\n\n\n<p>Dimens\u00f5es: 148&#215;210 mm<\/p>\n\n\n\n<p>Acabamento: Brochura<\/p>\n\n\n\n<p>Tipo de papel: Offset 75g<\/p>\n\n\n\n<p>ISBN: 9786500730845<\/p>\n","protected":false},"excerpt":{"rendered":"<p>De Max Weber Caso prefira, adquira a vers\u00e3o em Ebook pela Amazon! Sobre Religi\u00e3o da China: Confucionismo e Tao\u00edsmo Conhe\u00e7a nossos posts sobre Religi\u00e3o da China: Confucionismo e Tao\u00edsmo Leia aqui parte da conclus\u00e3o de &#8220;Religi\u00e3o da China&#8221; Uma das mais importantes obras da sociologia da religi\u00e3o, &#8220;Religi\u00e3o da China&#8221;,\u2026<\/p>\n<p class=\"continue-reading-button\"> <a class=\"continue-reading-link\" href=\"https:\/\/antoniofontoura.com.br\/site\/principais-obras\/religiao-da-china-confucionismo-e-taoismo\/\">Leia mais<i class=\"crycon-right-dir\"><\/i><\/a><\/p>\n","protected":false},"author":1,"featured_media":0,"parent":42,"menu_order":0,"comment_status":"closed","ping_status":"closed","template":"","meta":[],"_links":{"self":[{"href":"https:\/\/antoniofontoura.com.br\/site\/wp-json\/wp\/v2\/pages\/273"}],"collection":[{"href":"https:\/\/antoniofontoura.com.br\/site\/wp-json\/wp\/v2\/pages"}],"about":[{"href":"https:\/\/antoniofontoura.com.br\/site\/wp-json\/wp\/v2\/types\/page"}],"author":[{"embeddable":true,"href":"https:\/\/antoniofontoura.com.br\/site\/wp-json\/wp\/v2\/users\/1"}],"replies":[{"embeddable":true,"href":"https:\/\/antoniofontoura.com.br\/site\/wp-json\/wp\/v2\/comments?post=273"}],"version-history":[{"count":4,"href":"https:\/\/antoniofontoura.com.br\/site\/wp-json\/wp\/v2\/pages\/273\/revisions"}],"predecessor-version":[{"id":1141,"href":"https:\/\/antoniofontoura.com.br\/site\/wp-json\/wp\/v2\/pages\/273\/revisions\/1141"}],"up":[{"embeddable":true,"href":"https:\/\/antoniofontoura.com.br\/site\/wp-json\/wp\/v2\/pages\/42"}],"wp:attachment":[{"href":"https:\/\/antoniofontoura.com.br\/site\/wp-json\/wp\/v2\/media?parent=273"}],"curies":[{"name":"wp","href":"https:\/\/api.w.org\/{rel}","templated":true}]}}