{"id":391,"date":"2021-08-24T13:38:10","date_gmt":"2021-08-24T13:38:10","guid":{"rendered":"http:\/\/antoniofontoura.com.br\/site\/?page_id=391"},"modified":"2024-10-31T17:34:06","modified_gmt":"2024-10-31T17:34:06","slug":"ensaio-sobre-a-desigualdade-das-racas-humanas","status":"publish","type":"page","link":"https:\/\/antoniofontoura.com.br\/site\/principais-obras\/ensaio-sobre-a-desigualdade-das-racas-humanas\/","title":{"rendered":"Ensaio sobre a desigualdade das ra\u00e7as humanas"},"content":{"rendered":"\n<h2 class=\"wp-block-heading\">de: Arthur de Gobineau<\/h2>\n\n\n<div class=\"wp-block-image\">\n<figure class=\"aligncenter\"><img decoding=\"async\" loading=\"lazy\" width=\"211\" height=\"300\" src=\"https:\/\/antoniofontoura.com.br\/site\/wp-content\/uploads\/2021\/08\/gobineau-capinha-211x300.jpg\" alt=\"\" class=\"wp-image-384\" srcset=\"https:\/\/antoniofontoura.com.br\/site\/wp-content\/uploads\/2021\/08\/gobineau-capinha-211x300.jpg 211w, https:\/\/antoniofontoura.com.br\/site\/wp-content\/uploads\/2021\/08\/gobineau-capinha-106x150.jpg 106w, https:\/\/antoniofontoura.com.br\/site\/wp-content\/uploads\/2021\/08\/gobineau-capinha.jpg 231w\" sizes=\"(max-width: 211px) 100vw, 211px\" \/><figcaption class=\"wp-element-caption\"> <\/figcaption><\/figure><\/div>\n\n\n<div class=\"wp-block-columns is-layout-flex wp-container-4\">\n<div class=\"wp-block-column is-layout-flow\">\n<figure class=\"wp-block-image size-full\"><a href=\"https:\/\/www.amazon.com.br\/s?k=9786500416688\"><img decoding=\"async\" loading=\"lazy\" width=\"68\" height=\"25\" src=\"https:\/\/antoniofontoura.com.br\/site\/wp-content\/uploads\/2021\/11\/testeamz.jpg\" alt=\"\" class=\"wp-image-467\"\/><\/a><\/figure>\n<\/div>\n\n\n\n<div class=\"wp-block-column is-layout-flow\">\n<figure class=\"wp-block-image size-full\"><a href=\"https:\/\/www.estantevirtual.com.br\/busca?utf8=%E2%9C%93&amp;q=Ensaio%20Sobre%20a%20Desigualdade%20das%20Ra%C3%A7as%20Humanas%20Arthur%20de%20Gobineau\"><img decoding=\"async\" loading=\"lazy\" width=\"70\" height=\"28\" src=\"https:\/\/antoniofontoura.com.br\/site\/wp-content\/uploads\/2021\/11\/logo_estantevirtual.jpg\" alt=\"\" class=\"wp-image-464\"\/><\/a><\/figure>\n<\/div>\n\n\n\n<div class=\"wp-block-column is-layout-flow\">\n<figure class=\"wp-block-image size-full\"><a href=\"https:\/\/clubedeautores.com.br\/livro\/ensaio-sobre-a-desigualdade-das-racas-humanas\"><img decoding=\"async\" loading=\"lazy\" width=\"74\" height=\"28\" src=\"https:\/\/antoniofontoura.com.br\/site\/wp-content\/uploads\/2022\/10\/clube_autores_pq.jpg\" alt=\"\" class=\"wp-image-534\"\/><\/a><\/figure>\n<\/div>\n<\/div>\n\n\n\n<hr class=\"wp-block-separator has-alpha-channel-opacity\"\/>\n\n\n\n<h4 class=\"wp-block-heading\">Sobre Ensaio sobre a desigualdade das ra\u00e7as humanas<\/h4>\n\n\n\n<p><a href=\"http:\/\/antoniofontoura.com.br\/site\/category\/gobineau\/\">Conhe\u00e7a nossos posts sobre Ensaio sobre &#8220;A desigualdade das ra\u00e7as humanas<\/a>&#8220;<\/p>\n\n\n\n<p><strong>Ensaio sobre a desigualdade das ra\u00e7as humanas<\/strong> \u00e9, por raz\u00f5es absolutamente infelizes, uma das obras mais influentes do s\u00e9culo XIX. Pressupondo as diferen\u00e7as raciais como o motor da hist\u00f3ria, \u00e9 desta obra que surge o mais acabado conceito de Ariano, as justificativas mais exaustivas para o suposto car\u00e1ter naturalmente civilizados da ra\u00e7a branca, e o que seria o destino natural de inferioridade das demais ra\u00e7as, fossem puras, fossem mesti\u00e7as.<\/p>\n\n\n\n<p>N\u00e3o se trata de obra delicada \u2013 na verdade, seu car\u00e1ter absolutamente expl\u00edcito, tem o poder de deixar os leitores enraivecidos pela linguagem racista que fundamenta toda argumenta\u00e7\u00e3o. Fundado em um suposto eruditismo \u2013 o texto \u00e9 repleto de informa\u00e7\u00f5es, notas, datas, locais geogr\u00e1ficos, povos \u2013 procura construir um verniz respeit\u00e1vel, cient\u00edfico, a um pressuposto bastante claro: a ra\u00e7a branca \u00e9 a \u00fanica capaz de erguer civiliza\u00e7\u00f5es, e quaisquer misturas \u00e9tnicas representa o fim de sua superioridade em dire\u00e7\u00e3o a uma mediocridade ap\u00e1tica.<\/p>\n\n\n\n<p>Seu autor, o diplomata franc\u00eas Arthur de Gobineau (1816-1882), utilizou-se bem de sua experi\u00eancia em diferentes pa\u00edses tanto para aprender diferentes idiomas, quanto para pin\u00e7ar dados, das diferentes realidades locais, que confirmassem seus preconceitos. Gobineau atuou inclusive no Brasil, onde estabeleceu uma intensa amizade com D. Pedro II \u2013 um relacionamento bastante valorizado na biografia de 1883 que precede \u00e0 obra \u2013 o que n\u00e3o cria um quadro nada simp\u00e1tico ao Imperador brasileiro particularmente em rela\u00e7\u00e3o \u00e0s suas concep\u00e7\u00f5es mais ou menos secretas a respeito das diferen\u00e7as \u00e9tnicas da popula\u00e7\u00e3o local. Leia o livro, e voc\u00ea tamb\u00e9m ver\u00e1 que n\u00e3o se pode ser amigo de Gobineau impunemente.<\/p>\n\n\n\n<p>At\u00e9 ent\u00e3o in\u00e9dito em portugu\u00eas, <strong>Ensaio sobre a desigualdade das ra\u00e7as humanas<\/strong> \u00e9 uma obra que deve ser lida pelo que revela do esfor\u00e7o das elites ocidentais, inclusive no Brasil, de garantir benef\u00edcios sociais a apenas um grupo selecionado da popula\u00e7\u00e3o, escolhido arbitrariamente em fun\u00e7\u00e3o da cor de sua pele. Trata-se de uma obra que embasa e justifica o \u00f3dio, a exclus\u00e3o, o racismo, e inclusive as diferen\u00e7as sociais. As teorias presentes em suas p\u00e1ginas foram utilizadas, por um sem n\u00famero de pessoas, para a institui\u00e7\u00e3o de pr\u00e1ticas e pol\u00edticas de exclus\u00e3o, muitas das quais ainda muito vivas em nossa realidade.<\/p>\n\n\n\n<figure class=\"wp-block-embed is-type-rich is-provider-amazon wp-block-embed-amazon\"><div class=\"wp-block-embed__wrapper\">\n<iframe loading=\"lazy\" title=\"Ensaio Sobre a Desigualdade das Ra\u00e7as Humanas\" type=\"text\/html\" width=\"900\" height=\"550\" frameborder=\"0\" allowfullscreen style=\"max-width:100%\" src=\"https:\/\/ler.amazon.com.br\/kp\/card?preview=inline&#038;linkCode=kpd&#038;ref_=k4w_oembed_ASsEsHzH2DknaK&#038;asin=B09CR9T4NQ&#038;tag=kpembed-20\"><\/iframe>\n<\/div><\/figure>\n\n\n\n<hr class=\"wp-block-separator has-alpha-channel-opacity\"\/>\n\n\n\n<h4 class=\"wp-block-heading\">Sobre o Autor<\/h4>\n\n\n\n<p><strong>Arthur de Gobineau<\/strong> (1816-1882) foi diplomata e escritor.<\/p>\n\n\n\n<hr class=\"wp-block-separator has-alpha-channel-opacity\"\/>\n\n\n\n<h4 class=\"wp-block-heading\">Caracter\u00edsticas do Livro F\u00edsico<\/h4>\n\n\n\n<p>ISBN: 9786500416688<br>N\u00famero de p\u00e1ginas: 530<br>Formato A5: (148&#215;210)<br>Acabamento: Brochura c\/ orelha<br>Colora\u00e7\u00e3o: Preto e branco<br>Tipo de papel: Offset 75g<br>Idioma: Portugu\u00eas<\/p>\n","protected":false},"excerpt":{"rendered":"<p>de: Arthur de Gobineau Sobre Ensaio sobre a desigualdade das ra\u00e7as humanas Conhe\u00e7a nossos posts sobre Ensaio sobre &#8220;A desigualdade das ra\u00e7as humanas&#8220; Ensaio sobre a desigualdade das ra\u00e7as humanas \u00e9, por raz\u00f5es absolutamente infelizes, uma das obras mais influentes do s\u00e9culo XIX. Pressupondo as diferen\u00e7as raciais como o motor\u2026<\/p>\n<p class=\"continue-reading-button\"> <a class=\"continue-reading-link\" href=\"https:\/\/antoniofontoura.com.br\/site\/principais-obras\/ensaio-sobre-a-desigualdade-das-racas-humanas\/\">Leia mais<i class=\"crycon-right-dir\"><\/i><\/a><\/p>\n","protected":false},"author":1,"featured_media":0,"parent":42,"menu_order":0,"comment_status":"closed","ping_status":"closed","template":"","meta":[],"_links":{"self":[{"href":"https:\/\/antoniofontoura.com.br\/site\/wp-json\/wp\/v2\/pages\/391"}],"collection":[{"href":"https:\/\/antoniofontoura.com.br\/site\/wp-json\/wp\/v2\/pages"}],"about":[{"href":"https:\/\/antoniofontoura.com.br\/site\/wp-json\/wp\/v2\/types\/page"}],"author":[{"embeddable":true,"href":"https:\/\/antoniofontoura.com.br\/site\/wp-json\/wp\/v2\/users\/1"}],"replies":[{"embeddable":true,"href":"https:\/\/antoniofontoura.com.br\/site\/wp-json\/wp\/v2\/comments?post=391"}],"version-history":[{"count":7,"href":"https:\/\/antoniofontoura.com.br\/site\/wp-json\/wp\/v2\/pages\/391\/revisions"}],"predecessor-version":[{"id":1112,"href":"https:\/\/antoniofontoura.com.br\/site\/wp-json\/wp\/v2\/pages\/391\/revisions\/1112"}],"up":[{"embeddable":true,"href":"https:\/\/antoniofontoura.com.br\/site\/wp-json\/wp\/v2\/pages\/42"}],"wp:attachment":[{"href":"https:\/\/antoniofontoura.com.br\/site\/wp-json\/wp\/v2\/media?parent=391"}],"curies":[{"name":"wp","href":"https:\/\/api.w.org\/{rel}","templated":true}]}}