{"id":418,"date":"2021-08-25T19:07:32","date_gmt":"2021-08-25T19:07:32","guid":{"rendered":"http:\/\/antoniofontoura.com.br\/site\/?page_id=418"},"modified":"2024-10-31T17:20:14","modified_gmt":"2024-10-31T17:20:14","slug":"a-cena-contemporanea","status":"publish","type":"page","link":"https:\/\/antoniofontoura.com.br\/site\/principais-obras\/a-cena-contemporanea\/","title":{"rendered":"A Cena Contempor\u00e2nea"},"content":{"rendered":"\n<h2 class=\"wp-block-heading\">de: Jos\u00e9 Carlos Mari\u00e1tegui<\/h2>\n\n\n<div class=\"wp-block-image\">\n<figure class=\"aligncenter\"><a href=\"https:\/\/www.amazon.com.br\/dp\/B086JFZV9R\"><img decoding=\"async\" loading=\"lazy\" width=\"211\" height=\"300\" src=\"https:\/\/antoniofontoura.com.br\/site\/wp-content\/uploads\/2021\/08\/a-cena-capinha-211x300.jpg\" alt=\"\" class=\"wp-image-402\" srcset=\"https:\/\/antoniofontoura.com.br\/site\/wp-content\/uploads\/2021\/08\/a-cena-capinha-211x300.jpg 211w, https:\/\/antoniofontoura.com.br\/site\/wp-content\/uploads\/2021\/08\/a-cena-capinha-106x150.jpg 106w, https:\/\/antoniofontoura.com.br\/site\/wp-content\/uploads\/2021\/08\/a-cena-capinha.jpg 231w\" sizes=\"(max-width: 211px) 100vw, 211px\" \/><\/a><\/figure><\/div>\n\n\n<h3 class=\"wp-block-heading\"><a href=\"https:\/\/www.amazon.com.br\/dp\/B086JFZV9R\"><strong>Adquirir Vers\u00e3o Ebook<\/strong><\/a><\/h3>\n\n\n\n<hr class=\"wp-block-separator has-alpha-channel-opacity\"\/>\n\n\n\n<h4 class=\"wp-block-heading\">Sobre A Cena Contempor\u00e2nea<\/h4>\n\n\n\n<p><a href=\"http:\/\/antoniofontoura.com.br\/site\/category\/mariategui\/\">Conhe\u00e7a nossos posts sobre A Cena Contempor\u00e2nea<\/a><\/p>\n\n\n\n<p>Todos dever\u00edamos conhecer mais profundamente a obra e os pensamentos de&nbsp;Jos\u00e9 Carlos Mari\u00e1tegui. Este fil\u00f3sofo e jornalista peruano destaca-se por sua incr\u00edvel capacidade de an\u00e1lise e s\u00edntese da realidade. N\u00e3o apenas da Am\u00e9rica do Sul mas, tamb\u00e9m, mundial.<\/p>\n\n\n\n<p>Em A Cena Contempor\u00e2nea, Mari\u00e1tegui demonstra uma profunda capacidade de compreender os diferentes problemas vividos pela sociedade ocidental na d\u00e9cada de 1920. Particularmente, a ascens\u00e3o dos regimes totalit\u00e1rios na Europa, tanto em suas raz\u00f5es de crescimento, quanto o papel t\u00edmido das oposi\u00e7\u00f5es.<\/p>\n\n\n\n<p>Esta tradu\u00e7\u00e3o de A Cena Contempor\u00e2nea procura trazer aos leitores brasileiros um pouco da profunda luz que foi &#8211; e \u00e9 &#8211; o pensamento de Jos\u00e9 Carlos Mari\u00e1tegui.<\/p>\n\n\n\n<figure class=\"wp-block-embed aligncenter is-type-rich is-provider-amazon wp-block-embed-amazon\"><div class=\"wp-block-embed__wrapper\">\n<iframe loading=\"lazy\" title=\"A Cena Contempor\u00e2nea\" type=\"text\/html\" width=\"900\" height=\"550\" frameborder=\"0\" allowfullscreen style=\"max-width:100%\" src=\"https:\/\/ler.amazon.com.br\/kp\/card?preview=inline&#038;linkCode=kpd&#038;ref_=k4w_oembed_9u0Pl2v9CLdokP&#038;asin=B086JFZV9R&#038;tag=kpembed-20\"><\/iframe>\n<\/div><\/figure>\n\n\n\n<hr class=\"wp-block-separator has-alpha-channel-opacity\"\/>\n\n\n\n<h4 class=\"wp-block-heading\">Sobre o Autor<\/h4>\n\n\n\n<p><strong>Jos\u00e9 Carlos Mari\u00e1tegui<\/strong>&nbsp;(1894-1930) foi um fil\u00f3sofo e jornalista peruano.<\/p>\n\n\n\n<hr class=\"wp-block-separator has-alpha-channel-opacity\"\/>\n\n\n\n<h4 class=\"wp-block-heading\">Caracter\u00edsticas<\/h4>\n\n\n\n<p>N\u00famero de p\u00e1ginas: 172<\/p>\n\n\n\n<p>Ebook: 955kB<\/p>\n\n\n\n<p>Idioma: portugu\u00eas<\/p>\n\n\n\n<p>Page Flip: Habilitado<\/p>\n","protected":false},"excerpt":{"rendered":"<p>de: Jos\u00e9 Carlos Mari\u00e1tegui Adquirir Vers\u00e3o Ebook Sobre A Cena Contempor\u00e2nea Conhe\u00e7a nossos posts sobre A Cena Contempor\u00e2nea Todos dever\u00edamos conhecer mais profundamente a obra e os pensamentos de&nbsp;Jos\u00e9 Carlos Mari\u00e1tegui. Este fil\u00f3sofo e jornalista peruano destaca-se por sua incr\u00edvel capacidade de an\u00e1lise e s\u00edntese da realidade. N\u00e3o apenas da\u2026<\/p>\n<p class=\"continue-reading-button\"> <a class=\"continue-reading-link\" href=\"https:\/\/antoniofontoura.com.br\/site\/principais-obras\/a-cena-contemporanea\/\">Leia mais<i class=\"crycon-right-dir\"><\/i><\/a><\/p>\n","protected":false},"author":1,"featured_media":0,"parent":42,"menu_order":0,"comment_status":"closed","ping_status":"closed","template":"","meta":[],"_links":{"self":[{"href":"https:\/\/antoniofontoura.com.br\/site\/wp-json\/wp\/v2\/pages\/418"}],"collection":[{"href":"https:\/\/antoniofontoura.com.br\/site\/wp-json\/wp\/v2\/pages"}],"about":[{"href":"https:\/\/antoniofontoura.com.br\/site\/wp-json\/wp\/v2\/types\/page"}],"author":[{"embeddable":true,"href":"https:\/\/antoniofontoura.com.br\/site\/wp-json\/wp\/v2\/users\/1"}],"replies":[{"embeddable":true,"href":"https:\/\/antoniofontoura.com.br\/site\/wp-json\/wp\/v2\/comments?post=418"}],"version-history":[{"count":1,"href":"https:\/\/antoniofontoura.com.br\/site\/wp-json\/wp\/v2\/pages\/418\/revisions"}],"predecessor-version":[{"id":1093,"href":"https:\/\/antoniofontoura.com.br\/site\/wp-json\/wp\/v2\/pages\/418\/revisions\/1093"}],"up":[{"embeddable":true,"href":"https:\/\/antoniofontoura.com.br\/site\/wp-json\/wp\/v2\/pages\/42"}],"wp:attachment":[{"href":"https:\/\/antoniofontoura.com.br\/site\/wp-json\/wp\/v2\/media?parent=418"}],"curies":[{"name":"wp","href":"https:\/\/api.w.org\/{rel}","templated":true}]}}