{"id":42,"date":"2017-10-17T21:42:08","date_gmt":"2017-10-17T21:42:08","guid":{"rendered":"http:\/\/antoniofontoura.com.br\/site\/?page_id=42"},"modified":"2022-10-15T22:10:59","modified_gmt":"2022-10-15T22:10:59","slug":"principais-obras","status":"publish","type":"page","link":"https:\/\/antoniofontoura.com.br\/site\/principais-obras\/","title":{"rendered":"Principais obras"},"content":{"rendered":"\n<p>N\u00f3s publicamos trechos, an\u00e1lises, coment\u00e1rios, de nossos principais livros. Confira nosso site e descubra que cada um dos livros da <strong>antoniofontoura<\/strong> tem uma hist\u00f3ria. Saiba mais sobre os autores, o conte\u00fado, tenha acesso a informa\u00e7\u00f5es adicionais.<\/p>\n\n\n\n<p>Se quiser ir \u00e0 p\u00e1gina principal de cada obra, basta clicar nos livros abaixo.<\/p>\n\n\n\n<hr class=\"wp-block-separator has-alpha-channel-opacity\"\/>\n\n\n\n<figure class=\"wp-block-image\"><a href=\"http:\/\/antoniofontoura.com.br\/site\/principais-obras\/a-mulher-delinquente\/\"><img decoding=\"async\" src=\"https:\/\/antoniofontoura.com.br\/site\/wp-content\/uploads\/2017\/10\/coluna-3-lombroso-1-211x300.jpg\" alt=\"\" class=\"wp-image-27\"\/><\/a><\/figure>\n\n\n\n<p><strong>A mulher delinquente<\/strong>, de Cesare Lombroso e Guglielmo Ferrero.<\/p>\n\n\n\n<hr class=\"wp-block-separator has-alpha-channel-opacity\"\/>\n\n\n\n<figure class=\"wp-block-image size-full\"><a href=\"https:\/\/antoniofontoura.com.br\/site\/principais-obras\/ensaio-sobre-a-desigualdade-das-racas-humanas\/\"><img decoding=\"async\" loading=\"lazy\" width=\"231\" height=\"328\" src=\"https:\/\/antoniofontoura.com.br\/site\/wp-content\/uploads\/2021\/08\/gobineau-capinha.jpg\" alt=\"\" class=\"wp-image-384\" srcset=\"https:\/\/antoniofontoura.com.br\/site\/wp-content\/uploads\/2021\/08\/gobineau-capinha.jpg 231w, https:\/\/antoniofontoura.com.br\/site\/wp-content\/uploads\/2021\/08\/gobineau-capinha-211x300.jpg 211w, https:\/\/antoniofontoura.com.br\/site\/wp-content\/uploads\/2021\/08\/gobineau-capinha-106x150.jpg 106w\" sizes=\"(max-width: 231px) 100vw, 231px\" \/><\/a><\/figure>\n\n\n\n<p><strong>Ensaio sobre a desigualdade das ra\u00e7as humanas<\/strong>, de Arthur de Gobineau<\/p>\n\n\n\n<hr class=\"wp-block-separator has-alpha-channel-opacity\"\/>\n\n\n\n<figure class=\"wp-block-image\"><a href=\"http:\/\/antoniofontoura.com.br\/site\/principais-obras\/introducao-aos-estudos-historicos\/\"><img decoding=\"async\" src=\"https:\/\/antoniofontoura.com.br\/site\/wp-content\/uploads\/2017\/10\/coluna-2-seignobos-1-211x300.jpg\" alt=\"\" class=\"wp-image-26\"\/><\/a><\/figure>\n\n\n\n<p><strong>Introdu\u00e7\u00e3o aos estudos hist\u00f3ricos<\/strong>, de Charles Victor Langloi e Charles Seignobos.<\/p>\n\n\n\n<hr class=\"wp-block-separator has-alpha-channel-opacity\"\/>\n\n\n\n<figure class=\"wp-block-image\"><a href=\"http:\/\/antoniofontoura.com.br\/site\/principais-obras\/psychopathia-sexualis\/\"><img decoding=\"async\" src=\"https:\/\/antoniofontoura.com.br\/site\/wp-content\/uploads\/2017\/10\/coluna-4-psychopathia-211x300.jpg\" alt=\"\" class=\"wp-image-30\"\/><\/a><\/figure>\n\n\n\n<p><strong>Psychopathia sexualis<\/strong>, de Richard von Krafft-Ebing.<\/p>\n\n\n\n<hr class=\"wp-block-separator has-alpha-channel-opacity\"\/>\n\n\n\n<figure class=\"wp-block-image size-full\"><a href=\"https:\/\/antoniofontoura.com.br\/site\/principais-obras\/novas-confissoes-da-bahia\/\"><img decoding=\"async\" loading=\"lazy\" width=\"231\" height=\"328\" src=\"https:\/\/antoniofontoura.com.br\/site\/wp-content\/uploads\/2022\/10\/capinha_confissoes.jpg\" alt=\"\" class=\"wp-image-528\" srcset=\"https:\/\/antoniofontoura.com.br\/site\/wp-content\/uploads\/2022\/10\/capinha_confissoes.jpg 231w, https:\/\/antoniofontoura.com.br\/site\/wp-content\/uploads\/2022\/10\/capinha_confissoes-211x300.jpg 211w, https:\/\/antoniofontoura.com.br\/site\/wp-content\/uploads\/2022\/10\/capinha_confissoes-106x150.jpg 106w\" sizes=\"(max-width: 231px) 100vw, 231px\" \/><\/a><\/figure>\n\n\n\n<p><strong>Novas Confiss\u00f5es da Bahia<\/strong>, de Antonio Fontoura (org.)<\/p>\n\n\n\n<hr class=\"wp-block-separator has-alpha-channel-opacity\"\/>\n\n\n\n<figure class=\"wp-block-image\"><a href=\"http:\/\/antoniofontoura.com.br\/site\/principais-obras\/hieroglifos-egipcios\/\"><img decoding=\"async\" src=\"https:\/\/antoniofontoura.com.br\/site\/wp-content\/uploads\/2017\/10\/coluna-1-hieroglifos-1-211x300.jpg\" alt=\"\" class=\"wp-image-25\"\/><\/a><\/figure>\n\n\n\n<p><strong>Hier\u00f3glifos eg\u00edpcios<\/strong>, Antonio Fontoura.<\/p>\n\n\n\n<hr class=\"wp-block-separator has-alpha-channel-opacity\"\/>\n\n\n\n<figure class=\"wp-block-image size-full\"><a href=\"https:\/\/antoniofontoura.com.br\/site\/principais-obras\/os-monges-de-cublai-ca\/\"><img decoding=\"async\" loading=\"lazy\" width=\"231\" height=\"328\" src=\"https:\/\/antoniofontoura.com.br\/site\/wp-content\/uploads\/2022\/10\/capinha.jpg\" alt=\"\" class=\"wp-image-497\" srcset=\"https:\/\/antoniofontoura.com.br\/site\/wp-content\/uploads\/2022\/10\/capinha.jpg 231w, https:\/\/antoniofontoura.com.br\/site\/wp-content\/uploads\/2022\/10\/capinha-211x300.jpg 211w, https:\/\/antoniofontoura.com.br\/site\/wp-content\/uploads\/2022\/10\/capinha-106x150.jpg 106w\" sizes=\"(max-width: 231px) 100vw, 231px\" \/><\/a><\/figure>\n\n\n\n<p><strong>Os monges de Cublai C\u00e3<\/strong>, Imperador da China, de Raban Sauma.<\/p>\n\n\n\n<hr class=\"wp-block-separator has-alpha-channel-opacity\"\/>\n\n\n\n<figure class=\"wp-block-image size-full\"><a href=\"https:\/\/antoniofontoura.com.br\/site\/principais-obras\/as-saturnalias\/\"><img decoding=\"async\" loading=\"lazy\" width=\"231\" height=\"328\" src=\"https:\/\/antoniofontoura.com.br\/site\/wp-content\/uploads\/2021\/08\/saturnalia-capinha.jpg\" alt=\"\" class=\"wp-image-388\" srcset=\"https:\/\/antoniofontoura.com.br\/site\/wp-content\/uploads\/2021\/08\/saturnalia-capinha.jpg 231w, https:\/\/antoniofontoura.com.br\/site\/wp-content\/uploads\/2021\/08\/saturnalia-capinha-211x300.jpg 211w, https:\/\/antoniofontoura.com.br\/site\/wp-content\/uploads\/2021\/08\/saturnalia-capinha-106x150.jpg 106w\" sizes=\"(max-width: 231px) 100vw, 231px\" \/><\/a><figcaption><strong>As Saturn\u00e1lias<\/strong>, de Macr\u00f3bio.<\/figcaption><\/figure>\n\n\n\n<hr class=\"wp-block-separator has-alpha-channel-opacity\"\/>\n\n\n\n<figure class=\"wp-block-image size-full\"><img decoding=\"async\" loading=\"lazy\" width=\"231\" height=\"328\" src=\"https:\/\/antoniofontoura.com.br\/site\/wp-content\/uploads\/2021\/08\/filipa-capinha.jpg\" alt=\"\" class=\"wp-image-404\" srcset=\"https:\/\/antoniofontoura.com.br\/site\/wp-content\/uploads\/2021\/08\/filipa-capinha.jpg 231w, https:\/\/antoniofontoura.com.br\/site\/wp-content\/uploads\/2021\/08\/filipa-capinha-211x300.jpg 211w, https:\/\/antoniofontoura.com.br\/site\/wp-content\/uploads\/2021\/08\/filipa-capinha-106x150.jpg 106w\" sizes=\"(max-width: 231px) 100vw, 231px\" \/><\/figure>\n\n\n\n<p><strong>O Processo de Filipa de Sousa<\/strong>, de Antonio Fontoura (org.).<\/p>\n\n\n\n<p><\/p>\n\n\n\n<hr class=\"wp-block-separator has-alpha-channel-opacity\"\/>\n\n\n\n<figure class=\"wp-block-image size-full\"><a href=\"https:\/\/antoniofontoura.com.br\/site\/principais-obras\/o-individuo-contra-o-estado\/\"><img decoding=\"async\" loading=\"lazy\" width=\"231\" height=\"328\" src=\"https:\/\/antoniofontoura.com.br\/site\/wp-content\/uploads\/2021\/08\/spencer-capinha.jpg\" alt=\"\" class=\"wp-image-403\" srcset=\"https:\/\/antoniofontoura.com.br\/site\/wp-content\/uploads\/2021\/08\/spencer-capinha.jpg 231w, https:\/\/antoniofontoura.com.br\/site\/wp-content\/uploads\/2021\/08\/spencer-capinha-211x300.jpg 211w, https:\/\/antoniofontoura.com.br\/site\/wp-content\/uploads\/2021\/08\/spencer-capinha-106x150.jpg 106w\" sizes=\"(max-width: 231px) 100vw, 231px\" \/><\/a><figcaption><strong>O indiv\u00edduo contra o Estado<\/strong>, de Herbert Spencer<\/figcaption><\/figure>\n\n\n\n<hr class=\"wp-block-separator has-alpha-channel-opacity\"\/>\n\n\n\n<figure class=\"wp-block-image size-full\"><a href=\"https:\/\/antoniofontoura.com.br\/site\/principais-obras\/a-historia-contra-os-pagaos\/\"><img decoding=\"async\" loading=\"lazy\" width=\"231\" height=\"328\" src=\"https:\/\/antoniofontoura.com.br\/site\/wp-content\/uploads\/2021\/08\/orosio-capinha.jpg\" alt=\"\" class=\"wp-image-386\" srcset=\"https:\/\/antoniofontoura.com.br\/site\/wp-content\/uploads\/2021\/08\/orosio-capinha.jpg 231w, https:\/\/antoniofontoura.com.br\/site\/wp-content\/uploads\/2021\/08\/orosio-capinha-211x300.jpg 211w, https:\/\/antoniofontoura.com.br\/site\/wp-content\/uploads\/2021\/08\/orosio-capinha-106x150.jpg 106w\" sizes=\"(max-width: 231px) 100vw, 231px\" \/><\/a><figcaption><strong>A Hist\u00f3ria contra os Pag\u00e3os<\/strong>, de Paulo Or\u00f3sio.<\/figcaption><\/figure>\n\n\n\n<hr class=\"wp-block-separator has-alpha-channel-opacity\"\/>\n\n\n\n<figure class=\"wp-block-image size-full\"><a href=\"https:\/\/antoniofontoura.com.br\/site\/principais-obras\/a-cena-contemporanea\/\"><img decoding=\"async\" loading=\"lazy\" width=\"231\" height=\"328\" src=\"https:\/\/antoniofontoura.com.br\/site\/wp-content\/uploads\/2021\/08\/a-cena-capinha.jpg\" alt=\"\" class=\"wp-image-402\" srcset=\"https:\/\/antoniofontoura.com.br\/site\/wp-content\/uploads\/2021\/08\/a-cena-capinha.jpg 231w, https:\/\/antoniofontoura.com.br\/site\/wp-content\/uploads\/2021\/08\/a-cena-capinha-211x300.jpg 211w, https:\/\/antoniofontoura.com.br\/site\/wp-content\/uploads\/2021\/08\/a-cena-capinha-106x150.jpg 106w\" sizes=\"(max-width: 231px) 100vw, 231px\" \/><\/a><figcaption><strong>A Cena Contempor\u00e2nea<\/strong>, de Jos\u00e9 Carlos Mari\u00e1tegui.<\/figcaption><\/figure>\n\n\n\n<hr class=\"wp-block-separator has-alpha-channel-opacity\"\/>\n\n\n\n<figure class=\"wp-block-image\"><img decoding=\"async\" src=\"https:\/\/antoniofontoura.com.br\/site\/wp-content\/uploads\/2017\/10\/coluna-4-obra-prima-inteira-1-211x300.jpg\" alt=\"\" class=\"wp-image-24\"\/><\/figure>\n\n\n\n<p><strong>A obra prima de Arist\u00f3teles<\/strong>, autor an\u00f4nimo.<\/p>\n\n\n\n<hr class=\"wp-block-separator has-alpha-channel-opacity\"\/>\n\n\n\n<figure class=\"wp-block-image\"><a href=\"http:\/\/antoniofontoura.com.br\/site\/principais-obras\/os-reis-taumaturgos\/\"><img decoding=\"async\" src=\"https:\/\/antoniofontoura.com.br\/site\/wp-content\/uploads\/2017\/10\/coluna-5-reis-taumaturgos-211x300.jpg\" alt=\"\" class=\"wp-image-29\"\/><\/a><\/figure>\n\n\n\n<p><strong>Os reis Taumaturgos<\/strong>, Marc Bloch.<\/p>\n","protected":false},"excerpt":{"rendered":"<p>N\u00f3s publicamos trechos, an\u00e1lises, coment\u00e1rios, de nossos principais livros. Confira nosso site e descubra que cada um dos livros da antoniofontoura tem uma hist\u00f3ria. Saiba mais sobre os autores, o conte\u00fado, tenha acesso a informa\u00e7\u00f5es adicionais. Se quiser ir \u00e0 p\u00e1gina principal de cada obra, basta clicar nos livros abaixo.\u2026<\/p>\n<p class=\"continue-reading-button\"> <a class=\"continue-reading-link\" href=\"https:\/\/antoniofontoura.com.br\/site\/principais-obras\/\">Leia mais<i class=\"crycon-right-dir\"><\/i><\/a><\/p>\n","protected":false},"author":1,"featured_media":0,"parent":0,"menu_order":2,"comment_status":"closed","ping_status":"closed","template":"","meta":[],"_links":{"self":[{"href":"https:\/\/antoniofontoura.com.br\/site\/wp-json\/wp\/v2\/pages\/42"}],"collection":[{"href":"https:\/\/antoniofontoura.com.br\/site\/wp-json\/wp\/v2\/pages"}],"about":[{"href":"https:\/\/antoniofontoura.com.br\/site\/wp-json\/wp\/v2\/types\/page"}],"author":[{"embeddable":true,"href":"https:\/\/antoniofontoura.com.br\/site\/wp-json\/wp\/v2\/users\/1"}],"replies":[{"embeddable":true,"href":"https:\/\/antoniofontoura.com.br\/site\/wp-json\/wp\/v2\/comments?post=42"}],"version-history":[{"count":1,"href":"https:\/\/antoniofontoura.com.br\/site\/wp-json\/wp\/v2\/pages\/42\/revisions"}],"predecessor-version":[{"id":564,"href":"https:\/\/antoniofontoura.com.br\/site\/wp-json\/wp\/v2\/pages\/42\/revisions\/564"}],"wp:attachment":[{"href":"https:\/\/antoniofontoura.com.br\/site\/wp-json\/wp\/v2\/media?parent=42"}],"curies":[{"name":"wp","href":"https:\/\/api.w.org\/{rel}","templated":true}]}}