{"id":428,"date":"2021-08-27T19:17:26","date_gmt":"2021-08-27T19:17:26","guid":{"rendered":"http:\/\/antoniofontoura.com.br\/site\/?page_id=428"},"modified":"2024-10-31T17:52:47","modified_gmt":"2024-10-31T17:52:47","slug":"sobre-as-faculdades-naturais","status":"publish","type":"page","link":"https:\/\/antoniofontoura.com.br\/site\/principais-obras\/sobre-as-faculdades-naturais\/","title":{"rendered":"Sobre as faculdades naturais"},"content":{"rendered":"\n<h2 class=\"wp-block-heading\">de: Galeno<\/h2>\n\n\n<div class=\"wp-block-image\">\n<figure class=\"aligncenter\"><a href=\"https:\/\/www.amazon.com.br\/dp\/B0992LQNRJ\"><img decoding=\"async\" loading=\"lazy\" width=\"211\" height=\"300\" src=\"https:\/\/antoniofontoura.com.br\/site\/wp-content\/uploads\/2021\/08\/galeno-capinha-211x300.jpg\" alt=\"\" class=\"wp-image-382\" srcset=\"https:\/\/antoniofontoura.com.br\/site\/wp-content\/uploads\/2021\/08\/galeno-capinha-211x300.jpg 211w, https:\/\/antoniofontoura.com.br\/site\/wp-content\/uploads\/2021\/08\/galeno-capinha-106x150.jpg 106w, https:\/\/antoniofontoura.com.br\/site\/wp-content\/uploads\/2021\/08\/galeno-capinha.jpg 231w\" sizes=\"(max-width: 211px) 100vw, 211px\" \/><\/a><\/figure><\/div>\n\n\n<h3 class=\"wp-block-heading\"><a href=\"https:\/\/www.amazon.com.br\/dp\/B0992LQNRJ\"><strong>Adquirir Vers\u00e3o Ebook<\/strong><\/a><\/h3>\n\n\n\n<hr class=\"wp-block-separator has-alpha-channel-opacity\"\/>\n\n\n\n<h4 class=\"wp-block-heading\">Sobre As Faculdades Naturais<\/h4>\n\n\n\n<p><a href=\"http:\/\/antoniofontoura.com.br\/site\/category\/galeno\/\">Conhe\u00e7a nossos posts sobre Galeno<\/a><\/p>\n\n\n\n<p>Nesta obra, at\u00e9 agora in\u00e9dita em portugu\u00eas, o c\u00e9lebre m\u00e9dico da Antiguidade, Cl\u00e1udio Galeno, discute os princ\u00edpios te\u00f3ricos que, segundo sua concep\u00e7\u00e3o, s\u00e3o essenciais para o funcionamento dos organismos, principalmente dos seres humanas. Sua aten\u00e7\u00e3o \u00e9 fornecer justificativas para aquelas que seriam as faculdades naturais da natureza, notadamente a de repelir o que \u00e9 indesejado, e de atrair o que \u00e9 essencial &#8211; for\u00e7as b\u00e1sicas essenciais para a vida.<\/p>\n\n\n\n<p>Diferentemente de muitos autores cl\u00e1ssicos, Galeno \u00e9 um polemista. Em uma linguagem absolutamente direta e n\u00e3o raras vezes provocativa, ele procura desautorizar aqueles que apresentam teorias diferentes para o funcionamento dos corpos. Uma adequada explica\u00e7\u00e3o, segundo ele, deve ser dada por meio do racioc\u00ednio, dos exemplos, e da an\u00e1lise.<\/p>\n\n\n\n<p>E \u00e9 exatamente este conjunto de elementos que ele procura construir em suas explica\u00e7\u00f5es sobre os corpos humanos em sua obra Sobre as Faculdades Naturais.<\/p>\n\n\n\n<figure class=\"wp-block-embed is-type-rich is-provider-amazon wp-block-embed-amazon\"><div class=\"wp-block-embed__wrapper\">\n<iframe loading=\"lazy\" title=\"Sobre as Faculdades Naturais (Cl\u00e1ssicos)\" type=\"text\/html\" width=\"900\" height=\"550\" frameborder=\"0\" allowfullscreen style=\"max-width:100%\" src=\"https:\/\/ler.amazon.com.br\/kp\/card?preview=inline&#038;linkCode=kpd&#038;ref_=k4w_oembed_pMvb62weWDjTol&#038;asin=B0992LQNRJ&#038;tag=kpembed-20\"><\/iframe>\n<\/div><\/figure>\n\n\n\n<hr class=\"wp-block-separator has-alpha-channel-opacity\"\/>\n\n\n\n<h4 class=\"wp-block-heading\">Sobre o Autor<\/h4>\n\n\n\n<p><strong>Galeno<\/strong>&nbsp;(129 \u2013 c.\u2009200\/c.\u2009216) foi um fil\u00f3sofo e m\u00e9dico grego.<\/p>\n\n\n\n<hr class=\"wp-block-separator has-alpha-channel-opacity\"\/>\n\n\n\n<h4 class=\"wp-block-heading\">Caracter\u00edsticas<\/h4>\n\n\n\n<p>N\u00famero de p\u00e1ginas: 112<\/p>\n\n\n\n<p>Ebook: 550kB<\/p>\n\n\n\n<p>Idioma: portugu\u00eas<\/p>\n\n\n\n<p>Page Flip: Habilitado<\/p>\n","protected":false},"excerpt":{"rendered":"<p>de: Galeno Adquirir Vers\u00e3o Ebook Sobre As Faculdades Naturais Conhe\u00e7a nossos posts sobre Galeno Nesta obra, at\u00e9 agora in\u00e9dita em portugu\u00eas, o c\u00e9lebre m\u00e9dico da Antiguidade, Cl\u00e1udio Galeno, discute os princ\u00edpios te\u00f3ricos que, segundo sua concep\u00e7\u00e3o, s\u00e3o essenciais para o funcionamento dos organismos, principalmente dos seres humanas. Sua aten\u00e7\u00e3o \u00e9\u2026<\/p>\n<p class=\"continue-reading-button\"> <a class=\"continue-reading-link\" href=\"https:\/\/antoniofontoura.com.br\/site\/principais-obras\/sobre-as-faculdades-naturais\/\">Leia mais<i class=\"crycon-right-dir\"><\/i><\/a><\/p>\n","protected":false},"author":1,"featured_media":381,"parent":42,"menu_order":0,"comment_status":"closed","ping_status":"closed","template":"","meta":[],"_links":{"self":[{"href":"https:\/\/antoniofontoura.com.br\/site\/wp-json\/wp\/v2\/pages\/428"}],"collection":[{"href":"https:\/\/antoniofontoura.com.br\/site\/wp-json\/wp\/v2\/pages"}],"about":[{"href":"https:\/\/antoniofontoura.com.br\/site\/wp-json\/wp\/v2\/types\/page"}],"author":[{"embeddable":true,"href":"https:\/\/antoniofontoura.com.br\/site\/wp-json\/wp\/v2\/users\/1"}],"replies":[{"embeddable":true,"href":"https:\/\/antoniofontoura.com.br\/site\/wp-json\/wp\/v2\/comments?post=428"}],"version-history":[{"count":1,"href":"https:\/\/antoniofontoura.com.br\/site\/wp-json\/wp\/v2\/pages\/428\/revisions"}],"predecessor-version":[{"id":1142,"href":"https:\/\/antoniofontoura.com.br\/site\/wp-json\/wp\/v2\/pages\/428\/revisions\/1142"}],"up":[{"embeddable":true,"href":"https:\/\/antoniofontoura.com.br\/site\/wp-json\/wp\/v2\/pages\/42"}],"wp:featuredmedia":[{"embeddable":true,"href":"https:\/\/antoniofontoura.com.br\/site\/wp-json\/wp\/v2\/media\/381"}],"wp:attachment":[{"href":"https:\/\/antoniofontoura.com.br\/site\/wp-json\/wp\/v2\/media?parent=428"}],"curies":[{"name":"wp","href":"https:\/\/api.w.org\/{rel}","templated":true}]}}