{"id":450,"date":"2021-09-02T17:20:34","date_gmt":"2021-09-02T17:20:34","guid":{"rendered":"http:\/\/antoniofontoura.com.br\/site\/?page_id=450"},"modified":"2024-10-31T17:31:13","modified_gmt":"2024-10-31T17:31:13","slug":"as-saturnalias","status":"publish","type":"page","link":"https:\/\/antoniofontoura.com.br\/site\/principais-obras\/as-saturnalias\/","title":{"rendered":"As Saturn\u00e1lias"},"content":{"rendered":"\n<h2 class=\"wp-block-heading\">de: Macr\u00f3bio<\/h2>\n\n\n<div class=\"wp-block-image\">\n<figure class=\"aligncenter\"><a href=\"https:\/\/www.amazon.com.br\/dp\/B09B5MQWBW\"><img decoding=\"async\" loading=\"lazy\" width=\"211\" height=\"300\" src=\"https:\/\/antoniofontoura.com.br\/site\/wp-content\/uploads\/2021\/08\/saturnalia-capinha-211x300.jpg\" alt=\"\" class=\"wp-image-388\" srcset=\"https:\/\/antoniofontoura.com.br\/site\/wp-content\/uploads\/2021\/08\/saturnalia-capinha-211x300.jpg 211w, https:\/\/antoniofontoura.com.br\/site\/wp-content\/uploads\/2021\/08\/saturnalia-capinha-106x150.jpg 106w, https:\/\/antoniofontoura.com.br\/site\/wp-content\/uploads\/2021\/08\/saturnalia-capinha.jpg 231w\" sizes=\"(max-width: 211px) 100vw, 211px\" \/><\/a><\/figure><\/div>\n\n\n<h3 class=\"wp-block-heading\"><a href=\"https:\/\/www.amazon.com.br\/dp\/B09B5MQWBW\"><strong>Adquirir Vers\u00e3o Ebook<\/strong><\/a><\/h3>\n\n\n\n<hr class=\"wp-block-separator has-alpha-channel-opacity\"\/>\n\n\n\n<h4 class=\"wp-block-heading\">Sobre As Saturn\u00e1lias<\/h4>\n\n\n\n<p><a href=\"http:\/\/antoniofontoura.com.br\/site\/category\/macrobio\/\">Conhe\u00e7a nossos posts sobre As Saturn\u00e1lias<\/a><\/p>\n\n\n\n<p>Um dos mais curiosos livros do final da Antiguidade Romana, As Saturn\u00e1lias \u00e9 um comp\u00eandio de conhecimentos, curiosidades e informa\u00e7\u00f5es, das mais diversas \u00e1reas que seu autor, o gram\u00e1tico Macr\u00f3bio, acreditavam serem \u00fateis a uma completa forma\u00e7\u00e3o educacional.<\/p>\n\n\n\n<p>Escrita sob a forma de conversas, As Saturn\u00e1lias narram as discuss\u00f5es de um grupo de amigos que se re\u00fanem durante a Saturn\u00e1lia romana &#8211; festa ocorrida no final do ano &#8211; e decidem aproveitar seu tempo ocioso para discutir diferentes temas como religiosidade, gram\u00e1tica, comportamentos, conhecimentos.<\/p>\n\n\n\n<p>Um aspecto interessante da obra s\u00e3o os conhecimentos que podemos obter sobre a vida cotidiana dos romanos ao final da Antiguidade cl\u00e1ssica. Seu comportamento em festas, suas bebidas, seu relacionamento com os escravos &#8211; detalhes do viver romano que, de outra forma, ter\u00edamos dificuldade em conhecer.<\/p>\n\n\n\n<figure class=\"wp-block-embed is-type-rich is-provider-amazon wp-block-embed-amazon\"><div class=\"wp-block-embed__wrapper\">\n<iframe loading=\"lazy\" title=\"As Saturn\u00e1lias: Livro I (Cl\u00e1ssicos)\" type=\"text\/html\" width=\"900\" height=\"550\" frameborder=\"0\" allowfullscreen style=\"max-width:100%\" src=\"https:\/\/ler.amazon.com.br\/kp\/card?preview=inline&#038;linkCode=kpd&#038;ref_=k4w_oembed_REVoDF2m9NkHMr&#038;asin=B09B5MQWBW&#038;tag=kpembed-20\"><\/iframe>\n<\/div><\/figure>\n\n\n\n<hr class=\"wp-block-separator has-alpha-channel-opacity\"\/>\n\n\n\n<h4 class=\"wp-block-heading\">Sobre o Autor<\/h4>\n\n\n\n<p><strong>Macr\u00f3bio<\/strong>&nbsp;(falecido em cerca de 400 d.C.) foi um gram\u00e1tico da Antiguidade Romana.<\/p>\n\n\n\n<hr class=\"wp-block-separator has-alpha-channel-opacity\"\/>\n\n\n\n<h4 class=\"wp-block-heading\">Caracter\u00edsticas<\/h4>\n\n\n\n<p>ASIN \u200f : \u200e B09B5MQWBW<br>Editora \u200f : \u200e antoniofontoura (23 julho 2021)<br>Idioma \u200f : \u200e Portugu\u00eas<br>Tamanho do arquivo \u200f : \u200e 564 KB<br>Leitura de texto \u200f : \u200e Habilitado<br>Configura\u00e7\u00e3o de fonte \u200f : \u200e Habilitado<br>Dicas de vocabul\u00e1rio \u200f : \u200e N\u00e3o habilitado<\/p>\n","protected":false},"excerpt":{"rendered":"<p>de: Macr\u00f3bio Adquirir Vers\u00e3o Ebook Sobre As Saturn\u00e1lias Conhe\u00e7a nossos posts sobre As Saturn\u00e1lias Um dos mais curiosos livros do final da Antiguidade Romana, As Saturn\u00e1lias \u00e9 um comp\u00eandio de conhecimentos, curiosidades e informa\u00e7\u00f5es, das mais diversas \u00e1reas que seu autor, o gram\u00e1tico Macr\u00f3bio, acreditavam serem \u00fateis a uma completa\u2026<\/p>\n<p class=\"continue-reading-button\"> <a class=\"continue-reading-link\" href=\"https:\/\/antoniofontoura.com.br\/site\/principais-obras\/as-saturnalias\/\">Leia mais<i class=\"crycon-right-dir\"><\/i><\/a><\/p>\n","protected":false},"author":1,"featured_media":0,"parent":42,"menu_order":0,"comment_status":"closed","ping_status":"closed","template":"","meta":[],"_links":{"self":[{"href":"https:\/\/antoniofontoura.com.br\/site\/wp-json\/wp\/v2\/pages\/450"}],"collection":[{"href":"https:\/\/antoniofontoura.com.br\/site\/wp-json\/wp\/v2\/pages"}],"about":[{"href":"https:\/\/antoniofontoura.com.br\/site\/wp-json\/wp\/v2\/types\/page"}],"author":[{"embeddable":true,"href":"https:\/\/antoniofontoura.com.br\/site\/wp-json\/wp\/v2\/users\/1"}],"replies":[{"embeddable":true,"href":"https:\/\/antoniofontoura.com.br\/site\/wp-json\/wp\/v2\/comments?post=450"}],"version-history":[{"count":1,"href":"https:\/\/antoniofontoura.com.br\/site\/wp-json\/wp\/v2\/pages\/450\/revisions"}],"predecessor-version":[{"id":1108,"href":"https:\/\/antoniofontoura.com.br\/site\/wp-json\/wp\/v2\/pages\/450\/revisions\/1108"}],"up":[{"embeddable":true,"href":"https:\/\/antoniofontoura.com.br\/site\/wp-json\/wp\/v2\/pages\/42"}],"wp:attachment":[{"href":"https:\/\/antoniofontoura.com.br\/site\/wp-json\/wp\/v2\/media?parent=450"}],"curies":[{"name":"wp","href":"https:\/\/api.w.org\/{rel}","templated":true}]}}