{"id":482,"date":"2021-11-11T19:40:56","date_gmt":"2021-11-11T19:40:56","guid":{"rendered":"http:\/\/antoniofontoura.com.br\/site\/?page_id=482"},"modified":"2024-10-31T17:54:57","modified_gmt":"2024-10-31T17:54:57","slug":"terrorismo-e-comunismo","status":"publish","type":"page","link":"https:\/\/antoniofontoura.com.br\/site\/principais-obras\/terrorismo-e-comunismo\/","title":{"rendered":"Terrorismo e Comunismo"},"content":{"rendered":"\n<h2 class=\"wp-block-heading\">de: Karl Kautsky<\/h2>\n\n\n<div class=\"wp-block-image\">\n<figure class=\"aligncenter\"><img decoding=\"async\" loading=\"lazy\" width=\"231\" height=\"328\" src=\"https:\/\/antoniofontoura.com.br\/site\/wp-content\/uploads\/2021\/11\/kautsky_capinha.jpg\" alt=\"\" class=\"wp-image-481\" srcset=\"https:\/\/antoniofontoura.com.br\/site\/wp-content\/uploads\/2021\/11\/kautsky_capinha.jpg 231w, https:\/\/antoniofontoura.com.br\/site\/wp-content\/uploads\/2021\/11\/kautsky_capinha-211x300.jpg 211w, https:\/\/antoniofontoura.com.br\/site\/wp-content\/uploads\/2021\/11\/kautsky_capinha-106x150.jpg 106w\" sizes=\"(max-width: 231px) 100vw, 231px\" \/><\/figure><\/div>\n\n\n<h3 class=\"wp-block-heading\"><strong>Clique em sua loja preferida para adquirir o livro:<\/strong><\/h3>\n\n\n<div class=\"wp-block-image\">\n<figure class=\"aligncenter\"><a href=\"https:\/\/www.americanas.com.br\/produto\/4250331873?pfm_carac=terrorismo-e-comunismo&amp;pfm_page=search&amp;pfm_pos=grid&amp;pfm_type=search_page&amp;offerId=617abebcd9fd6edeecc76f4b\"><img decoding=\"async\" loading=\"lazy\" width=\"144\" height=\"21\" src=\"https:\/\/antoniofontoura.com.br\/site\/wp-content\/uploads\/2021\/11\/logo_americanas.jpg\" alt=\"\" class=\"wp-image-460\"\/><\/a><\/figure><\/div>\n\n<div class=\"wp-block-image\">\n<figure class=\"aligncenter\"><a href=\"https:\/\/www.estantevirtual.com.br\/busca?q=terrorismo%20e%20comunismo\"><img decoding=\"async\" loading=\"lazy\" width=\"70\" height=\"28\" src=\"https:\/\/antoniofontoura.com.br\/site\/wp-content\/uploads\/2021\/11\/logo_estantevirtual.jpg\" alt=\"\" class=\"wp-image-464\"\/><\/a><\/figure><\/div>\n\n<div class=\"wp-block-image\">\n<figure class=\"aligncenter\"><a href=\"https:\/\/clubedeautores.com.br\/livro\/terrorismo-e-comunismo\"><img decoding=\"async\" loading=\"lazy\" width=\"129\" height=\"49\" src=\"https:\/\/antoniofontoura.com.br\/site\/wp-content\/uploads\/2021\/11\/logo_clubedeautores.jpg\" alt=\"\" class=\"wp-image-461\"\/><\/a><\/figure><\/div>\n\n<div class=\"wp-block-image\">\n<figure class=\"aligncenter\"><a href=\"https:\/\/www.submarino.com.br\/produto\/4250331873?pfm_carac=terrorismo-e-comunismo&amp;pfm_page=search&amp;pfm_pos=grid&amp;pfm_type=search_page\"><img decoding=\"async\" loading=\"lazy\" width=\"87\" height=\"51\" src=\"https:\/\/antoniofontoura.com.br\/site\/wp-content\/uploads\/2021\/11\/logo_submarino.jpg\" alt=\"\" class=\"wp-image-463\"\/><\/a><\/figure><\/div>\n\n\n<h3 class=\"wp-block-heading\"><a href=\"https:\/\/www.amazon.com.br\/Terrorismo-Comunismo-contribui%C3%A7%C3%A3o-hist%C3%B3ria-revolu%C3%A7%C3%A3o-ebook\/dp\/B09GYRMXNM\/ref=sr_1_1?__mk_pt_BR=%C3%85M%C3%85%C5%BD%C3%95%C3%91&amp;crid=3L7IF9WW8UGJW&amp;keywords=terrorismo+e+comunismo&amp;qid=1691072032&amp;s=digital-text&amp;sprefix=terrorismo+e+comunismo%2Cdigital-text%2C194&amp;sr=1-1\"><strong>Prefere a vers\u00e3o ebook? Aqduira na Amazon.<\/strong><\/a><br>\n<a href=\"https:\/\/www.amazon.com.br\/dp\/B09GYRMXNM\"><img decoding=\"async\" loading=\"lazy\" class=\"alignnone size-full wp-image-467\" src=\"https:\/\/antoniofontoura.com.br\/site\/wp-content\/uploads\/2021\/11\/testeamz.jpg\" alt=\"\" width=\"68\" height=\"25\"><\/a><\/h3>\n\n\n\n<hr class=\"wp-block-separator has-alpha-channel-opacity\"\/>\n\n\n\n<h4 class=\"wp-block-heading\">Sobre Terrorismo e Comunismo: Uma contribui\u00e7\u00e3o \u00e0 hist\u00f3ria natural da Revolu\u00e7\u00e3o<\/h4>\n\n\n\n<p><a href=\"http:\/\/antoniofontoura.com.br\/site\/category\/kautsky\/\">Conhe\u00e7a nossos posts sobre Karl Kautsky<\/a><\/p>\n\n\n\n<p>Terrorismo e Comunismo, do pensador tcheco-austr\u00edaco Karl Kautsky, nasceu como obra pol\u00eamica. Publicada originalmente em 1919, procura estabelecer paralelos entre o Regime do Terror institu\u00eddo na Revolu\u00e7\u00e3o Francesa, a Comuna de Paris de 1871, e a Revolu\u00e7\u00e3o Bolchevique, na R\u00fassia de 1917. Utilizando-se profusamente de dados hist\u00f3ricos, Kautsky procura demonstrar que o governo Comunista russo, que se instalara no poder em 1917, pouco se assemelhava \u00e0 Comuna de Paris, e possu\u00eda maior identidade com o Regime de Terror imposto por Robespierre no s\u00e9culo XVIII.<\/p>\n\n\n\n<p>Kautsky, criticando especialmente L\u00eanin e Trotsky, procura demonstrar que o caminho adotado pelos bolcheviques n\u00e3o poderia ser denominado de Socialista como. Na verdade, como se estruturou, acabou representando o oposto do que defendiam os verdadeiros socialistas. A democracia e o respeito \u00e0 humanidade, dir\u00e1 Kautsky, s\u00e3o os verdadeiros objetivos hist\u00f3ricos do proletariado \u2013 e n\u00e3o a matan\u00e7a indiscriminada de condenados por tribunais improvisados. \u201cTal como o velho capitalismo\u201d, afirma Kautsky, imitando Marx, \u201ceste novo \u2018comunismo\u2019 produziu por si s\u00f3 seus pr\u00f3prios \u2018coveiros\u2019\u201d.<\/p>\n\n\n\n<p>Esta obra \u00e9 uma das mais famosas e menos lidas nas Ci\u00eancias Humanas e Sociais e da hist\u00f3ria do desenvolvimento do pensamento marxista. Muito mais lida e conhecida (e traduzida) \u00e9 a defesa de Trotsky dos m\u00e9todos sovi\u00e9ticos de governo e, inclusive, do terrorismo. H\u00e1 algo de dram\u00e1tico em lembrar que a identidade entre Trotsky e Robespierre ultrapassou a cren\u00e7a nos objetivos da viol\u00eancia revolucion\u00e1ria; a hist\u00f3ria repetiu-se como farsa (como, ali\u00e1s, adora fazer) nos paralelos que existem tamb\u00e9m entre sua morte e a do l\u00edder Jacobino.<\/p>\n\n\n\n<p>Ler apenas a cr\u00edtica de Trotsky (que utiliza, ali\u00e1s, o mesmo t\u00edtulo que a obra de Kautsky) \u00e9 conhecer apenas um lado do argumento. Em Kaustky n\u00e3o temos apenas um cr\u00edtico do modelo bolchevique de pensar o socialismo e a revolu\u00e7\u00e3o. H\u00e1 tamb\u00e9m um projeto alternativo de pensamento socialista que, com sua defesa da democracia, da conquista do poder de forma gradual por meio de elei\u00e7\u00f5es, e a rejei\u00e7\u00e3o \u00e0 viol\u00eancia, acabou sendo vencido na segunda metade do s\u00e9culo XX. Os conceitos de Revolu\u00e7\u00e3o e Ditadura, como concebidos pelos bolcheviques, fundados tamb\u00e9m pela propaganda pol\u00edtica russa \u2013 atacada, da mesma forma, por Kautsky \u2013 aos poucos se tornaram dominantes no pensamento da esquerda no Ocidente. Inclui-se a\u00ed o Brasil.<\/p>\n\n\n\n<figure class=\"wp-block-embed is-type-rich is-provider-amazon wp-block-embed-amazon\"><div class=\"wp-block-embed__wrapper\">\n<iframe loading=\"lazy\" title=\"Terrorismo e Comunismo: Uma contribui\u00e7\u00e3o \u00e0 hist\u00f3ria natural da revolu\u00e7\u00e3o\" type=\"text\/html\" width=\"900\" height=\"550\" frameborder=\"0\" allowfullscreen style=\"max-width:100%\" src=\"https:\/\/ler.amazon.com.br\/kp\/card?preview=inline&#038;linkCode=kpd&#038;ref_=k4w_oembed_F8bTCCuidoid4J&#038;asin=B09GYRMXNM&#038;tag=kpembed-20\"><\/iframe>\n<\/div><\/figure>\n\n\n\n<hr class=\"wp-block-separator has-alpha-channel-opacity\"\/>\n\n\n\n<h4 class=\"wp-block-heading\">Sobre o Autor<\/h4>\n\n\n\n<p><strong>Karl Kautsky<\/strong>&nbsp;(1854-1938) foi um fil\u00f3sofo tcheco-austr\u00edaco, e um dos mais importantes pensadores comunistas do s\u00e9culo XX. Seus embates com os bolcheviques, especialmente L\u00eanin e Trotsky, revelam muito das diverg\u00eancias no pensamento e nas lutas socialistas do \u00faltimo s\u00e9culo.<\/p>\n\n\n\n<hr class=\"wp-block-separator has-alpha-channel-opacity\"\/>\n\n\n\n<h4 class=\"wp-block-heading\">Caracter\u00edsticas<\/h4>\n\n\n\n<p>N\u00famero de p\u00e1ginas: 198<\/p>\n\n\n\n<p>Dimens\u00f5es: 148&#215;210 mm<\/p>\n\n\n\n<p>Acabamento: Brochura<\/p>\n\n\n\n<p>ISBN:&nbsp;9786500313154<\/p>\n\n\n\n<p>Tipo de papel: Offset 75g<\/p>\n","protected":false},"excerpt":{"rendered":"<p>de: Karl Kautsky Clique em sua loja preferida para adquirir o livro: Prefere a vers\u00e3o ebook? Aqduira na Amazon. Sobre Terrorismo e Comunismo: Uma contribui\u00e7\u00e3o \u00e0 hist\u00f3ria natural da Revolu\u00e7\u00e3o Conhe\u00e7a nossos posts sobre Karl Kautsky Terrorismo e Comunismo, do pensador tcheco-austr\u00edaco Karl Kautsky, nasceu como obra pol\u00eamica. Publicada originalmente\u2026<\/p>\n<p class=\"continue-reading-button\"> <a class=\"continue-reading-link\" href=\"https:\/\/antoniofontoura.com.br\/site\/principais-obras\/terrorismo-e-comunismo\/\">Leia mais<i class=\"crycon-right-dir\"><\/i><\/a><\/p>\n","protected":false},"author":1,"featured_media":0,"parent":42,"menu_order":0,"comment_status":"closed","ping_status":"closed","template":"","meta":[],"_links":{"self":[{"href":"https:\/\/antoniofontoura.com.br\/site\/wp-json\/wp\/v2\/pages\/482"}],"collection":[{"href":"https:\/\/antoniofontoura.com.br\/site\/wp-json\/wp\/v2\/pages"}],"about":[{"href":"https:\/\/antoniofontoura.com.br\/site\/wp-json\/wp\/v2\/types\/page"}],"author":[{"embeddable":true,"href":"https:\/\/antoniofontoura.com.br\/site\/wp-json\/wp\/v2\/users\/1"}],"replies":[{"embeddable":true,"href":"https:\/\/antoniofontoura.com.br\/site\/wp-json\/wp\/v2\/comments?post=482"}],"version-history":[{"count":2,"href":"https:\/\/antoniofontoura.com.br\/site\/wp-json\/wp\/v2\/pages\/482\/revisions"}],"predecessor-version":[{"id":1146,"href":"https:\/\/antoniofontoura.com.br\/site\/wp-json\/wp\/v2\/pages\/482\/revisions\/1146"}],"up":[{"embeddable":true,"href":"https:\/\/antoniofontoura.com.br\/site\/wp-json\/wp\/v2\/pages\/42"}],"wp:attachment":[{"href":"https:\/\/antoniofontoura.com.br\/site\/wp-json\/wp\/v2\/media?parent=482"}],"curies":[{"name":"wp","href":"https:\/\/api.w.org\/{rel}","templated":true}]}}