{"id":499,"date":"2017-10-08T00:47:04","date_gmt":"2017-10-08T00:47:04","guid":{"rendered":"http:\/\/antoniofontoura.com.br\/site\/?page_id=2"},"modified":"2017-10-08T00:47:04","modified_gmt":"2017-10-08T00:47:04","slug":"sample-page-2","status":"publish","type":"page","link":"https:\/\/antoniofontoura.com.br\/site\/sample-page-2\/","title":{"rendered":"Sobre n\u00f3s"},"content":{"rendered":"<p>Uma min\u00fascula casa publicadora sediada em Curitibas. Pequinininha assim.<\/p>\n<p>Como competir com as gigantes do mundo editorial do Brasil? E mesmo do mundo, j\u00e1 que h\u00e1 livrarias e editoras de todo planeta que j\u00e1 chegaram ao pa\u00eds?<\/p>\n<p>Em primeiro lugar, confiando no que temos a oferecer.<\/p>\n<p>N\u00f3s pretendemos crescer o nosso cat\u00e1logo de maneira vagarosa, mas s\u00f3lida. Consistente. Apresentando livros que outras editoras n\u00e3o querem (ou n\u00e3o querem mais publicar). Seja porque s\u00e3o livros de dif\u00edcil tradu\u00e7\u00e3o, seja porque possuam vendagem que n\u00e3o \u00e9 de bestseller (Cesare Lombroso n\u00e3o \u00e9 nenhum <em>youtuber<\/em>). Seja, inclusive porque os livros s\u00e3o muito extensos &#8211; o que os torna caros de serem mantidos, pelas grandes editoras, em seus estoques.<\/p>\n<p>S\u00e3o com esses que a <strong>antoniofontoura<\/strong> pretende trabalhar. Textos importantes para o conhecimento acad\u00eamico, mas de dif\u00edcil obten\u00e7\u00e3o.<\/p>\n<p>Mas h\u00e1 mais. Queremos competir, tamb\u00e9m, por uma diferen\u00e7a de m\u00e9todo.<\/p>\n<p>Como assim?<\/p>\n<p>Seria bobagem nossa &#8211; um verdadeiro suic\u00eddio &#8211; se tent\u00e1ssemos copiar os modelos tradicionais de editora. Ser\u00edamos massacrados.<\/p>\n<p>Ent\u00e3o optamos pela sa\u00edda da editora virtual: a melhor op\u00e7\u00e3o para que a gente consiga manter em cat\u00e1logo as nossas obras.<\/p>\n<p>Como funciona? Quando um cliente compra um livro, n\u00f3s o imprimimos, embalamos, damos dois beijinhos na capa, e enviamos. Ou seja, n\u00e3o trabalhamos com estoque, n\u00e3o trabalhamos com produ\u00e7\u00e3o em massa.<\/p>\n<p>Sim, isso tem seus contras. O principal deles, \u00e9 que o livro demora um pouco mais, em compara\u00e7\u00e3o a outras editoras, para chegar \u00e0s suas m\u00e3os.<\/p>\n<p>Mas os pr\u00f3s s\u00e3o muito pr\u00f3s. S\u00e3o pr\u00f3s que valem a pena. Pois permitem que a gente mantenha em cat\u00e1logo livros imensos como &#8220;Psychopathia Sexualis&#8221; ou &#8220;A mulher delinquente&#8221; &#8211; ambas obras enormes, mas essenciais para os estudos hist\u00f3ricos, criminol\u00f3gicos, sociais, sociol\u00f3gicos, antropol\u00f3gicos. E muito mais.<\/p>\n<p>Passeie pelo site e descubra que nossos livros t\u00eam, cada um, uma hist\u00f3ria. Entre em contato conosco, pois adoramos bater papo. Adquira nossos livros pois nada nos far\u00e1 mais feliz do que saber que nosso suor intelectual est\u00e1 impresso, e ajudando a fazer do mundo um lugar um pouquinho mais inteligente.<\/p>\n<p>Aqui viria uma frase super legal de despedida, mas n\u00e3o conseguimos pensar em nenhuma!<\/p>\n<p>Abra\u00e7os,<br \/>\nEquipe <strong>antoniofontoura<\/strong>.<\/p>\n","protected":false},"excerpt":{"rendered":"<p>Uma min\u00fascula casa publicadora sediada em Curitibas. Pequinininha assim. Como competir com as gigantes do mundo editorial do Brasil? E mesmo do mundo, j\u00e1 que h\u00e1 livrarias e editoras de todo planeta que j\u00e1 chegaram ao pa\u00eds? Em primeiro lugar, confiando no que temos a oferecer. N\u00f3s pretendemos crescer o\u2026<\/p>\n<p class=\"continue-reading-button\"> <a class=\"continue-reading-link\" href=\"https:\/\/antoniofontoura.com.br\/site\/sample-page-2\/\">Leia mais<i class=\"crycon-right-dir\"><\/i><\/a><\/p>\n","protected":false},"author":1,"featured_media":0,"parent":0,"menu_order":1,"comment_status":"closed","ping_status":"closed","template":"","meta":[],"_links":{"self":[{"href":"https:\/\/antoniofontoura.com.br\/site\/wp-json\/wp\/v2\/pages\/499"}],"collection":[{"href":"https:\/\/antoniofontoura.com.br\/site\/wp-json\/wp\/v2\/pages"}],"about":[{"href":"https:\/\/antoniofontoura.com.br\/site\/wp-json\/wp\/v2\/types\/page"}],"author":[{"embeddable":true,"href":"https:\/\/antoniofontoura.com.br\/site\/wp-json\/wp\/v2\/users\/1"}],"replies":[{"embeddable":true,"href":"https:\/\/antoniofontoura.com.br\/site\/wp-json\/wp\/v2\/comments?post=499"}],"version-history":[{"count":0,"href":"https:\/\/antoniofontoura.com.br\/site\/wp-json\/wp\/v2\/pages\/499\/revisions"}],"wp:attachment":[{"href":"https:\/\/antoniofontoura.com.br\/site\/wp-json\/wp\/v2\/media?parent=499"}],"curies":[{"name":"wp","href":"https:\/\/api.w.org\/{rel}","templated":true}]}}