{"id":560,"date":"2022-10-15T21:40:30","date_gmt":"2022-10-15T21:40:30","guid":{"rendered":"https:\/\/antoniofontoura.com.br\/site\/?page_id=560"},"modified":"2024-10-31T17:47:08","modified_gmt":"2024-10-31T17:47:08","slug":"os-monges-de-cublai-ca","status":"publish","type":"page","link":"https:\/\/antoniofontoura.com.br\/site\/principais-obras\/os-monges-de-cublai-ca\/","title":{"rendered":"Os monges de Cublai C\u00e3"},"content":{"rendered":"<div class=\"wp-block-image\">\n<figure class=\"aligncenter size-full\"><img decoding=\"async\" loading=\"lazy\" width=\"231\" height=\"328\" src=\"https:\/\/antoniofontoura.com.br\/site\/wp-content\/uploads\/2022\/10\/capinha.jpg\" alt=\"\" class=\"wp-image-497\" srcset=\"https:\/\/antoniofontoura.com.br\/site\/wp-content\/uploads\/2022\/10\/capinha.jpg 231w, https:\/\/antoniofontoura.com.br\/site\/wp-content\/uploads\/2022\/10\/capinha-211x300.jpg 211w, https:\/\/antoniofontoura.com.br\/site\/wp-content\/uploads\/2022\/10\/capinha-106x150.jpg 106w\" sizes=\"(max-width: 231px) 100vw, 231px\" \/><\/figure><\/div>\n\n\n<div class=\"wp-block-columns is-layout-flex wp-container-9\">\n<div class=\"wp-block-column is-layout-flow\">\n<div class=\"wp-block-columns is-layout-flex wp-container-3\">\n<div class=\"wp-block-column is-layout-flow\">\n<figure class=\"wp-block-image size-full\"><a href=\"https:\/\/www.estantevirtual.com.br\/busca?utf8=%E2%9C%93&amp;q=Os%20Monges%20de%20Cublai%20C%C3%A3%20Imperador%20da%20China%20Raban%20Sauma\"><img decoding=\"async\" loading=\"lazy\" width=\"70\" height=\"28\" src=\"https:\/\/antoniofontoura.com.br\/site\/wp-content\/uploads\/2021\/11\/logo_estantevirtual.jpg\" alt=\"\" class=\"wp-image-464\"\/><\/a><\/figure>\n<\/div>\n\n\n\n<div class=\"wp-block-column is-layout-flow\">\n<figure class=\"wp-block-image size-full\"><a href=\"https:\/\/clubedeautores.com.br\/livro\/os-monges-de-cublai-ca-imperador-da-china\"><img decoding=\"async\" loading=\"lazy\" width=\"74\" height=\"28\" src=\"https:\/\/antoniofontoura.com.br\/site\/wp-content\/uploads\/2022\/10\/clube_autores_pq.jpg\" alt=\"\" class=\"wp-image-534\"\/><\/a><\/figure>\n<\/div>\n<\/div>\n<\/div>\n\n\n\n<div class=\"wp-block-column is-layout-flow\">\n<div class=\"wp-block-columns is-layout-flex wp-container-7\">\n<div class=\"wp-block-column is-layout-flow\">\n<figure class=\"wp-block-image size-full\"><a href=\"https:\/\/www.americanas.com.br\/busca\/9786500534580\"><img decoding=\"async\" loading=\"lazy\" width=\"144\" height=\"21\" src=\"https:\/\/antoniofontoura.com.br\/site\/wp-content\/uploads\/2021\/11\/logo_americanas.jpg\" alt=\"\" class=\"wp-image-460\"\/><\/a><\/figure>\n<\/div>\n\n\n\n<div class=\"wp-block-column is-layout-flow\">\n<figure class=\"wp-block-image size-full\"><a href=\"https:\/\/www.submarino.com.br\/busca\/9786500534580\"><img decoding=\"async\" loading=\"lazy\" width=\"87\" height=\"51\" src=\"https:\/\/antoniofontoura.com.br\/site\/wp-content\/uploads\/2021\/11\/logo_submarino.jpg\" alt=\"\" class=\"wp-image-463\"\/><\/a><\/figure>\n<\/div>\n<\/div>\n<\/div>\n<\/div>\n\n\n\n<hr class=\"wp-block-separator has-alpha-channel-opacity\"\/>\n\n\n\n<h3 class=\"wp-block-heading has-text-align-center\"><a href=\"https:\/\/www.amazon.com.br\/dp\/B0CDM9QNPY\">Prefere Ebooks? Adquira o seu na Amazon.<\/a><\/h3>\n\n\n\n<hr class=\"wp-block-separator has-alpha-channel-opacity\"\/>\n\n\n\n<p>Descubra nossos posts relacionados \u00e0 obra &#8220;<a href=\"https:\/\/antoniofontoura.com.br\/site\/category\/raban\/\" data-type=\"category\" data-id=\"19\"><strong>Os Monges de Cublai C\u00e3<\/strong><\/a>&#8220;.<\/p>\n\n\n\n<p>O subt\u00edtulo da obra \u00e9 ainda mais instigante: &#8220;A Hist\u00f3ria da vida e das viagens de Raban Sauma, enviado e plenipotent\u00e1rio dos C\u00e3s Mong\u00f3is aos Reis da Europa, e de Markos que como Mar Iabalaha III tornou-se Patriarca da Igreja Crist\u00e3 na \u00c1sia&#8221;. <\/p>\n\n\n\n<p>Nesta obra at\u00e9 agora in\u00e9dita em portugu\u00eas, Raban Sauma, um monge crist\u00e3o chin\u00eas, provavelmente de etnia Uigur, relata suas experi\u00eancias enquanto um religioso crist\u00e3o na \u00c1sia. Desde suas tentativas de alcan\u00e7ar Jerusal\u00e9m (sem sucesso), at\u00e9 testemunhar como seu amigo, Raban Markos, acaba se tornando Patriarca da Igreja Crist\u00e3 do Oriente, adotando o nome de Iabalaha III.<\/p>\n\n\n\n<p>Mas o que talvez seja o mais interessante de seu longo relato, \u00e9 seu testemunho de como viajou para a Europa, enquanto representante de Cublai C\u00e3 &#8211; o Imperador Mongol &#8211; para encontrar Reis Crist\u00e3os na Europa, na tentativa de construir uma alian\u00e7a militar contra a expans\u00e3o mu\u00e7ulmana na \u00c1sia.<\/p>\n\n\n\n<p>A viagem de Raban Sauma como diplomata dos C\u00e3s Mong\u00f3is n\u00e3o teve sucesso. Mas, ainda assim, seu relato nos d\u00e1 uma vis\u00e3o totalmente original de como um oriental do s\u00e9culo XIII, viajando por culturas muito diferentes da sua, viu e procurou entender o mundo Ocidental que conheceu. <\/p>\n\n\n\n<p>Trata-se de uma obra original e valiosa &#8211; \u00fanica no Brasil. <\/p>\n\n\n\n<p>O tradutor do texto sir\u00edaco \u00e9 <strong>Wallis Budge<\/strong>, durante muitos anos diretor do departamento Oriental do Museu Brit\u00e2nico. <\/p>\n\n\n\n<figure class=\"wp-block-embed is-type-rich is-provider-amazon wp-block-embed-amazon\"><div class=\"wp-block-embed__wrapper\">\n<iframe loading=\"lazy\" title=\"Os monges de Cublai C\u00e3 Imperador da China: A hist\u00f3ria da vida e das viagens de Raban Sauma enviado dos C\u00e3s Mong\u00f3is aos Reis da Europa\" type=\"text\/html\" width=\"900\" height=\"550\" frameborder=\"0\" allowfullscreen style=\"max-width:100%\" src=\"https:\/\/ler.amazon.com.br\/kp\/card?preview=inline&#038;linkCode=kpd&#038;ref_=k4w_oembed_dKIk7a364VeQYR&#038;asin=B0CDM9QNPY&#038;tag=kpembed-20\"><\/iframe>\n<\/div><\/figure>\n\n\n\n<hr class=\"wp-block-separator has-alpha-channel-opacity\"\/>\n\n\n\n<p><strong>Sobre o autor<\/strong>: Raban Sauma (1220-1294) foi um religioso crist\u00e3o chin\u00eas, que viveu \u00e0 \u00e9poca do dom\u00ednio Mongol.<\/p>\n\n\n\n<hr class=\"wp-block-separator has-alpha-channel-opacity\"\/>\n\n\n\n<h4 class=\"wp-block-heading\">Dados da obra<\/h4>\n\n\n\n<p>ISBN: 9786500534580<br>N\u00famero de p\u00e1ginas: 179<br>Formato: 148x210mm<br>Acabamento: Brochura c\/ orelha<br>Colora\u00e7\u00e3o: Preto e branco<br>Tipo de papel: Offset 75g<br>Idioma: Portugu\u00eas<\/p>\n","protected":false},"excerpt":{"rendered":"<p>Prefere Ebooks? Adquira o seu na Amazon. Descubra nossos posts relacionados \u00e0 obra &#8220;Os Monges de Cublai C\u00e3&#8220;. O subt\u00edtulo da obra \u00e9 ainda mais instigante: &#8220;A Hist\u00f3ria da vida e das viagens de Raban Sauma, enviado e plenipotent\u00e1rio dos C\u00e3s Mong\u00f3is aos Reis da Europa, e de Markos que\u2026<\/p>\n<p class=\"continue-reading-button\"> <a class=\"continue-reading-link\" href=\"https:\/\/antoniofontoura.com.br\/site\/principais-obras\/os-monges-de-cublai-ca\/\">Leia mais<i class=\"crycon-right-dir\"><\/i><\/a><\/p>\n","protected":false},"author":1,"featured_media":0,"parent":42,"menu_order":0,"comment_status":"closed","ping_status":"closed","template":"","meta":[],"_links":{"self":[{"href":"https:\/\/antoniofontoura.com.br\/site\/wp-json\/wp\/v2\/pages\/560"}],"collection":[{"href":"https:\/\/antoniofontoura.com.br\/site\/wp-json\/wp\/v2\/pages"}],"about":[{"href":"https:\/\/antoniofontoura.com.br\/site\/wp-json\/wp\/v2\/types\/page"}],"author":[{"embeddable":true,"href":"https:\/\/antoniofontoura.com.br\/site\/wp-json\/wp\/v2\/users\/1"}],"replies":[{"embeddable":true,"href":"https:\/\/antoniofontoura.com.br\/site\/wp-json\/wp\/v2\/comments?post=560"}],"version-history":[{"count":4,"href":"https:\/\/antoniofontoura.com.br\/site\/wp-json\/wp\/v2\/pages\/560\/revisions"}],"predecessor-version":[{"id":1134,"href":"https:\/\/antoniofontoura.com.br\/site\/wp-json\/wp\/v2\/pages\/560\/revisions\/1134"}],"up":[{"embeddable":true,"href":"https:\/\/antoniofontoura.com.br\/site\/wp-json\/wp\/v2\/pages\/42"}],"wp:attachment":[{"href":"https:\/\/antoniofontoura.com.br\/site\/wp-json\/wp\/v2\/media?parent=560"}],"curies":[{"name":"wp","href":"https:\/\/api.w.org\/{rel}","templated":true}]}}