{"id":656,"date":"2023-08-05T19:04:59","date_gmt":"2023-08-05T19:04:59","guid":{"rendered":"https:\/\/antoniofontoura.com.br\/site\/?page_id=656"},"modified":"2024-10-31T17:12:31","modified_gmt":"2024-10-31T17:12:31","slug":"a-cancao-dos-nibelungos","status":"publish","type":"page","link":"https:\/\/antoniofontoura.com.br\/site\/principais-obras\/a-cancao-dos-nibelungos\/","title":{"rendered":"A Can\u00e7\u00e3o dos Nibelungos"},"content":{"rendered":"\n<h3 class=\"wp-block-heading\">Autor an\u00f4nimo do s\u00e9culo XIII<\/h3>\n\n\n<div class=\"wp-block-image\">\n<figure class=\"aligncenter size-full\"><a href=\"https:\/\/clubedeautores.com.br\/livro\/a-cancao-dos-nibelungos\"><img decoding=\"async\" loading=\"lazy\" width=\"231\" height=\"328\" src=\"https:\/\/antoniofontoura.com.br\/site\/wp-content\/uploads\/2023\/08\/capa_photopea_4e.jpg\" alt=\"\" class=\"wp-image-599\" srcset=\"https:\/\/antoniofontoura.com.br\/site\/wp-content\/uploads\/2023\/08\/capa_photopea_4e.jpg 231w, https:\/\/antoniofontoura.com.br\/site\/wp-content\/uploads\/2023\/08\/capa_photopea_4e-211x300.jpg 211w, https:\/\/antoniofontoura.com.br\/site\/wp-content\/uploads\/2023\/08\/capa_photopea_4e-106x150.jpg 106w\" sizes=\"(max-width: 231px) 100vw, 231px\" \/><\/a><figcaption class=\"wp-element-caption\"> <\/figcaption><\/figure><\/div>\n\n<div class=\"wp-block-image\">\n<figure class=\"aligncenter size-full\"><a href=\"https:\/\/clubedeautores.com.br\/livro\/a-cancao-dos-nibelungos\"><img decoding=\"async\" loading=\"lazy\" width=\"74\" height=\"28\" src=\"https:\/\/antoniofontoura.com.br\/site\/wp-content\/uploads\/2022\/10\/clube_autores_pq.jpg\" alt=\"\" class=\"wp-image-534\"\/><\/a><\/figure><\/div>\n\n\n<h3 class=\"wp-block-heading has-text-align-center\">Prefere Ebooks? Adquira o Ebook pela <a href=\"https:\/\/www.amazon.com.br\/dp\/B0CDB3M4DR\">Amazon<\/a>.<\/h3>\n\n\n\n<hr class=\"wp-block-separator has-alpha-channel-opacity\"\/>\n\n\n\n<p class=\"has-small-font-size\"><a href=\"http:\/\/antoniofontoura.com.br\/site\/category\/nibelungos\/\">Conhe\u00e7a nossos post sobre &#8220;A can\u00e7\u00e3o dos Nibelungos&#8221;.<\/a><\/p>\n\n\n\n<p>&#8220;A Can\u00e7\u00e3o dos Nibelungos&#8221; &#8211; &#8220;Das Nibelungenlied&#8221;, no original &#8211; \u00e9 uma das obras mais importantes da literatura medieval alem\u00e3 e da literatura \u00e9pica em geral. A obra preserva a tradi\u00e7\u00e3o oral germ\u00e2nica e escandinava, transmitindo lendas, mitos e valores culturais das sociedades medievais. Oferece uma vis\u00e3o rica e detalhada da vida e das cren\u00e7as daquela \u00e9poca, revelando costumes, tradi\u00e7\u00f5es, hierarquias sociais e valores \u00e9ticos.<\/p>\n\n\n\n<p>Al\u00e9m disso, a epopeia exalta ideais her\u00f3icos atrav\u00e9s de personagens como Siegfrido, Hagen e Crimilda, que personificam valores nobres, coragem, lealdade e honra, mas tamb\u00e9m apresentam suas falhas humanas que conduzem \u00e0 trag\u00e9dia. Com temas universais como amor, trai\u00e7\u00e3o, vingan\u00e7a e poder, a epopeia permanece relevante e ressoa na literatura e na cultura contempor\u00e2nea.<\/p>\n\n\n\n<p>&#8220;A Can\u00e7\u00e3o dos Nibelungos&#8221; \u00e9 um tesouro da literatura mundial, representando uma das mais significativas epopeias medievais. Sua relev\u00e2ncia transcende sua \u00e9poca e local de origem, continuando a encantar e inspirar leitores e estudiosos ao redor do mundo.<\/p>\n\n\n\n<figure class=\"wp-block-embed aligncenter is-type-rich is-provider-amazon wp-block-embed-amazon\"><div class=\"wp-block-embed__wrapper\">\n<iframe loading=\"lazy\" title=\"A Can\u00e7\u00e3o dos Nibelungos\" type=\"text\/html\" width=\"900\" height=\"550\" frameborder=\"0\" allowfullscreen style=\"max-width:100%\" src=\"https:\/\/ler.amazon.com.br\/kp\/card?preview=inline&#038;linkCode=kpd&#038;ref_=k4w_oembed_iwXJ688bwfknYv&#038;asin=B0CDB3M4DR&#038;tag=kpembed-20\"><\/iframe>\n<\/div><\/figure>\n\n\n\n<hr class=\"wp-block-separator has-alpha-channel-opacity\"\/>\n\n\n\n<p><strong>Sobre o livro:<\/strong><\/p>\n\n\n\n<p>ISBN: 9786500786330<br>N\u00famero de p\u00e1ginas: 256<br>Edi\u00e7\u00e3o: 1 (2023)<br>Formato: A5 (148&#215;210)<br>Acabamento: Brochura c\/ orelha<br>Colora\u00e7\u00e3o: Preto e branco<br>Tipo de papel: Offset 75g<br>Idioma: Portugu\u00eas<\/p>\n","protected":false},"excerpt":{"rendered":"<p>Autor an\u00f4nimo do s\u00e9culo XIII Prefere Ebooks? Adquira o Ebook pela Amazon. Conhe\u00e7a nossos post sobre &#8220;A can\u00e7\u00e3o dos Nibelungos&#8221;. &#8220;A Can\u00e7\u00e3o dos Nibelungos&#8221; &#8211; &#8220;Das Nibelungenlied&#8221;, no original &#8211; \u00e9 uma das obras mais importantes da literatura medieval alem\u00e3 e da literatura \u00e9pica em geral. A obra preserva a\u2026<\/p>\n<p class=\"continue-reading-button\"> <a class=\"continue-reading-link\" href=\"https:\/\/antoniofontoura.com.br\/site\/principais-obras\/a-cancao-dos-nibelungos\/\">Leia mais<i class=\"crycon-right-dir\"><\/i><\/a><\/p>\n","protected":false},"author":1,"featured_media":0,"parent":42,"menu_order":0,"comment_status":"closed","ping_status":"closed","template":"","meta":[],"_links":{"self":[{"href":"https:\/\/antoniofontoura.com.br\/site\/wp-json\/wp\/v2\/pages\/656"}],"collection":[{"href":"https:\/\/antoniofontoura.com.br\/site\/wp-json\/wp\/v2\/pages"}],"about":[{"href":"https:\/\/antoniofontoura.com.br\/site\/wp-json\/wp\/v2\/types\/page"}],"author":[{"embeddable":true,"href":"https:\/\/antoniofontoura.com.br\/site\/wp-json\/wp\/v2\/users\/1"}],"replies":[{"embeddable":true,"href":"https:\/\/antoniofontoura.com.br\/site\/wp-json\/wp\/v2\/comments?post=656"}],"version-history":[{"count":5,"href":"https:\/\/antoniofontoura.com.br\/site\/wp-json\/wp\/v2\/pages\/656\/revisions"}],"predecessor-version":[{"id":1092,"href":"https:\/\/antoniofontoura.com.br\/site\/wp-json\/wp\/v2\/pages\/656\/revisions\/1092"}],"up":[{"embeddable":true,"href":"https:\/\/antoniofontoura.com.br\/site\/wp-json\/wp\/v2\/pages\/42"}],"wp:attachment":[{"href":"https:\/\/antoniofontoura.com.br\/site\/wp-json\/wp\/v2\/media?parent=656"}],"curies":[{"name":"wp","href":"https:\/\/api.w.org\/{rel}","templated":true}]}}