{"id":662,"date":"2023-08-05T19:27:52","date_gmt":"2023-08-05T19:27:52","guid":{"rendered":"https:\/\/antoniofontoura.com.br\/site\/?page_id=662"},"modified":"2024-10-31T17:54:17","modified_gmt":"2024-10-31T17:54:17","slug":"teoria-e-historia-da-historiografia","status":"publish","type":"page","link":"https:\/\/antoniofontoura.com.br\/site\/principais-obras\/teoria-e-historia-da-historiografia\/","title":{"rendered":"Teoria e hist\u00f3ria da Historiografia"},"content":{"rendered":"\n<h3 class=\"wp-block-heading\">De Benedetto Croce<\/h3>\n\n\n<div class=\"wp-block-image\">\n<figure class=\"aligncenter size-full\"><img decoding=\"async\" loading=\"lazy\" width=\"231\" height=\"328\" src=\"https:\/\/antoniofontoura.com.br\/site\/wp-content\/uploads\/2023\/08\/croce-capa-5a.jpg\" alt=\"\" class=\"wp-image-603\" srcset=\"https:\/\/antoniofontoura.com.br\/site\/wp-content\/uploads\/2023\/08\/croce-capa-5a.jpg 231w, https:\/\/antoniofontoura.com.br\/site\/wp-content\/uploads\/2023\/08\/croce-capa-5a-211x300.jpg 211w, https:\/\/antoniofontoura.com.br\/site\/wp-content\/uploads\/2023\/08\/croce-capa-5a-106x150.jpg 106w\" sizes=\"(max-width: 231px) 100vw, 231px\" \/><figcaption class=\"wp-element-caption\"> <\/figcaption><\/figure><\/div>\n\n<div class=\"wp-block-image\">\n<figure class=\"aligncenter size-full\"><a href=\"https:\/\/clubedeautores.com.br\/livro\/teoria-e-historia-da-historiografia\"><img decoding=\"async\" loading=\"lazy\" width=\"74\" height=\"28\" src=\"https:\/\/antoniofontoura.com.br\/site\/wp-content\/uploads\/2022\/10\/clube_autores_pq.jpg\" alt=\"\" class=\"wp-image-534\"\/><\/a><\/figure><\/div>\n\n\n<h3 class=\"wp-block-heading has-text-align-center\">Prefere Ebook? <a href=\"https:\/\/www.amazon.com.br\/dp\/B0CCKC4TFX\">Adquira o Ebook pela Amazon!<\/a><\/h3>\n\n\n\n<hr class=\"wp-block-separator has-alpha-channel-opacity\"\/>\n\n\n\n<p>&#8220;Teoria e hist\u00f3ria da historiografia&#8221;, do fil\u00f3sofo e historiador italiano Benedetto Croce, \u00e9 uma obra not\u00e1vel que oferece uma discuss\u00e3o profunda sobre a produ\u00e7\u00e3o historiogr\u00e1fica das primeiras d\u00e9cadas do s\u00e9culo XX, bem como sobre a rela\u00e7\u00e3o te\u00f3rica da historiografia com a pr\u00f3pria ideia de hist\u00f3ria. Originalmente publicada em 1917, essa obra se destaca como uma das mais influentes de Croce, devido \u00e0 sua abordagem filos\u00f3fica da hist\u00f3ria como uma ci\u00eancia humana \u00fanica e interpretativa, requerendo uma abordagem subjetiva e criativa por parte de historiadores.<\/p>\n\n\n\n<p>Croce defende a ideia de que apenas a hist\u00f3ria concebida a partir de uma interpreta\u00e7\u00e3o subjetiva dos eventos e processos do passado \u00e9 verdadeiramente significativa. Para ele, essa hist\u00f3ria concebida \u00e9 aquela que reflete a interpreta\u00e7\u00e3o mais profunda e criativa do passado.<\/p>\n\n\n\n<p>Ao longo do livro, Croce destaca a import\u00e2ncia da interpreta\u00e7\u00e3o subjetiva e criativa do passado, argumentando que a historiografia \u00e9 uma express\u00e3o da cultura e das circunst\u00e2ncias de cada \u00e9poca. Ele ressalta que o conhecimento hist\u00f3rico \u00e9 moldado pelas perspectivas individuais de historiadores, que inevitavelmente s\u00e3o influenciados pelos valores e cren\u00e7as de sua pr\u00f3pria sociedade.<\/p>\n\n\n\n<p>A abordagem filos\u00f3fica de Benedetto Croce em &#8220;Teoria e hist\u00f3ria da historiografia&#8221; continua a exercer uma profunda influ\u00eancia nos estudos hist\u00f3ricos e na teoria da hist\u00f3ria. Sua obra oferece uma perspectiva enriquecedora sobre o processo de constru\u00e7\u00e3o do conhecimento hist\u00f3rico, destacando a import\u00e2ncia da subjetividade e da criatividade na narrativa hist\u00f3rica.<\/p>\n\n\n\n<figure class=\"wp-block-embed is-type-rich is-provider-amazon wp-block-embed-amazon\"><div class=\"wp-block-embed__wrapper\">\n<iframe loading=\"lazy\" title=\"Teoria e Hist\u00f3ria da Historiografia\" type=\"text\/html\" width=\"900\" height=\"550\" frameborder=\"0\" allowfullscreen style=\"max-width:100%\" src=\"https:\/\/ler.amazon.com.br\/kp\/card?preview=inline&#038;linkCode=kpd&#038;ref_=k4w_oembed_Mk5WlhyMwZjPIh&#038;asin=B0CCKC4TFX&#038;tag=kpembed-20\"><\/iframe>\n<\/div><\/figure>\n\n\n\n<hr class=\"wp-block-separator has-alpha-channel-opacity\"\/>\n\n\n\n<p><strong>Detalhes do Livro<\/strong><\/p>\n\n\n\n<p>ISBN: 9786500786347<br>N\u00famero de p\u00e1ginas: 229<br>Edi\u00e7\u00e3o: 1 (2023)<br>Formato: A5 (148&#215;210)<br>Acabamento: Brochura c\/ orelha<br>Colora\u00e7\u00e3o: Preto e branco<br>Tipo de papel: Offset 75g<br>Idioma: Portugu\u00eas<\/p>\n","protected":false},"excerpt":{"rendered":"<p>De Benedetto Croce Prefere Ebook? Adquira o Ebook pela Amazon! &#8220;Teoria e hist\u00f3ria da historiografia&#8221;, do fil\u00f3sofo e historiador italiano Benedetto Croce, \u00e9 uma obra not\u00e1vel que oferece uma discuss\u00e3o profunda sobre a produ\u00e7\u00e3o historiogr\u00e1fica das primeiras d\u00e9cadas do s\u00e9culo XX, bem como sobre a rela\u00e7\u00e3o te\u00f3rica da historiografia com\u2026<\/p>\n<p class=\"continue-reading-button\"> <a class=\"continue-reading-link\" href=\"https:\/\/antoniofontoura.com.br\/site\/principais-obras\/teoria-e-historia-da-historiografia\/\">Leia mais<i class=\"crycon-right-dir\"><\/i><\/a><\/p>\n","protected":false},"author":1,"featured_media":0,"parent":42,"menu_order":0,"comment_status":"closed","ping_status":"closed","template":"","meta":[],"_links":{"self":[{"href":"https:\/\/antoniofontoura.com.br\/site\/wp-json\/wp\/v2\/pages\/662"}],"collection":[{"href":"https:\/\/antoniofontoura.com.br\/site\/wp-json\/wp\/v2\/pages"}],"about":[{"href":"https:\/\/antoniofontoura.com.br\/site\/wp-json\/wp\/v2\/types\/page"}],"author":[{"embeddable":true,"href":"https:\/\/antoniofontoura.com.br\/site\/wp-json\/wp\/v2\/users\/1"}],"replies":[{"embeddable":true,"href":"https:\/\/antoniofontoura.com.br\/site\/wp-json\/wp\/v2\/comments?post=662"}],"version-history":[{"count":3,"href":"https:\/\/antoniofontoura.com.br\/site\/wp-json\/wp\/v2\/pages\/662\/revisions"}],"predecessor-version":[{"id":1145,"href":"https:\/\/antoniofontoura.com.br\/site\/wp-json\/wp\/v2\/pages\/662\/revisions\/1145"}],"up":[{"embeddable":true,"href":"https:\/\/antoniofontoura.com.br\/site\/wp-json\/wp\/v2\/pages\/42"}],"wp:attachment":[{"href":"https:\/\/antoniofontoura.com.br\/site\/wp-json\/wp\/v2\/media?parent=662"}],"curies":[{"name":"wp","href":"https:\/\/api.w.org\/{rel}","templated":true}]}}