{"id":719,"date":"2024-02-04T20:13:00","date_gmt":"2024-02-04T20:13:00","guid":{"rendered":"https:\/\/antoniofontoura.com.br\/site\/?page_id=719"},"modified":"2024-10-31T17:43:14","modified_gmt":"2024-10-31T17:43:14","slug":"maria-ou-os-erros-da-mulher","status":"publish","type":"page","link":"https:\/\/antoniofontoura.com.br\/site\/principais-obras\/maria-ou-os-erros-da-mulher\/","title":{"rendered":"Maria, ou os erros da Mulher"},"content":{"rendered":"\n<h2 class=\"wp-block-heading\">Mary Wollstonecraft<\/h2>\n\n\n<div class=\"wp-block-image\">\n<figure class=\"aligncenter size-full is-resized\"><a href=\"https:\/\/www.amazon.com.br\/dp\/B0CTXSPPR5\"><img decoding=\"async\" loading=\"lazy\" src=\"https:\/\/antoniofontoura.com.br\/site\/wp-content\/uploads\/2024\/02\/capinha_wollstoneraft.jpg\" alt=\"\" class=\"wp-image-720\" width=\"231\" height=\"328\" srcset=\"https:\/\/antoniofontoura.com.br\/site\/wp-content\/uploads\/2024\/02\/capinha_wollstoneraft.jpg 231w, https:\/\/antoniofontoura.com.br\/site\/wp-content\/uploads\/2024\/02\/capinha_wollstoneraft-211x300.jpg 211w, https:\/\/antoniofontoura.com.br\/site\/wp-content\/uploads\/2024\/02\/capinha_wollstoneraft-106x150.jpg 106w\" sizes=\"(max-width: 231px) 100vw, 231px\" \/><\/a><\/figure><\/div>\n\n\n<div class=\"wp-block-columns is-layout-flex wp-container-3\">\n<div class=\"wp-block-column is-layout-flow\"><div class=\"wp-block-image\">\n<figure class=\"aligncenter size-full\"><a href=\"https:\/\/clubedeautores.com.br\/livro\/maria-18\"><img decoding=\"async\" loading=\"lazy\" width=\"74\" height=\"28\" src=\"https:\/\/antoniofontoura.com.br\/site\/wp-content\/uploads\/2022\/10\/clube_autores_pq.jpg\" alt=\"\" class=\"wp-image-534\"\/><\/a><figcaption class=\"wp-element-caption\">Livro Impresso<\/figcaption><\/figure><\/div><\/div>\n\n\n\n<div class=\"wp-block-column is-layout-flow\"><div class=\"wp-block-image\">\n<figure class=\"aligncenter size-full\"><a href=\"https:\/\/www.amazon.com.br\/dp\/B0CTXSPPR5\"><img decoding=\"async\" loading=\"lazy\" width=\"68\" height=\"25\" src=\"https:\/\/antoniofontoura.com.br\/site\/wp-content\/uploads\/2021\/11\/testeamz.jpg\" alt=\"\" class=\"wp-image-467\"\/><\/a><figcaption class=\"wp-element-caption\">Ebook<\/figcaption><\/figure><\/div><\/div>\n<\/div>\n\n\n\n<hr class=\"wp-block-separator has-alpha-channel-opacity\"\/>\n\n\n\n<p><strong>Sobre a obra<\/strong><\/p>\n\n\n\n<p>&#8220;Maria: ou Os Erros da Mulher&#8221; \u00e9 o romance inacabado da feminista brit\u00e2nica do s\u00e9culo XVIII, Mary Wollstonecraft. Famosa por seu tratado pol\u00edtico &#8220;Uma Reivindica\u00e7\u00e3o pelos Direitos da Mulher&#8221; (1792), Wollstonecraft cria, neste romance, uma narrativa que retoma e aprofunda suas discuss\u00f5es pol\u00edticas e sociais.<\/p>\n\n\n\n<p>A trama filos\u00f3fica de &#8220;Maria: ou Os Erros da Mulher&#8221; gira em torno da hist\u00f3ria de uma mulher aprisionada em um hospital psiqui\u00e1trico por seu marido, que buscava se apropriar de sua fortuna. Em sua luta contra a injusti\u00e7a que sofrera, ela gradualmente constr\u00f3i uma rela\u00e7\u00e3o com sua carcereira, Jemima, e com Darnford, tamb\u00e9m encarcerado injustamente. No centro da narrativa est\u00e3o os &#8220;erros da mulher&#8221; na sociedade, e a estrutura moral, pol\u00edtica e legal da Gr\u00e3-Bretanha do s\u00e9culo XVIII que protegia os homens em detrimento \u00e0 liberdade das mulheres.<\/p>\n\n\n\n<p>A originalidade da forma narrativa em &#8220;Maria&#8221;, que alterna entre a primeira pessoa e a narrativa onisciente, transcende a mera inova\u00e7\u00e3o liter\u00e1ria, tornando-se uma manifesta\u00e7\u00e3o poderosa de resist\u00eancia pol\u00edtica e uma voz proeminente na luta pela emancipa\u00e7\u00e3o feminina no s\u00e9culo XVIII.<\/p>\n\n\n\n<p>O cl\u00edmax do enredo com um Apelo ao Div\u00f3rcio n\u00e3o \u00e9 apenas uma decis\u00e3o ousada, mas um desafio direto \u00e0s estruturas legais e sociais da \u00e9poca. Wollstonecraft usa a narrativa como uma ferramenta para questionar e confrontar as normas opressivas, propondo uma alternativa radical que busca libertar as mulheres da pris\u00e3o institucionalizada do casamento.<\/p>\n\n\n\n<p><em>Leia nossos posts sobre <a href=\"http:\/\/antoniofontoura.com.br\/site\/category\/wollstonecraft\/\">&#8220;Maria ou os erros da Mulher&#8221; de Mary Wollstonecraft<\/a><\/em>.<\/p>\n\n\n\n<figure class=\"wp-block-embed is-type-rich is-provider-amazon wp-block-embed-amazon\"><div class=\"wp-block-embed__wrapper\">\n<iframe loading=\"lazy\" title=\"Maria: ou os Erros da Mulher\" type=\"text\/html\" width=\"900\" height=\"550\" frameborder=\"0\" allowfullscreen style=\"max-width:100%\" src=\"https:\/\/ler.amazon.com.br\/kp\/card?preview=inline&#038;linkCode=kpd&#038;ref_=k4w_oembed_VIZLqUzkZUdJ2p&#038;asin=B0CTXSPPR5&#038;tag=kpembed-20\"><\/iframe>\n<\/div><\/figure>\n\n\n\n<hr class=\"wp-block-separator has-alpha-channel-opacity\"\/>\n\n\n\n<p><strong>Sobre o Ebook<\/strong><\/p>\n\n\n\n<p>ISBN: 9786500942729<br>N\u00famero de p\u00e1ginas: 124<br>Edi\u00e7\u00e3o: 1 (2024)<br>Formato: A5 (148&#215;210)<br>Acabamento: Brochura c\/ orelha<br>Colora\u00e7\u00e3o: Preto e branco<br>Tipo de papel: Offset 75g<br>Idioma: Portugu\u00eas<\/p>\n","protected":false},"excerpt":{"rendered":"<p>Mary Wollstonecraft Sobre a obra &#8220;Maria: ou Os Erros da Mulher&#8221; \u00e9 o romance inacabado da feminista brit\u00e2nica do s\u00e9culo XVIII, Mary Wollstonecraft. Famosa por seu tratado pol\u00edtico &#8220;Uma Reivindica\u00e7\u00e3o pelos Direitos da Mulher&#8221; (1792), Wollstonecraft cria, neste romance, uma narrativa que retoma e aprofunda suas discuss\u00f5es pol\u00edticas e sociais.\u2026<\/p>\n<p class=\"continue-reading-button\"> <a class=\"continue-reading-link\" href=\"https:\/\/antoniofontoura.com.br\/site\/principais-obras\/maria-ou-os-erros-da-mulher\/\">Leia mais<i class=\"crycon-right-dir\"><\/i><\/a><\/p>\n","protected":false},"author":1,"featured_media":0,"parent":42,"menu_order":0,"comment_status":"closed","ping_status":"closed","template":"","meta":[],"_links":{"self":[{"href":"https:\/\/antoniofontoura.com.br\/site\/wp-json\/wp\/v2\/pages\/719"}],"collection":[{"href":"https:\/\/antoniofontoura.com.br\/site\/wp-json\/wp\/v2\/pages"}],"about":[{"href":"https:\/\/antoniofontoura.com.br\/site\/wp-json\/wp\/v2\/types\/page"}],"author":[{"embeddable":true,"href":"https:\/\/antoniofontoura.com.br\/site\/wp-json\/wp\/v2\/users\/1"}],"replies":[{"embeddable":true,"href":"https:\/\/antoniofontoura.com.br\/site\/wp-json\/wp\/v2\/comments?post=719"}],"version-history":[{"count":4,"href":"https:\/\/antoniofontoura.com.br\/site\/wp-json\/wp\/v2\/pages\/719\/revisions"}],"predecessor-version":[{"id":1128,"href":"https:\/\/antoniofontoura.com.br\/site\/wp-json\/wp\/v2\/pages\/719\/revisions\/1128"}],"up":[{"embeddable":true,"href":"https:\/\/antoniofontoura.com.br\/site\/wp-json\/wp\/v2\/pages\/42"}],"wp:attachment":[{"href":"https:\/\/antoniofontoura.com.br\/site\/wp-json\/wp\/v2\/media?parent=719"}],"curies":[{"name":"wp","href":"https:\/\/api.w.org\/{rel}","templated":true}]}}