{"id":72,"date":"2017-10-23T23:22:54","date_gmt":"2017-10-23T23:22:54","guid":{"rendered":"http:\/\/antoniofontoura.com.br\/site\/?page_id=72"},"modified":"2024-10-31T17:50:54","modified_gmt":"2024-10-31T17:50:54","slug":"psychopathia-sexualis","status":"publish","type":"page","link":"https:\/\/antoniofontoura.com.br\/site\/principais-obras\/psychopathia-sexualis\/","title":{"rendered":"Psychopathia Sexualis"},"content":{"rendered":"\n<h2 class=\"wp-block-heading\">de: Richard von Krafft-Ebing<\/h2>\n\n\n<div class=\"wp-block-image\">\n<figure class=\"aligncenter size-full\"><img decoding=\"async\" loading=\"lazy\" width=\"231\" height=\"328\" src=\"https:\/\/antoniofontoura.com.br\/site\/wp-content\/uploads\/2023\/08\/capa_3-modelo-confissoes-1.jpg\" alt=\"\" class=\"wp-image-652\" srcset=\"https:\/\/antoniofontoura.com.br\/site\/wp-content\/uploads\/2023\/08\/capa_3-modelo-confissoes-1.jpg 231w, https:\/\/antoniofontoura.com.br\/site\/wp-content\/uploads\/2023\/08\/capa_3-modelo-confissoes-1-211x300.jpg 211w, https:\/\/antoniofontoura.com.br\/site\/wp-content\/uploads\/2023\/08\/capa_3-modelo-confissoes-1-106x150.jpg 106w\" sizes=\"(max-width: 231px) 100vw, 231px\" \/><\/figure><\/div>\n\n\n<h3 class=\"wp-block-heading has-text-align-center\"><strong><a href=\"https:\/\/clubedeautores.com.br\/livro\/pyschopathia-sexualis\">Adquirir Vers\u00e3o impressa<\/a><\/strong><\/h3>\n\n\n\n<h3 class=\"wp-block-heading has-text-align-center\"><a href=\"https:\/\/www.amazon.com.br\/dp\/B0728JKKJ2\"><strong>Adquirir Vers\u00e3o Ebook<\/strong><\/a><\/h3>\n\n\n\n<hr class=\"wp-block-separator has-alpha-channel-opacity\"\/>\n\n\n\n<h4 class=\"wp-block-heading\">Sobre Psychopathia Sexualis<\/h4>\n\n\n\n<p><a href=\"http:\/\/antoniofontoura.com.br\/site\/category\/ebing\/\">Conhe\u00e7a nossos posts sobre Psychopathia Sexualis<\/a><br><a href=\"http:\/\/antoniofontoura.com.br\/site\/2017\/10\/23\/capitulo-1-de-psychopathia-sexualis\/\">Leia aqui o cap\u00edtulo 1 de Psychopathia Sexualis<\/a><\/p>\n\n\n\n<hr class=\"wp-block-separator has-alpha-channel-opacity\"\/>\n\n\n\n<p>\u201cPsychopathia sexualis\u201d, do m\u00e9dico austro-alem\u00e3o Richard von Kraff-Ebing \u00e9 uma das mais importantes e influentes obras sexol\u00f3gicas do s\u00e9culo XIX. Al\u00e9m de criar termos que se tornaram de uso comum para definir pr\u00e1ticas sexuais (como masoquismo, fetichismo, pedofilia, e outros menos conhecidos como coprolagnia e zoorastia), Kraff-Ebing inseriu uma multiplicidade de pr\u00e1ticas sexuais consideradas desviantes em sua complexa teoria m\u00e9dico-psiqui\u00e1trica.<\/p>\n\n\n\n<p>A abrang\u00eancia de seu estudo, a busca por fundamenta\u00e7\u00f5es neurol\u00f3gicas, bem como o grande n\u00famero de casos concretos, presentes no livro, exerceram uma profunda influ\u00eancia na sociedade, que sentimos at\u00e9 hoje. N\u00e3o apenas porque ainda utilizamos termos que ele criou; ou porque certas explica\u00e7\u00f5es dadas, por ele, para as \u201cpervers\u00f5es\u201d, ainda s\u00e3o repetidas por muitos. Mas especialmente porque sua estrutura explicativa esteve presente em cursos de medicina em todo mundo, e participou da forma\u00e7\u00e3o de milhares de m\u00e9dicos, inclusive no Brasil. Em todos, o mesmo objetivo: controlar os atos sexuais de modo a organizar a sociedade.<\/p>\n\n\n\n<p>Para Kraff-Ebing, s\u00f3 era natural o ato sexual reprodutivo, e qualquer outra pr\u00e1tica que fugisse dessa \u201cnormalidade\u201d seria considerado anormal, perverso ou patol\u00f3gico. Um modelo de concep\u00e7\u00e3o que se difundiu nas pr\u00e1ticas de profissionais da medicina, bem como em manuais psiqui\u00e1tricos e mesmo em obras de divulga\u00e7\u00e3o cient\u00edfica em quase todo o s\u00e9culo XX.<\/p>\n\n\n\n<p>Apesar de toda sua import\u00e2ncia, s\u00f3 agora o Brasil possui uma tradu\u00e7\u00e3o completa de \u201cPsychopathia sexualis\u201d. Pesquisadores em hist\u00f3ria, sociologia, psicologia, medicina, e outras tantas \u00e1reas do conhecimento, podem ter acesso a esse cl\u00e1ssico, de modo a compreender de que maneira nossa sociedade construiu os saberes e as pr\u00e1ticas ligados \u00e0 sexualidade humana.<\/p>\n\n\n\n<figure class=\"wp-block-embed is-type-rich is-provider-amazon wp-block-embed-amazon\"><div class=\"wp-block-embed__wrapper\">\n<iframe loading=\"lazy\" title=\"Psychopathia Sexualis\" type=\"text\/html\" width=\"900\" height=\"550\" frameborder=\"0\" allowfullscreen style=\"max-width:100%\" src=\"https:\/\/ler.amazon.com.br\/kp\/card?preview=inline&#038;linkCode=kpd&#038;ref_=k4w_oembed_6R2HegvELuJGoz&#038;asin=B0728JKKJ2&#038;tag=kpembed-20\"><\/iframe>\n<\/div><\/figure>\n\n\n\n<hr class=\"wp-block-separator has-alpha-channel-opacity\"\/>\n\n\n\n<h4 class=\"wp-block-heading\">Sobre o Autor<\/h4>\n\n\n\n<p><strong>Richard Freiherr von Krafft-Ebing<\/strong> (1840-1902) foi psiquiatra austro-alem\u00e3o respons\u00e1vel por uma s\u00e9rie de obras sobre psiquiatria e sexualidade, em finais do s\u00e9culo XIX. Sua obra mais conhecida e difundida, \u201cPsychopatia sexualis\u201d, ajudou a construir modelos de normalidade sexual, que se tornaram profundamente influentes no s\u00e9culo XX.<\/p>\n\n\n\n<hr class=\"wp-block-separator has-alpha-channel-opacity\"\/>\n\n\n\n<h4 class=\"wp-block-heading\">Caracter\u00edsticas<\/h4>\n\n\n\n<p>N\u00famero de p\u00e1ginas: 496<\/p>\n\n\n\n<p>Dimens\u00f5es: 148&#215;210 mm<\/p>\n\n\n\n<p>Acabamento: Brochura<\/p>\n\n\n\n<p>Tipo de papel: Offset 75g<\/p>\n","protected":false},"excerpt":{"rendered":"<p>de: Richard von Krafft-Ebing Adquirir Vers\u00e3o impressa Adquirir Vers\u00e3o Ebook Sobre Psychopathia Sexualis Conhe\u00e7a nossos posts sobre Psychopathia SexualisLeia aqui o cap\u00edtulo 1 de Psychopathia Sexualis \u201cPsychopathia sexualis\u201d, do m\u00e9dico austro-alem\u00e3o Richard von Kraff-Ebing \u00e9 uma das mais importantes e influentes obras sexol\u00f3gicas do s\u00e9culo XIX. Al\u00e9m de criar termos\u2026<\/p>\n<p class=\"continue-reading-button\"> <a class=\"continue-reading-link\" href=\"https:\/\/antoniofontoura.com.br\/site\/principais-obras\/psychopathia-sexualis\/\">Leia mais<i class=\"crycon-right-dir\"><\/i><\/a><\/p>\n","protected":false},"author":1,"featured_media":0,"parent":42,"menu_order":0,"comment_status":"closed","ping_status":"closed","template":"","meta":[],"_links":{"self":[{"href":"https:\/\/antoniofontoura.com.br\/site\/wp-json\/wp\/v2\/pages\/72"}],"collection":[{"href":"https:\/\/antoniofontoura.com.br\/site\/wp-json\/wp\/v2\/pages"}],"about":[{"href":"https:\/\/antoniofontoura.com.br\/site\/wp-json\/wp\/v2\/types\/page"}],"author":[{"embeddable":true,"href":"https:\/\/antoniofontoura.com.br\/site\/wp-json\/wp\/v2\/users\/1"}],"replies":[{"embeddable":true,"href":"https:\/\/antoniofontoura.com.br\/site\/wp-json\/wp\/v2\/comments?post=72"}],"version-history":[{"count":4,"href":"https:\/\/antoniofontoura.com.br\/site\/wp-json\/wp\/v2\/pages\/72\/revisions"}],"predecessor-version":[{"id":1139,"href":"https:\/\/antoniofontoura.com.br\/site\/wp-json\/wp\/v2\/pages\/72\/revisions\/1139"}],"up":[{"embeddable":true,"href":"https:\/\/antoniofontoura.com.br\/site\/wp-json\/wp\/v2\/pages\/42"}],"wp:attachment":[{"href":"https:\/\/antoniofontoura.com.br\/site\/wp-json\/wp\/v2\/media?parent=72"}],"curies":[{"name":"wp","href":"https:\/\/api.w.org\/{rel}","templated":true}]}}