{"id":733,"date":"2024-02-29T17:45:35","date_gmt":"2024-02-29T17:45:35","guid":{"rendered":"https:\/\/antoniofontoura.com.br\/site\/?page_id=733"},"modified":"2024-10-31T17:41:26","modified_gmt":"2024-10-31T17:41:26","slug":"manual-de-etnografia","status":"publish","type":"page","link":"https:\/\/antoniofontoura.com.br\/site\/principais-obras\/manual-de-etnografia\/","title":{"rendered":"Manual de Etnografia de Marcel Mauss"},"content":{"rendered":"<div class=\"wp-block-image\">\n<figure class=\"aligncenter size-full\"><a href=\"https:\/\/antoniofontoura.com.br\/site\/manual-de-etnografia\/\"><img decoding=\"async\" loading=\"lazy\" width=\"231\" height=\"328\" src=\"https:\/\/antoniofontoura.com.br\/site\/wp-content\/uploads\/2024\/02\/capinha_manual-de-etnografia.jpg\" alt=\"\" class=\"wp-image-730\" srcset=\"https:\/\/antoniofontoura.com.br\/site\/wp-content\/uploads\/2024\/02\/capinha_manual-de-etnografia.jpg 231w, https:\/\/antoniofontoura.com.br\/site\/wp-content\/uploads\/2024\/02\/capinha_manual-de-etnografia-211x300.jpg 211w, https:\/\/antoniofontoura.com.br\/site\/wp-content\/uploads\/2024\/02\/capinha_manual-de-etnografia-106x150.jpg 106w\" sizes=\"(max-width: 231px) 100vw, 231px\" \/><\/a><figcaption class=\"wp-element-caption\"> <\/figcaption><\/figure><\/div>\n\n<div class=\"wp-block-image\">\n<figure class=\"aligncenter size-full\"><a href=\"https:\/\/clubedeautores.com.br\/livro\/manual-de-etnografia\"><img decoding=\"async\" loading=\"lazy\" width=\"74\" height=\"28\" src=\"https:\/\/antoniofontoura.com.br\/site\/wp-content\/uploads\/2022\/10\/clube_autores_pq.jpg\" alt=\"\" class=\"wp-image-534\"\/><\/a><\/figure><\/div>\n\n\n<h3 class=\"wp-block-heading has-text-align-center\">Prefere Ebooks? Adquira o Ebook pela <a href=\"https:\/\/www.amazon.com.br\/dp\/B0CRZWJ7VL\">Amazon<\/a>.<\/h3>\n\n\n\n<hr class=\"wp-block-separator has-alpha-channel-opacity\"\/>\n\n\n\n<p class=\"has-small-font-size\"><a href=\"http:\/\/antoniofontoura.com.br\/site\/category\/mauss\/\">Conhe\u00e7a nossos post sobre as obras de Marcel Mauss.<\/a><\/p>\n\n\n\n<p>Em &#8220;Manual de Etnografia&#8221;, Marcel Mauss aborda uma extensa variedade de aspectos da vida social, desde as t\u00e9cnicas corporais at\u00e9 a explora\u00e7\u00e3o dos fen\u00f4menos religiosos. Este trabalho, fruto dos cursos ministrados por Mauss de 1926 a 1939 no Instituto de Etnologia da Sorbonne, n\u00e3o apenas espelha sua abordagem colaborativa, mas tamb\u00e9m evidencia seu compromisso com a forma\u00e7\u00e3o acad\u00eamica.<\/p>\n\n\n\n<p>Ao longo de sua carreira acad\u00eamica, Marcel Mauss destacou a import\u00e2ncia da colabora\u00e7\u00e3o entre soci\u00f3logos e etn\u00f3grafos. Sua perspectiva defendia que os soci\u00f3logos tinham a responsabilidade da explica\u00e7\u00e3o te\u00f3rica, enquanto os etn\u00f3grafos desempenhavam um papel crucial ao fornecer dados concretos sobre as pr\u00e1ticas culturais. Essa abordagem integrada foi crucial para o avan\u00e7o dos estudos sociol\u00f3gicos e etnogr\u00e1ficos da \u00e9poca.<\/p>\n\n\n\n<p>Comparado frequentemente \u00e0s &#8220;Regras do M\u00e9todo Sociol\u00f3gico&#8221; de Durkheim, o trabalho de Mauss contribuiu para a consolida\u00e7\u00e3o da sociologia como uma disciplina acad\u00eamica aut\u00f4noma. Suas ideias deixaram uma marca duradoura, influenciando gera\u00e7\u00f5es subsequentes de estudiosos e moldando abordagens metodol\u00f3gicas e te\u00f3ricas no campo das ci\u00eancias sociais na Fran\u00e7a e al\u00e9m.<\/p>\n\n\n\n<p>O &#8220;Manual de Etnografia&#8221; n\u00e3o apenas reflete as contribui\u00e7\u00f5es espec\u00edficas de Marcel Mauss para a sociologia e etnologia, mas tamb\u00e9m destaca seu legado duradouro, evidenciando sua vis\u00e3o abrangente e seu papel fundamental na promo\u00e7\u00e3o da colabora\u00e7\u00e3o entre diferentes disciplinas nas ci\u00eancias sociais.<\/p>\n\n\n\n<figure class=\"wp-block-embed is-type-rich is-provider-amazon wp-block-embed-amazon\"><div class=\"wp-block-embed__wrapper\">\n<iframe loading=\"lazy\" title=\"Manual de Etnografia\" type=\"text\/html\" width=\"900\" height=\"550\" frameborder=\"0\" allowfullscreen style=\"max-width:100%\" src=\"https:\/\/ler.amazon.com.br\/kp\/card?preview=inline&#038;linkCode=kpd&#038;ref_=k4w_oembed_887smNMsOhg3Ux&#038;asin=B0CRZWJ7VL&#038;tag=kpembed-20\"><\/iframe>\n<\/div><\/figure>\n\n\n\n<hr class=\"wp-block-separator has-alpha-channel-opacity\"\/>\n\n\n\n<p><strong>Sobre o livro f\u00edsico<\/strong><br>N\u00famero de p\u00e1ginas 286<br>Edi\u00e7\u00e3o 1 (2024)<br>Formato A5 (148&#215;210)<br>Acabamento Brochura c\/ orelha<br>Colora\u00e7\u00e3o Preto e branco<br>Tipo de papel Offset 75g<br>Idioma Portugu\u00eas<\/p>\n","protected":false},"excerpt":{"rendered":"<p>Prefere Ebooks? Adquira o Ebook pela Amazon. Conhe\u00e7a nossos post sobre as obras de Marcel Mauss. Em &#8220;Manual de Etnografia&#8221;, Marcel Mauss aborda uma extensa variedade de aspectos da vida social, desde as t\u00e9cnicas corporais at\u00e9 a explora\u00e7\u00e3o dos fen\u00f4menos religiosos. Este trabalho, fruto dos cursos ministrados por Mauss de\u2026<\/p>\n<p class=\"continue-reading-button\"> <a class=\"continue-reading-link\" href=\"https:\/\/antoniofontoura.com.br\/site\/principais-obras\/manual-de-etnografia\/\">Leia mais<i class=\"crycon-right-dir\"><\/i><\/a><\/p>\n","protected":false},"author":1,"featured_media":0,"parent":42,"menu_order":0,"comment_status":"closed","ping_status":"closed","template":"","meta":[],"_links":{"self":[{"href":"https:\/\/antoniofontoura.com.br\/site\/wp-json\/wp\/v2\/pages\/733"}],"collection":[{"href":"https:\/\/antoniofontoura.com.br\/site\/wp-json\/wp\/v2\/pages"}],"about":[{"href":"https:\/\/antoniofontoura.com.br\/site\/wp-json\/wp\/v2\/types\/page"}],"author":[{"embeddable":true,"href":"https:\/\/antoniofontoura.com.br\/site\/wp-json\/wp\/v2\/users\/1"}],"replies":[{"embeddable":true,"href":"https:\/\/antoniofontoura.com.br\/site\/wp-json\/wp\/v2\/comments?post=733"}],"version-history":[{"count":3,"href":"https:\/\/antoniofontoura.com.br\/site\/wp-json\/wp\/v2\/pages\/733\/revisions"}],"predecessor-version":[{"id":1125,"href":"https:\/\/antoniofontoura.com.br\/site\/wp-json\/wp\/v2\/pages\/733\/revisions\/1125"}],"up":[{"embeddable":true,"href":"https:\/\/antoniofontoura.com.br\/site\/wp-json\/wp\/v2\/pages\/42"}],"wp:attachment":[{"href":"https:\/\/antoniofontoura.com.br\/site\/wp-json\/wp\/v2\/media?parent=733"}],"curies":[{"name":"wp","href":"https:\/\/api.w.org\/{rel}","templated":true}]}}