{"id":746,"date":"2024-03-02T19:46:40","date_gmt":"2024-03-02T19:46:40","guid":{"rendered":"https:\/\/antoniofontoura.com.br\/site\/?page_id=746"},"modified":"2024-10-31T17:22:16","modified_gmt":"2024-10-31T17:22:16","slug":"a-memoria-coletiva","status":"publish","type":"page","link":"https:\/\/antoniofontoura.com.br\/site\/principais-obras\/a-memoria-coletiva\/","title":{"rendered":"A Mem\u00f3ria Coletiva"},"content":{"rendered":"\n<h3 class=\"wp-block-heading\">Maurice Halbwachs<\/h3>\n\n\n<div class=\"wp-block-image\">\n<figure class=\"aligncenter size-full\"><img decoding=\"async\" loading=\"lazy\" width=\"231\" height=\"328\" src=\"https:\/\/antoniofontoura.com.br\/site\/wp-content\/uploads\/2024\/03\/capinha_memoria_coletiva_halbwachs.jpg\" alt=\"\" class=\"wp-image-747\" srcset=\"https:\/\/antoniofontoura.com.br\/site\/wp-content\/uploads\/2024\/03\/capinha_memoria_coletiva_halbwachs.jpg 231w, https:\/\/antoniofontoura.com.br\/site\/wp-content\/uploads\/2024\/03\/capinha_memoria_coletiva_halbwachs-211x300.jpg 211w, https:\/\/antoniofontoura.com.br\/site\/wp-content\/uploads\/2024\/03\/capinha_memoria_coletiva_halbwachs-106x150.jpg 106w\" sizes=\"(max-width: 231px) 100vw, 231px\" \/><figcaption class=\"wp-element-caption\"> <\/figcaption><\/figure><\/div>\n\n<div class=\"wp-block-image\">\n<figure class=\"aligncenter size-full\"><a href=\"https:\/\/clubedeautores.com.br\/livro\/a-memoria-coletiva\"><img decoding=\"async\" loading=\"lazy\" width=\"74\" height=\"28\" src=\"https:\/\/antoniofontoura.com.br\/site\/wp-content\/uploads\/2022\/10\/clube_autores_pq.jpg\" alt=\"\" class=\"wp-image-534\"\/><\/a><\/figure><\/div>\n\n\n<h3 class=\"wp-block-heading has-text-align-center\">Prefere Ebooks? Adquira o Ebook pela <a href=\"https:\/\/www.amazon.com.br\/dp\/B0CP2ZQW3D\">Amazon<\/a>.<\/h3>\n\n\n\n<hr class=\"wp-block-separator has-alpha-channel-opacity\"\/>\n\n\n\n<p class=\"has-small-font-size\"><a href=\"http:\/\/antoniofontoura.com.br\/site\/category\/halbwachs\">Conhe\u00e7a nossos post sobre &#8220;Maurice Halbwachs&#8221;.<\/a><\/p>\n\n\n\n<p>Este livro aborda de maneira profunda e reflexiva o intricado tecido da mem\u00f3ria coletiva e sua rela\u00e7\u00e3o intr\u00ednseca com o tempo, o espa\u00e7o e as mem\u00f3rias individuais. O soci\u00f3logo franc\u00eas Maurice Halbwachs (1877-1945) destaca a complexidade desse fen\u00f4meno, explorando como muitas lembran\u00e7as ressurgem atrav\u00e9s da intera\u00e7\u00e3o com outros membros da sociedade, mesmo na aus\u00eancia f\u00edsica dessas influ\u00eancias.<\/p>\n\n\n\n<p>Ao evocarmos eventos que moldaram a vida de nosso grupo, o texto ressalta a capacidade da mem\u00f3ria coletiva de perdurar e influenciar a perspectiva individual. A \u00eanfase recai sobre a mentalidade singular que s\u00f3 \u00e9 poss\u00edvel em indiv\u00edduos que fazem parte ou fizeram parte de uma sociedade, destacando como, mesmo \u00e0 dist\u00e2ncia, eles continuam a sentir a influ\u00eancia dessa rela\u00e7\u00e3o.<\/p>\n\n\n\n<p>Halbwachs procura demonstrar nessa obra como a condi\u00e7\u00e3o fundamental para o surgimento de certos pensamentos \u00e9 o pertencimento a um grupo, enfatizando como a exist\u00eancia destes grupos \u00e9 essencial para a pr\u00f3pria natureza do pensamento. O exemplo da pessoa que retorna para casa &#8220;sozinho&#8221; \u00e9 analisado mais profundamente, revelando que, mesmo durante esse per\u00edodo aparentemente solit\u00e1rio, seus pensamentos e a\u00e7\u00f5es s\u00e3o intrinsecamente moldados pela sua natureza social, destacando que nunca se cessa de estar conectado a uma sociedade, mesmo quando fisicamente isolado.<\/p>\n\n\n\n<p>A narrativa destaca a interse\u00e7\u00e3o entre a mem\u00f3ria coletiva e as mem\u00f3rias individuais, ressaltando que, embora essas \u00faltimas sejam envolvidas pela primeira, elas mant\u00eam uma identidade distinta. Al\u00e9m disso, o texto argumenta que a evolu\u00e7\u00e3o da mem\u00f3ria coletiva ocorre de acordo com suas pr\u00f3prias leis, acrescentando uma dimens\u00e3o din\u00e2mica ao entendimento desse fen\u00f4meno.<\/p>\n\n\n\n<p>Halbwachs procura argumentar ainda que estudos sobre neuroci\u00eancia e psicologia social das primeiras d\u00e9cadas do s\u00e9culo XX corroboravam a influ\u00eancia cont\u00ednua da mem\u00f3ria coletiva na forma\u00e7\u00e3o da identidade individual. A compreens\u00e3o desses processos complexos \u00e9 vital para a aprecia\u00e7\u00e3o mais profunda da forma como as sociedades moldam e s\u00e3o moldadas pelas experi\u00eancias compartilhadas ao longo do tempo.<\/p>\n\n\n\n<figure class=\"wp-block-embed aligncenter is-type-rich is-provider-amazon wp-block-embed-amazon\"><div class=\"wp-block-embed__wrapper\">\n<iframe loading=\"lazy\" title=\"A mem\u00f3ria coletiva (Mem\u00f3ria e Sociedade: Maurice Halbwachs)\" type=\"text\/html\" width=\"900\" height=\"550\" frameborder=\"0\" allowfullscreen style=\"max-width:100%\" src=\"https:\/\/ler.amazon.com.br\/kp\/card?preview=inline&#038;linkCode=kpd&#038;ref_=k4w_oembed_j6XMR7QSeNcR0R&#038;asin=B0CP2ZQW3D&#038;tag=kpembed-20\"><\/iframe>\n<\/div><\/figure>\n\n\n\n<p><strong>Sobre o livro:<\/strong><\/p>\n\n\n\n<p>ISBN: 978-65-00-95770-9<br>N\u00famero de p\u00e1ginas 146<br>Edi\u00e7\u00e3o 2 (2024)<br>Formato A5 (148&#215;210)<br>Acabamento Brochura c\/ orelha<br>Colora\u00e7\u00e3o Preto e branco<br>Tipo de papel Offset 75g<br>Idioma Portugu\u00eas<\/p>\n","protected":false},"excerpt":{"rendered":"<p>Maurice Halbwachs Prefere Ebooks? Adquira o Ebook pela Amazon. Conhe\u00e7a nossos post sobre &#8220;Maurice Halbwachs&#8221;. Este livro aborda de maneira profunda e reflexiva o intricado tecido da mem\u00f3ria coletiva e sua rela\u00e7\u00e3o intr\u00ednseca com o tempo, o espa\u00e7o e as mem\u00f3rias individuais. O soci\u00f3logo franc\u00eas Maurice Halbwachs (1877-1945) destaca a\u2026<\/p>\n<p class=\"continue-reading-button\"> <a class=\"continue-reading-link\" href=\"https:\/\/antoniofontoura.com.br\/site\/principais-obras\/a-memoria-coletiva\/\">Leia mais<i class=\"crycon-right-dir\"><\/i><\/a><\/p>\n","protected":false},"author":1,"featured_media":0,"parent":42,"menu_order":0,"comment_status":"closed","ping_status":"closed","template":"","meta":[],"_links":{"self":[{"href":"https:\/\/antoniofontoura.com.br\/site\/wp-json\/wp\/v2\/pages\/746"}],"collection":[{"href":"https:\/\/antoniofontoura.com.br\/site\/wp-json\/wp\/v2\/pages"}],"about":[{"href":"https:\/\/antoniofontoura.com.br\/site\/wp-json\/wp\/v2\/types\/page"}],"author":[{"embeddable":true,"href":"https:\/\/antoniofontoura.com.br\/site\/wp-json\/wp\/v2\/users\/1"}],"replies":[{"embeddable":true,"href":"https:\/\/antoniofontoura.com.br\/site\/wp-json\/wp\/v2\/comments?post=746"}],"version-history":[{"count":2,"href":"https:\/\/antoniofontoura.com.br\/site\/wp-json\/wp\/v2\/pages\/746\/revisions"}],"predecessor-version":[{"id":1094,"href":"https:\/\/antoniofontoura.com.br\/site\/wp-json\/wp\/v2\/pages\/746\/revisions\/1094"}],"up":[{"embeddable":true,"href":"https:\/\/antoniofontoura.com.br\/site\/wp-json\/wp\/v2\/pages\/42"}],"wp:attachment":[{"href":"https:\/\/antoniofontoura.com.br\/site\/wp-json\/wp\/v2\/media?parent=746"}],"curies":[{"name":"wp","href":"https:\/\/api.w.org\/{rel}","templated":true}]}}