{"id":762,"date":"2024-03-06T18:11:13","date_gmt":"2024-03-06T18:11:13","guid":{"rendered":"https:\/\/antoniofontoura.com.br\/site\/?page_id=762"},"modified":"2024-10-31T17:41:48","modified_gmt":"2024-10-31T17:41:48","slug":"manual-do-cavaleiro-cristao","status":"publish","type":"page","link":"https:\/\/antoniofontoura.com.br\/site\/principais-obras\/manual-do-cavaleiro-cristao\/","title":{"rendered":"Manual do Cavaleiro Crist\u00e3o"},"content":{"rendered":"\n<h3 class=\"wp-block-heading\">Erasmo de Rotterdam<\/h3>\n\n\n<div class=\"wp-block-image\">\n<figure class=\"aligncenter size-full\"><img decoding=\"async\" loading=\"lazy\" width=\"231\" height=\"328\" src=\"https:\/\/antoniofontoura.com.br\/site\/wp-content\/uploads\/2024\/03\/capinha_photopea_enchiridion.jpg\" alt=\"\" class=\"wp-image-763\" srcset=\"https:\/\/antoniofontoura.com.br\/site\/wp-content\/uploads\/2024\/03\/capinha_photopea_enchiridion.jpg 231w, https:\/\/antoniofontoura.com.br\/site\/wp-content\/uploads\/2024\/03\/capinha_photopea_enchiridion-211x300.jpg 211w, https:\/\/antoniofontoura.com.br\/site\/wp-content\/uploads\/2024\/03\/capinha_photopea_enchiridion-106x150.jpg 106w\" sizes=\"(max-width: 231px) 100vw, 231px\" \/><figcaption class=\"wp-element-caption\"> <\/figcaption><\/figure><\/div>\n\n<div class=\"wp-block-image\">\n<figure class=\"aligncenter size-full\"><a href=\"https:\/\/clubedeautores.com.br\/livro\/manual-do-cavaleiro-cristao\"><img decoding=\"async\" loading=\"lazy\" width=\"74\" height=\"28\" src=\"https:\/\/antoniofontoura.com.br\/site\/wp-content\/uploads\/2022\/10\/clube_autores_pq.jpg\" alt=\"\" class=\"wp-image-534\"\/><\/a><\/figure><\/div>\n\n\n<h3 class=\"wp-block-heading has-text-align-center\">Prefere Ebooks? Adquira o Ebook pela <a href=\"https:\/\/www.amazon.com.br\/dp\/B0CP3219W3\">Amazon<\/a>.<\/h3>\n\n\n\n<hr class=\"wp-block-separator has-alpha-channel-opacity\"\/>\n\n\n\n<p class=\"has-small-font-size\"><a href=\"http:\/\/antoniofontoura.com.br\/site\/category\/erasmo\/\" data-type=\"URL\" data-id=\"http:\/\/antoniofontoura.com.br\/site\/category\/erasmo\/\">Conhe\u00e7a nossos post sobre &#8220;Erasmo de Rotterdam&#8221;.<\/a><\/p>\n\n\n\n<p>O Enchiridion, uma obra cl\u00e1ssica do cristianismo, \u00e9 uma cria\u00e7\u00e3o not\u00e1vel do humanista renascentista Erasmo de Roterd\u00e3. Publicado no s\u00e9culo XVI, o Enchiridion ganhou enorme popularidade em seu tempo e continua a ser uma pe\u00e7a fundamental da literatura crist\u00e3.<\/p>\n\n\n\n<p>A obra \u00e9 um manual que visa orientar um soldado iletrado em dire\u00e7\u00e3o a uma mentalidade digna de Cristo. Erasmo pressup\u00f5e que o leitor est\u00e1 cansado da vida na corte, um tema comum na literatura da \u00e9poca, e interrompe seu trabalho teol\u00f3gico para atender ao pedido de instru\u00e7\u00e3o de um amigo. Ele escolhe o t\u00edtulo &#8220;Enchiridion,&#8221; que significa tanto &#8220;punhal&#8221; quanto &#8220;manual&#8221; em grego, para manter um estilo militar.<\/p>\n\n\n\n<p>Dentro dessa estrutura, Erasmo desenvolve seu programa teol\u00f3gico, chamando os crist\u00e3os a retornar \u00e0s Escrituras e compreend\u00ea-las em sua pureza e significado original. Ele enfatiza a import\u00e2ncia do estudo dos antigos, oradores, poetas e fil\u00f3sofos, especialmente Plat\u00e3o, para essa compreens\u00e3o. Erasmo critica a religi\u00e3o ritual\u00edstica e a observ\u00e2ncia cega de cerim\u00f4nias, argumentando que \u00e9 mais valioso entender profundamente um vers\u00edculo dos salmos do que realizar muitas cerim\u00f4nias sem sentido. Ele tamb\u00e9m critica os monges por contribu\u00edrem para a deteriora\u00e7\u00e3o da f\u00e9 ao enfatizar cerim\u00f4nias insignificantes em detrimento da verdadeira f\u00e9 e caridade.<\/p>\n\n\n\n<p>Uma das caracter\u00edsticas not\u00e1veis do &#8220;Enchiridion militis christiani&#8221; \u00e9 a \u00eanfase na simplicidade e na interioriza\u00e7\u00e3o da f\u00e9. Erasmo argumenta que a verdadeira devo\u00e7\u00e3o crist\u00e3 n\u00e3o est\u00e1 necessariamente associada a rituais extravagantes ou pr\u00e1ticas externas, mas sim \u00e0 sinceridade do cora\u00e7\u00e3o e \u00e0 busca constante pela virtude.<\/p>\n\n\n\n<figure class=\"wp-block-embed is-type-rich is-provider-amazon wp-block-embed-amazon\"><div class=\"wp-block-embed__wrapper\">\n<iframe loading=\"lazy\" title=\"Manual do Cavaleiro Crist\u00e3o: Enchiridion militis christiani\" type=\"text\/html\" width=\"900\" height=\"550\" frameborder=\"0\" allowfullscreen style=\"max-width:100%\" src=\"https:\/\/ler.amazon.com.br\/kp\/card?preview=inline&#038;linkCode=kpd&#038;ref_=k4w_oembed_Vc7vxyYQRzdAwF&#038;asin=B0CP3219W3&#038;tag=kpembed-20\"><\/iframe>\n<\/div><\/figure>\n\n\n\n<hr class=\"wp-block-separator has-alpha-channel-opacity\"\/>\n\n\n\n<p><strong>Sobre o livro:<\/strong><\/p>\n\n\n\n<p>ISBN 9786500803556<br>N\u00famero de p\u00e1ginas 182<br>Edi\u00e7\u00e3o 1 (2023)<br>Formato A5 (148&#215;210)<br>Acabamento Brochura c\/ orelha<br>Colora\u00e7\u00e3o Preto e branco<br>Tipo de papel Offset 75g<br>Idioma Portugu\u00eas<\/p>\n","protected":false},"excerpt":{"rendered":"<p>Erasmo de Rotterdam Prefere Ebooks? Adquira o Ebook pela Amazon. Conhe\u00e7a nossos post sobre &#8220;Erasmo de Rotterdam&#8221;. O Enchiridion, uma obra cl\u00e1ssica do cristianismo, \u00e9 uma cria\u00e7\u00e3o not\u00e1vel do humanista renascentista Erasmo de Roterd\u00e3. Publicado no s\u00e9culo XVI, o Enchiridion ganhou enorme popularidade em seu tempo e continua a ser\u2026<\/p>\n<p class=\"continue-reading-button\"> <a class=\"continue-reading-link\" href=\"https:\/\/antoniofontoura.com.br\/site\/principais-obras\/manual-do-cavaleiro-cristao\/\">Leia mais<i class=\"crycon-right-dir\"><\/i><\/a><\/p>\n","protected":false},"author":1,"featured_media":0,"parent":42,"menu_order":0,"comment_status":"closed","ping_status":"closed","template":"","meta":[],"_links":{"self":[{"href":"https:\/\/antoniofontoura.com.br\/site\/wp-json\/wp\/v2\/pages\/762"}],"collection":[{"href":"https:\/\/antoniofontoura.com.br\/site\/wp-json\/wp\/v2\/pages"}],"about":[{"href":"https:\/\/antoniofontoura.com.br\/site\/wp-json\/wp\/v2\/types\/page"}],"author":[{"embeddable":true,"href":"https:\/\/antoniofontoura.com.br\/site\/wp-json\/wp\/v2\/users\/1"}],"replies":[{"embeddable":true,"href":"https:\/\/antoniofontoura.com.br\/site\/wp-json\/wp\/v2\/comments?post=762"}],"version-history":[{"count":2,"href":"https:\/\/antoniofontoura.com.br\/site\/wp-json\/wp\/v2\/pages\/762\/revisions"}],"predecessor-version":[{"id":1126,"href":"https:\/\/antoniofontoura.com.br\/site\/wp-json\/wp\/v2\/pages\/762\/revisions\/1126"}],"up":[{"embeddable":true,"href":"https:\/\/antoniofontoura.com.br\/site\/wp-json\/wp\/v2\/pages\/42"}],"wp:attachment":[{"href":"https:\/\/antoniofontoura.com.br\/site\/wp-json\/wp\/v2\/media?parent=762"}],"curies":[{"name":"wp","href":"https:\/\/api.w.org\/{rel}","templated":true}]}}