{"id":772,"date":"2024-03-08T19:42:18","date_gmt":"2024-03-08T19:42:18","guid":{"rendered":"https:\/\/antoniofontoura.com.br\/site\/?page_id=772"},"modified":"2024-10-31T17:28:50","modified_gmt":"2024-10-31T17:28:50","slug":"as-caracteristicas-originais-da-historia-rural-francesa","status":"publish","type":"page","link":"https:\/\/antoniofontoura.com.br\/site\/principais-obras\/as-caracteristicas-originais-da-historia-rural-francesa\/","title":{"rendered":"As Caracter\u00edsticas Originais da Hist\u00f3ria Rural Francesa"},"content":{"rendered":"\n<h3 class=\"wp-block-heading\">Marc Bloch<\/h3>\n\n\n<div class=\"wp-block-image\">\n<figure class=\"aligncenter size-full\"><img decoding=\"async\" loading=\"lazy\" width=\"231\" height=\"328\" src=\"https:\/\/antoniofontoura.com.br\/site\/wp-content\/uploads\/2024\/03\/capinha_photopea3_bloch-rural.jpg\" alt=\"\" class=\"wp-image-773\" srcset=\"https:\/\/antoniofontoura.com.br\/site\/wp-content\/uploads\/2024\/03\/capinha_photopea3_bloch-rural.jpg 231w, https:\/\/antoniofontoura.com.br\/site\/wp-content\/uploads\/2024\/03\/capinha_photopea3_bloch-rural-211x300.jpg 211w, https:\/\/antoniofontoura.com.br\/site\/wp-content\/uploads\/2024\/03\/capinha_photopea3_bloch-rural-106x150.jpg 106w\" sizes=\"(max-width: 231px) 100vw, 231px\" \/><figcaption class=\"wp-element-caption\"> <\/figcaption><\/figure><\/div>\n\n<div class=\"wp-block-image\">\n<figure class=\"aligncenter size-full\"><a href=\"https:\/\/clubedeautores.com.br\/livro\/as-caracteristicas-originais-da-historia-rural-francesa\"><img decoding=\"async\" loading=\"lazy\" width=\"74\" height=\"28\" src=\"https:\/\/antoniofontoura.com.br\/site\/wp-content\/uploads\/2022\/10\/clube_autores_pq.jpg\" alt=\"\" class=\"wp-image-534\"\/><\/a><\/figure><\/div>\n\n\n<h3 class=\"wp-block-heading has-text-align-center\">Prefere Ebooks? Adquira o Ebook pela <a href=\"https:\/\/www.amazon.com.br\/dp\/B0CJQS9RBF\">Amazon<\/a>.<\/h3>\n\n\n\n<hr class=\"wp-block-separator has-alpha-channel-opacity\"\/>\n\n\n\n<p class=\"has-small-font-size\"><a href=\"http:\/\/antoniofontoura.com.br\/site\/category\/bloch\/\">Conhe\u00e7a nossos post sobre &#8220;Marc Bloch&#8221;<\/a><a href=\"http:\/\/antoniofontoura.com.br\/site\/category\/nibelungos\/\">.<\/a><\/p>\n\n\n\n<p>Um dos nomes mais influentes na historiografia francesa, Marc Bloch (1886-1944), renomado fundador da Escola de Annales, demonstra em &#8220;As caracter\u00edsticas originais da hist\u00f3ria rural francesa&#8221; toda a sua habilidade anal\u00edtica e metodol\u00f3gica na an\u00e1lise da hist\u00f3ria rural francesa. Enquanto a Alemanha e a Inglaterra desenvolveram uma tradi\u00e7\u00e3o de hist\u00f3ria rural desde o s\u00e9culo XIX, na Fran\u00e7a, foi somente com Marc Bloch, nas primeiras d\u00e9cadas do s\u00e9culo XX, que se estabeleceu uma hist\u00f3ria das estruturas agr\u00e1rias francesas.<\/p>\n\n\n\n<p>Por meio da an\u00e1lise de uma diversidade de fontes, uma caracter\u00edstica marcante de seu trabalho historiogr\u00e1fico, Bloch se empenha em compreender as transforma\u00e7\u00f5es na tecnologia, nas leis, nos costumes tradicionais, nas formas de vida e de trabalho na Fran\u00e7a rural, come\u00e7ando sua an\u00e1lise desde os prim\u00f3rdios sob o Imp\u00e9rio Romano, e por vezes, at\u00e9 mesmo antes desse per\u00edodo.<\/p>\n\n\n\n<p>Os conflitos entre senhores e camponeses, as raz\u00f5es que levaram \u00e0 imposi\u00e7\u00e3o de diferentes obriga\u00e7\u00f5es feudais sobre a popula\u00e7\u00e3o rural e as mudan\u00e7as na pr\u00f3pria geografia da paisagem s\u00e3o minuciosamente analisados por Marc Bloch, buscando a abordagem da &#8220;hist\u00f3ria total&#8221; que \u00e9 caracter\u00edstica da Escola de Annales.<\/p>\n\n\n\n<p>&#8220;As caracter\u00edsticas originais da hist\u00f3ria rural francesa&#8221; \u00e9 um cl\u00e1ssico da historiografia, ainda relevante &#8211; e inspirador &#8211; nos dias de hoje. Sua obra serve como um farol, iluminando a compreens\u00e3o n\u00e3o apenas da hist\u00f3ria rural da Fran\u00e7a, mas tamb\u00e9m dos m\u00e9todos e perspectivas anal\u00edticas que enriquecem o campo da historiografia como um todo.<\/p>\n\n\n\n<figure class=\"wp-block-embed is-type-rich is-provider-amazon wp-block-embed-amazon\"><div class=\"wp-block-embed__wrapper\">\n<iframe loading=\"lazy\" title=\"As Caracter\u00edsticas Originais da Hist\u00f3ria Rural Francesa (Obras de Marc Bloch)\" type=\"text\/html\" width=\"900\" height=\"550\" frameborder=\"0\" allowfullscreen style=\"max-width:100%\" src=\"https:\/\/ler.amazon.com.br\/kp\/card?preview=inline&#038;linkCode=kpd&#038;ref_=k4w_oembed_y8piKQ77QbgYUB&#038;asin=B0CJQS9RBF&#038;tag=kpembed-20\"><\/iframe>\n<\/div><\/figure>\n\n\n\n<hr class=\"wp-block-separator has-alpha-channel-opacity\"\/>\n\n\n\n<p><strong>Sobre o livro:<\/strong><\/p>\n\n\n\n<p>ISBN 9786500925692<br>N\u00famero de p\u00e1ginas 271<br>Edi\u00e7\u00e3o 1 (2024)<br>Formato A5 (148&#215;210)<br>Acabamento Brochura c\/ orelha<br>Colora\u00e7\u00e3o Preto e branco<br>Tipo de papel Offset 75g<br>Idioma Portugu\u00eas<\/p>\n","protected":false},"excerpt":{"rendered":"<p>Marc Bloch Prefere Ebooks? Adquira o Ebook pela Amazon. Conhe\u00e7a nossos post sobre &#8220;Marc Bloch&#8221;. Um dos nomes mais influentes na historiografia francesa, Marc Bloch (1886-1944), renomado fundador da Escola de Annales, demonstra em &#8220;As caracter\u00edsticas originais da hist\u00f3ria rural francesa&#8221; toda a sua habilidade anal\u00edtica e metodol\u00f3gica na an\u00e1lise\u2026<\/p>\n<p class=\"continue-reading-button\"> <a class=\"continue-reading-link\" href=\"https:\/\/antoniofontoura.com.br\/site\/principais-obras\/as-caracteristicas-originais-da-historia-rural-francesa\/\">Leia mais<i class=\"crycon-right-dir\"><\/i><\/a><\/p>\n","protected":false},"author":1,"featured_media":0,"parent":42,"menu_order":0,"comment_status":"closed","ping_status":"closed","template":"","meta":[],"_links":{"self":[{"href":"https:\/\/antoniofontoura.com.br\/site\/wp-json\/wp\/v2\/pages\/772"}],"collection":[{"href":"https:\/\/antoniofontoura.com.br\/site\/wp-json\/wp\/v2\/pages"}],"about":[{"href":"https:\/\/antoniofontoura.com.br\/site\/wp-json\/wp\/v2\/types\/page"}],"author":[{"embeddable":true,"href":"https:\/\/antoniofontoura.com.br\/site\/wp-json\/wp\/v2\/users\/1"}],"replies":[{"embeddable":true,"href":"https:\/\/antoniofontoura.com.br\/site\/wp-json\/wp\/v2\/comments?post=772"}],"version-history":[{"count":3,"href":"https:\/\/antoniofontoura.com.br\/site\/wp-json\/wp\/v2\/pages\/772\/revisions"}],"predecessor-version":[{"id":1104,"href":"https:\/\/antoniofontoura.com.br\/site\/wp-json\/wp\/v2\/pages\/772\/revisions\/1104"}],"up":[{"embeddable":true,"href":"https:\/\/antoniofontoura.com.br\/site\/wp-json\/wp\/v2\/pages\/42"}],"wp:attachment":[{"href":"https:\/\/antoniofontoura.com.br\/site\/wp-json\/wp\/v2\/media?parent=772"}],"curies":[{"name":"wp","href":"https:\/\/api.w.org\/{rel}","templated":true}]}}