{"id":788,"date":"2024-03-12T17:17:16","date_gmt":"2024-03-12T17:17:16","guid":{"rendered":"https:\/\/antoniofontoura.com.br\/site\/?page_id=788"},"modified":"2024-10-31T17:28:02","modified_gmt":"2024-10-31T17:28:02","slug":"apologia-para-a-historia","status":"publish","type":"page","link":"https:\/\/antoniofontoura.com.br\/site\/principais-obras\/apologia-para-a-historia\/","title":{"rendered":"Apologia para a hist\u00f3ria"},"content":{"rendered":"\n<h2 class=\"wp-block-heading\">Marc Bloch<\/h2>\n\n\n<div class=\"wp-block-image\">\n<figure class=\"aligncenter size-full\"><img decoding=\"async\" loading=\"lazy\" width=\"231\" height=\"328\" src=\"https:\/\/antoniofontoura.com.br\/site\/wp-content\/uploads\/2024\/03\/capinha_apologia.jpg\" alt=\"\" class=\"wp-image-789\" srcset=\"https:\/\/antoniofontoura.com.br\/site\/wp-content\/uploads\/2024\/03\/capinha_apologia.jpg 231w, https:\/\/antoniofontoura.com.br\/site\/wp-content\/uploads\/2024\/03\/capinha_apologia-211x300.jpg 211w, https:\/\/antoniofontoura.com.br\/site\/wp-content\/uploads\/2024\/03\/capinha_apologia-106x150.jpg 106w\" sizes=\"(max-width: 231px) 100vw, 231px\" \/><figcaption class=\"wp-element-caption\"> <\/figcaption><\/figure><\/div>\n\n\n<div class=\"wp-block-columns is-layout-flex wp-container-3\">\n<div class=\"wp-block-column is-layout-flow\"><div class=\"wp-block-image\">\n<figure class=\"aligncenter size-full\"><a href=\"https:\/\/clubedeautores.com.br\/livro\/apologia-para-a-historia\"><img decoding=\"async\" loading=\"lazy\" width=\"74\" height=\"28\" src=\"https:\/\/antoniofontoura.com.br\/site\/wp-content\/uploads\/2022\/10\/clube_autores_pq.jpg\" alt=\"\" class=\"wp-image-534\"\/><\/a><figcaption class=\"wp-element-caption\">Livro f\u00edsico<\/figcaption><\/figure><\/div><\/div>\n\n\n\n<div class=\"wp-block-column is-layout-flow\"><div class=\"wp-block-image\">\n<figure class=\"aligncenter size-full\"><a href=\"https:\/\/www.amazon.com.br\/dp\/B0CSQGHBZN\"><img decoding=\"async\" loading=\"lazy\" width=\"68\" height=\"25\" src=\"https:\/\/antoniofontoura.com.br\/site\/wp-content\/uploads\/2021\/11\/testeamz.jpg\" alt=\"\" class=\"wp-image-467\"\/><\/a><figcaption class=\"wp-element-caption\">Ebook<\/figcaption><\/figure><\/div><\/div>\n<\/div>\n\n\n\n<hr class=\"wp-block-separator has-alpha-channel-opacity\"\/>\n\n\n\n<p><a href=\"http:\/\/antoniofontoura.com.br\/site\/category\/bloch\/\">Conhe\u00e7a nossos posts sobre Marc Bloch.<\/a><\/p>\n\n\n\n<p>&#8220;A Apologia para a Hist\u00f3ria ou o Of\u00edcio do Historiador&#8221; de Marc Bloch, renomado medievalista franc\u00eas e membro da resist\u00eancia durante a Segunda Guerra Mundial, \u00e9 uma obra inacabada devido \u00e0 sua execu\u00e7\u00e3o pelos nazistas. Reconhecido por outras contribui\u00e7\u00f5es not\u00e1veis, como &#8220;Os Reis Taumaturgos&#8221; e &#8220;A Sociedade Feudal&#8221;, Bloch destaca-se como um dos fundadores da escola dos Annales na Fran\u00e7a, que revolucionou a abordagem dos estudos hist\u00f3ricos.<\/p>\n\n\n\n<p>Este livro, leitura quase obrigat\u00f3ria para estudiosos iniciantes em hist\u00f3ria, apresenta a vis\u00e3o de Bloch sobre os estudos hist\u00f3ricos, abordando metodologias, objetivos e as limita\u00e7\u00f5es nos estudos hist\u00f3rica. Sua perspectiva \u00e9 especialmente valiosa, considerando sua experi\u00eancia e a influ\u00eancia da escola dos Annales na pesquisa hist\u00f3rica na Fran\u00e7a.<\/p>\n\n\n\n<p>Marc Bloch compartilha os frutos de sua experi\u00eancia, destacando o uso de ferramentas sens\u00edveis e testadas para a pesquisa hist\u00f3rica. Apesar das condi\u00e7\u00f5es adversas em que foi escrito, &#8220;Apologia para a Hist\u00f3ria&#8221; reflete o \u00e1pice da forma intelectual de Bloch. O historiador refor\u00e7a o valor da ci\u00eancia hist\u00f3rica, estabelecendo par\u00e2metros e \u00e9tica de trabalho, legitimando seu papel na constru\u00e7\u00e3o do conhecimento humano.<\/p>\n\n\n\n<p>No cerne do livro, Bloch define a &#8220;ci\u00eancia dos homens no tempo&#8221;, conferindo-lhe profundidade e grandeza. O manual busca estabelecer os princ\u00edpios fundamentais dessa ci\u00eancia, consolidando-se como uma obra essencial para compreender a natureza e as possibilidades da pesquisa hist\u00f3rica.<\/p>\n\n\n\n<figure class=\"wp-block-embed is-type-rich is-provider-amazon wp-block-embed-amazon\"><div class=\"wp-block-embed__wrapper\">\n<iframe loading=\"lazy\" title=\"Apologia para a Hist\u00f3ria: ou o Of\u00edcio do Historiador (Obras de Marc Bloch)\" type=\"text\/html\" width=\"900\" height=\"550\" frameborder=\"0\" allowfullscreen style=\"max-width:100%\" src=\"https:\/\/ler.amazon.com.br\/kp\/card?preview=inline&#038;linkCode=kpd&#038;ref_=k4w_oembed_4oFUlwnpaBiLKK&#038;asin=B0CSQGHBZN&#038;tag=kpembed-20\"><\/iframe>\n<\/div><\/figure>\n\n\n\n<hr class=\"wp-block-separator has-alpha-channel-opacity\"\/>\n\n\n\n<p>Idioma \u200f : \u200e Portugu\u00eas<br>Tamanho do arquivo \u200f : \u200e 706 KB<br>Leitura de texto \u200f : \u200e Habilitado<br>Leitor de tela \u200f : \u200e Compat\u00edvel<br>Configura\u00e7\u00e3o de fonte \u200f : \u200e Habilitado<br>Dicas de vocabul\u00e1rio \u200f : \u200e N\u00e3o habilitado<br>N\u00famero de p\u00e1ginas \u200f : \u200e 167 p\u00e1ginas<\/p>\n","protected":false},"excerpt":{"rendered":"<p>Marc Bloch Conhe\u00e7a nossos posts sobre Marc Bloch. &#8220;A Apologia para a Hist\u00f3ria ou o Of\u00edcio do Historiador&#8221; de Marc Bloch, renomado medievalista franc\u00eas e membro da resist\u00eancia durante a Segunda Guerra Mundial, \u00e9 uma obra inacabada devido \u00e0 sua execu\u00e7\u00e3o pelos nazistas. Reconhecido por outras contribui\u00e7\u00f5es not\u00e1veis, como &#8220;Os\u2026<\/p>\n<p class=\"continue-reading-button\"> <a class=\"continue-reading-link\" href=\"https:\/\/antoniofontoura.com.br\/site\/principais-obras\/apologia-para-a-historia\/\">Leia mais<i class=\"crycon-right-dir\"><\/i><\/a><\/p>\n","protected":false},"author":1,"featured_media":0,"parent":42,"menu_order":0,"comment_status":"closed","ping_status":"closed","template":"","meta":[],"_links":{"self":[{"href":"https:\/\/antoniofontoura.com.br\/site\/wp-json\/wp\/v2\/pages\/788"}],"collection":[{"href":"https:\/\/antoniofontoura.com.br\/site\/wp-json\/wp\/v2\/pages"}],"about":[{"href":"https:\/\/antoniofontoura.com.br\/site\/wp-json\/wp\/v2\/types\/page"}],"author":[{"embeddable":true,"href":"https:\/\/antoniofontoura.com.br\/site\/wp-json\/wp\/v2\/users\/1"}],"replies":[{"embeddable":true,"href":"https:\/\/antoniofontoura.com.br\/site\/wp-json\/wp\/v2\/comments?post=788"}],"version-history":[{"count":3,"href":"https:\/\/antoniofontoura.com.br\/site\/wp-json\/wp\/v2\/pages\/788\/revisions"}],"predecessor-version":[{"id":1103,"href":"https:\/\/antoniofontoura.com.br\/site\/wp-json\/wp\/v2\/pages\/788\/revisions\/1103"}],"up":[{"embeddable":true,"href":"https:\/\/antoniofontoura.com.br\/site\/wp-json\/wp\/v2\/pages\/42"}],"wp:attachment":[{"href":"https:\/\/antoniofontoura.com.br\/site\/wp-json\/wp\/v2\/media?parent=788"}],"curies":[{"name":"wp","href":"https:\/\/api.w.org\/{rel}","templated":true}]}}