{"id":850,"date":"2024-03-29T20:13:40","date_gmt":"2024-03-29T20:13:40","guid":{"rendered":"https:\/\/antoniofontoura.com.br\/site\/?page_id=850"},"modified":"2024-10-31T17:32:30","modified_gmt":"2024-10-31T17:32:30","slug":"confissoes-da-bahia","status":"publish","type":"page","link":"https:\/\/antoniofontoura.com.br\/site\/principais-obras\/confissoes-da-bahia\/","title":{"rendered":"Confiss\u00f5es da Bahia"},"content":{"rendered":"\n<h2 class=\"wp-block-heading\">Capistrano de Abreu<\/h2>\n\n\n<div class=\"wp-block-image\">\n<figure class=\"aligncenter size-full\"><a href=\"https:\/\/www.amazon.com.br\/dp\/B08538MR1V\"><img decoding=\"async\" loading=\"lazy\" width=\"231\" height=\"328\" src=\"https:\/\/antoniofontoura.com.br\/site\/wp-content\/uploads\/2021\/08\/conifssoes-capinha.jpg\" alt=\"\" class=\"wp-image-406\" srcset=\"https:\/\/antoniofontoura.com.br\/site\/wp-content\/uploads\/2021\/08\/conifssoes-capinha.jpg 231w, https:\/\/antoniofontoura.com.br\/site\/wp-content\/uploads\/2021\/08\/conifssoes-capinha-211x300.jpg 211w, https:\/\/antoniofontoura.com.br\/site\/wp-content\/uploads\/2021\/08\/conifssoes-capinha-106x150.jpg 106w\" sizes=\"(max-width: 231px) 100vw, 231px\" \/><\/a><figcaption class=\"wp-element-caption\"> <\/figcaption><\/figure><\/div>\n\n<div class=\"wp-block-image\">\n<figure class=\"aligncenter size-full\"><a href=\"https:\/\/www.amazon.com.br\/dp\/B08538MR1V\"><img decoding=\"async\" loading=\"lazy\" width=\"68\" height=\"25\" src=\"https:\/\/antoniofontoura.com.br\/site\/wp-content\/uploads\/2021\/11\/testeamz.jpg\" alt=\"\" class=\"wp-image-467\"\/><\/a><\/figure><\/div>\n\n\n<hr class=\"wp-block-separator has-alpha-channel-opacity\"\/>\n\n\n\n<p>Em 1591 o visitador Heitor Furtado de Mendon\u00e7a estabelecia, em Salvador, a primeira visita\u00e7\u00e3o do Santo Of\u00edcio no Brasil. Chegando pela primeira vez em terras luso-americanas, a Inquisi\u00e7\u00e3o Portuguesa tinha como objetivo principal o de reconhecer e punir aqueles que secretamente praticavam o juda\u00edsmo, tendo aten\u00e7\u00e3o particular aos chamados crist\u00e3os novos &#8211; convertidos \u00e0 for\u00e7a ao catolicismo enquanto estrat\u00e9gia de elimina\u00e7\u00e3o da religi\u00e3o judaica em Portugal.<\/p>\n\n\n\n<p>Outras pr\u00e1ticas tamb\u00e9m eram perseguidas, como a da feiti\u00e7aria, da qual as Confiss\u00f5es apresentam alguns exemplos, e a de heresia, em que os &#8220;luteranos&#8221; eram alvo preferencial.<\/p>\n\n\n\n<p>As confiss\u00f5es que foram obtidas em 1591 e 1592 na Bahia podem ter, por\u00e9m, surpreendido o visitador. E \u00e9 nestas particularidades que estes documentos podem nos ajudar a compreender um pouco mais sobre a realidade cotidiana e a sociedade colonial do Brasil de finais do s\u00e9culo XVI.<\/p>\n\n\n\n<figure class=\"wp-block-embed is-type-rich is-provider-amazon wp-block-embed-amazon\"><div class=\"wp-block-embed__wrapper\">\n<iframe loading=\"lazy\" title=\"Confiss\u00f5es da Bahia: Primeira Visita\u00e7\u00e3o do Santo Of\u00edcio \u00e0s Partes do Brasil\" type=\"text\/html\" width=\"900\" height=\"550\" frameborder=\"0\" allowfullscreen style=\"max-width:100%\" src=\"https:\/\/ler.amazon.com.br\/kp\/card?preview=inline&#038;linkCode=kpd&#038;ref_=k4w_oembed_WOy05jBXT9dJE9&#038;asin=B08538MR1V&#038;tag=kpembed-20\"><\/iframe>\n<\/div><\/figure>\n\n\n\n<hr class=\"wp-block-separator has-alpha-channel-opacity\"\/>\n\n\n\n<p>Idioma \u200f : \u200e Portugu\u00eas<br>Tamanho do arquivo \u200f : \u200e 2437 KB<br>Quantidade de dispositivos em que \u00e9 poss\u00edvel ler este eBook ao mesmo tempo \u200f : \u200e Ilimitado<br>Leitura de texto \u200f : \u200e Habilitado<br>Leitor de tela \u200f : \u200e Compat\u00edvel<br>Configura\u00e7\u00e3o de fonte \u200f : \u200e Habilitado<br>Dicas de vocabul\u00e1rio \u200f : \u200e N\u00e3o habilitado<br>N\u00famero de p\u00e1ginas \u200f : \u200e 221 p\u00e1ginas<\/p>\n","protected":false},"excerpt":{"rendered":"<p>Capistrano de Abreu Em 1591 o visitador Heitor Furtado de Mendon\u00e7a estabelecia, em Salvador, a primeira visita\u00e7\u00e3o do Santo Of\u00edcio no Brasil. Chegando pela primeira vez em terras luso-americanas, a Inquisi\u00e7\u00e3o Portuguesa tinha como objetivo principal o de reconhecer e punir aqueles que secretamente praticavam o juda\u00edsmo, tendo aten\u00e7\u00e3o particular\u2026<\/p>\n<p class=\"continue-reading-button\"> <a class=\"continue-reading-link\" href=\"https:\/\/antoniofontoura.com.br\/site\/principais-obras\/confissoes-da-bahia\/\">Leia mais<i class=\"crycon-right-dir\"><\/i><\/a><\/p>\n","protected":false},"author":1,"featured_media":0,"parent":42,"menu_order":0,"comment_status":"closed","ping_status":"closed","template":"","meta":[],"_links":{"self":[{"href":"https:\/\/antoniofontoura.com.br\/site\/wp-json\/wp\/v2\/pages\/850"}],"collection":[{"href":"https:\/\/antoniofontoura.com.br\/site\/wp-json\/wp\/v2\/pages"}],"about":[{"href":"https:\/\/antoniofontoura.com.br\/site\/wp-json\/wp\/v2\/types\/page"}],"author":[{"embeddable":true,"href":"https:\/\/antoniofontoura.com.br\/site\/wp-json\/wp\/v2\/users\/1"}],"replies":[{"embeddable":true,"href":"https:\/\/antoniofontoura.com.br\/site\/wp-json\/wp\/v2\/comments?post=850"}],"version-history":[{"count":3,"href":"https:\/\/antoniofontoura.com.br\/site\/wp-json\/wp\/v2\/pages\/850\/revisions"}],"predecessor-version":[{"id":1110,"href":"https:\/\/antoniofontoura.com.br\/site\/wp-json\/wp\/v2\/pages\/850\/revisions\/1110"}],"up":[{"embeddable":true,"href":"https:\/\/antoniofontoura.com.br\/site\/wp-json\/wp\/v2\/pages\/42"}],"wp:attachment":[{"href":"https:\/\/antoniofontoura.com.br\/site\/wp-json\/wp\/v2\/media?parent=850"}],"curies":[{"name":"wp","href":"https:\/\/api.w.org\/{rel}","templated":true}]}}