{"id":857,"date":"2024-03-29T20:25:37","date_gmt":"2024-03-29T20:25:37","guid":{"rendered":"https:\/\/antoniofontoura.com.br\/site\/?page_id=857"},"modified":"2024-10-31T17:53:44","modified_gmt":"2024-10-31T17:53:44","slug":"sussurros-na-escuridao","status":"publish","type":"page","link":"https:\/\/antoniofontoura.com.br\/site\/principais-obras\/sussurros-na-escuridao\/","title":{"rendered":"Sussurros na Escurid\u00e3o"},"content":{"rendered":"\n<h2 class=\"wp-block-heading\">H. P. Lovecraft<\/h2>\n\n\n<div class=\"wp-block-image\">\n<figure class=\"aligncenter size-full\"><a href=\"https:\/\/www.amazon.com.br\/dp\/B07NTY4D1B\"><img decoding=\"async\" loading=\"lazy\" width=\"231\" height=\"328\" src=\"https:\/\/antoniofontoura.com.br\/site\/wp-content\/uploads\/2021\/08\/lovecraft-capinha.jpg\" alt=\"\" class=\"wp-image-407\" srcset=\"https:\/\/antoniofontoura.com.br\/site\/wp-content\/uploads\/2021\/08\/lovecraft-capinha.jpg 231w, https:\/\/antoniofontoura.com.br\/site\/wp-content\/uploads\/2021\/08\/lovecraft-capinha-211x300.jpg 211w, https:\/\/antoniofontoura.com.br\/site\/wp-content\/uploads\/2021\/08\/lovecraft-capinha-106x150.jpg 106w\" sizes=\"(max-width: 231px) 100vw, 231px\" \/><\/a><figcaption class=\"wp-element-caption\"> <\/figcaption><\/figure><\/div>\n\n<div class=\"wp-block-image\">\n<figure class=\"aligncenter size-full\"><img decoding=\"async\" loading=\"lazy\" width=\"68\" height=\"25\" src=\"https:\/\/antoniofontoura.com.br\/site\/wp-content\/uploads\/2021\/11\/testeamz.jpg\" alt=\"\" class=\"wp-image-467\"\/><\/figure><\/div>\n\n\n<hr class=\"wp-block-separator has-alpha-channel-opacity\"\/>\n\n\n\n<p>&#8220;Quanto mais eu olhava para as fotos, mais eu via que minhas s\u00e9rias considera\u00e7\u00f5es sobre Akeley e sua hist\u00f3ria n\u00e3o tinham sido injustificadas. Certamente, essas imagens continham evid\u00eancias conclusivas de algo existente nas colinas de Vermont, que estava ao menos fora do raio de nosso conhecimento e cren\u00e7a comuns. O pior de tudo era a pegada \u2013 uma imagem obtida onde o sol brilhava em um peda\u00e7o de lama em algum lugar em um planalto des\u00e9rtico. N\u00e3o era algo pobremente falsificado, pude perceber rapidamente; pois os seixos e a grama nitidamente definidos no campo de vis\u00e3o forneciam uma escala evidente e n\u00e3o deixavam qualquer possibilidade de uma complexa dupla exposi\u00e7\u00e3o. Eu chamei a coisa de \u201cpegada\u201d, mas \u201cimpress\u00e3o de garra\u201d seria um termo melhor. &#8220;<\/p>\n\n\n\n<figure class=\"wp-block-embed is-type-rich is-provider-amazon wp-block-embed-amazon\"><div class=\"wp-block-embed__wrapper\">\n<iframe loading=\"lazy\" title=\"Sussurros na escurid\u00e3o\" type=\"text\/html\" width=\"900\" height=\"550\" frameborder=\"0\" allowfullscreen style=\"max-width:100%\" src=\"https:\/\/ler.amazon.com.br\/kp\/card?preview=inline&#038;linkCode=kpd&#038;ref_=k4w_oembed_LghSDMJH6QepMl&#038;asin=B07NTY4D1B&#038;tag=kpembed-20\"><\/iframe>\n<\/div><\/figure>\n\n\n\n<hr class=\"wp-block-separator has-alpha-channel-opacity\"\/>\n\n\n\n<p>Idioma \u200f : \u200e Portugu\u00eas<br>Tamanho do arquivo \u200f : \u200e 1038 KB<br>Leitura de texto \u200f : \u200e Habilitado<br>Leitor de tela \u200f : \u200e Compat\u00edvel<br>Configura\u00e7\u00e3o de fonte \u200f : \u200e Habilitado<br>Dicas de vocabul\u00e1rio \u200f : \u200e N\u00e3o habilitado<br>N\u00famero de p\u00e1ginas \u200f : \u200e 89 p\u00e1ginas<\/p>\n","protected":false},"excerpt":{"rendered":"<p>H. P. Lovecraft &#8220;Quanto mais eu olhava para as fotos, mais eu via que minhas s\u00e9rias considera\u00e7\u00f5es sobre Akeley e sua hist\u00f3ria n\u00e3o tinham sido injustificadas. Certamente, essas imagens continham evid\u00eancias conclusivas de algo existente nas colinas de Vermont, que estava ao menos fora do raio de nosso conhecimento e\u2026<\/p>\n<p class=\"continue-reading-button\"> <a class=\"continue-reading-link\" href=\"https:\/\/antoniofontoura.com.br\/site\/principais-obras\/sussurros-na-escuridao\/\">Leia mais<i class=\"crycon-right-dir\"><\/i><\/a><\/p>\n","protected":false},"author":1,"featured_media":0,"parent":42,"menu_order":0,"comment_status":"closed","ping_status":"closed","template":"","meta":[],"_links":{"self":[{"href":"https:\/\/antoniofontoura.com.br\/site\/wp-json\/wp\/v2\/pages\/857"}],"collection":[{"href":"https:\/\/antoniofontoura.com.br\/site\/wp-json\/wp\/v2\/pages"}],"about":[{"href":"https:\/\/antoniofontoura.com.br\/site\/wp-json\/wp\/v2\/types\/page"}],"author":[{"embeddable":true,"href":"https:\/\/antoniofontoura.com.br\/site\/wp-json\/wp\/v2\/users\/1"}],"replies":[{"embeddable":true,"href":"https:\/\/antoniofontoura.com.br\/site\/wp-json\/wp\/v2\/comments?post=857"}],"version-history":[{"count":2,"href":"https:\/\/antoniofontoura.com.br\/site\/wp-json\/wp\/v2\/pages\/857\/revisions"}],"predecessor-version":[{"id":1144,"href":"https:\/\/antoniofontoura.com.br\/site\/wp-json\/wp\/v2\/pages\/857\/revisions\/1144"}],"up":[{"embeddable":true,"href":"https:\/\/antoniofontoura.com.br\/site\/wp-json\/wp\/v2\/pages\/42"}],"wp:attachment":[{"href":"https:\/\/antoniofontoura.com.br\/site\/wp-json\/wp\/v2\/media?parent=857"}],"curies":[{"name":"wp","href":"https:\/\/api.w.org\/{rel}","templated":true}]}}