{"id":859,"date":"2024-03-29T20:27:55","date_gmt":"2024-03-29T20:27:55","guid":{"rendered":"https:\/\/antoniofontoura.com.br\/site\/?page_id=859"},"modified":"2024-10-31T17:40:56","modified_gmt":"2024-10-31T17:40:56","slug":"lancando-as-runas","status":"publish","type":"page","link":"https:\/\/antoniofontoura.com.br\/site\/principais-obras\/lancando-as-runas\/","title":{"rendered":"Lan\u00e7ando as Runas"},"content":{"rendered":"\n<h2 class=\"wp-block-heading\">M. R. James<\/h2>\n\n\n<div class=\"wp-block-image\">\n<figure class=\"aligncenter size-full\"><a href=\"https:\/\/www.amazon.com.br\/dp\/B07SSQRB63\"><img decoding=\"async\" loading=\"lazy\" width=\"231\" height=\"328\" src=\"https:\/\/antoniofontoura.com.br\/site\/wp-content\/uploads\/2021\/08\/james-capinha.jpg\" alt=\"\" class=\"wp-image-408\" srcset=\"https:\/\/antoniofontoura.com.br\/site\/wp-content\/uploads\/2021\/08\/james-capinha.jpg 231w, https:\/\/antoniofontoura.com.br\/site\/wp-content\/uploads\/2021\/08\/james-capinha-211x300.jpg 211w, https:\/\/antoniofontoura.com.br\/site\/wp-content\/uploads\/2021\/08\/james-capinha-106x150.jpg 106w\" sizes=\"(max-width: 231px) 100vw, 231px\" \/><\/a><figcaption class=\"wp-element-caption\"> <\/figcaption><\/figure><\/div>\n\n<div class=\"wp-block-image\">\n<figure class=\"aligncenter size-full\"><a href=\"https:\/\/www.amazon.com.br\/dp\/B07SSQRB63\"><img decoding=\"async\" loading=\"lazy\" width=\"68\" height=\"25\" src=\"https:\/\/antoniofontoura.com.br\/site\/wp-content\/uploads\/2021\/11\/testeamz.jpg\" alt=\"\" class=\"wp-image-467\"\/><\/a><\/figure><\/div>\n\n\n<hr class=\"wp-block-separator has-alpha-channel-opacity\"\/>\n\n\n\n<p>M. R. James (1862-1936) \u00e9 provavelmente o nome mais conhecido do per\u00edodo das hist\u00f3rias cl\u00e1ssicas de fantasmas e de terror. Abandonando arcaicos do tema que o ligavam a uma est\u00e9tica g\u00f3tica, M. R. James levou os fantasmas, em suas m\u00faltiplas manifesta\u00e7\u00f5es, para o cotidiano das pessoas do final do s\u00e9culo XIX e in\u00edcio do XX. \u201cLan\u00e7ando as Runas\u201d, provavelmente a mais famosa de suas hist\u00f3rias (e presente neste volume) estabeleceu novos modelos para o g\u00eanero que, posteriormente, foi inclusive transportado para o cinema e a televis\u00e3o.<\/p>\n\n\n\n<figure class=\"wp-block-embed is-type-rich is-provider-amazon wp-block-embed-amazon\"><div class=\"wp-block-embed__wrapper\">\n<iframe loading=\"lazy\" title=\"Lan\u00e7ando as Runas: E outras hist\u00f3rias de fantasmas\" type=\"text\/html\" width=\"900\" height=\"550\" frameborder=\"0\" allowfullscreen style=\"max-width:100%\" src=\"https:\/\/ler.amazon.com.br\/kp\/card?preview=inline&#038;linkCode=kpd&#038;ref_=k4w_oembed_4OkN8WwfR0jcy8&#038;asin=B07SSQRB63&#038;tag=kpembed-20\"><\/iframe>\n<\/div><\/figure>\n\n\n\n<hr class=\"wp-block-separator has-alpha-channel-opacity\"\/>\n\n\n\n<p>Idioma \u200f : \u200e Portugu\u00eas<br>Tamanho do arquivo \u200f : \u200e 1782 KB<br>Leitura de texto \u200f : \u200e Habilitado<br>Leitor de tela \u200f : \u200e Compat\u00edvel<br>Configura\u00e7\u00e3o de fonte \u200f : \u200e Habilitado<br>Dicas de vocabul\u00e1rio \u200f : \u200e N\u00e3o habilitado<br>N\u00famero de p\u00e1ginas \u200f : \u200e 94 p\u00e1ginas<\/p>\n","protected":false},"excerpt":{"rendered":"<p>M. R. James M. R. James (1862-1936) \u00e9 provavelmente o nome mais conhecido do per\u00edodo das hist\u00f3rias cl\u00e1ssicas de fantasmas e de terror. Abandonando arcaicos do tema que o ligavam a uma est\u00e9tica g\u00f3tica, M. R. James levou os fantasmas, em suas m\u00faltiplas manifesta\u00e7\u00f5es, para o cotidiano das pessoas do\u2026<\/p>\n<p class=\"continue-reading-button\"> <a class=\"continue-reading-link\" href=\"https:\/\/antoniofontoura.com.br\/site\/principais-obras\/lancando-as-runas\/\">Leia mais<i class=\"crycon-right-dir\"><\/i><\/a><\/p>\n","protected":false},"author":1,"featured_media":0,"parent":42,"menu_order":0,"comment_status":"closed","ping_status":"closed","template":"","meta":[],"_links":{"self":[{"href":"https:\/\/antoniofontoura.com.br\/site\/wp-json\/wp\/v2\/pages\/859"}],"collection":[{"href":"https:\/\/antoniofontoura.com.br\/site\/wp-json\/wp\/v2\/pages"}],"about":[{"href":"https:\/\/antoniofontoura.com.br\/site\/wp-json\/wp\/v2\/types\/page"}],"author":[{"embeddable":true,"href":"https:\/\/antoniofontoura.com.br\/site\/wp-json\/wp\/v2\/users\/1"}],"replies":[{"embeddable":true,"href":"https:\/\/antoniofontoura.com.br\/site\/wp-json\/wp\/v2\/comments?post=859"}],"version-history":[{"count":2,"href":"https:\/\/antoniofontoura.com.br\/site\/wp-json\/wp\/v2\/pages\/859\/revisions"}],"predecessor-version":[{"id":1124,"href":"https:\/\/antoniofontoura.com.br\/site\/wp-json\/wp\/v2\/pages\/859\/revisions\/1124"}],"up":[{"embeddable":true,"href":"https:\/\/antoniofontoura.com.br\/site\/wp-json\/wp\/v2\/pages\/42"}],"wp:attachment":[{"href":"https:\/\/antoniofontoura.com.br\/site\/wp-json\/wp\/v2\/media?parent=859"}],"curies":[{"name":"wp","href":"https:\/\/api.w.org\/{rel}","templated":true}]}}