{"id":861,"date":"2024-03-29T20:34:05","date_gmt":"2024-03-29T20:34:05","guid":{"rendered":"https:\/\/antoniofontoura.com.br\/site\/?page_id=861"},"modified":"2024-08-15T17:44:44","modified_gmt":"2024-08-15T17:44:44","slug":"uarda","status":"publish","type":"page","link":"https:\/\/antoniofontoura.com.br\/site\/principais-obras\/uarda\/","title":{"rendered":"Uarda"},"content":{"rendered":"\n<h2 class=\"wp-block-heading\">Georg Ebers<\/h2>\n\n\n<div class=\"wp-block-image\">\n<figure class=\"aligncenter size-full\"><a href=\"https:\/\/www.amazon.com.br\/dp\/B0CRWZHL5Q\"><img decoding=\"async\" loading=\"lazy\" width=\"231\" height=\"328\" src=\"https:\/\/antoniofontoura.com.br\/site\/wp-content\/uploads\/2024\/03\/capinha_uarda.jpg\" alt=\"\" class=\"wp-image-862\" srcset=\"https:\/\/antoniofontoura.com.br\/site\/wp-content\/uploads\/2024\/03\/capinha_uarda.jpg 231w, https:\/\/antoniofontoura.com.br\/site\/wp-content\/uploads\/2024\/03\/capinha_uarda-211x300.jpg 211w, https:\/\/antoniofontoura.com.br\/site\/wp-content\/uploads\/2024\/03\/capinha_uarda-106x150.jpg 106w\" sizes=\"(max-width: 231px) 100vw, 231px\" \/><\/a><figcaption class=\"wp-element-caption\"> <\/figcaption><\/figure><\/div>\n\n\n<div class=\"wp-block-columns is-layout-flex wp-container-3\">\n<div class=\"wp-block-column is-layout-flow\"><div class=\"wp-block-image\">\n<figure class=\"aligncenter size-full\"><a href=\"https:\/\/clubedeautores.com.br\/livro\/uarda\"><img decoding=\"async\" loading=\"lazy\" width=\"74\" height=\"28\" src=\"https:\/\/antoniofontoura.com.br\/site\/wp-content\/uploads\/2022\/10\/clube_autores_pq.jpg\" alt=\"\" class=\"wp-image-534\"\/><\/a><figcaption class=\"wp-element-caption\">Livro F\u00edsico<\/figcaption><\/figure><\/div><\/div>\n\n\n\n<div class=\"wp-block-column is-layout-flow\"><div class=\"wp-block-image\">\n<figure class=\"aligncenter size-full\"><a href=\"https:\/\/www.amazon.com.br\/dp\/B0CRWZHL5Q\"><img decoding=\"async\" loading=\"lazy\" width=\"68\" height=\"25\" src=\"https:\/\/antoniofontoura.com.br\/site\/wp-content\/uploads\/2021\/11\/testeamz.jpg\" alt=\"\" class=\"wp-image-467\"\/><\/a><figcaption class=\"wp-element-caption\">Ebook<\/figcaption><\/figure><\/div><\/div>\n<\/div>\n\n\n\n<hr class=\"wp-block-separator has-alpha-channel-opacity\"\/>\n\n\n\n<p>Em &#8216;Uarda&#8217;, Georg Ebers habilmente entrela\u00e7a o tapete hist\u00f3rico do antigo Egito com sua h\u00e1bil pena, combinando romance e a riqueza de narrativas arqueol\u00f3gicas e antropol\u00f3gicas. O autor adota um estilo liter\u00e1rio evocativo, utilizando descri\u00e7\u00f5es v\u00edvidas e dialetos aut\u00eanticos, transportando o leitor para uma era passada de esfinges e fara\u00f3s. Ambientada em um mundo arcaico, a trama detalha a vida de Uarda, uma jovem de beleza cativante, envolvida em um intrincado labirinto de intrigas pol\u00edticas e pessoais. Mais do que um reflexo de pr\u00e1ticas costumeiras, a narrativa tamb\u00e9m oferece um coment\u00e1rio sobre a condi\u00e7\u00e3o humana, visto atrav\u00e9s da lente do romantismo hist\u00f3rico.<\/p>\n\n\n\n<p>O renomado egipt\u00f3logo Georg Ebers, t\u00e3o acad\u00eamico quanto contador de hist\u00f3rias, canaliza seu extenso conhecimento de culturas antigas para o cerne da narrativa de &#8216;Uarda&#8217;. Suas percep\u00e7\u00f5es sobre a vida eg\u00edpcia, provenientes de pesquisas acad\u00eamicas, conferem ao texto um grau de autenticidade que o transforma em um verdadeiro artefato cultural. A paix\u00e3o de Ebers pela egiptologia \u00e9 evidente em cada cap\u00edtulo, guiando os leitores por um mundo onde a linha entre fato hist\u00f3rico e fic\u00e7\u00e3o \u00e9 intricadamente borrada.<\/p>\n\n\n\n<hr class=\"wp-block-separator has-alpha-channel-opacity\"\/>\n\n\n\n<p>N\u00famero de p\u00e1ginas: 484<br>Edi\u00e7\u00e3o: 1 (2024)<br>Formato: A5 (148&#215;210)<br>Acabamento: Brochura c\/ orelha<br>Colora\u00e7\u00e3o: Preto e branco<br>Tipo de papel: Offset 75g<br>Idioma: Portugu\u00eas<\/p>\n","protected":false},"excerpt":{"rendered":"<p>Georg Ebers Em &#8216;Uarda&#8217;, Georg Ebers habilmente entrela\u00e7a o tapete hist\u00f3rico do antigo Egito com sua h\u00e1bil pena, combinando romance e a riqueza de narrativas arqueol\u00f3gicas e antropol\u00f3gicas. O autor adota um estilo liter\u00e1rio evocativo, utilizando descri\u00e7\u00f5es v\u00edvidas e dialetos aut\u00eanticos, transportando o leitor para uma era passada de esfinges\u2026<\/p>\n<p class=\"continue-reading-button\"> <a class=\"continue-reading-link\" href=\"https:\/\/antoniofontoura.com.br\/site\/principais-obras\/uarda\/\">Leia mais<i class=\"crycon-right-dir\"><\/i><\/a><\/p>\n","protected":false},"author":1,"featured_media":0,"parent":42,"menu_order":0,"comment_status":"closed","ping_status":"closed","template":"","meta":[],"_links":{"self":[{"href":"https:\/\/antoniofontoura.com.br\/site\/wp-json\/wp\/v2\/pages\/861"}],"collection":[{"href":"https:\/\/antoniofontoura.com.br\/site\/wp-json\/wp\/v2\/pages"}],"about":[{"href":"https:\/\/antoniofontoura.com.br\/site\/wp-json\/wp\/v2\/types\/page"}],"author":[{"embeddable":true,"href":"https:\/\/antoniofontoura.com.br\/site\/wp-json\/wp\/v2\/users\/1"}],"replies":[{"embeddable":true,"href":"https:\/\/antoniofontoura.com.br\/site\/wp-json\/wp\/v2\/comments?post=861"}],"version-history":[{"count":2,"href":"https:\/\/antoniofontoura.com.br\/site\/wp-json\/wp\/v2\/pages\/861\/revisions"}],"predecessor-version":[{"id":951,"href":"https:\/\/antoniofontoura.com.br\/site\/wp-json\/wp\/v2\/pages\/861\/revisions\/951"}],"up":[{"embeddable":true,"href":"https:\/\/antoniofontoura.com.br\/site\/wp-json\/wp\/v2\/pages\/42"}],"wp:attachment":[{"href":"https:\/\/antoniofontoura.com.br\/site\/wp-json\/wp\/v2\/media?parent=861"}],"curies":[{"name":"wp","href":"https:\/\/api.w.org\/{rel}","templated":true}]}}