{"id":90,"date":"2017-10-24T23:50:07","date_gmt":"2017-10-24T23:50:07","guid":{"rendered":"http:\/\/antoniofontoura.com.br\/site\/?page_id=90"},"modified":"2024-10-31T17:39:52","modified_gmt":"2024-10-31T17:39:52","slug":"introducao-aos-estudos-historicos","status":"publish","type":"page","link":"https:\/\/antoniofontoura.com.br\/site\/principais-obras\/introducao-aos-estudos-historicos\/","title":{"rendered":"Introdu\u00e7\u00e3o aos Estudos Hist\u00f3ricos"},"content":{"rendered":"\n<h2 class=\"wp-block-heading\">de: Charles V. Langlois, Charles Seignobos<\/h2>\n\n\n<div class=\"wp-block-image\">\n<figure class=\"aligncenter\"><img decoding=\"async\" src=\"https:\/\/antoniofontoura.com.br\/site\/wp-content\/uploads\/2017\/10\/coluna-2-seignobos-1.jpg\" alt=\"\" class=\"wp-image-26\"\/><figcaption class=\"wp-element-caption\"> <\/figcaption><\/figure><\/div>\n\n\n<div class=\"wp-block-columns are-vertically-aligned-bottom is-layout-flex wp-container-4\">\n<div class=\"wp-block-column is-vertically-aligned-bottom is-layout-flow\"><div class=\"wp-block-image\">\n<figure class=\"aligncenter size-full\"><a href=\"https:\/\/clubedeautores.com.br\/livro\/introducao-aos-estudos-historicos-3\"><img decoding=\"async\" loading=\"lazy\" width=\"74\" height=\"28\" src=\"https:\/\/antoniofontoura.com.br\/site\/wp-content\/uploads\/2022\/10\/clube_autores_pq.jpg\" alt=\"\" class=\"wp-image-534\"\/><\/a><\/figure><\/div><\/div>\n\n\n\n<div class=\"wp-block-column is-vertically-aligned-bottom is-layout-flow\"><div class=\"wp-block-image\">\n<figure class=\"aligncenter size-full\"><a href=\"https:\/\/www.estantevirtual.com.br\/busca?utf8=%E2%9C%93&amp;q=Introdu%C3%A7%C3%A3o%20aos%20Estudos%20HIst%C3%B3ricos%20Charles%20Seignobos%3B%20Charles%20Langlois\"><img decoding=\"async\" loading=\"lazy\" width=\"70\" height=\"28\" src=\"https:\/\/antoniofontoura.com.br\/site\/wp-content\/uploads\/2021\/11\/logo_estantevirtual.jpg\" alt=\"\" class=\"wp-image-464\"\/><\/a><\/figure><\/div><\/div>\n\n\n\n<div class=\"wp-block-column is-vertically-aligned-bottom is-layout-flow\"><div class=\"wp-block-image\">\n<figure class=\"aligncenter size-full\"><a href=\"https:\/\/www.americanas.com.br\/busca\/9786500631333\"><img decoding=\"async\" loading=\"lazy\" width=\"144\" height=\"21\" src=\"https:\/\/antoniofontoura.com.br\/site\/wp-content\/uploads\/2021\/11\/logo_americanas.jpg\" alt=\"\" class=\"wp-image-460\"\/><\/a><\/figure><\/div><\/div>\n<\/div>\n\n\n\n<hr class=\"wp-block-separator has-alpha-channel-opacity\"\/>\n\n\n\n<h3 class=\"wp-block-heading has-text-align-center\"><a href=\"https:\/\/www.amazon.com.br\/dp\/B06XWPRB1M\"><strong>Adquirir Vers\u00e3o Ebook pela Amazon!<\/strong><\/a><\/h3>\n\n\n\n<hr class=\"wp-block-separator has-alpha-channel-opacity\"\/>\n\n\n\n<h3 class=\"wp-block-heading\">Sobre Introdu\u00e7\u00e3o aos Estudos Hist\u00f3ricos<\/h3>\n\n\n\n<p><a href=\"http:\/\/antoniofontoura.com.br\/site\/category\/seignobos\/\">Conhe\u00e7a nossos posts sobre Introdu\u00e7\u00e3o aos Estudos Hist\u00f3ricos<\/a><br><a href=\"http:\/\/antoniofontoura.com.br\/site\/2017\/10\/24\/capitulo-1-de-introducao-aos-estudos-historicos\/\">Leia aqui o cap\u00edtulo 1 de Introdu\u00e7\u00e3o aos Estudos Hist\u00f3ricos<\/a><\/p>\n\n\n\n<blockquote class=\"wp-block-quote\">\n<p>&#8220;Em todas as ci\u00eancias da observa\u00e7\u00e3o direta, mesmo que as quest\u00f5es a serem respondidas n\u00e3o tenham sido antecipadas, os fatos observados sugerem quest\u00f5es e exigem que sejam formuladas com precis\u00e3o. Mas os historiadores n\u00e3o t\u00eam uma disciplina deste tipo; muitos deles est\u00e3o acostumados a imitar artistas, e nem sequer pensam em se perguntar o que est\u00e3o procurando. Tomam de seus documentos trechos que acreditam interessantes, muitas vezes por raz\u00f5es puramente pessoais, e reproduzem-nos, mudando sua linguagem e acrescentando quaisquer reflex\u00f5es diversas que possa lhes vir \u00e0 mente. &#8221; (Langlois; Seignobos)<\/p>\n<\/blockquote>\n\n\n\n<p>Qual o papel da verdade na hist\u00f3ria? Como os historiadores devem se portar diante dos documentos? Como a hist\u00f3ria deve trabalhar com a ideia de subjetividade, as rela\u00e7\u00f5es entre presente e passado, e as pr\u00f3prias vis\u00f5es de mundo?<\/p>\n\n\n\n<p>Essa \u00e9 uma tradu\u00e7\u00e3o para o portugu\u00eas de &#8220;Introduction aux \u00e9tudes historiques&#8221;, de Charles Victor Langlois, e Charles Seignbos, publicada pela primeira vez na Fran\u00e7a em 1897.<\/p>\n\n\n\n<p>Esta obra cl\u00e1ssica da historiografia met\u00f3dica francesa influenciou profundamente os estudos hist\u00f3ricos no Brasil, n\u00e3o apenas acad\u00eamicos, mas tamb\u00e9m escolares.<\/p>\n\n\n\n<p>Na atualidade, continua presente na bibliografia de cursos de introdu\u00e7\u00e3o \u00e0 hist\u00f3ria, teoria da hist\u00f3ria, e hist\u00f3ria da historiografia. Por\u00e9m, devido \u00e0 dificuldade que havia em encontrar vers\u00f5es em portugu\u00eas, tornou-se um livro muito mais referenciado do que efetivamente lido.<\/p>\n\n\n\n<p>Esta edi\u00e7\u00e3o tem como principal objetivo auxiliar a divulgar, junto aos estudantes e historiadores profissionais, um dos mais importantes e influentes textos de metodologia da hist\u00f3ria.<\/p>\n\n\n\n<figure class=\"wp-block-embed is-type-rich is-provider-amazon wp-block-embed-amazon\"><div class=\"wp-block-embed__wrapper\">\n<iframe loading=\"lazy\" title=\"Introdu\u00e7\u00e3o aos Estudos Hist\u00f3ricos\" type=\"text\/html\" width=\"900\" height=\"550\" frameborder=\"0\" allowfullscreen style=\"max-width:100%\" src=\"https:\/\/ler.amazon.com.br\/kp\/card?preview=inline&#038;linkCode=kpd&#038;ref_=k4w_oembed_ZgcYHynoAS8AnO&#038;asin=B06XWPRB1M&#038;tag=kpembed-20\"><\/iframe>\n<\/div><\/figure>\n\n\n\n<hr class=\"wp-block-separator has-alpha-channel-opacity\"\/>\n\n\n\n<h4 class=\"wp-block-heading\">Sobre os Autores<\/h4>\n\n\n\n<p><strong>Charles-Victor Langlois<\/strong> (1863-1929) era especialista em estudos medievais.<\/p>\n\n\n\n<p><strong>Charles Seignobos<\/strong> (1854-1942) especializou-se em estudos da Terceira Rep\u00fablica francesa.<\/p>\n\n\n\n<p>Ambos se destacaram na chamada &#8220;Escola Met\u00f3dica&#8221; francesa, importante corrente de pensamento historiogr\u00e1fico que exerceu profunda influ\u00eancia nos estudos hist\u00f3ricos no Brasil.<\/p>\n\n\n\n<p>&#8220;Introdu\u00e7\u00e3o aos Estudos Hist\u00f3ricos&#8221; \u00e9 considerado um dos mais significativos manuais da ci\u00eancia hist\u00f3rica que estabelecia no s\u00e9culo XIX.<\/p>\n\n\n\n<hr class=\"wp-block-separator has-alpha-channel-opacity\"\/>\n\n\n\n<h4 class=\"wp-block-heading\">Caracter\u00edsticas<\/h4>\n\n\n\n<p>N\u00famero de p\u00e1ginas: 256<\/p>\n\n\n\n<p>Dimens\u00f5es: 148&#215;210 mm<\/p>\n\n\n\n<p>Acabamento: Brochura<\/p>\n\n\n\n<p>Tipo de papel: Offset 75g<\/p>\n\n\n\n<p>ISBN: 9786500631333<\/p>\n","protected":false},"excerpt":{"rendered":"<p>de: Charles V. Langlois, Charles Seignobos Adquirir Vers\u00e3o Ebook pela Amazon! Sobre Introdu\u00e7\u00e3o aos Estudos Hist\u00f3ricos Conhe\u00e7a nossos posts sobre Introdu\u00e7\u00e3o aos Estudos Hist\u00f3ricosLeia aqui o cap\u00edtulo 1 de Introdu\u00e7\u00e3o aos Estudos Hist\u00f3ricos &#8220;Em todas as ci\u00eancias da observa\u00e7\u00e3o direta, mesmo que as quest\u00f5es a serem respondidas n\u00e3o tenham sido\u2026<\/p>\n<p class=\"continue-reading-button\"> <a class=\"continue-reading-link\" href=\"https:\/\/antoniofontoura.com.br\/site\/principais-obras\/introducao-aos-estudos-historicos\/\">Leia mais<i class=\"crycon-right-dir\"><\/i><\/a><\/p>\n","protected":false},"author":1,"featured_media":0,"parent":42,"menu_order":0,"comment_status":"closed","ping_status":"closed","template":"","meta":[],"_links":{"self":[{"href":"https:\/\/antoniofontoura.com.br\/site\/wp-json\/wp\/v2\/pages\/90"}],"collection":[{"href":"https:\/\/antoniofontoura.com.br\/site\/wp-json\/wp\/v2\/pages"}],"about":[{"href":"https:\/\/antoniofontoura.com.br\/site\/wp-json\/wp\/v2\/types\/page"}],"author":[{"embeddable":true,"href":"https:\/\/antoniofontoura.com.br\/site\/wp-json\/wp\/v2\/users\/1"}],"replies":[{"embeddable":true,"href":"https:\/\/antoniofontoura.com.br\/site\/wp-json\/wp\/v2\/comments?post=90"}],"version-history":[{"count":2,"href":"https:\/\/antoniofontoura.com.br\/site\/wp-json\/wp\/v2\/pages\/90\/revisions"}],"predecessor-version":[{"id":1122,"href":"https:\/\/antoniofontoura.com.br\/site\/wp-json\/wp\/v2\/pages\/90\/revisions\/1122"}],"up":[{"embeddable":true,"href":"https:\/\/antoniofontoura.com.br\/site\/wp-json\/wp\/v2\/pages\/42"}],"wp:attachment":[{"href":"https:\/\/antoniofontoura.com.br\/site\/wp-json\/wp\/v2\/media?parent=90"}],"curies":[{"name":"wp","href":"https:\/\/api.w.org\/{rel}","templated":true}]}}