{"id":901,"date":"2024-04-03T13:07:10","date_gmt":"2024-04-03T13:07:10","guid":{"rendered":"https:\/\/antoniofontoura.com.br\/site\/?page_id=901"},"modified":"2024-10-31T17:31:49","modified_gmt":"2024-10-31T17:31:49","slug":"cartas-de-cicero","status":"publish","type":"page","link":"https:\/\/antoniofontoura.com.br\/site\/principais-obras\/cartas-de-cicero\/","title":{"rendered":"Cartas de C\u00edcero"},"content":{"rendered":"\n<h2 class=\"wp-block-heading\">Marco T\u00falio C\u00edcero<\/h2>\n\n\n\n<p>Toda a correspond\u00eancia de C\u00edcero (106 &#8211; 43 a.C.), organizada cronologicamente, em uma cole\u00e7\u00e3o de quatro volumes.<\/p>\n\n\n\n<div class=\"wp-block-columns is-layout-flex wp-container-5\">\n<div class=\"wp-block-column is-layout-flow\">\n<figure class=\"wp-block-image size-full\"><img decoding=\"async\" loading=\"lazy\" width=\"231\" height=\"328\" src=\"https:\/\/antoniofontoura.com.br\/site\/wp-content\/uploads\/2024\/04\/capinha_cicero1.jpg\" alt=\"\" class=\"wp-image-902\" srcset=\"https:\/\/antoniofontoura.com.br\/site\/wp-content\/uploads\/2024\/04\/capinha_cicero1.jpg 231w, https:\/\/antoniofontoura.com.br\/site\/wp-content\/uploads\/2024\/04\/capinha_cicero1-211x300.jpg 211w, https:\/\/antoniofontoura.com.br\/site\/wp-content\/uploads\/2024\/04\/capinha_cicero1-106x150.jpg 106w\" sizes=\"(max-width: 231px) 100vw, 231px\" \/><figcaption class=\"wp-element-caption\"><a href=\"https:\/\/clubedeautores.com.br\/livro\/cartas-de-cicero\">Livro Impresso<\/a><br><a href=\"https:\/\/www.amazon.com.br\/dp\/B0CY3WQWRK\">Ebook<\/a><\/figcaption><\/figure>\n<\/div>\n\n\n\n<div class=\"wp-block-column is-layout-flow\">\n<figure class=\"wp-block-image size-full\"><img decoding=\"async\" loading=\"lazy\" width=\"231\" height=\"328\" src=\"https:\/\/antoniofontoura.com.br\/site\/wp-content\/uploads\/2024\/09\/capinha_cicero_ii.jpg\" alt=\"\" class=\"wp-image-989\" srcset=\"https:\/\/antoniofontoura.com.br\/site\/wp-content\/uploads\/2024\/09\/capinha_cicero_ii.jpg 231w, https:\/\/antoniofontoura.com.br\/site\/wp-content\/uploads\/2024\/09\/capinha_cicero_ii-211x300.jpg 211w, https:\/\/antoniofontoura.com.br\/site\/wp-content\/uploads\/2024\/09\/capinha_cicero_ii-106x150.jpg 106w\" sizes=\"(max-width: 231px) 100vw, 231px\" \/><figcaption class=\"wp-element-caption\"><a href=\"https:\/\/clubedeautores.com.br\/livro\/cartas-de-cicero-2\">Livro Impresso<br><\/a><a href=\"https:\/\/www.amazon.com.br\/dp\/B0D3HSCTWD\">Ebook<\/a><\/figcaption><\/figure>\n<\/div>\n\n\n\n<div class=\"wp-block-column is-layout-flow\">\n<figure class=\"wp-block-image size-full\"><img decoding=\"async\" loading=\"lazy\" width=\"231\" height=\"328\" src=\"https:\/\/antoniofontoura.com.br\/site\/wp-content\/uploads\/2024\/09\/capinha_cicero_iii.jpg\" alt=\"\" class=\"wp-image-990\" srcset=\"https:\/\/antoniofontoura.com.br\/site\/wp-content\/uploads\/2024\/09\/capinha_cicero_iii.jpg 231w, https:\/\/antoniofontoura.com.br\/site\/wp-content\/uploads\/2024\/09\/capinha_cicero_iii-211x300.jpg 211w, https:\/\/antoniofontoura.com.br\/site\/wp-content\/uploads\/2024\/09\/capinha_cicero_iii-106x150.jpg 106w\" sizes=\"(max-width: 231px) 100vw, 231px\" \/><figcaption class=\"wp-element-caption\"><a href=\"https:\/\/clubedeautores.com.br\/livro\/cartas-de-cicero-3\">Livro Impresso<\/a><br><a href=\"https:\/\/www.amazon.com.br\/dp\/B0DGFHY6J4\">Ebook<\/a><\/figcaption><\/figure>\n<\/div>\n\n\n\n<div class=\"wp-block-column is-layout-flow\">\n<figure class=\"wp-block-image size-full\"><img decoding=\"async\" loading=\"lazy\" width=\"231\" height=\"328\" src=\"https:\/\/antoniofontoura.com.br\/site\/wp-content\/uploads\/2024\/09\/capainha2_cicero_4.jpg\" alt=\"\" class=\"wp-image-1009\" srcset=\"https:\/\/antoniofontoura.com.br\/site\/wp-content\/uploads\/2024\/09\/capainha2_cicero_4.jpg 231w, https:\/\/antoniofontoura.com.br\/site\/wp-content\/uploads\/2024\/09\/capainha2_cicero_4-211x300.jpg 211w, https:\/\/antoniofontoura.com.br\/site\/wp-content\/uploads\/2024\/09\/capainha2_cicero_4-106x150.jpg 106w\" sizes=\"(max-width: 231px) 100vw, 231px\" \/><figcaption class=\"wp-element-caption\"><a href=\"https:\/\/clubedeautores.com.br\/livro\/cartas-de-cicero-4\">Livro Impresso<\/a><br><a href=\"https:\/\/www.amazon.com.br\/dp\/B0DHD9RGFS\">Ebook<\/a><\/figcaption><\/figure>\n<\/div>\n<\/div>\n\n\n\n<hr class=\"wp-block-separator has-alpha-channel-opacity\"\/>\n\n\n\n<p><a href=\"http:\/\/antoniofontoura.com.br\/site\/category\/cicero\">Conhe\u00e7a nossos post sobre &#8220;C\u00edcero&#8221;.<\/a><\/p>\n\n\n\n<p>As cartas de C\u00edcero, orador e pol\u00edtico romano do s\u00e9culo I a.C., s\u00e3o uma cole\u00e7\u00e3o de correspond\u00eancias pessoais trocadas com amigos, familiares e figuras p\u00fablicas da \u00e9poca. Mais de 900 cartas sobreviveram at\u00e9 hoje, oferecendo um panorama fascinante da vida cotidiana, da pol\u00edtica e da cultura da Roma Antiga.<\/p>\n\n\n\n<p>Essas cartas s\u00e3o uma fonte prim\u00e1ria importante, fornecendo relatos em primeira m\u00e3o de eventos hist\u00f3ricos cruciais, como a ascens\u00e3o de J\u00falio C\u00e9sar e a queda da Rep\u00fablica Romana. Al\u00e9m disso, elas proporcionam uma vis\u00e3o detalhada da sociedade romana, revelando aspectos da vida privada, rela\u00e7\u00f5es familiares, cren\u00e7as religiosas e valores da \u00e9poca. As cartas tamb\u00e9m oferecem um retrato psicol\u00f3gico profundo de C\u00edcero, permitindo entender a complexa personalidade de um dos maiores intelectuais da Roma Antiga, suas ambi\u00e7\u00f5es, frustra\u00e7\u00f5es e reflex\u00f5es filos\u00f3ficas.<\/p>\n\n\n\n<p>As cartas de C\u00edcero exploram temas universais como amizade, amor, ambi\u00e7\u00e3o, poder e \u00e9tica, fornecendo reflex\u00f5es valiosas para a compreens\u00e3o da natureza humana. As reflex\u00f5es de C\u00edcero sobre lideran\u00e7a, justi\u00e7a e o papel do cidad\u00e3o em uma rep\u00fablica ainda s\u00e3o pertinentes para os debates pol\u00edticos contempor\u00e2neos. Al\u00e9m disso, a qualidade liter\u00e1ria e a eloqu\u00eancia das cartas de C\u00edcero servem de inspira\u00e7\u00e3o para a comunica\u00e7\u00e3o eficaz em diversas \u00e1reas da vida.<\/p>\n\n\n\n<figure class=\"wp-block-embed is-type-rich is-provider-amazon wp-block-embed-amazon\"><div class=\"wp-block-embed__wrapper\">\n<iframe loading=\"lazy\" title=\"Cartas de C\u00edcero: Volume I\" type=\"text\/html\" width=\"900\" height=\"550\" frameborder=\"0\" allowfullscreen style=\"max-width:100%\" src=\"https:\/\/ler.amazon.com.br\/kp\/card?preview=inline&#038;linkCode=kpd&#038;ref_=k4w_oembed_9OqokWa6iekNgx&#038;asin=B0CY3WQWRK&#038;tag=kpembed-20\"><\/iframe>\n<\/div><\/figure>\n\n\n\n<hr class=\"wp-block-separator has-alpha-channel-opacity\"\/>\n\n\n\n<p>ISBN 9786500985504<br>N\u00famero de p\u00e1ginas 430<br>Edi\u00e7\u00e3o 1 (2024)<br>Formato A5 (148&#215;210)<br>Acabamento Brochura c\/ orelha<br>Colora\u00e7\u00e3o Preto e branco<br>Tipo de papel Offset 75g<br>Idioma Portugu\u00eas<\/p>\n","protected":false},"excerpt":{"rendered":"<p>Marco T\u00falio C\u00edcero Toda a correspond\u00eancia de C\u00edcero (106 &#8211; 43 a.C.), organizada cronologicamente, em uma cole\u00e7\u00e3o de quatro volumes. Conhe\u00e7a nossos post sobre &#8220;C\u00edcero&#8221;. As cartas de C\u00edcero, orador e pol\u00edtico romano do s\u00e9culo I a.C., s\u00e3o uma cole\u00e7\u00e3o de correspond\u00eancias pessoais trocadas com amigos, familiares e figuras p\u00fablicas\u2026<\/p>\n<p class=\"continue-reading-button\"> <a class=\"continue-reading-link\" href=\"https:\/\/antoniofontoura.com.br\/site\/principais-obras\/cartas-de-cicero\/\">Leia mais<i class=\"crycon-right-dir\"><\/i><\/a><\/p>\n","protected":false},"author":1,"featured_media":0,"parent":42,"menu_order":0,"comment_status":"closed","ping_status":"closed","template":"","meta":[],"_links":{"self":[{"href":"https:\/\/antoniofontoura.com.br\/site\/wp-json\/wp\/v2\/pages\/901"}],"collection":[{"href":"https:\/\/antoniofontoura.com.br\/site\/wp-json\/wp\/v2\/pages"}],"about":[{"href":"https:\/\/antoniofontoura.com.br\/site\/wp-json\/wp\/v2\/types\/page"}],"author":[{"embeddable":true,"href":"https:\/\/antoniofontoura.com.br\/site\/wp-json\/wp\/v2\/users\/1"}],"replies":[{"embeddable":true,"href":"https:\/\/antoniofontoura.com.br\/site\/wp-json\/wp\/v2\/comments?post=901"}],"version-history":[{"count":10,"href":"https:\/\/antoniofontoura.com.br\/site\/wp-json\/wp\/v2\/pages\/901\/revisions"}],"predecessor-version":[{"id":1109,"href":"https:\/\/antoniofontoura.com.br\/site\/wp-json\/wp\/v2\/pages\/901\/revisions\/1109"}],"up":[{"embeddable":true,"href":"https:\/\/antoniofontoura.com.br\/site\/wp-json\/wp\/v2\/pages\/42"}],"wp:attachment":[{"href":"https:\/\/antoniofontoura.com.br\/site\/wp-json\/wp\/v2\/media?parent=901"}],"curies":[{"name":"wp","href":"https:\/\/api.w.org\/{rel}","templated":true}]}}