{"id":928,"date":"2024-05-13T17:56:05","date_gmt":"2024-05-13T17:56:05","guid":{"rendered":"https:\/\/antoniofontoura.com.br\/site\/?page_id=928"},"modified":"2024-10-31T17:46:38","modified_gmt":"2024-10-31T17:46:38","slug":"origens-do-cristianismo","status":"publish","type":"page","link":"https:\/\/antoniofontoura.com.br\/site\/principais-obras\/origens-do-cristianismo\/","title":{"rendered":"Origens do Cristianismo"},"content":{"rendered":"\n<h2 class=\"wp-block-heading\">Karl Kautsky<\/h2>\n\n\n<div class=\"wp-block-image\">\n<figure class=\"aligncenter size-full is-resized\"><img decoding=\"async\" loading=\"lazy\" src=\"https:\/\/antoniofontoura.com.br\/site\/wp-content\/uploads\/2024\/05\/capinha_kautsky_cristianismo.jpg\" alt=\"\" class=\"wp-image-927\" width=\"229\" height=\"325\" srcset=\"https:\/\/antoniofontoura.com.br\/site\/wp-content\/uploads\/2024\/05\/capinha_kautsky_cristianismo.jpg 231w, https:\/\/antoniofontoura.com.br\/site\/wp-content\/uploads\/2024\/05\/capinha_kautsky_cristianismo-211x300.jpg 211w, https:\/\/antoniofontoura.com.br\/site\/wp-content\/uploads\/2024\/05\/capinha_kautsky_cristianismo-106x150.jpg 106w\" sizes=\"(max-width: 229px) 100vw, 229px\" \/><figcaption class=\"wp-element-caption\"> <\/figcaption><\/figure><\/div>\n\n\n<div class=\"wp-block-columns is-layout-flex wp-container-3\">\n<div class=\"wp-block-column is-layout-flow\"><div class=\"wp-block-image\">\n<figure class=\"aligncenter size-full\"><a href=\"https:\/\/clubedeautores.com.br\/livro\/origens-do-cristianismo\"><img decoding=\"async\" loading=\"lazy\" width=\"74\" height=\"28\" src=\"https:\/\/antoniofontoura.com.br\/site\/wp-content\/uploads\/2022\/10\/clube_autores_pq.jpg\" alt=\"\" class=\"wp-image-534\"\/><\/a><figcaption class=\"wp-element-caption\">Livro impresso<\/figcaption><\/figure><\/div><\/div>\n\n\n\n<div class=\"wp-block-column is-layout-flow\"><div class=\"wp-block-image\">\n<figure class=\"aligncenter size-full\"><a href=\"https:\/\/clubedeautores.com.br\/livro\/origens-do-cristianismo\"><img decoding=\"async\" loading=\"lazy\" width=\"68\" height=\"25\" src=\"https:\/\/antoniofontoura.com.br\/site\/wp-content\/uploads\/2021\/11\/testeamz.jpg\" alt=\"\" class=\"wp-image-467\"\/><\/a><figcaption class=\"wp-element-caption\">Ebook<\/figcaption><\/figure><\/div><\/div>\n<\/div>\n\n\n\n<hr class=\"wp-block-separator has-alpha-channel-opacity\"\/>\n\n\n\n<p>O cristianismo, uma das maiores religi\u00f5es do mundo contempor\u00e2neo, tem uma hist\u00f3ria rica e complexa que abrange mil\u00eanios de desenvolvimento e transforma\u00e7\u00e3o. No entanto, para compreender verdadeiramente a magnitude e a influ\u00eancia do cristianismo, \u00e9 essencial voltar ao seu ponto de partida, \u00e0 \u00e9poca em que suas sementes foram plantadas nos primeiros s\u00e9culos da era comum. A partir da Palestina do s\u00e9culo I, onde Jesus Cristo proclamou suas mensagens, o cristianismo emergiu como um movimento religioso distinto dentro do contexto do Imp\u00e9rio Romano. Mas por que exatamente esse movimento come\u00e7ou? Quais foram os fatores sociais, culturais e pol\u00edticos que contribu\u00edram para o seu surgimento e subsequente dissemina\u00e7\u00e3o pelo mundo antigo?<\/p>\n\n\n\n<p>&#8220;Origens do Cristianismo: Uma investiga\u00e7\u00e3o hist\u00f3rica&#8221; \u00e9 uma obra fundamental que lan\u00e7a uma nova luz sobre o surgimento do cristianismo. Escrito por Karl Kautsky (1854-1938), este livro cl\u00e1ssico da pesquisa hist\u00f3rica marxista vai al\u00e9m do convencional, explorando as ra\u00edzes da religi\u00e3o crist\u00e3 n\u00e3o apenas atrav\u00e9s do prisma do mito do her\u00f3i teol\u00f3gico, mas tamb\u00e9m mergulhando nas complexas din\u00e2micas da produ\u00e7\u00e3o e das rela\u00e7\u00f5es sociais da antiguidade.<\/p>\n\n\n\n<p>Kautsky oferece uma vis\u00e3o envolvente e surpreendente da realidade da vida em \u00e9pocas passadas, revelando as circunst\u00e2ncias hist\u00f3ricas e sociais que deram origem ao cristianismo. Ao abordar o contexto pol\u00edtico, econ\u00f4mico e social da \u00e9poca, o autor nos conduz a uma compreens\u00e3o mais profunda das for\u00e7as que moldaram essa poderosa religi\u00e3o mundial.<\/p>\n\n\n\n<p>Desde as suas origens como um movimento marginal at\u00e9 se tornar uma das principais religi\u00f5es do mundo, &#8220;Origens do Cristianismo: Uma investiga\u00e7\u00e3o hist\u00f3rica&#8221; oferece uma an\u00e1lise cr\u00edtica e esclarecedora, essencial para qualquer pessoa interessada na hist\u00f3ria e na evolu\u00e7\u00e3o do cristianismo.<\/p>\n\n\n\n<figure class=\"wp-block-embed is-type-rich is-provider-amazon wp-block-embed-amazon\"><div class=\"wp-block-embed__wrapper\">\n<iframe loading=\"lazy\" title=\"Origens do Cristianismo: Uma investiga\u00e7\u00e3o hist\u00f3rica\" type=\"text\/html\" width=\"900\" height=\"550\" frameborder=\"0\" allowfullscreen style=\"max-width:100%\" src=\"https:\/\/ler.amazon.com.br\/kp\/card?preview=inline&#038;linkCode=kpd&#038;ref_=k4w_oembed_G62IRGbuVekLIr&#038;asin=B0D425CRSL&#038;tag=kpembed-20\"><\/iframe>\n<\/div><\/figure>\n\n\n\n<hr class=\"wp-block-separator has-alpha-channel-opacity\"\/>\n\n\n\n<p>N\u00famero de p\u00e1ginas: 406<br>Edi\u00e7\u00e3o: 1 (2024)<br>Formato: A5 (148&#215;210)<br>Acabamento: Brochura c\/ orelha<br>Colora\u00e7\u00e3o: Preto e branco<br>Tipo de papel: Offset 75g<br>Idioma: Portugu\u00eas<\/p>\n","protected":false},"excerpt":{"rendered":"<p>Karl Kautsky O cristianismo, uma das maiores religi\u00f5es do mundo contempor\u00e2neo, tem uma hist\u00f3ria rica e complexa que abrange mil\u00eanios de desenvolvimento e transforma\u00e7\u00e3o. No entanto, para compreender verdadeiramente a magnitude e a influ\u00eancia do cristianismo, \u00e9 essencial voltar ao seu ponto de partida, \u00e0 \u00e9poca em que suas sementes\u2026<\/p>\n<p class=\"continue-reading-button\"> <a class=\"continue-reading-link\" href=\"https:\/\/antoniofontoura.com.br\/site\/principais-obras\/origens-do-cristianismo\/\">Leia mais<i class=\"crycon-right-dir\"><\/i><\/a><\/p>\n","protected":false},"author":1,"featured_media":0,"parent":42,"menu_order":0,"comment_status":"closed","ping_status":"closed","template":"","meta":[],"_links":{"self":[{"href":"https:\/\/antoniofontoura.com.br\/site\/wp-json\/wp\/v2\/pages\/928"}],"collection":[{"href":"https:\/\/antoniofontoura.com.br\/site\/wp-json\/wp\/v2\/pages"}],"about":[{"href":"https:\/\/antoniofontoura.com.br\/site\/wp-json\/wp\/v2\/types\/page"}],"author":[{"embeddable":true,"href":"https:\/\/antoniofontoura.com.br\/site\/wp-json\/wp\/v2\/users\/1"}],"replies":[{"embeddable":true,"href":"https:\/\/antoniofontoura.com.br\/site\/wp-json\/wp\/v2\/comments?post=928"}],"version-history":[{"count":3,"href":"https:\/\/antoniofontoura.com.br\/site\/wp-json\/wp\/v2\/pages\/928\/revisions"}],"predecessor-version":[{"id":1133,"href":"https:\/\/antoniofontoura.com.br\/site\/wp-json\/wp\/v2\/pages\/928\/revisions\/1133"}],"up":[{"embeddable":true,"href":"https:\/\/antoniofontoura.com.br\/site\/wp-json\/wp\/v2\/pages\/42"}],"wp:attachment":[{"href":"https:\/\/antoniofontoura.com.br\/site\/wp-json\/wp\/v2\/media?parent=928"}],"curies":[{"name":"wp","href":"https:\/\/api.w.org\/{rel}","templated":true}]}}