{"id":941,"date":"2024-08-14T17:35:15","date_gmt":"2024-08-14T17:35:15","guid":{"rendered":"https:\/\/antoniofontoura.com.br\/site\/?page_id=941"},"modified":"2024-08-14T18:00:00","modified_gmt":"2024-08-14T18:00:00","slug":"rembrandt","status":"publish","type":"page","link":"https:\/\/antoniofontoura.com.br\/site\/principais-obras\/rembrandt\/","title":{"rendered":"Rembrandt"},"content":{"rendered":"\n<h3 class=\"wp-block-heading\">de Georg Simmel<\/h3>\n\n\n<div class=\"wp-block-image\">\n<figure class=\"aligncenter size-full\"><img decoding=\"async\" loading=\"lazy\" width=\"231\" height=\"328\" src=\"https:\/\/antoniofontoura.com.br\/site\/wp-content\/uploads\/2024\/08\/capinha_rembrandt_photopea2.jpg\" alt=\"\" class=\"wp-image-942\" srcset=\"https:\/\/antoniofontoura.com.br\/site\/wp-content\/uploads\/2024\/08\/capinha_rembrandt_photopea2.jpg 231w, https:\/\/antoniofontoura.com.br\/site\/wp-content\/uploads\/2024\/08\/capinha_rembrandt_photopea2-211x300.jpg 211w, https:\/\/antoniofontoura.com.br\/site\/wp-content\/uploads\/2024\/08\/capinha_rembrandt_photopea2-106x150.jpg 106w\" sizes=\"(max-width: 231px) 100vw, 231px\" \/><figcaption class=\"wp-element-caption\"> <\/figcaption><\/figure><\/div>\n\n\n<div class=\"wp-block-columns is-layout-flex wp-container-3\">\n<div class=\"wp-block-column is-layout-flow\"><div class=\"wp-block-image\">\n<figure class=\"aligncenter size-full\"><a href=\"https:\/\/clubedeautores.com.br\/livro\/rembrandt\"><img decoding=\"async\" loading=\"lazy\" width=\"74\" height=\"28\" src=\"https:\/\/antoniofontoura.com.br\/site\/wp-content\/uploads\/2022\/10\/clube_autores_pq.jpg\" alt=\"\" class=\"wp-image-534\"\/><\/a><figcaption class=\"wp-element-caption\">Livro F\u00edsico<\/figcaption><\/figure><\/div><\/div>\n\n\n\n<div class=\"wp-block-column is-layout-flow\"><div class=\"wp-block-image\">\n<figure class=\"aligncenter size-full\"><a href=\"https:\/\/www.amazon.com.br\/dp\/B0CGMRVS3J\"><img decoding=\"async\" loading=\"lazy\" width=\"68\" height=\"25\" src=\"https:\/\/antoniofontoura.com.br\/site\/wp-content\/uploads\/2021\/11\/testeamz.jpg\" alt=\"\" class=\"wp-image-467\"\/><\/a><figcaption class=\"wp-element-caption\">E-Book<\/figcaption><\/figure><\/div><\/div>\n<\/div>\n\n\n\n<hr class=\"wp-block-separator has-alpha-channel-opacity\"\/>\n\n\n\n<p><a href=\"http:\/\/antoniofontoura.com.br\/site\/category\/simmel\/\">Conhe\u00e7a nossos post sobre Georg Simmel<\/a><\/p>\n\n\n\n<p>&#8220;Rembrandt: Um Ensaio em Filosofia da Arte&#8221;, escrita pelo soci\u00f3logo e fil\u00f3sofo alem\u00e3o Georg Simmel, e publicada originalmente em 1906, explora as caracter\u00edsticas da obra do renomado pintor holand\u00eas Rembrandt van Rijn, analisando sua abordagem art\u00edstica, o car\u00e1ter \u00fanico de suas ideias, sua genialidade e suas contribui\u00e7\u00f5es para a hist\u00f3ria da arte.<\/p>\n\n\n\n<p>Simmel utiliza uma abordagem filos\u00f3fica para examinar a arte de Rembrandt, explorando quest\u00f5es como a rela\u00e7\u00e3o entre o artista e a sociedade, a natureza da criatividade art\u00edstica e a maneira como a obra de arte se relaciona com o espectador. Ele tamb\u00e9m investiga o papel da individualidade na arte e como a subjetividade do artista se manifesta em suas cria\u00e7\u00f5es.<\/p>\n\n\n\n<p>Ao longo do livro, Simmel mergulha na an\u00e1lise de v\u00e1rias pinturas de Rembrandt, buscando compreender a singularidade de seu estilo e sua capacidade de capturar a profundidade psicol\u00f3gica de seus temas. Ele explora como a luz e a sombra foram usadas pelo pintor para criar efeitos dram\u00e1ticos e como Rembrandt conseguiu representar a humanidade de seus retratados de maneira \u00fanica.<\/p>\n\n\n\n<p>Em resumo, &#8220;Rembrandt: Um Ensaio de Filosofia da Arte&#8221; de Georg Simmel \u00e9 uma explora\u00e7\u00e3o profunda da arte de Rembrandt sob uma perspectiva filos\u00f3fica e sociol\u00f3gica. O livro oferece insights sobre a interse\u00e7\u00e3o entre a arte, a individualidade e a sociedade, al\u00e9m de uma an\u00e1lise perspicaz do impacto duradouro da obra de Rembrandt no mundo da arte.<\/p>\n\n\n\n<p>N\u00famero de p\u00e1ginas 201<br>Edi\u00e7\u00e3o 1 (2024)<br>Formato A5 (148&#215;210)<br>Acabamento Brochura c\/ orelha<br>Colora\u00e7\u00e3o Colorido<br>Tipo de papel Offset 75g<br>Idioma Portugu\u00eas<\/p>\n","protected":false},"excerpt":{"rendered":"<p>de Georg Simmel Conhe\u00e7a nossos post sobre Georg Simmel &#8220;Rembrandt: Um Ensaio em Filosofia da Arte&#8221;, escrita pelo soci\u00f3logo e fil\u00f3sofo alem\u00e3o Georg Simmel, e publicada originalmente em 1906, explora as caracter\u00edsticas da obra do renomado pintor holand\u00eas Rembrandt van Rijn, analisando sua abordagem art\u00edstica, o car\u00e1ter \u00fanico de suas\u2026<\/p>\n<p class=\"continue-reading-button\"> <a class=\"continue-reading-link\" href=\"https:\/\/antoniofontoura.com.br\/site\/principais-obras\/rembrandt\/\">Leia mais<i class=\"crycon-right-dir\"><\/i><\/a><\/p>\n","protected":false},"author":1,"featured_media":0,"parent":42,"menu_order":0,"comment_status":"closed","ping_status":"closed","template":"","meta":[],"_links":{"self":[{"href":"https:\/\/antoniofontoura.com.br\/site\/wp-json\/wp\/v2\/pages\/941"}],"collection":[{"href":"https:\/\/antoniofontoura.com.br\/site\/wp-json\/wp\/v2\/pages"}],"about":[{"href":"https:\/\/antoniofontoura.com.br\/site\/wp-json\/wp\/v2\/types\/page"}],"author":[{"embeddable":true,"href":"https:\/\/antoniofontoura.com.br\/site\/wp-json\/wp\/v2\/users\/1"}],"replies":[{"embeddable":true,"href":"https:\/\/antoniofontoura.com.br\/site\/wp-json\/wp\/v2\/comments?post=941"}],"version-history":[{"count":3,"href":"https:\/\/antoniofontoura.com.br\/site\/wp-json\/wp\/v2\/pages\/941\/revisions"}],"predecessor-version":[{"id":949,"href":"https:\/\/antoniofontoura.com.br\/site\/wp-json\/wp\/v2\/pages\/941\/revisions\/949"}],"up":[{"embeddable":true,"href":"https:\/\/antoniofontoura.com.br\/site\/wp-json\/wp\/v2\/pages\/42"}],"wp:attachment":[{"href":"https:\/\/antoniofontoura.com.br\/site\/wp-json\/wp\/v2\/media?parent=941"}],"curies":[{"name":"wp","href":"https:\/\/api.w.org\/{rel}","templated":true}]}}