{"id":961,"date":"2024-08-23T12:38:03","date_gmt":"2024-08-23T12:38:03","guid":{"rendered":"https:\/\/antoniofontoura.com.br\/site\/?page_id=961"},"modified":"2024-10-31T17:25:41","modified_gmt":"2024-10-31T17:25:41","slug":"a-reconstrucao-do-pensamento-religioso-no-isla","status":"publish","type":"page","link":"https:\/\/antoniofontoura.com.br\/site\/principais-obras\/a-reconstrucao-do-pensamento-religioso-no-isla\/","title":{"rendered":"A Reconstru\u00e7\u00e3o do Pensamento Religioso no Isl\u00e3"},"content":{"rendered":"\n<h2 class=\"wp-block-heading\">de Muhammad Iqbal<\/h2>\n\n\n<div class=\"wp-block-image\">\n<figure class=\"aligncenter size-full\"><img decoding=\"async\" loading=\"lazy\" width=\"231\" height=\"328\" src=\"https:\/\/antoniofontoura.com.br\/site\/wp-content\/uploads\/2024\/08\/capinha_iqbal.jpg\" alt=\"\" class=\"wp-image-962\" srcset=\"https:\/\/antoniofontoura.com.br\/site\/wp-content\/uploads\/2024\/08\/capinha_iqbal.jpg 231w, https:\/\/antoniofontoura.com.br\/site\/wp-content\/uploads\/2024\/08\/capinha_iqbal-211x300.jpg 211w, https:\/\/antoniofontoura.com.br\/site\/wp-content\/uploads\/2024\/08\/capinha_iqbal-106x150.jpg 106w\" sizes=\"(max-width: 231px) 100vw, 231px\" \/><figcaption class=\"wp-element-caption\"> <\/figcaption><\/figure><\/div>\n\n\n<div class=\"wp-block-columns is-layout-flex wp-container-3\">\n<div class=\"wp-block-column is-layout-flow\"><div class=\"wp-block-image\">\n<figure class=\"aligncenter size-full\"><a href=\"https:\/\/clubedeautores.com.br\/livro\/a-reconstrucao-do-pensamento-religioso-no-isla\"><img decoding=\"async\" loading=\"lazy\" width=\"74\" height=\"28\" src=\"https:\/\/antoniofontoura.com.br\/site\/wp-content\/uploads\/2022\/10\/clube_autores_pq.jpg\" alt=\"\" class=\"wp-image-534\"\/><\/a><figcaption class=\"wp-element-caption\">Livro Impresso<\/figcaption><\/figure><\/div><\/div>\n\n\n\n<div class=\"wp-block-column is-layout-flow\"><div class=\"wp-block-image\">\n<figure class=\"aligncenter size-full\"><a href=\"https:\/\/www.amazon.com.br\/dp\/B0DDY3M36G\"><img decoding=\"async\" loading=\"lazy\" width=\"68\" height=\"25\" src=\"https:\/\/antoniofontoura.com.br\/site\/wp-content\/uploads\/2021\/11\/testeamz.jpg\" alt=\"\" class=\"wp-image-467\"\/><\/a><figcaption class=\"wp-element-caption\">Ebook<\/figcaption><\/figure><\/div><\/div>\n<\/div>\n\n\n\n<hr class=\"wp-block-separator has-alpha-channel-opacity\"\/>\n\n\n\n<p><a href=\"http:\/\/antoniofontoura.com.br\/site\/category\/iqbal\">Conhe\u00e7a nossos post sobre &#8220;Muhammad Iqbal&#8221;.<\/a><\/p>\n\n\n\n<p>Muhammad Iqbal, fil\u00f3sofo, poeta e pol\u00edtico paquistan\u00eas, \u00e9 amplamente reconhecido por sua contribui\u00e7\u00e3o profunda e inovadora ao pensamento isl\u00e2mico moderno. Nascido em Sialkot, no que hoje \u00e9 o Paquist\u00e3o, Iqbal estudou na Europa, onde se formou em filosofia na Universidade de Cambridge e obteve um doutorado na Universidade de Munique. Sua experi\u00eancia acad\u00eamica europeia influenciou fortemente sua vis\u00e3o sobre a integra\u00e7\u00e3o da filosofia ocidental com a tradi\u00e7\u00e3o isl\u00e2mica.<\/p>\n\n\n\n<p>A obra &#8220;A Reconstru\u00e7\u00e3o do Pensamento Religioso no Isl\u00e3&#8221; (em ingl\u00eas, &#8220;The Reconstruction of Religious Thought in Islam&#8221;) \u00e9 um marco na filosofia isl\u00e2mica contempor\u00e2nea. Esta cole\u00e7\u00e3o de ensaios apresenta a vis\u00e3o de Iqbal sobre a necessidade de renovar e reinterpretar a filosofia isl\u00e2mica \u00e0 luz dos desafios e descobertas modernas. Iqbal argumenta que o pensamento religioso deve evoluir para manter sua relev\u00e2ncia e vitalidade, propondo uma abordagem din\u00e2mica e progressista para a compreens\u00e3o da religi\u00e3o e da espiritualidade.<\/p>\n\n\n\n<p>Atrav\u00e9s de sua escrita, Iqbal buscou reviver a dimens\u00e3o criativa da tradi\u00e7\u00e3o isl\u00e2mica, enfatizando a import\u00e2ncia do desenvolvimento espiritual pessoal e da experi\u00eancia direta com a Realidade \u00daltima. Seus textos n\u00e3o apenas influenciaram o pensamento religioso, mas tamb\u00e9m desempenharam um papel fundamental na forma\u00e7\u00e3o da identidade intelectual e cultural do islamismo contempor\u00e2neo.<\/p>\n\n\n\n<p>\u201cA Reconstru\u00e7\u00e3o do Pensamento Religioso no Isl\u00e3\u201d \u00e9 um testemunho da vis\u00e3o revolucion\u00e1ria de Iqbal e sua capacidade de dialogar com as correntes filos\u00f3ficas e cient\u00edficas de seu tempo, oferecendo uma abordagem inovadora para a filosofia isl\u00e2mica e a pr\u00e1tica religiosa.<\/p>\n\n\n\n<figure class=\"wp-block-embed is-type-rich is-provider-amazon wp-block-embed-amazon\"><div class=\"wp-block-embed__wrapper\">\n<iframe loading=\"lazy\" title=\"A Reconstru\u00e7\u00e3o do Pensamento Religioso no Isl\u00e3\" type=\"text\/html\" width=\"900\" height=\"550\" frameborder=\"0\" allowfullscreen style=\"max-width:100%\" src=\"https:\/\/ler.amazon.com.br\/kp\/card?preview=inline&#038;linkCode=kpd&#038;ref_=k4w_oembed_xuI2tVORoXiRAb&#038;asin=B0DDY3M36G&#038;tag=kpembed-20\"><\/iframe>\n<\/div><\/figure>\n\n\n\n<hr class=\"wp-block-separator has-alpha-channel-opacity\"\/>\n\n\n\n<p>N\u00famero de p\u00e1ginas: 193<br>Edi\u00e7\u00e3o: 1 (2024)<br>Formato: A5 (148&#215;210)<br>Acabamento: Brochura c\/ orelha<br>Colora\u00e7\u00e3o: Preto e branco<br>Tipo de papel: Offset 75g<br>Idioma: Portugu\u00eas<\/p>\n","protected":false},"excerpt":{"rendered":"<p>de Muhammad Iqbal Conhe\u00e7a nossos post sobre &#8220;Muhammad Iqbal&#8221;. Muhammad Iqbal, fil\u00f3sofo, poeta e pol\u00edtico paquistan\u00eas, \u00e9 amplamente reconhecido por sua contribui\u00e7\u00e3o profunda e inovadora ao pensamento isl\u00e2mico moderno. Nascido em Sialkot, no que hoje \u00e9 o Paquist\u00e3o, Iqbal estudou na Europa, onde se formou em filosofia na Universidade de\u2026<\/p>\n<p class=\"continue-reading-button\"> <a class=\"continue-reading-link\" href=\"https:\/\/antoniofontoura.com.br\/site\/principais-obras\/a-reconstrucao-do-pensamento-religioso-no-isla\/\">Leia mais<i class=\"crycon-right-dir\"><\/i><\/a><\/p>\n","protected":false},"author":1,"featured_media":0,"parent":42,"menu_order":0,"comment_status":"closed","ping_status":"closed","template":"","meta":[],"_links":{"self":[{"href":"https:\/\/antoniofontoura.com.br\/site\/wp-json\/wp\/v2\/pages\/961"}],"collection":[{"href":"https:\/\/antoniofontoura.com.br\/site\/wp-json\/wp\/v2\/pages"}],"about":[{"href":"https:\/\/antoniofontoura.com.br\/site\/wp-json\/wp\/v2\/types\/page"}],"author":[{"embeddable":true,"href":"https:\/\/antoniofontoura.com.br\/site\/wp-json\/wp\/v2\/users\/1"}],"replies":[{"embeddable":true,"href":"https:\/\/antoniofontoura.com.br\/site\/wp-json\/wp\/v2\/comments?post=961"}],"version-history":[{"count":4,"href":"https:\/\/antoniofontoura.com.br\/site\/wp-json\/wp\/v2\/pages\/961\/revisions"}],"predecessor-version":[{"id":1099,"href":"https:\/\/antoniofontoura.com.br\/site\/wp-json\/wp\/v2\/pages\/961\/revisions\/1099"}],"up":[{"embeddable":true,"href":"https:\/\/antoniofontoura.com.br\/site\/wp-json\/wp\/v2\/pages\/42"}],"wp:attachment":[{"href":"https:\/\/antoniofontoura.com.br\/site\/wp-json\/wp\/v2\/media?parent=961"}],"curies":[{"name":"wp","href":"https:\/\/api.w.org\/{rel}","templated":true}]}}