{"id":980,"date":"2024-09-02T22:36:10","date_gmt":"2024-09-02T22:36:10","guid":{"rendered":"https:\/\/antoniofontoura.com.br\/site\/?page_id=980"},"modified":"2024-10-31T17:42:16","modified_gmt":"2024-10-31T17:42:16","slug":"maome-e-carlos-magno","status":"publish","type":"page","link":"https:\/\/antoniofontoura.com.br\/site\/principais-obras\/maome-e-carlos-magno\/","title":{"rendered":"Maom\u00e9 e Carlos Magno"},"content":{"rendered":"\n<h2 class=\"wp-block-heading\">de Henri Pirenne<\/h2>\n\n\n<div class=\"wp-block-image\">\n<figure class=\"aligncenter size-full\"><img decoding=\"async\" loading=\"lazy\" width=\"231\" height=\"328\" src=\"https:\/\/antoniofontoura.com.br\/site\/wp-content\/uploads\/2024\/09\/capinha_pirenne.jpg\" alt=\"\" class=\"wp-image-981\" srcset=\"https:\/\/antoniofontoura.com.br\/site\/wp-content\/uploads\/2024\/09\/capinha_pirenne.jpg 231w, https:\/\/antoniofontoura.com.br\/site\/wp-content\/uploads\/2024\/09\/capinha_pirenne-211x300.jpg 211w, https:\/\/antoniofontoura.com.br\/site\/wp-content\/uploads\/2024\/09\/capinha_pirenne-106x150.jpg 106w\" sizes=\"(max-width: 231px) 100vw, 231px\" \/><figcaption class=\"wp-element-caption\"> <\/figcaption><\/figure><\/div>\n\n\n<div class=\"wp-block-columns is-layout-flex wp-container-3\">\n<div class=\"wp-block-column is-layout-flow\"><div class=\"wp-block-image\">\n<figure class=\"aligncenter size-full\"><a href=\"https:\/\/clubedeautores.com.br\/livro\/maome-e-carlos-magno\"><img decoding=\"async\" loading=\"lazy\" width=\"74\" height=\"28\" src=\"https:\/\/antoniofontoura.com.br\/site\/wp-content\/uploads\/2022\/10\/clube_autores_pq.jpg\" alt=\"\" class=\"wp-image-534\"\/><\/a><figcaption class=\"wp-element-caption\">Livro Impresso<\/figcaption><\/figure><\/div><\/div>\n\n\n\n<div class=\"wp-block-column is-layout-flow\"><div class=\"wp-block-image\">\n<figure class=\"aligncenter size-full\"><a href=\"https:\/\/www.amazon.com.br\/dp\/B0CXNQSY69\"><img decoding=\"async\" loading=\"lazy\" width=\"68\" height=\"25\" src=\"https:\/\/antoniofontoura.com.br\/site\/wp-content\/uploads\/2021\/11\/testeamz.jpg\" alt=\"\" class=\"wp-image-467\"\/><\/a><figcaption class=\"wp-element-caption\">Ebook<\/figcaption><\/figure><\/div><\/div>\n<\/div>\n\n\n\n<hr class=\"wp-block-separator has-alpha-channel-opacity\"\/>\n\n\n\n<p><a href=\"http:\/\/antoniofontoura.com.br\/site\/category\/pirenne\">Conhe\u00e7a nossos post sobre &#8220;Henri Pirenne&#8221;.<\/a><\/p>\n\n\n\n<p>Aprofunde-se neste estudo cl\u00e1ssico da forma\u00e7\u00e3o da Idade M\u00e9dia ocidental do historiador belga Henri Pirenne.<\/p>\n\n\n\n<p>Em &#8220;Maom\u00e9 e Carlos Magno&#8221;, Pirenne destaca a interse\u00e7\u00e3o entre as conquistas do Isl\u00e3 e o surgimento da Europa medieval. Contrariando a cren\u00e7a comum, as invas\u00f5es germ\u00e2nicas n\u00e3o encerraram a unidade mediterr\u00e2nea do mundo antigo, nem apagaram os vest\u00edgios da cultura romana. Surpreendentemente, elementos como l\u00edngua, direito e institui\u00e7\u00f5es romanas continuaram a influenciar a Europa ocidental, mesmo ap\u00f3s o colapso do imp\u00e9rio. No entanto, a ascens\u00e3o do Isl\u00e3 marcou uma ruptura mais significativa.<\/p>\n\n\n\n<p>O avan\u00e7o r\u00e1pido das for\u00e7as isl\u00e2micas redefiniu fronteiras pol\u00edticas e interrompeu rotas comerciais e trocas culturais que caracterizavam o Mediterr\u00e2neo como uma regi\u00e3o unificada. Com a coroa\u00e7\u00e3o de Carlos Magno como Imperador do Sacro Imp\u00e9rio Romano em 800 d.C., o distanciamento entre Oriente e Ocidente se consolidou, marcando uma separa\u00e7\u00e3o formal. Este trabalho hist\u00f3rico continua a despertar interesse, fornecendo insights valiosos sobre as origens da Europa medieval e a influ\u00eancia duradoura do Isl\u00e3 na hist\u00f3ria europeia.<\/p>\n\n\n\n<p>Uma refer\u00eancia incontest\u00e1vel, essencial para compreender a complexidade da hist\u00f3ria medieval europeia, &#8220;Maom\u00e9 e Carlos Magno&#8221; permanece como uma obra de relev\u00e2ncia ineg\u00e1vel para os estudos hist\u00f3ricos da Idade M\u00e9dia europeia.<\/p>\n\n\n\n<figure class=\"wp-block-embed is-type-rich is-provider-amazon wp-block-embed-amazon\"><div class=\"wp-block-embed__wrapper\">\n<iframe loading=\"lazy\" title=\"Maom\u00e9 e Carlos Magno\" type=\"text\/html\" width=\"900\" height=\"550\" frameborder=\"0\" allowfullscreen style=\"max-width:100%\" src=\"https:\/\/ler.amazon.com.br\/kp\/card?preview=inline&#038;linkCode=kpd&#038;ref_=k4w_oembed_tUZ4uLJA99yoJm&#038;asin=B0CXNQSY69&#038;tag=kpembed-20\"><\/iframe>\n<\/div><\/figure>\n\n\n\n<hr class=\"wp-block-separator has-alpha-channel-opacity\"\/>\n\n\n\n<p>N\u00famero de p\u00e1ginas: 253<br>Edi\u00e7\u00e3o: 1 (2024)<br>Formato: A5 (148&#215;210)<br>Acabamento: Brochura c\/ orelha<br>Colora\u00e7\u00e3o: Preto e branco<br>Tipo de papel: Offset 75g<br>Idioma: Portugu\u00eas<\/p>\n","protected":false},"excerpt":{"rendered":"<p>de Henri Pirenne Conhe\u00e7a nossos post sobre &#8220;Henri Pirenne&#8221;. Aprofunde-se neste estudo cl\u00e1ssico da forma\u00e7\u00e3o da Idade M\u00e9dia ocidental do historiador belga Henri Pirenne. Em &#8220;Maom\u00e9 e Carlos Magno&#8221;, Pirenne destaca a interse\u00e7\u00e3o entre as conquistas do Isl\u00e3 e o surgimento da Europa medieval. Contrariando a cren\u00e7a comum, as invas\u00f5es\u2026<\/p>\n<p class=\"continue-reading-button\"> <a class=\"continue-reading-link\" href=\"https:\/\/antoniofontoura.com.br\/site\/principais-obras\/maome-e-carlos-magno\/\">Leia mais<i class=\"crycon-right-dir\"><\/i><\/a><\/p>\n","protected":false},"author":1,"featured_media":0,"parent":42,"menu_order":0,"comment_status":"closed","ping_status":"closed","template":"","meta":[],"_links":{"self":[{"href":"https:\/\/antoniofontoura.com.br\/site\/wp-json\/wp\/v2\/pages\/980"}],"collection":[{"href":"https:\/\/antoniofontoura.com.br\/site\/wp-json\/wp\/v2\/pages"}],"about":[{"href":"https:\/\/antoniofontoura.com.br\/site\/wp-json\/wp\/v2\/types\/page"}],"author":[{"embeddable":true,"href":"https:\/\/antoniofontoura.com.br\/site\/wp-json\/wp\/v2\/users\/1"}],"replies":[{"embeddable":true,"href":"https:\/\/antoniofontoura.com.br\/site\/wp-json\/wp\/v2\/comments?post=980"}],"version-history":[{"count":4,"href":"https:\/\/antoniofontoura.com.br\/site\/wp-json\/wp\/v2\/pages\/980\/revisions"}],"predecessor-version":[{"id":1127,"href":"https:\/\/antoniofontoura.com.br\/site\/wp-json\/wp\/v2\/pages\/980\/revisions\/1127"}],"up":[{"embeddable":true,"href":"https:\/\/antoniofontoura.com.br\/site\/wp-json\/wp\/v2\/pages\/42"}],"wp:attachment":[{"href":"https:\/\/antoniofontoura.com.br\/site\/wp-json\/wp\/v2\/media?parent=980"}],"curies":[{"name":"wp","href":"https:\/\/api.w.org\/{rel}","templated":true}]}}